{"id":4811,"date":"2025-11-28T16:57:57","date_gmt":"2025-11-28T09:57:57","guid":{"rendered":"https:\/\/noithathuuthinh.vn\/?post_type=product&#038;p=4811"},"modified":"2025-11-28T16:57:58","modified_gmt":"2025-11-28T09:57:58","slug":"ghe-luoi-gl352","status":"publish","type":"product","link":"https:\/\/www.noithathuuthinh.vn\/zh-hans\/san-pham\/ghe-luoi-gl352\/","title":{"rendered":"Gh\u1ebf l\u01b0\u1edbi GL352"},"content":{"rendered":"<p data-start=\"758\" data-end=\"1194\">Gh\u1ebf l\u01b0\u1edbi GL352 l\u00e0 d\u00f2ng gh\u1ebf l\u00e3nh \u0111\u1ea1o cao c\u1ea5p \u0111\u01b0\u1ee3c thi\u1ebft k\u1ebf h\u01b0\u1edbng \u0111\u1ebfn s\u1ef1 tho\u1ea3i m\u00e1i v\u00e0 ti\u1ec7n nghi t\u1ed1i \u0111a cho ng\u01b0\u1eddi s\u1eed d\u1ee5ng, \u0111\u1eb7c bi\u1ec7t ph\u00f9 h\u1ee3p v\u1edbi nh\u1eefng ai th\u01b0\u1eddng xuy\u00ean l\u00e0m vi\u1ec7c trong th\u1eddi gian d\u00e0i v\u00e0 y\u00eau c\u1ea7u cao v\u1ec1 t\u00ednh c\u00f4ng th\u00e1i h\u1ecdc. V\u1edbi di\u1ec7n m\u1ea1o sang tr\u1ecdng c\u00f9ng nh\u1eefng t\u00ednh n\u0103ng hi\u1ec7n \u0111\u1ea1i, GL352 kh\u00f4ng ch\u1ec9 l\u00e0 m\u1ed9t chi\u1ebfc gh\u1ebf l\u00e0m vi\u1ec7c, m\u00e0 c\u00f2n l\u00e0 gi\u1ea3i ph\u00e1p ch\u0103m s\u00f3c s\u1ee9c kh\u1ecfe hi\u1ec7u qu\u1ea3 ngay t\u1ea1i v\u0103n ph\u00f2ng.<\/p>\n<p data-start=\"1196\" data-end=\"1680\">Ngay t\u1eeb thi\u1ebft k\u1ebf t\u1ed5ng th\u1ec3, Gh\u1ebf l\u01b0\u1edbi GL352 \u0111\u00e3 to\u00e1t l\u00ean v\u1ebb chuy\u00ean nghi\u1ec7p nh\u1edd ph\u1ea7n khung t\u1ef1a b\u1eb1ng nh\u1ef1a cao c\u1ea5p k\u1ebft h\u1ee3p v\u1edbi l\u1edbp v\u1ea3i l\u01b0\u1edbi \u00eam \u00e1i. Ch\u1ea5t li\u1ec7u l\u01b0\u1edbi cao c\u1ea5p mang l\u1ea1i s\u1ef1 th\u00f4ng tho\u00e1ng, gi\u00fap gi\u1ea3m c\u1ea3m gi\u00e1c n\u00f3ng l\u01b0ng khi ng\u1ed3i l\u00e2u, \u0111\u1ed3ng th\u1eddi t\u1ea1o \u0111\u1ed9 \u0111\u00e0n h\u1ed3i t\u1ed1t, \u00f4m s\u00e1t l\u01b0ng ng\u01b0\u1eddi ng\u1ed3i \u0111\u1ec3 h\u1ed7 tr\u1ee3 t\u1ed1i \u0111a cho ph\u1ea7n c\u1ed9t s\u1ed1ng. \u0110\u1ec7m m\u00fat m\u1eb7t ng\u1ed3i d\u00e0y d\u1eb7n, b\u1ecdc v\u1ea3i m\u1ec1m m\u1ea1i gi\u00fap ng\u01b0\u1eddi d\u00f9ng c\u1ea3m nh\u1eadn s\u1ef1 \u00eam \u00e1i v\u00e0 d\u1ec5 ch\u1ecbu trong su\u1ed1t qu\u00e1 tr\u00ecnh l\u00e0m vi\u1ec7c, k\u1ec3 c\u1ea3 khi ph\u1ea3i ng\u1ed3i trong nhi\u1ec1u gi\u1edd li\u00ean t\u1ee5c.<\/p>\n<p data-start=\"1682\" data-end=\"2171\">M\u1ed9t trong nh\u1eefng \u0111i\u1ec3m kh\u00e1c bi\u1ec7t t\u1ea1o n\u00ean s\u1ee9c h\u00fat m\u1ea1nh m\u1ebd cho Gh\u1ebf l\u01b0\u1edbi GL352 ch\u00ednh l\u00e0 ph\u1ea7n t\u1ef1a \u0111\u1ea7u 2D hi\u1ec7n \u0111\u1ea1i. V\u1edbi kh\u1ea3 n\u0103ng \u0111i\u1ec1u ch\u1ec9nh c\u1ea3 chi\u1ec1u cao v\u00e0 g\u00f3c \u0111\u1ed9, t\u1ef1a \u0111\u1ea7u 2D gi\u00fap ng\u01b0\u1eddi s\u1eed d\u1ee5ng d\u1ec5 d\u00e0ng t\u00ecm \u0111\u01b0\u1ee3c t\u01b0 th\u1ebf ph\u00f9 h\u1ee3p nh\u1ea5t cho v\u00f9ng c\u1ed5 \u2013 g\u00e1y. \u0110\u00e2y l\u00e0 t\u00ednh n\u0103ng \u0111\u1eb7c bi\u1ec7t quan tr\u1ecdng v\u1edbi c\u00e1c v\u1ecb tr\u00ed l\u00e3nh \u0111\u1ea1o, n\u01a1i vi\u1ec7c l\u00e0m vi\u1ec7c li\u00ean t\u1ee5c, h\u1ecdp h\u00e0nh k\u00e9o d\u00e0i th\u01b0\u1eddng g\u00e2y \u00e1p l\u1ef1c l\u1edbn l\u00ean v\u00f9ng c\u1ed5. V\u1edbi GL352, m\u1ecdi chuy\u1ec3n \u0111\u1ed9ng tr\u1edf n\u00ean nh\u1eb9 nh\u00e0ng v\u00e0 th\u01b0 gi\u00e3n h\u01a1n, t\u1eeb \u0111\u00f3 n\u00e2ng cao hi\u1ec7u su\u1ea5t l\u00e0m vi\u1ec7c \u0111\u00e1ng k\u1ec3.<\/p>\n<p data-start=\"2173\" data-end=\"2585\">Tay gh\u1ebf c\u1ee7a GL352 \u0111\u01b0\u1ee3c l\u00e0m t\u1eeb nh\u1ef1a cao c\u1ea5p, thi\u1ebft k\u1ebf c\u1ed1 \u0111\u1ecbnh ch\u1eafc ch\u1eafn, c\u00f3 \u0111\u1ed9 ho\u00e0n thi\u1ec7n cao. V\u1ecb tr\u00ed tay gh\u1ebf \u0111\u01b0\u1ee3c t\u00ednh to\u00e1n theo ti\u00eau chu\u1ea9n c\u00f4ng th\u00e1i h\u1ecdc, gi\u00fap ng\u01b0\u1eddi d\u00f9ng \u0111\u1eb7t khu\u1ef7u tay \u1edf \u0111\u1ed9 cao h\u1ee3p l\u00fd, tr\u00e1nh t\u00ecnh tr\u1ea1ng \u0111au m\u1ecfi vai g\u00e1y \u2013 tri\u1ec7u ch\u1ee9ng ph\u1ed5 bi\u1ebfn \u1edf d\u00e2n v\u0103n ph\u00f2ng. Thi\u1ebft k\u1ebf tay gh\u1ebf g\u1ecdn g\u00e0ng c\u0169ng g\u00f3p ph\u1ea7n l\u00e0m cho t\u1ed5ng th\u1ec3 chi\u1ebfc gh\u1ebf thanh tho\u00e1t h\u01a1n, d\u1ec5 d\u00e0ng k\u1ebft h\u1ee3p v\u1edbi nhi\u1ec1u ki\u1ec3u b\u00e0n l\u00e0m vi\u1ec7c hi\u1ec7n \u0111\u1ea1i.<\/p>\n<p data-start=\"2587\" data-end=\"2943\">Ph\u1ea7n ch\u00e2n gh\u1ebf \u0111\u01b0\u1ee3c l\u00e0m b\u1eb1ng nh\u1ef1a cao c\u1ea5p, c\u00f3 kh\u1ea3 n\u0103ng ch\u1ecbu l\u1ef1c t\u1ed1t, tr\u1ecdng l\u01b0\u1ee3ng nh\u1eb9 nh\u01b0ng v\u1eabn \u0111\u1ea3m b\u1ea3o \u0111\u1ed9 b\u1ec1n trong qu\u00e1 tr\u00ecnh s\u1eed d\u1ee5ng l\u00e2u d\u00e0i. Ch\u00e2n nh\u1ef1a h\u1ea1n ch\u1ebf tr\u1ea7y x\u01b0\u1edbc s\u00e0n nh\u00e0, \u0111\u1ed3ng th\u1eddi gi\u00fap ng\u01b0\u1eddi d\u00f9ng d\u1ec5 d\u00e0ng di chuy\u1ec3n gh\u1ebf m\u1ed9t c\u00e1ch nh\u1eb9 nh\u00e0ng. B\u00e1nh xe xoay 360 \u0111\u1ed9 cho ph\u00e9p thao t\u00e1c linh ho\u1ea1t trong m\u1ecdi kh\u00f4ng gian l\u00e0m vi\u1ec7c m\u00e0 kh\u00f4ng g\u00e2y ti\u1ebfng \u1ed3n kh\u00f3 ch\u1ecbu.<\/p>\n<p data-start=\"2945\" data-end=\"3292\">Gh\u1ebf l\u01b0\u1edbi GL352 c\u0169ng \u0111\u01b0\u1ee3c trang b\u1ecb b\u1ed9 \u0111i\u1ec1u khi\u1ec3n n\u00e2ng h\u1ea1 chi\u1ec1u cao m\u01b0\u1ee3t m\u00e0, gi\u00fap ng\u01b0\u1eddi d\u00f9ng d\u1ec5 d\u00e0ng \u0111i\u1ec1u ch\u1ec9nh \u0111\u1ec3 ph\u00f9 h\u1ee3p v\u1edbi chi\u1ec1u cao c\u01a1 th\u1ec3 v\u00e0 b\u00e0n l\u00e0m vi\u1ec7c. B\u00ean c\u1ea1nh \u0111\u00f3, c\u01a1 c\u1ea5u ng\u1ea3 th\u00f4ng minh v\u00e0 kh\u1ea3 n\u0103ng h\u00e3m gh\u1ebf \u1edf nhi\u1ec1u g\u00f3c \u0111\u1ed9 cho ph\u00e9p ng\u01b0\u1eddi ng\u1ed3i th\u01b0 gi\u00e3n trong nh\u1eefng kho\u1ea3ng ngh\u1ec9 ng\u1eafn ngay t\u1ea1i ch\u1ed7, h\u1ea1n ch\u1ebf t\u1ed1i \u0111a c\u1ea3m gi\u00e1c c\u0103ng th\u1eb3ng v\u00e0 m\u1ec7t m\u1ecfi.<\/p>\n<p data-start=\"3294\" data-end=\"3724\">M\u1ed9t y\u1ebfu t\u1ed1 quan tr\u1ecdng t\u1ea1o n\u00ean s\u1ee9c h\u1ea5p d\u1eabn c\u1ee7a GL352 ch\u00ednh l\u00e0 phong c\u00e1ch thi\u1ebft k\u1ebf hi\u1ec7n \u0111\u1ea1i, ph\u00f9 h\u1ee3p v\u1edbi nhi\u1ec1u kh\u00f4ng gian v\u0103n ph\u00f2ng t\u1eeb truy\u1ec1n th\u1ed1ng \u0111\u1ebfn cao c\u1ea5p. Nh\u1eefng \u0111\u01b0\u1eddng n\u00e9t bo cong m\u1ec1m m\u1ea1i k\u1ebft h\u1ee3p c\u00f9ng ch\u1ea5t li\u1ec7u l\u01b0\u1edbi tho\u00e1ng m\u00e1t t\u1ea1o n\u00ean v\u1ebb ngo\u00e0i thanh l\u1ecbch, sang tr\u1ecdng. S\u1ef1 ph\u1ed1i h\u1ee3p h\u00e0i h\u00f2a gi\u1eefa khung nh\u1ef1a, v\u1ea3i l\u01b0\u1edbi v\u00e0 \u0111\u1ec7m m\u00fat c\u00e0ng l\u00e0m n\u1ed5i b\u1eadt t\u00ednh th\u1ea9m m\u1ef9, bi\u1ebfn GL352 tr\u1edf th\u00e0nh \u0111i\u1ec3m nh\u1ea5n tinh t\u1ebf cho ph\u00f2ng l\u00e0m vi\u1ec7c c\u1ee7a l\u00e3nh \u0111\u1ea1o.<\/p>\n<p data-start=\"3726\" data-end=\"4008\">Ngo\u00e0i ra, gh\u1ebf c\u00f2n c\u00f3 \u1ed1p nh\u1ef1a cao c\u1ea5p ph\u00eda d\u01b0\u1edbi \u0111\u1ec7m, v\u1eeba t\u0103ng t\u00ednh th\u1ea9m m\u1ef9 v\u1eeba gi\u00fap b\u1ea3o v\u1ec7 \u0111\u1ec7m t\u1ed1t h\u01a1n trong qu\u00e1 tr\u00ecnh s\u1eed d\u1ee5ng. M\u1ecdi chi ti\u1ebft nh\u1ecf nh\u1ea5t c\u1ee7a GL352 \u0111\u1ec1u \u0111\u01b0\u1ee3c nghi\u00ean c\u1ee9u k\u1ef9 l\u01b0\u1ee1ng nh\u1eb1m mang l\u1ea1i s\u1ea3n ph\u1ea9m ch\u1ea5t l\u01b0\u1ee3ng cao, \u0111\u00e1p \u1ee9ng \u0111\u00fang nhu c\u1ea7u c\u1ee7a ng\u01b0\u1eddi d\u00f9ng v\u0103n ph\u00f2ng hi\u1ec7n \u0111\u1ea1i.<\/p>\n<p data-start=\"4010\" data-end=\"4466\" data-is-last-node=\"\" data-is-only-node=\"\">T\u1ed5ng k\u1ebft l\u1ea1i, Gh\u1ebf l\u01b0\u1edbi GL352 l\u00e0 l\u1ef1a ch\u1ecdn ho\u00e0n h\u1ea3o cho c\u00e1c v\u1ecb tr\u00ed l\u00e3nh \u0111\u1ea1o, qu\u1ea3n l\u00fd ho\u1eb7c nh\u1eefng ai t\u00ecm ki\u1ebfm m\u1ed9t chi\u1ebfc gh\u1ebf c\u00f4ng th\u00e1i h\u1ecdc cao c\u1ea5p v\u1edbi thi\u1ebft k\u1ebf sang tr\u1ecdng v\u00e0 t\u00ednh n\u0103ng v\u01b0\u1ee3t tr\u1ed9i. V\u1edbi kh\u1ea3 n\u0103ng \u0111i\u1ec1u ch\u1ec9nh linh ho\u1ea1t, ch\u1ea5t li\u1ec7u cao c\u1ea5p v\u00e0 t\u00ednh th\u1ea9m m\u1ef9 tinh t\u1ebf, GL352 kh\u00f4ng ch\u1ec9 n\u00e2ng t\u1ea7m kh\u00f4ng gian l\u00e0m vi\u1ec7c m\u00e0 c\u00f2n h\u1ed7 tr\u1ee3 t\u1ed1i \u01b0u cho s\u1ee9c kh\u1ecfe ng\u01b0\u1eddi s\u1eed d\u1ee5ng. \u0110\u00e2y ch\u1eafc ch\u1eafn s\u1ebd l\u00e0 s\u1ea3n ph\u1ea9m \u0111em l\u1ea1i s\u1ef1 h\u00e0i l\u00f2ng tuy\u1ec7t \u0111\u1ed1i cho nh\u1eefng kh\u00e1ch h\u00e0ng kh\u00f3 t\u00ednh nh\u1ea5t.<\/p>\n","protected":false},"excerpt":{"rendered":"<p data-start=\"0\" data-end=\"409\">Gh\u1ebf l\u01b0\u1edbi GL352 l\u00e0 m\u1eabu gh\u1ebf l\u00e3nh \u0111\u1ea1o cao c\u1ea5p n\u1ed5i b\u1eadt v\u1edbi thi\u1ebft k\u1ebf hi\u1ec7n \u0111\u1ea1i, khung t\u1ef1a nh\u1ef1a b\u1ecdc v\u1ea3i l\u01b0\u1edbi \u00eam \u00e1i, \u0111\u1ec7m m\u00fat b\u1ecdc v\u1ea3i k\u1ebft h\u1ee3p \u1ed1p nh\u1ef1a ph\u00eda d\u01b0\u1edbi mang l\u1ea1i s\u1ef1 ch\u1eafc ch\u1eafn v\u00e0 sang tr\u1ecdng. Gh\u1ebf \u0111\u01b0\u1ee3c trang b\u1ecb t\u1ef1a \u0111\u1ea7u 2D c\u00f3 th\u1ec3 \u0111i\u1ec1u ch\u1ec9nh c\u1ea3 \u0111\u1ed9 cao l\u1eabn g\u00f3c \u0111\u1ed9, c\u00f9ng tay gh\u1ebf v\u00e0 ch\u00e2n gh\u1ebf b\u1eb1ng nh\u1ef1a b\u1ec1n b\u1ec9, ph\u00f9 h\u1ee3p s\u1eed d\u1ee5ng trong kh\u00f4ng gian v\u0103n ph\u00f2ng chuy\u00ean nghi\u1ec7p.<\/p>\n<p data-start=\"411\" data-end=\"452\">K\u00edch th\u01b0\u1edbc: W615 x D660 x H1180\u20131330 mm<\/p>\n<p data-start=\"454\" data-end=\"751\">Xu\u1ea5t x\u1ee9: S\u1ea3n ph\u1ea9m c\u1ee7a c\u00f4ng ty N\u1ed8I TH\u1ea4T THE ONE \u2013 Ph\u00e2n ph\u1ed1i b\u1edfi C\u00d4NG TY TNHH SXTM TTNT H\u1eeeU TH\u1ecaNH<br data-start=\"549\" data-end=\"552\" \/>B\u1ea3o h\u00e0nh: 12 th\u00e1ng theo ti\u00eau chu\u1ea9n nh\u00e0 m\u00e1y<br data-start=\"594\" data-end=\"597\" \/><span style=\"color: #ed1c24;\"><em data-start=\"597\" data-end=\"749\">L\u01b0u \u00fd: Gi\u00e1 tr\u00ean ch\u01b0a bao g\u1ed3m VAT v\u00e0 ph\u00ed v\u1eadn chuy\u1ec3n. Gi\u00e1 s\u1ea3n ph\u1ea9m c\u00f3 th\u1ec3 thay \u0111\u1ed5i theo t\u1eebng th\u1eddi \u0111i\u1ec3m, vui l\u00f2ng li\u00ean h\u1ec7 \u0111\u1ec3 nh\u1eadn t\u01b0 v\u1ea5n \u01b0u \u0111\u00e3i t\u1ed1t nh\u1ea5t.<\/em><\/span><\/p>\n","protected":false},"featured_media":4812,"comment_status":"open","ping_status":"closed","template":"","meta":[],"product_brand":[],"product_cat":[17,356],"product_tag":[],"class_list":{"0":"post-4811","1":"product","2":"type-product","3":"status-publish","4":"has-post-thumbnail","6":"product_cat-noi-that-van-phong","7":"product_cat-ghe-luoi-cao-cap","9":"first","10":"instock","11":"taxable","12":"shipping-taxable","13":"purchasable","14":"product-type-simple"},"_links":{"self":[{"href":"https:\/\/www.noithathuuthinh.vn\/zh-hans\/wp-json\/wp\/v2\/product\/4811","targetHints":{"allow":["GET"]}}],"collection":[{"href":"https:\/\/www.noithathuuthinh.vn\/zh-hans\/wp-json\/wp\/v2\/product"}],"about":[{"href":"https:\/\/www.noithathuuthinh.vn\/zh-hans\/wp-json\/wp\/v2\/types\/product"}],"replies":[{"embeddable":true,"href":"https:\/\/www.noithathuuthinh.vn\/zh-hans\/wp-json\/wp\/v2\/comments?post=4811"}],"wp:featuredmedia":[{"embeddable":true,"href":"https:\/\/www.noithathuuthinh.vn\/zh-hans\/wp-json\/wp\/v2\/media\/4812"}],"wp:attachment":[{"href":"https:\/\/www.noithathuuthinh.vn\/zh-hans\/wp-json\/wp\/v2\/media?parent=4811"}],"wp:term":[{"taxonomy":"product_brand","embeddable":true,"href":"https:\/\/www.noithathuuthinh.vn\/zh-hans\/wp-json\/wp\/v2\/product_brand?post=4811"},{"taxonomy":"product_cat","embeddable":true,"href":"https:\/\/www.noithathuuthinh.vn\/zh-hans\/wp-json\/wp\/v2\/product_cat?post=4811"},{"taxonomy":"product_tag","embeddable":true,"href":"https:\/\/www.noithathuuthinh.vn\/zh-hans\/wp-json\/wp\/v2\/product_tag?post=4811"}],"curies":[{"name":"wp","href":"https:\/\/api.w.org\/{rel}","templated":true}]}}