{"id":4819,"date":"2025-11-28T17:11:33","date_gmt":"2025-11-28T10:11:33","guid":{"rendered":"https:\/\/noithathuuthinh.vn\/?post_type=product&#038;p=4819"},"modified":"2025-11-28T17:11:33","modified_gmt":"2025-11-28T10:11:33","slug":"ghe-luoi-gl354","status":"publish","type":"product","link":"https:\/\/www.noithathuuthinh.vn\/zh-hans\/san-pham\/ghe-luoi-gl354\/","title":{"rendered":"Gh\u1ebf l\u01b0\u1edbi GL354"},"content":{"rendered":"<p data-start=\"861\" data-end=\"1331\">Gh\u1ebf l\u01b0\u1edbi GL354 l\u00e0 l\u1ef1a ch\u1ecdn ho\u00e0n h\u1ea3o d\u00e0nh cho nh\u1eefng kh\u00f4ng gian l\u00e0m vi\u1ec7c hi\u1ec7n \u0111\u1ea1i, n\u01a1i ng\u01b0\u1eddi s\u1eed d\u1ee5ng c\u1ea7n s\u1ef1 tho\u1ea3i m\u00e1i, linh ho\u1ea1t v\u00e0 h\u1ed7 tr\u1ee3 t\u1ed1i \u0111a trong su\u1ed1t nhi\u1ec1u gi\u1edd l\u00e0m vi\u1ec7c li\u00ean t\u1ee5c. V\u1edbi thi\u1ebft k\u1ebf c\u00f4ng th\u00e1i h\u1ecdc v\u01b0\u1ee3t tr\u1ed9i c\u00f9ng s\u1ef1 k\u1ebft h\u1ee3p tinh t\u1ebf gi\u1eefa ch\u1ea5t li\u1ec7u l\u01b0\u1edbi th\u00f4ng tho\u00e1ng v\u00e0 \u0111\u1ec7m ng\u1ed3i \u00eam \u00e1i, GL354 mang \u0111\u1ebfn tr\u1ea3i nghi\u1ec7m ng\u1ed3i d\u1ec5 ch\u1ecbu, gi\u1ea3m thi\u1ec3u c\u00e1c v\u1ea5n \u0111\u1ec1 th\u01b0\u1eddng g\u1eb7p nh\u01b0 \u0111au l\u01b0ng, n\u00f3ng l\u01b0ng hay m\u1ecfi c\u1ed5 khi ph\u1ea3i l\u00e0m vi\u1ec7c l\u00e2u.<\/p>\n<p data-start=\"1333\" data-end=\"1761\">Ngay t\u1eeb thi\u1ebft k\u1ebf t\u1ef1a l\u01b0ng, Gh\u1ebf l\u01b0\u1edbi GL354 s\u1eed d\u1ee5ng khung nh\u1ef1a b\u1ecdc v\u1ea3i l\u01b0\u1edbi cao c\u1ea5p c\u00f3 \u0111\u1ed9 tho\u00e1ng kh\u00ed v\u01b0\u1ee3t tr\u1ed9i. L\u1edbp l\u01b0\u1edbi c\u00f3 \u0111\u1ed9 \u0111\u00e0n h\u1ed3i t\u1ed1t, kh\u00f4ng b\u1ecb ch\u00f9ng gi\u00e3n khi s\u1eed d\u1ee5ng l\u00e2u d\u00e0i, \u0111\u1ed3ng th\u1eddi gi\u00fap kh\u00f4ng kh\u00ed l\u01b0u th\u00f4ng li\u00ean t\u1ee5c, \u0111\u1ea3m b\u1ea3o s\u1ef1 d\u1ec5 ch\u1ecbu ngay c\u1ea3 trong m\u00f4i tr\u01b0\u1eddng m\u00e1y l\u1ea1nh ho\u1eb7c trong ng\u00e0y l\u00e0m vi\u1ec7c k\u00e9o d\u00e0i. T\u1ef1a l\u01b0ng \u0111\u01b0\u1ee3c u\u1ed1n cong theo c\u1ea5u tr\u00fac c\u1ed9t s\u1ed1ng, gi\u00fap n\u00e2ng \u0111\u1ee1 l\u01b0ng tr\u00ean, l\u01b0ng d\u01b0\u1edbi v\u00e0 gi\u1ea3m \u0111\u00e1ng k\u1ec3 \u00e1p l\u1ef1c l\u00ean c\u1ed9t s\u1ed1ng.<\/p>\n<p data-start=\"1763\" data-end=\"2132\">\u0110\u1eb7c bi\u1ec7t, GL354 \u0111\u01b0\u1ee3c trang b\u1ecb ph\u1ea7n eo t\u1ef1a c\u00f3 th\u1ec3 \u0111i\u1ec1u ch\u1ec9nh linh ho\u1ea1t. Chi ti\u1ebft n\u00e0y cho ph\u00e9p ng\u01b0\u1eddi d\u00f9ng t\u00f9y ch\u1ec9nh \u0111\u1ed9 cao \u2013 th\u1ea5p ho\u1eb7c \u0111\u1ed9 nh\u00f4 \u0111\u1ec3 ph\u00f9 h\u1ee3p v\u1edbi v\u1ecb tr\u00ed l\u01b0ng c\u1ee7a m\u00ecnh, t\u1ea1o n\u00ean t\u01b0 th\u1ebf ng\u1ed3i chu\u1ea9n v\u00e0 gi\u1ea3m thi\u1ec3u nguy c\u01a1 \u0111au m\u1ecfi v\u00f9ng th\u1eaft l\u01b0ng. \u0110\u00e2y l\u00e0 \u0111i\u1ec3m n\u00e2ng c\u1ea5p \u0111\u00e1ng gi\u00e1 gi\u00fap gh\u1ebf ph\u00f9 h\u1ee3p v\u1edbi m\u1ecdi \u0111\u1ed1i t\u01b0\u1ee3ng s\u1eed d\u1ee5ng, t\u1eeb nh\u00e2n vi\u00ean v\u0103n ph\u00f2ng \u0111\u1ebfn c\u00e1c v\u1ecb tr\u00ed qu\u1ea3n l\u00fd.<\/p>\n<p data-start=\"2134\" data-end=\"2458\">Ph\u1ea7n \u0111\u1ec7m ng\u1ed3i c\u1ee7a gh\u1ebf \u0111\u01b0\u1ee3c l\u00e0m t\u1eeb m\u00fat ch\u1ea5t l\u01b0\u1ee3ng cao, b\u1ecdc v\u1ea3i m\u1ec1m m\u1ea1i, c\u00f3 \u0111\u1ed9 \u0111\u00e0n h\u1ed3i v\u00e0 \u0111\u1ed9 d\u00e0y h\u1ee3p l\u00fd. Khi ng\u1ed3i, \u0111\u1ec7m ph\u00e2n b\u1ed5 \u0111\u1ec1u tr\u1ecdng l\u01b0\u1ee3ng c\u01a1 th\u1ec3, gi\u00fap gi\u1ea3m \u00e1p l\u1ef1c l\u00ean v\u00f9ng h\u00f4ng v\u00e0 \u0111\u00f9i, h\u1ea1n ch\u1ebf t\u00ecnh tr\u1ea1ng t\u00ea m\u1ecfi khi ph\u1ea3i l\u00e0m vi\u1ec7c d\u00e0i gi\u1edd. Ch\u1ea5t li\u1ec7u v\u1ea3i b\u1ecdc v\u1eeba tho\u00e1ng v\u1eeba b\u1ec1n m\u00e0u, mang l\u1ea1i c\u1ea3m gi\u00e1c m\u00e1t m\u1ebb v\u00e0 kh\u00f4ng g\u00e2y b\u00ed.<\/p>\n<p data-start=\"2460\" data-end=\"2793\">M\u1ed9t trong nh\u1eefng \u0111i\u1ec3m n\u1ed5i b\u1eadt kh\u00e1c c\u1ee7a Gh\u1ebf l\u01b0\u1edbi GL354 l\u00e0 kh\u1ea3 n\u0103ng ng\u1ea3 v\u00e0 h\u00e3m t\u1ef1a \u1edf nhi\u1ec1u g\u00f3c \u0111\u1ed9. Ng\u01b0\u1eddi d\u00f9ng c\u00f3 th\u1ec3 d\u1ec5 d\u00e0ng \u0111i\u1ec1u ch\u1ec9nh \u0111\u1ec3 th\u01b0 gi\u00e3n b\u1eb1ng c\u00e1ch ng\u1ea3 s\u00e2u ho\u1eb7c d\u1ef1ng th\u1eb3ng l\u01b0ng khi c\u1ea7n t\u1eadp trung l\u00e0m vi\u1ec7c. C\u01a1 ch\u1ebf ng\u1ea3 m\u01b0\u1ee3t m\u00e0, ch\u1eafc ch\u1eafn v\u00e0 an to\u00e0n gi\u00fap ng\u01b0\u1eddi ng\u1ed3i c\u1ea3m nh\u1eadn s\u1ef1 th\u01b0 th\u00e1i v\u00e0 gi\u1ea3m c\u0103ng th\u1eb3ng trong ng\u00e0y d\u00e0i l\u00e0m vi\u1ec7c.<\/p>\n<p data-start=\"2795\" data-end=\"3143\">T\u1ef1a \u0111\u1ea7u c\u1ee7a GL354 c\u0169ng \u0111\u01b0\u1ee3c thi\u1ebft k\u1ebf th\u00f4ng minh, c\u00f3 th\u1ec3 t\u0103ng ch\u1ec9nh chi\u1ec1u cao ph\u00f9 h\u1ee3p v\u1edbi v\u00f3c d\u00e1ng c\u1ee7a t\u1eebng ng\u01b0\u1eddi. B\u1ed9 ph\u1eadn n\u00e0y gi\u00fap n\u00e2ng \u0111\u1ee1 ph\u1ea7n c\u1ed5 \u2013 g\u00e1y, h\u1ea1n ch\u1ebf c\u00e1c t\u00ecnh tr\u1ea1ng \u0111au m\u1ecfi vai g\u00e1y th\u01b0\u1eddng g\u1eb7p \u1edf d\u00e2n v\u0103n ph\u00f2ng. D\u00f9 b\u1ea1n c\u00f3 chi\u1ec1u cao th\u1ea5p hay cao, vi\u1ec7c \u0111i\u1ec1u ch\u1ec9nh t\u1ef1a \u0111\u1ea7u linh ho\u1ea1t gi\u00fap t\u1ea5t c\u1ea3 ng\u01b0\u1eddi d\u00f9ng \u0111\u1ec1u t\u00ecm \u0111\u01b0\u1ee3c v\u1ecb tr\u00ed ng\u1ed3i chu\u1ea9n nh\u1ea5t.<\/p>\n<p data-start=\"3145\" data-end=\"3453\">Ph\u1ea7n tay gh\u1ebf d\u1ea1ng ch\u1eef T mang \u0111\u1ebfn s\u1ef1 ti\u1ec7n d\u1ee5ng t\u1ed1i \u01b0u. Tay gh\u1ebf c\u00f3 th\u1ec3 \u0111i\u1ec1u ch\u1ec9nh chi\u1ec1u cao, gi\u00fap t\u1ea1o \u0111i\u1ec3m t\u1ef1a tho\u1ea3i m\u00e1i cho khu\u1ef7u tay, gi\u1ea3m \u00e1p l\u1ef1c l\u00ean vai v\u00e0 c\u1ed5, \u0111\u1ed3ng th\u1eddi h\u1ed7 tr\u1ee3 ng\u01b0\u1eddi d\u00f9ng duy tr\u00ec t\u01b0 th\u1ebf ng\u1ed3i chu\u1ea9n c\u00f4ng th\u00e1i h\u1ecdc. Thi\u1ebft k\u1ebf tay nh\u1ef1a cao c\u1ea5p gi\u00fap gh\u1ebf lu\u00f4n b\u1ec1n b\u1ec9, \u00edt b\u1ecb tr\u1ea7y x\u01b0\u1edbc hay cong v\u00eanh.<\/p>\n<p data-start=\"3455\" data-end=\"3735\">Ch\u00e2n gh\u1ebf s\u1eed d\u1ee5ng ch\u1ea5t li\u1ec7u th\u00e9p m\u1ea1 cao c\u1ea5p mang \u0111\u1ebfn s\u1ef1 ch\u1eafc ch\u1eafn v\u00e0 t\u00ednh th\u1ea9m m\u1ef9 sang tr\u1ecdng. Khung ch\u00e2n b\u1ec1n b\u1ec9, ch\u1ecbu l\u1ef1c t\u1ed1t, kh\u00f4ng b\u1ecb han g\u1ec9 theo th\u1eddi gian. B\u00e1nh xe linh ho\u1ea1t gi\u00fap ng\u01b0\u1eddi d\u00f9ng d\u1ec5 d\u00e0ng di chuy\u1ec3n trong kh\u00f4ng gian l\u00e0m vi\u1ec7c m\u00e0 kh\u00f4ng g\u00e2y ti\u1ebfng \u1ed3n hay tr\u1ea7y x\u01b0\u1edbc s\u00e0n nh\u00e0.<\/p>\n<p data-start=\"3737\" data-end=\"4200\" data-is-last-node=\"\" data-is-only-node=\"\">T\u1ed5ng th\u1ec3, Gh\u1ebf l\u01b0\u1edbi GL354 h\u1ed9i t\u1ee5 \u0111\u1ea7y \u0111\u1ee7 c\u00e1c \u01b0u \u0111i\u1ec3m m\u00e0 d\u00e2n v\u0103n ph\u00f2ng mong \u0111\u1ee3i: thi\u1ebft k\u1ebf \u0111\u1eb9p, tho\u00e1ng kh\u00ed, \u00eam \u00e1i, d\u1ec5 \u0111i\u1ec1u ch\u1ec9nh v\u00e0 h\u1ed7 tr\u1ee3 c\u00f4ng th\u00e1i h\u1ecdc to\u00e0n di\u1ec7n. \u0110\u00e2y l\u00e0 s\u1ea3n ph\u1ea9m ph\u00f9 h\u1ee3p cho nh\u00e2n vi\u00ean, qu\u1ea3n l\u00fd, v\u00e0 c\u1ea3 l\u00e3nh \u0111\u1ea1o v\u0103n ph\u00f2ng mu\u1ed1n t\u00ecm m\u1ed9t chi\u1ebfc gh\u1ebf v\u1eeba \u0111\u1ea3m b\u1ea3o s\u1ee9c kh\u1ecfe, v\u1eeba mang l\u1ea1i s\u1ef1 chuy\u00ean nghi\u1ec7p cho kh\u00f4ng gian l\u00e0m vi\u1ec7c. V\u1edbi GL354, m\u1ed7i gi\u00e2y ph\u00fat l\u00e0m vi\u1ec7c hay th\u01b0 gi\u00e3n \u0111\u1ec1u tr\u1edf n\u00ean d\u1ec5 ch\u1ecbu h\u01a1n, g\u00f3p ph\u1ea7n n\u00e2ng cao hi\u1ec7u su\u1ea5t v\u00e0 tinh th\u1ea7n su\u1ed1t c\u1ea3 ng\u00e0y d\u00e0i.<\/p>\n","protected":false},"excerpt":{"rendered":"<p data-start=\"0\" data-end=\"500\">Gh\u1ebf l\u01b0\u1edbi GL354 l\u00e0 m\u1eabu gh\u1ebf l\u01b0\u1edbi l\u01b0ng cao \u0111\u01b0\u1ee3c thi\u1ebft k\u1ebf theo ti\u00eau chu\u1ea9n c\u00f4ng th\u00e1i h\u1ecdc, v\u1edbi khung t\u1ef1a b\u1eb1ng nh\u1ef1a b\u1ecdc v\u1ea3i l\u01b0\u1edbi tho\u00e1ng m\u00e1t k\u1ebft h\u1ee3p \u0111\u1ec7m m\u00fat b\u1ecdc v\u1ea3i \u00eam \u00e1i, mang \u0111\u1ebfn c\u1ea3m gi\u00e1c tho\u1ea3i m\u00e1i t\u1ed1i \u0111a cho ng\u01b0\u1eddi s\u1eed d\u1ee5ng. T\u1ef1a gh\u1ebf c\u00f3 kh\u1ea3 n\u0103ng ng\u1ea3 v\u00e0 h\u00e3m \u1edf nhi\u1ec1u g\u00f3c \u0111\u1ed9, ph\u1ea7n eo t\u1ef1a \u0111i\u1ec1u ch\u1ec9nh linh ho\u1ea1t ph\u00f9 h\u1ee3p v\u1edbi t\u1eebng th\u1ec3 tr\u1ea1ng. Gh\u1ebf \u0111\u01b0\u1ee3c trang b\u1ecb t\u1ef1a \u0111\u1ea7u t\u0103ng ch\u1ec9nh chi\u1ec1u cao v\u00e0 tay gh\u1ebf ch\u1eef T c\u00f3 th\u1ec3 \u0111i\u1ec1u ch\u1ec9nh, c\u00f9ng ch\u00e2n th\u00e9p m\u1ea1 b\u1ec1n b\u1ec9 v\u00e0 sang tr\u1ecdng.<\/p>\n<p data-start=\"502\" data-end=\"547\">K\u00edch th\u01b0\u1edbc: W620 x D575\u2013840 x H1175\u20131250 mm<\/p>\n<p data-start=\"549\" data-end=\"854\">Xu\u1ea5t x\u1ee9: S\u1ea3n ph\u1ea9m c\u1ee7a c\u00f4ng ty <strong data-start=\"579\" data-end=\"599\">N\u1ed8I TH\u1ea4T THE ONE<\/strong> \u2013 Ph\u00e2n ph\u1ed1i b\u1edfi <strong data-start=\"616\" data-end=\"652\">C\u00d4NG TY TNHH SXTM TTNT H\u1eeeU TH\u1ecaNH<\/strong><br data-start=\"652\" data-end=\"655\" \/>B\u1ea3o h\u00e0nh: 12 th\u00e1ng theo ti\u00eau chu\u1ea9n nh\u00e0 m\u00e1y<br data-start=\"697\" data-end=\"700\" \/><span style=\"color: #ed1c24;\"><em data-start=\"700\" data-end=\"852\">L\u01b0u \u00fd: Gi\u00e1 tr\u00ean ch\u01b0a bao g\u1ed3m VAT v\u00e0 ph\u00ed v\u1eadn chuy\u1ec3n. Gi\u00e1 s\u1ea3n ph\u1ea9m c\u00f3 th\u1ec3 thay \u0111\u1ed5i theo t\u1eebng th\u1eddi \u0111i\u1ec3m, vui l\u00f2ng li\u00ean h\u1ec7 \u0111\u1ec3 nh\u1eadn t\u01b0 v\u1ea5n \u01b0u \u0111\u00e3i t\u1ed1t nh\u1ea5t.<\/em><\/span><\/p>\n","protected":false},"featured_media":4820,"comment_status":"open","ping_status":"closed","template":"","meta":[],"product_brand":[],"product_cat":[17,356],"product_tag":[],"class_list":{"0":"post-4819","1":"product","2":"type-product","3":"status-publish","4":"has-post-thumbnail","6":"product_cat-noi-that-van-phong","7":"product_cat-ghe-luoi-cao-cap","9":"first","10":"instock","11":"taxable","12":"shipping-taxable","13":"purchasable","14":"product-type-simple"},"_links":{"self":[{"href":"https:\/\/www.noithathuuthinh.vn\/zh-hans\/wp-json\/wp\/v2\/product\/4819","targetHints":{"allow":["GET"]}}],"collection":[{"href":"https:\/\/www.noithathuuthinh.vn\/zh-hans\/wp-json\/wp\/v2\/product"}],"about":[{"href":"https:\/\/www.noithathuuthinh.vn\/zh-hans\/wp-json\/wp\/v2\/types\/product"}],"replies":[{"embeddable":true,"href":"https:\/\/www.noithathuuthinh.vn\/zh-hans\/wp-json\/wp\/v2\/comments?post=4819"}],"wp:featuredmedia":[{"embeddable":true,"href":"https:\/\/www.noithathuuthinh.vn\/zh-hans\/wp-json\/wp\/v2\/media\/4820"}],"wp:attachment":[{"href":"https:\/\/www.noithathuuthinh.vn\/zh-hans\/wp-json\/wp\/v2\/media?parent=4819"}],"wp:term":[{"taxonomy":"product_brand","embeddable":true,"href":"https:\/\/www.noithathuuthinh.vn\/zh-hans\/wp-json\/wp\/v2\/product_brand?post=4819"},{"taxonomy":"product_cat","embeddable":true,"href":"https:\/\/www.noithathuuthinh.vn\/zh-hans\/wp-json\/wp\/v2\/product_cat?post=4819"},{"taxonomy":"product_tag","embeddable":true,"href":"https:\/\/www.noithathuuthinh.vn\/zh-hans\/wp-json\/wp\/v2\/product_tag?post=4819"}],"curies":[{"name":"wp","href":"https:\/\/api.w.org\/{rel}","templated":true}]}}