{"id":4824,"date":"2025-11-29T09:11:41","date_gmt":"2025-11-29T02:11:41","guid":{"rendered":"https:\/\/noithathuuthinh.vn\/?post_type=product&#038;p=4824"},"modified":"2025-11-29T09:11:42","modified_gmt":"2025-11-29T02:11:42","slug":"ghe-luoi-gl355","status":"publish","type":"product","link":"https:\/\/www.noithathuuthinh.vn\/zh-hans\/san-pham\/ghe-luoi-gl355\/","title":{"rendered":"Gh\u1ebf l\u01b0\u1edbi GL355"},"content":{"rendered":"<p data-start=\"708\" data-end=\"1288\">Gh\u1ebf l\u01b0\u1edbi GL355 thu\u1ed9c d\u00f2ng gh\u1ebf l\u01b0\u1edbi cao c\u1ea5p c\u1ee7a N\u1ed9i th\u1ea5t The One, n\u1ed5i b\u1eadt v\u1edbi thi\u1ebft k\u1ebf c\u00f4ng th\u00e1i h\u1ecdc hi\u1ec7n \u0111\u1ea1i, mang \u0111\u1ebfn s\u1ef1 tho\u1ea3i m\u00e1i t\u1ed1i \u0111a cho ng\u01b0\u1eddi d\u00f9ng trong qu\u00e1 tr\u00ecnh l\u00e0m vi\u1ec7c l\u00e2u d\u00e0i. S\u1ea3n ph\u1ea9m \u0111\u01b0\u1ee3c t\u1ed1i \u01b0u theo ti\u00eau chu\u1ea9n gh\u1ebf v\u0103n ph\u00f2ng chuy\u00ean nghi\u1ec7p v\u1edbi \u0111\u1ea7y \u0111\u1ee7 c\u00e1c t\u00ednh n\u0103ng \u0111i\u1ec1u ch\u1ec9nh, gi\u00fap gi\u1ea3m thi\u1ec3u c\u0103ng th\u1eb3ng, m\u1ec7t m\u1ecfi v\u00e0 b\u1ea3o v\u1ec7 s\u1ee9c kh\u1ecfe c\u1ed9t s\u1ed1ng. \u0110i\u1ec1u l\u00e0m n\u00ean s\u1ee9c h\u1ea5p d\u1eabn c\u1ee7a GL355 ch\u00ednh l\u00e0 s\u1ef1 k\u1ebft h\u1ee3p h\u00e0i h\u00f2a gi\u1eefa ch\u1ea5t li\u1ec7u b\u1ec1n b\u1ec9, ki\u1ec3u d\u00e1ng sang tr\u1ecdng v\u00e0 c\u00f4ng n\u0103ng linh ho\u1ea1t, ph\u00f9 h\u1ee3p cho m\u1ecdi nhu c\u1ea7u s\u1eed d\u1ee5ng t\u1eeb v\u0103n ph\u00f2ng qu\u1ea3n l\u00fd, nh\u00e2n vi\u00ean cho \u0111\u1ebfn ph\u00f2ng h\u1ecdp chuy\u00ean d\u1ee5ng.<\/p>\n<p data-start=\"1290\" data-end=\"1850\">Gh\u1ebf l\u01b0\u1edbi GL355 g\u00e2y \u1ea5n t\u01b0\u1ee3ng ngay t\u1eeb ph\u1ea7n t\u1ef1a l\u01b0ng l\u01b0\u1edbi cao c\u1ea5p, \u0111\u01b0\u1ee3c l\u00e0m t\u1eeb ch\u1ea5t li\u1ec7u l\u01b0\u1edbi \u0111\u00e0n h\u1ed3i t\u1ed1t, tho\u00e1ng kh\u00ed, gi\u00fap h\u1ea1n ch\u1ebf t\u1ed1i \u0111a t\u00ecnh tr\u1ea1ng h\u1ea7m n\u00f3ng khi ng\u1ed3i l\u00e2u. L\u01b0ng gh\u1ebf \u0111\u01b0\u1ee3c thi\u1ebft k\u1ebf cong theo c\u1ea5u tr\u00fac c\u1ed9t s\u1ed1ng ng\u01b0\u1eddi ng\u1ed3i, h\u1ed7 tr\u1ee3 n\u00e2ng \u0111\u1ee1 v\u00f9ng th\u1eaft l\u01b0ng hi\u1ec7u qu\u1ea3. \u0110i\u1ec3m \u0111\u1eb7c bi\u1ec7t l\u00e0 ph\u1ea7n \u0111\u1ee1 eo c\u00f3 th\u1ec3 \u0111i\u1ec1u ch\u1ec9nh gi\u00fap ng\u01b0\u1eddi d\u00f9ng tho\u1ea3i m\u00e1i l\u1ef1a ch\u1ecdn v\u1ecb tr\u00ed ph\u00f9 h\u1ee3p v\u1edbi v\u00f3c d\u00e1ng c\u1ee7a m\u00ecnh, g\u00f3p ph\u1ea7n gi\u1ea3m \u0111au m\u1ecfi l\u01b0ng khi ph\u1ea3i ng\u1ed3i nhi\u1ec1u gi\u1edd li\u00ean t\u1ee5c. V\u1edbi thi\u1ebft k\u1ebf c\u00f4ng th\u00e1i h\u1ecdc t\u1ed1i \u01b0u, t\u1ef1a l\u01b0ng c\u1ee7a GL355 t\u1ea1o c\u1ea3m gi\u00e1c t\u1ef1 nhi\u00ean, d\u1ec5 ch\u1ecbu trong m\u1ecdi t\u01b0 th\u1ebf ng\u1ed3i.<\/p>\n<p data-start=\"1852\" data-end=\"2200\">Kh\u00f4ng ch\u1ec9 v\u1eady, gh\u1ebf c\u00f2n \u0111\u01b0\u1ee3c trang b\u1ecb t\u1ef1a \u0111\u1ea7u c\u00f3 th\u1ec3 t\u0103ng ch\u1ec9nh \u0111\u1ed9 cao v\u00e0 g\u00f3c nghi\u00eang, h\u1ed7 tr\u1ee3 n\u00e2ng \u0111\u1ee1 v\u00f9ng c\u1ed5 \u2013 g\u00e1y. \u0110\u00e2y l\u00e0 y\u1ebfu t\u1ed1 quan tr\u1ecdng gi\u00fap gi\u1ea3m c\u0103ng th\u1eb3ng cho nh\u1eefng ng\u01b0\u1eddi th\u01b0\u1eddng xuy\u00ean l\u00e0m vi\u1ec7c tr\u01b0\u1edbc m\u00e1y t\u00ednh, h\u1ea1n ch\u1ebf c\u00e1c v\u1ea5n \u0111\u1ec1 li\u00ean quan \u0111\u1ebfn \u0111au c\u1ed5, \u0111au vai g\u00e1y. T\u1ef1a \u0111\u1ea7u b\u1ecdc l\u01b0\u1edbi \u0111\u1ed3ng b\u1ed9 v\u1edbi th\u00e2n gh\u1ebf, t\u1ea1o s\u1ef1 h\u00e0i h\u00f2a trong t\u1ed5ng th\u1ec3 thi\u1ebft k\u1ebf.<\/p>\n<p data-start=\"2202\" data-end=\"2602\">Ph\u1ea7n \u0111\u1ec7m ng\u1ed3i c\u1ee7a gh\u1ebf \u0111\u01b0\u1ee3c l\u00e0m t\u1eeb m\u00fat \u0111\u00fac nguy\u00ean kh\u1ed1i, c\u00f3 \u0111\u1ed9 \u0111\u00e0n h\u1ed3i cao, b\u1ecdc v\u1ea3i \u00eam \u00e1i, mang l\u1ea1i c\u1ea3m gi\u00e1c d\u1ec5 ch\u1ecbu trong su\u1ed1t th\u1eddi gian s\u1eed d\u1ee5ng. K\u00edch th\u01b0\u1edbc m\u1eb7t ng\u1ed3i r\u1ed9ng r\u00e3i gi\u00fap ng\u01b0\u1eddi d\u00f9ng c\u00f3 t\u01b0 th\u1ebf ng\u1ed3i tho\u1ea3i m\u00e1i, \u0111\u1ed3ng th\u1eddi ch\u1ea5t li\u1ec7u m\u00fat ch\u1ea5t l\u01b0\u1ee3ng cao gi\u1eef \u0111\u01b0\u1ee3c form gh\u1ebf l\u00e2u d\u00e0i, kh\u00f4ng b\u1ecb x\u1eb9p l\u00fan trong qu\u00e1 tr\u00ecnh s\u1eed d\u1ee5ng. C\u00e1c \u0111\u01b0\u1eddng may b\u1ecdc v\u1ea3i tinh t\u1ebf t\u1ea1o s\u1ef1 sang tr\u1ecdng v\u00e0 t\u0103ng \u0111\u1ed9 b\u1ec1n c\u1ee7a s\u1ea3n ph\u1ea9m.<\/p>\n<p data-start=\"2604\" data-end=\"2862\">Tay gh\u1ebf c\u1ee7a GL355 l\u00e0 tay c\u1ed1 \u0111\u1ecbnh li\u1ec1n kh\u1ed1i, thi\u1ebft k\u1ebf theo chu\u1ea9n c\u00f4ng th\u00e1i h\u1ecdc h\u1ed7 tr\u1ee3 t\u01b0 th\u1ebf c\u00e1nh tay t\u1ef1 nhi\u00ean, gi\u1ea3m \u00e1p l\u1ef1c l\u00ean vai v\u00e0 khu\u1ef7u tay. Ch\u1ea5t li\u1ec7u nh\u1ef1a cao c\u1ea5p gi\u00fap tay gh\u1ebf ch\u1eafc ch\u1eafn, ch\u1ecbu l\u1ef1c t\u1ed1t, \u0111\u1ed3ng th\u1eddi mang l\u1ea1i v\u1ebb ngo\u00e0i thanh tho\u00e1t v\u00e0 hi\u1ec7n \u0111\u1ea1i.<\/p>\n<p data-start=\"2864\" data-end=\"3489\">Gh\u1ebf l\u01b0\u1edbi GL355 c\u00f3 hai l\u1ef1a ch\u1ecdn ch\u00e2n gh\u1ebf: ch\u00e2n nh\u1ef1a v\u00e0 ch\u00e2n m\u1ea1. T\u00f9y theo nhu c\u1ea7u, ng\u01b0\u1eddi d\u00f9ng c\u00f3 th\u1ec3 ch\u1ecdn phi\u00ean b\u1ea3n ph\u00f9 h\u1ee3p v\u1edbi phong c\u00e1ch n\u1ed9i th\u1ea5t v\u00e0 m\u1ee9c \u0111\u1ea7u t\u01b0. Ch\u00e2n nh\u1ef1a \u0111\u01b0\u1ee3c l\u00e0m t\u1eeb nh\u1ef1a k\u1ef9 thu\u1eadt cao c\u1ea5p, b\u1ec1n b\u1ec9 v\u00e0 ch\u1ecbu l\u1ef1c t\u1ed1t, ph\u00f9 h\u1ee3p cho c\u00e1c v\u0103n ph\u00f2ng hi\u1ec7n \u0111\u1ea1i. Trong khi \u0111\u00f3, ch\u00e2n m\u1ea1 c\u00f3 \u0111\u1ed9 s\u00e1ng b\u00f3ng, sang tr\u1ecdng, t\u0103ng t\u00ednh th\u1ea9m m\u1ef9 cho kh\u00f4ng gian l\u00e0m vi\u1ec7c. C\u1ea3 hai phi\u00ean b\u1ea3n \u0111\u1ec1u \u0111\u01b0\u1ee3c trang b\u1ecb b\u00e1nh xe PU ch\u1ea5t l\u01b0\u1ee3ng cao, gi\u00fap di chuy\u1ec3n \u00eam \u00e1i v\u00e0 kh\u00f4ng g\u00e2y tr\u1ea7y x\u01b0\u1edbc n\u1ec1n nh\u00e0. Ngo\u00e0i ra, gh\u1ebf c\u00f2n c\u00f3 c\u1ea7n \u0111i\u1ec1u ch\u1ec9nh \u0111\u1ed9 cao v\u00e0 b\u1ed9 c\u01a1 c\u1ea5u ng\u1ea3 l\u01b0ng linh ho\u1ea1t, cho ph\u00e9p ng\u01b0\u1eddi d\u00f9ng \u0111i\u1ec1u ch\u1ec9nh t\u01b0 th\u1ebf theo nhu c\u1ea7u l\u00e0m vi\u1ec7c ho\u1eb7c th\u01b0 gi\u00e3n.<\/p>\n<p data-start=\"3491\" data-end=\"3953\" data-is-last-node=\"\" data-is-only-node=\"\">Nh\u00ecn chung, gh\u1ebf l\u01b0\u1edbi GL355 kh\u00f4ng ch\u1ec9 l\u00e0 m\u1ed9t s\u1ea3n ph\u1ea9m n\u1ed9i th\u1ea5t m\u00e0 c\u00f2n l\u00e0 gi\u1ea3i ph\u00e1p gi\u00fap n\u00e2ng cao hi\u1ec7u su\u1ea5t l\u00e0m vi\u1ec7c v\u00e0 b\u1ea3o v\u1ec7 s\u1ee9c kh\u1ecfe ng\u01b0\u1eddi d\u00f9ng. V\u1edbi thi\u1ebft k\u1ebf c\u00f4ng th\u00e1i h\u1ecdc to\u00e0n di\u1ec7n, ch\u1ea5t li\u1ec7u cao c\u1ea5p v\u00e0 t\u00ednh n\u0103ng th\u00f4ng minh, GL355 l\u00e0 l\u1ef1a ch\u1ecdn l\u00fd t\u01b0\u1edfng cho m\u1ecdi kh\u00f4ng gian v\u0103n ph\u00f2ng hi\u1ec7n \u0111\u1ea1i. \u0110\u00e2y l\u00e0 m\u1eabu gh\u1ebf mang l\u1ea1i s\u1ef1 c\u00e2n b\u1eb1ng ho\u00e0n h\u1ea3o gi\u1eefa th\u1ea9m m\u1ef9, ti\u1ec7n \u00edch v\u00e0 \u0111\u1ed9 b\u1ec1n, gi\u00fap t\u1ea1o d\u1ef1ng m\u00f4i tr\u01b0\u1eddng l\u00e0m vi\u1ec7c tho\u1ea3i m\u00e1i, n\u0103ng \u0111\u1ed9ng v\u00e0 chuy\u00ean nghi\u1ec7p cho ng\u01b0\u1eddi s\u1eed d\u1ee5ng.<\/p>\n","protected":false},"excerpt":{"rendered":"<p data-start=\"51\" data-end=\"258\">Gh\u1ebf l\u01b0\u1edbi GL355 l\u00e0 m\u1eabu gh\u1ebf l\u01b0\u1edbi v\u0103n ph\u00f2ng cao c\u1ea5p v\u1edbi thi\u1ebft k\u1ebf hi\u1ec7n \u0111\u1ea1i, linh ho\u1ea1t, ph\u00f9 h\u1ee3p cho kh\u00f4ng gian l\u00e0m vi\u1ec7c chuy\u00ean nghi\u1ec7p, mang l\u1ea1i s\u1ef1 tho\u1ea3i m\u00e1i t\u1ed1i \u01b0u cho ng\u01b0\u1eddi s\u1eed d\u1ee5ng trong su\u1ed1t qu\u00e1 tr\u00ecnh l\u00e0m vi\u1ec7c.<\/p>\n<p data-start=\"260\" data-end=\"362\">Gh\u1ebf ch\u00e2n nh\u1ef1a &#8211; <span style=\"color: #ed1c24; font-size: 120%;\"><strong>1.291.000 \u0111<\/strong><\/span><br \/>\nKT: W565 x D645 x H1110-1215 (mm)<br data-start=\"317\" data-end=\"320\" \/>Gh\u1ebf ch\u00e2n m\u1ea1 &#8211; <span style=\"color: #ed1c24; font-size: 120%;\"><strong>1.617.000 \u0111<\/strong><\/span><br \/>\nKT: W565 x D660 x H1130-1265 (mm)<\/p>\n<p data-start=\"364\" data-end=\"506\">Xu\u1ea5t x\u1ee9: S\u1ea3n ph\u1ea9m c\u1ee7a c\u00f4ng ty N\u1ed8I TH\u1ea4T THE ONE \u2013 Ph\u00e2n ph\u1ed1i b\u1edfi C\u00d4NG TY TNHH SXTM TTNT H\u1eeeU TH\u1ecaNH<br data-start=\"459\" data-end=\"462\" \/>B\u1ea3o h\u00e0nh: 12 th\u00e1ng theo ti\u00eau chu\u1ea9n nh\u00e0 m\u00e1y<\/p>\n<p data-start=\"508\" data-end=\"660\"><span style=\"color: #ed1c24;\"><em data-start=\"508\" data-end=\"660\">L\u01b0u \u00fd: Gi\u00e1 tr\u00ean ch\u01b0a bao g\u1ed3m VAT v\u00e0 ph\u00ed v\u1eadn chuy\u1ec3n. Gi\u00e1 s\u1ea3n ph\u1ea9m c\u00f3 th\u1ec3 thay \u0111\u1ed5i theo t\u1eebng th\u1eddi \u0111i\u1ec3m, vui l\u00f2ng li\u00ean h\u1ec7 \u0111\u1ec3 nh\u1eadn t\u01b0 v\u1ea5n \u01b0u \u0111\u00e3i t\u1ed1t nh\u1ea5t.<\/em><\/span><\/p>\n","protected":false},"featured_media":4825,"comment_status":"open","ping_status":"closed","template":"","meta":[],"product_brand":[],"product_cat":[17,356],"product_tag":[],"class_list":{"0":"post-4824","1":"product","2":"type-product","3":"status-publish","4":"has-post-thumbnail","6":"product_cat-noi-that-van-phong","7":"product_cat-ghe-luoi-cao-cap","9":"first","10":"instock","11":"taxable","12":"shipping-taxable","13":"purchasable","14":"product-type-simple"},"_links":{"self":[{"href":"https:\/\/www.noithathuuthinh.vn\/zh-hans\/wp-json\/wp\/v2\/product\/4824","targetHints":{"allow":["GET"]}}],"collection":[{"href":"https:\/\/www.noithathuuthinh.vn\/zh-hans\/wp-json\/wp\/v2\/product"}],"about":[{"href":"https:\/\/www.noithathuuthinh.vn\/zh-hans\/wp-json\/wp\/v2\/types\/product"}],"replies":[{"embeddable":true,"href":"https:\/\/www.noithathuuthinh.vn\/zh-hans\/wp-json\/wp\/v2\/comments?post=4824"}],"wp:featuredmedia":[{"embeddable":true,"href":"https:\/\/www.noithathuuthinh.vn\/zh-hans\/wp-json\/wp\/v2\/media\/4825"}],"wp:attachment":[{"href":"https:\/\/www.noithathuuthinh.vn\/zh-hans\/wp-json\/wp\/v2\/media?parent=4824"}],"wp:term":[{"taxonomy":"product_brand","embeddable":true,"href":"https:\/\/www.noithathuuthinh.vn\/zh-hans\/wp-json\/wp\/v2\/product_brand?post=4824"},{"taxonomy":"product_cat","embeddable":true,"href":"https:\/\/www.noithathuuthinh.vn\/zh-hans\/wp-json\/wp\/v2\/product_cat?post=4824"},{"taxonomy":"product_tag","embeddable":true,"href":"https:\/\/www.noithathuuthinh.vn\/zh-hans\/wp-json\/wp\/v2\/product_tag?post=4824"}],"curies":[{"name":"wp","href":"https:\/\/api.w.org\/{rel}","templated":true}]}}