{"id":4828,"date":"2025-11-29T09:20:33","date_gmt":"2025-11-29T02:20:33","guid":{"rendered":"https:\/\/noithathuuthinh.vn\/?post_type=product&#038;p=4828"},"modified":"2025-11-29T09:20:34","modified_gmt":"2025-11-29T02:20:34","slug":"ghe-luoi-gl356","status":"publish","type":"product","link":"https:\/\/www.noithathuuthinh.vn\/zh-hans\/san-pham\/ghe-luoi-gl356\/","title":{"rendered":"Gh\u1ebf l\u01b0\u1edbi GL356"},"content":{"rendered":"<p data-start=\"726\" data-end=\"1193\">Gh\u1ebf l\u01b0\u1edbi GL356 thu\u1ed9c d\u00f2ng gh\u1ebf l\u00e3nh \u0111\u1ea1o cao c\u1ea5p c\u1ee7a N\u1ed9i th\u1ea5t The One, \u0111\u01b0\u1ee3c thi\u1ebft k\u1ebf d\u00e0nh ri\u00eang cho nh\u1eefng kh\u00f4ng gian v\u0103n ph\u00f2ng sang tr\u1ecdng, hi\u1ec7n \u0111\u1ea1i v\u00e0 chuy\u00ean nghi\u1ec7p. V\u1edbi ki\u1ec3u d\u00e1ng m\u1ea1nh m\u1ebd, \u0111\u01b0\u1eddng n\u00e9t thanh tho\u00e1t c\u00f9ng c\u00e1c t\u00ednh n\u0103ng c\u00f4ng th\u00e1i h\u1ecdc th\u00f4ng minh, GL356 mang \u0111\u1ebfn tr\u1ea3i nghi\u1ec7m ng\u1ed3i \u0111\u1eb3ng c\u1ea5p, h\u1ed7 tr\u1ee3 t\u1ed1i \u01b0u cho ng\u01b0\u1eddi d\u00f9ng trong su\u1ed1t qu\u00e1 tr\u00ecnh l\u00e0m vi\u1ec7c. \u0110\u00e2y l\u00e0 l\u1ef1a ch\u1ecdn l\u00fd t\u01b0\u1edfng cho c\u00e1c c\u1ea5p qu\u1ea3n l\u00fd, tr\u01b0\u1edfng ph\u00f2ng, gi\u00e1m \u0111\u1ed1c c\u1ea7n m\u1ed9t m\u1eabu gh\u1ebf v\u1eeba th\u1ea9m m\u1ef9 v\u1eeba ti\u1ec7n nghi.<\/p>\n<p data-start=\"1195\" data-end=\"1738\">Ngay t\u1eeb c\u00e1i nh\u00ecn \u0111\u1ea7u ti\u00ean, gh\u1ebf l\u01b0\u1edbi GL356 t\u1ea1o \u1ea5n t\u01b0\u1ee3ng v\u1edbi ph\u1ea7n t\u1ef1a l\u01b0ng l\u01b0\u1edbi cao c\u1ea5p, \u0111\u01b0\u1ee3c b\u1ecdc v\u1ea3i l\u01b0\u1edbi tho\u00e1ng kh\u00ed, gi\u00fap gi\u1ea3i ph\u00f3ng h\u01a1i n\u00f3ng v\u00e0 h\u1ea1n ch\u1ebf m\u1ed3 h\u00f4i l\u01b0ng khi ng\u1ed3i l\u00e2u. Khung t\u1ef1a b\u1eb1ng nh\u1ef1a k\u1ef9 thu\u1eadt ch\u1ecbu l\u1ef1c t\u1ed1t, \u0111\u01b0\u1ee3c thi\u1ebft k\u1ebf \u00f4m tr\u1ecdn c\u01a1 th\u1ec3 gi\u00fap gi\u1eef \u0111\u00fang t\u01b0 th\u1ebf ng\u1ed3i, gi\u1ea3m c\u0103ng th\u1eb3ng v\u00f9ng c\u1ed9t s\u1ed1ng. \u0110\u1eb7c bi\u1ec7t, GL356 \u0111\u01b0\u1ee3c trang b\u1ecb b\u1ed9 \u0111\u1ee1 eo c\u00f3 th\u1ec3 \u0111i\u1ec1u ch\u1ec9nh, cho ph\u00e9p ng\u01b0\u1eddi d\u00f9ng t\u00f9y ch\u1ec9nh \u0111\u1ed9 cao \u2013 v\u1ecb tr\u00ed \u0111\u1ec3 ph\u00f9 h\u1ee3p v\u1edbi v\u00f3c d\u00e1ng. Nh\u1edd v\u1eady, c\u1ea3m gi\u00e1c \u0111au m\u1ecfi l\u01b0ng \u0111\u01b0\u1ee3c gi\u1ea3m \u0111\u00e1ng k\u1ec3 ngay c\u1ea3 khi ph\u1ea3i ng\u1ed3i l\u00e0m vi\u1ec7c li\u00ean t\u1ee5c trong nhi\u1ec1u gi\u1edd.<\/p>\n<p data-start=\"1740\" data-end=\"2121\">M\u1ed9t trong nh\u1eefng \u01b0u \u0111i\u1ec3m n\u1ed5i b\u1eadt c\u1ee7a GL356 l\u00e0 c\u01a1 ch\u1ebf ng\u1ea3 th\u01b0 gi\u00e3n linh ho\u1ea1t. Ng\u01b0\u1eddi d\u00f9ng c\u00f3 th\u1ec3 d\u1ec5 d\u00e0ng \u0111i\u1ec1u ch\u1ec9nh \u0111\u1ed9 nghi\u00eang c\u1ee7a l\u01b0ng gh\u1ebf, chuy\u1ec3n \u0111\u1ed5i t\u1eeb t\u01b0 th\u1ebf l\u00e0m vi\u1ec7c sang t\u01b0 th\u1ebf th\u01b0 gi\u00e3n m\u01b0\u1ee3t m\u00e0. C\u01a1 c\u1ea5u ng\u1ea3 ch\u1eafc ch\u1eafn gi\u00fap t\u1ef1a l\u01b0ng gi\u1eef v\u1eefng \u1edf nhi\u1ec1u g\u00f3c \u0111\u1ed9 kh\u00e1c nhau m\u00e0 v\u1eabn \u0111\u1ea3m b\u1ea3o an to\u00e0n, mang \u0111\u1ebfn s\u1ef1 tho\u1ea3i m\u00e1i t\u1ed1i \u0111a cho ng\u01b0\u1eddi s\u1eed d\u1ee5ng trong l\u00fac ngh\u1ec9 tr\u01b0a ho\u1eb7c gi\u1ea3i lao gi\u1eefa gi\u1edd.<\/p>\n<p data-start=\"2123\" data-end=\"2508\">T\u1ef1a \u0111\u1ea7u c\u1ee7a gh\u1ebf l\u01b0\u1edbi GL356 \u0111\u01b0\u1ee3c thi\u1ebft k\u1ebf l\u1edbn, b\u1ecdc l\u01b0\u1edbi \u0111\u1ed3ng b\u1ed9 v\u1edbi th\u00e2n gh\u1ebf v\u00e0 c\u00f3 th\u1ec3 t\u0103ng ch\u1ec9nh c\u1ea3 chi\u1ec1u cao l\u1eabn g\u00f3c \u0111\u1ed9. \u0110i\u1ec1u n\u00e0y t\u1ea1o s\u1ef1 tho\u1ea3i m\u00e1i cho v\u00f9ng c\u1ed5 \u2013 g\u00e1y, gi\u1ea3m c\u0103ng c\u01a1 v\u00e0 h\u1ed7 tr\u1ee3 t\u01b0 th\u1ebf ng\u1ed3i \u0111\u00fang chu\u1ea9n c\u00f4ng th\u00e1i h\u1ecdc. T\u1ef1a \u0111\u1ea7u r\u1ed9ng gi\u00fap ng\u01b0\u1eddi d\u00f9ng c\u00f3 th\u1ec3 t\u1ef1a tho\u1ea3i m\u00e1i m\u00e0 kh\u00f4ng b\u1ecb g\u00f2 b\u00f3, \u0111\u1eb7c bi\u1ec7t ph\u00f9 h\u1ee3p cho c\u00e1c v\u1ecb tr\u00ed l\u00e3nh \u0111\u1ea1o th\u01b0\u1eddng xuy\u00ean ph\u1ea3i l\u00e0m vi\u1ec7c trong th\u1eddi gian d\u00e0i.<\/p>\n<p data-start=\"2510\" data-end=\"2846\">Ph\u1ea7n \u0111\u1ec7m ng\u1ed3i c\u1ee7a GL356 s\u1eed d\u1ee5ng m\u00fat \u0111\u00fac nguy\u00ean kh\u1ed1i ch\u1ea5t l\u01b0\u1ee3ng cao, b\u1ecdc v\u1ea3i \u00eam \u00e1i \u0111\u1ea3m b\u1ea3o \u0111\u1ed9 \u0111\u00e0n h\u1ed3i tuy\u1ec7t v\u1eddi v\u00e0 c\u1ea3m gi\u00e1c ng\u1ed3i d\u1ec5 ch\u1ecbu. M\u1eb7t \u0111\u1ec7m \u0111\u01b0\u1ee3c thi\u1ebft k\u1ebf r\u1ed9ng r\u00e3i, \u0111\u01b0\u1eddng vi\u1ec1n m\u00e9p bo tr\u00f2n gi\u00fap gi\u1ea3m \u00e1p l\u1ef1c l\u00ean \u0111\u00f9i, h\u1ed7 tr\u1ee3 tu\u1ea7n ho\u00e0n m\u00e1u t\u1ed1t h\u01a1n. Nh\u1edd \u0111\u00f3, ng\u01b0\u1eddi ng\u1ed3i lu\u00f4n c\u1ea3m th\u1ea5y tho\u1ea3i m\u00e1i, h\u1ea1n ch\u1ebf m\u1ec7t m\u1ecfi v\u00e0 t\u00ea ch\u00e2n khi l\u00e0m vi\u1ec7c l\u00e2u.<\/p>\n<p data-start=\"2848\" data-end=\"3173\">Tay gh\u1ebf c\u1ee7a gh\u1ebf l\u01b0\u1edbi GL356 l\u00e0 lo\u1ea1i tay t\u0103ng ch\u1ec9nh chi\u1ec1u cao, mang l\u1ea1i s\u1ef1 linh ho\u1ea1t t\u1ed1i \u0111a cho ng\u01b0\u1eddi s\u1eed d\u1ee5ng. Tay c\u00f3 th\u1ec3 \u0111i\u1ec1u ch\u1ec9nh theo nhu c\u1ea7u v\u00e0 v\u00f3c d\u00e1ng, h\u1ed7 tr\u1ee3 t\u01b0 th\u1ebf tay \u2013 vai t\u1ef1 nhi\u00ean, gi\u1ea3m \u00e1p l\u1ef1c l\u00ean ph\u1ea7n b\u1ea3 vai v\u00e0 c\u1ed5. Thi\u1ebft k\u1ebf tay hi\u1ec7n \u0111\u1ea1i, ch\u1eafc ch\u1eafn, l\u00e0m t\u1eeb nh\u1ef1a cao c\u1ea5p gi\u00fap s\u1ea3n ph\u1ea9m t\u0103ng t\u00ednh b\u1ec1n b\u1ec9 v\u00e0 sang tr\u1ecdng.<\/p>\n<p data-start=\"3175\" data-end=\"3453\">GL356 c\u00f3 hai l\u1ef1a ch\u1ecdn ch\u00e2n gh\u1ebf: ch\u00e2n nh\u1ef1a v\u00e0 ch\u00e2n m\u1ea1.<br data-start=\"3228\" data-end=\"3231\" \/>\u2013 <strong data-start=\"3233\" data-end=\"3256\">Phi\u00ean b\u1ea3n ch\u00e2n nh\u1ef1a<\/strong> s\u1eed d\u1ee5ng nh\u1ef1a k\u1ef9 thu\u1eadt cao c\u1ea5p, ch\u1ecbu l\u1ef1c t\u1ed1t, ph\u00f9 h\u1ee3p v\u1edbi c\u00e1c v\u0103n ph\u00f2ng tr\u1ebb trung, n\u0103ng \u0111\u1ed9ng.<br data-start=\"3349\" data-end=\"3352\" \/>\u2013 <strong data-start=\"3354\" data-end=\"3375\">Phi\u00ean b\u1ea3n ch\u00e2n m\u1ea1<\/strong> c\u00f3 \u0111\u1ed9 b\u00f3ng \u0111\u1eb9p, sang tr\u1ecdng, t\u1ea1o \u0111i\u1ec3m nh\u1ea5n \u0111\u1eb3ng c\u1ea5p cho kh\u00f4ng gian l\u00e3nh \u0111\u1ea1o.<\/p>\n<p data-start=\"3455\" data-end=\"3678\">C\u1ea3 hai lo\u1ea1i ch\u00e2n \u0111\u1ec1u k\u1ebft h\u1ee3p b\u00e1nh xe PU gi\u00fap di chuy\u1ec3n m\u01b0\u1ee3t m\u00e0, h\u1ea1n ch\u1ebf ti\u1ebfng \u1ed3n v\u00e0 kh\u00f4ng l\u00e0m tr\u1ea7y x\u01b0\u1edbc s\u00e0n. Gh\u1ebf c\u0169ng \u0111\u01b0\u1ee3c trang b\u1ecb c\u1ea7n \u0111i\u1ec1u ch\u1ec9nh \u0111\u1ed9 cao b\u1eb1ng tr\u1ee5c h\u01a1i b\u1ec1n b\u1ec9, d\u1ec5 thao t\u00e1c v\u00e0 an to\u00e0n trong qu\u00e1 tr\u00ecnh s\u1eed d\u1ee5ng.<\/p>\n<p data-start=\"3680\" data-end=\"4035\" data-is-last-node=\"\" data-is-only-node=\"\">V\u1edbi s\u1ef1 k\u1ebft h\u1ee3p ho\u00e0n h\u1ea3o gi\u1eefa thi\u1ebft k\u1ebf tinh t\u1ebf, ch\u1ea5t li\u1ec7u cao c\u1ea5p v\u00e0 c\u00e1c t\u00ednh n\u0103ng c\u00f4ng th\u00e1i h\u1ecdc t\u1ed1i \u01b0u, gh\u1ebf l\u01b0\u1edbi GL356 kh\u00f4ng ch\u1ec9 mang l\u1ea1i tr\u1ea3i nghi\u1ec7m ng\u1ed3i tho\u1ea3i m\u00e1i m\u00e0 c\u00f2n g\u00f3p ph\u1ea7n n\u00e2ng t\u1ea7m s\u1ef1 chuy\u00ean nghi\u1ec7p cho v\u0103n ph\u00f2ng l\u00e3nh \u0111\u1ea1o. \u0110\u00e2y l\u00e0 l\u1ef1a ch\u1ecdn \u0111\u00e1ng \u0111\u1ea7u t\u01b0 cho nh\u1eefng ai mong mu\u1ed1n m\u1ed9t m\u1eabu gh\u1ebf v\u1eeba b\u1ec1n b\u1ec9, sang tr\u1ecdng v\u1eeba \u0111\u1ea1t chu\u1ea9n h\u1ed7 tr\u1ee3 s\u1ee9c kh\u1ecfe d\u00e0i h\u1ea1n.<\/p>\n","protected":false},"excerpt":{"rendered":"<p data-start=\"51\" data-end=\"276\">Gh\u1ebf l\u01b0\u1edbi GL356 l\u00e0 m\u1eabu gh\u1ebf l\u00e3nh \u0111\u1ea1o l\u01b0\u1edbi cao c\u1ea5p v\u1edbi thi\u1ebft k\u1ebf hi\u1ec7n \u0111\u1ea1i, sang tr\u1ecdng, \u0111\u01b0\u1ee3c t\u1ed1i \u01b0u c\u00f4ng th\u00e1i h\u1ecdc nh\u1eb1m mang l\u1ea1i s\u1ef1 tho\u1ea3i m\u00e1i tuy\u1ec7t \u0111\u1ed1i cho ng\u01b0\u1eddi s\u1eed d\u1ee5ng, \u0111\u1eb7c bi\u1ec7t ph\u00f9 h\u1ee3p cho c\u00e1c v\u1ecb tr\u00ed l\u00e3nh \u0111\u1ea1o, qu\u1ea3n l\u00fd v\u0103n ph\u00f2ng.<\/p>\n<p data-start=\"278\" data-end=\"380\">Gh\u1ebf ch\u00e2n nh\u1ef1a &#8211; <span style=\"color: #ed1c24; font-size: 120%;\"><strong>1.803.000 \u0111<\/strong><\/span><br \/>\nKT: W620 x D585 x H1180-1340 (mm)<br data-start=\"335\" data-end=\"338\" \/>Gh\u1ebf ch\u00e2n m\u1ea1 &#8211; <span style=\"color: #ed1c24; font-size: 120%;\"><strong>2.128.000 \u0111<\/strong><\/span><br \/>\nKT: W620 x D585 x H1200-1325 (mm)<\/p>\n<p data-start=\"382\" data-end=\"524\">Xu\u1ea5t x\u1ee9: S\u1ea3n ph\u1ea9m c\u1ee7a c\u00f4ng ty N\u1ed8I TH\u1ea4T THE ONE \u2013 Ph\u00e2n ph\u1ed1i b\u1edfi C\u00d4NG TY TNHH SXTM TTNT H\u1eeeU TH\u1ecaNH<br data-start=\"477\" data-end=\"480\" \/>B\u1ea3o h\u00e0nh: 12 th\u00e1ng theo ti\u00eau chu\u1ea9n nh\u00e0 m\u00e1y<\/p>\n<p data-start=\"526\" data-end=\"678\"><span style=\"color: #ed1c24;\"><em data-start=\"526\" data-end=\"678\">L\u01b0u \u00fd: Gi\u00e1 tr\u00ean ch\u01b0a bao g\u1ed3m VAT v\u00e0 ph\u00ed v\u1eadn chuy\u1ec3n. Gi\u00e1 s\u1ea3n ph\u1ea9m c\u00f3 th\u1ec3 thay \u0111\u1ed5i theo t\u1eebng th\u1eddi \u0111i\u1ec3m, vui l\u00f2ng li\u00ean h\u1ec7 \u0111\u1ec3 nh\u1eadn t\u01b0 v\u1ea5n \u01b0u \u0111\u00e3i t\u1ed1t nh\u1ea5t.<\/em><\/span><\/p>\n","protected":false},"featured_media":4830,"comment_status":"open","ping_status":"closed","template":"","meta":[],"product_brand":[],"product_cat":[17,356],"product_tag":[],"class_list":{"0":"post-4828","1":"product","2":"type-product","3":"status-publish","4":"has-post-thumbnail","6":"product_cat-noi-that-van-phong","7":"product_cat-ghe-luoi-cao-cap","9":"first","10":"instock","11":"taxable","12":"shipping-taxable","13":"purchasable","14":"product-type-simple"},"_links":{"self":[{"href":"https:\/\/www.noithathuuthinh.vn\/zh-hans\/wp-json\/wp\/v2\/product\/4828","targetHints":{"allow":["GET"]}}],"collection":[{"href":"https:\/\/www.noithathuuthinh.vn\/zh-hans\/wp-json\/wp\/v2\/product"}],"about":[{"href":"https:\/\/www.noithathuuthinh.vn\/zh-hans\/wp-json\/wp\/v2\/types\/product"}],"replies":[{"embeddable":true,"href":"https:\/\/www.noithathuuthinh.vn\/zh-hans\/wp-json\/wp\/v2\/comments?post=4828"}],"wp:featuredmedia":[{"embeddable":true,"href":"https:\/\/www.noithathuuthinh.vn\/zh-hans\/wp-json\/wp\/v2\/media\/4830"}],"wp:attachment":[{"href":"https:\/\/www.noithathuuthinh.vn\/zh-hans\/wp-json\/wp\/v2\/media?parent=4828"}],"wp:term":[{"taxonomy":"product_brand","embeddable":true,"href":"https:\/\/www.noithathuuthinh.vn\/zh-hans\/wp-json\/wp\/v2\/product_brand?post=4828"},{"taxonomy":"product_cat","embeddable":true,"href":"https:\/\/www.noithathuuthinh.vn\/zh-hans\/wp-json\/wp\/v2\/product_cat?post=4828"},{"taxonomy":"product_tag","embeddable":true,"href":"https:\/\/www.noithathuuthinh.vn\/zh-hans\/wp-json\/wp\/v2\/product_tag?post=4828"}],"curies":[{"name":"wp","href":"https:\/\/api.w.org\/{rel}","templated":true}]}}