{"id":4833,"date":"2025-11-29T09:27:00","date_gmt":"2025-11-29T02:27:00","guid":{"rendered":"https:\/\/noithathuuthinh.vn\/?post_type=product&#038;p=4833"},"modified":"2025-11-29T09:27:00","modified_gmt":"2025-11-29T02:27:00","slug":"ghe-luoi-gl357","status":"publish","type":"product","link":"https:\/\/www.noithathuuthinh.vn\/zh-hans\/san-pham\/ghe-luoi-gl357\/","title":{"rendered":"Gh\u1ebf l\u01b0\u1edbi GL357"},"content":{"rendered":"<p data-start=\"663\" data-end=\"1072\">Gh\u1ebf l\u01b0\u1edbi GL357 thu\u1ed9c d\u00f2ng gh\u1ebf l\u00e3nh \u0111\u1ea1o cao c\u1ea5p \u0111\u01b0\u1ee3c thi\u1ebft k\u1ebf d\u00e0nh ri\u00eang cho nh\u1eefng ng\u01b0\u1eddi c\u1ea7n m\u1ed9t s\u1ea3n ph\u1ea9m h\u1ed9i t\u1ee5 \u0111\u1ea7y \u0111\u1ee7 s\u1ef1 sang tr\u1ecdng, ti\u1ec7n nghi v\u00e0 kh\u1ea3 n\u0103ng h\u1ed7 tr\u1ee3 t\u1ed1i \u01b0u trong qu\u00e1 tr\u00ecnh l\u00e0m vi\u1ec7c. S\u1edf h\u1eefu ki\u1ec3u d\u00e1ng hi\u1ec7n \u0111\u1ea1i, c\u1ea5u tr\u00fac b\u1ec1n ch\u1eafc v\u00e0 h\u00e0ng lo\u1ea1t t\u00ednh n\u0103ng th\u00f4ng minh, GL357 nhanh ch\u00f3ng tr\u1edf th\u00e0nh l\u1ef1a ch\u1ecdn h\u00e0ng \u0111\u1ea7u cho v\u0103n ph\u00f2ng l\u00e3nh \u0111\u1ea1o, gi\u00e1m \u0111\u1ed1c ho\u1eb7c c\u00e1c kh\u00f4ng gian l\u00e0m vi\u1ec7c y\u00eau c\u1ea7u t\u00ednh th\u1ea9m m\u1ef9 cao.<\/p>\n<p data-start=\"1074\" data-end=\"1507\">\u0110i\u1ec3m n\u1ed5i b\u1eadt \u0111\u1ea7u ti\u00ean c\u1ee7a gh\u1ebf l\u01b0\u1edbi GL357 \u0111\u1ebfn t\u1eeb ph\u1ea7n t\u1ef1a l\u01b0ng b\u1ecdc v\u1ea3i l\u01b0\u1edbi cao c\u1ea5p. Ch\u1ea5t li\u1ec7u l\u01b0\u1edbi tho\u00e1ng kh\u00ed gi\u00fap ng\u01b0\u1eddi ng\u1ed3i lu\u00f4n c\u1ea3m th\u1ea5y d\u1ec5 ch\u1ecbu, kh\u00f4ng b\u1ecb n\u00f3ng l\u01b0ng d\u00f9 l\u00e0m vi\u1ec7c nhi\u1ec1u gi\u1edd li\u00ean t\u1ee5c. T\u1ef1a gh\u1ebf c\u00f3 kh\u1ea3 n\u0103ng ng\u1ea3 \u2013 h\u00e3m nhi\u1ec1u g\u00f3c \u0111\u1ed9, cho ph\u00e9p \u0111i\u1ec1u ch\u1ec9nh linh ho\u1ea1t theo nhu c\u1ea7u s\u1eed d\u1ee5ng, t\u1eeb t\u01b0 th\u1ebf t\u1eadp trung l\u00e0m vi\u1ec7c \u0111\u1ebfn t\u01b0 th\u1ebf th\u01b0 gi\u00e3n ho\u00e0n to\u00e0n. C\u01a1 ch\u1ebf ng\u1ea3 ch\u1eafc ch\u1eafn, an to\u00e0n, t\u1ea1o c\u1ea3m gi\u00e1c v\u1eefng ch\u00e3i v\u00e0 y\u00ean t\u00e2m khi s\u1eed d\u1ee5ng.<\/p>\n<p data-start=\"1509\" data-end=\"1847\">Ph\u1ea7n t\u1ef1a \u0111\u1ea7u 2D c\u1ee7a GL357 l\u00e0 m\u1ed9t \u01b0u \u0111i\u1ec3m n\u1ed5i b\u1eadt. Ng\u01b0\u1eddi d\u00f9ng c\u00f3 th\u1ec3 \u0111i\u1ec1u ch\u1ec9nh chi\u1ec1u cao v\u00e0 g\u00f3c \u0111\u1ed9 t\u1ef1a \u0111\u1ea7u \u0111\u1ec3 \u00f4m s\u00e1t v\u00f9ng c\u1ed5 \u2013 g\u00e1y, gi\u1ea3m t\u00ecnh tr\u1ea1ng m\u1ecfi c\u1ed5, \u0111au vai g\u00e1y th\u01b0\u1eddng g\u1eb7p khi ng\u1ed3i l\u00e2u. Nh\u1edd kh\u1ea3 n\u0103ng t\u00f9y ch\u1ec9nh linh ho\u1ea1t, t\u1ef1a \u0111\u1ea7u ph\u00f9 h\u1ee3p v\u1edbi nhi\u1ec1u v\u00f3c d\u00e1ng ng\u01b0\u1eddi d\u00f9ng, gi\u00fap t\u01b0 th\u1ebf ng\u1ed3i lu\u00f4n \u0111\u01b0\u1ee3c t\u1ed1i \u01b0u theo ti\u00eau chu\u1ea9n c\u00f4ng th\u00e1i h\u1ecdc.<\/p>\n<p data-start=\"1849\" data-end=\"2381\">\u0110\u1ec7m ng\u1ed3i c\u1ee7a gh\u1ebf s\u1eed d\u1ee5ng m\u00fat ch\u1ea5t l\u01b0\u1ee3ng cao, b\u1ecdc v\u1ea3i m\u1ec1m m\u1ea1i t\u1ea1o c\u1ea3m gi\u00e1c \u00eam \u00e1i, th\u00f4ng tho\u00e1ng. \u0110i\u1ec3m \u0111\u1eb7c bi\u1ec7t l\u00e0 ph\u1ea7n d\u01b0\u1edbi \u0111\u1ec7m \u0111\u01b0\u1ee3c trang b\u1ecb \u1ed1p nh\u1ef1a k\u1ef9 thu\u1eadt cao c\u1ea5p gi\u00fap t\u0103ng \u0111\u1ed9 b\u1ec1n v\u00e0 gi\u1eef form \u0111\u1ec7m l\u00e2u d\u00e0i. Gh\u1ebf l\u01b0\u1edbi GL357 c\u00f2n t\u00edch h\u1ee3p t\u00ednh n\u0103ng tr\u01b0\u1ee3t \u0111\u1ec7m \u0111\u1ec3 \u0111i\u1ec1u ch\u1ec9nh chi\u1ec1u s\u00e2u m\u1eb7t ng\u1ed3i \u2013 m\u1ed9t trang b\u1ecb cao c\u1ea5p th\u01b0\u1eddng th\u1ea5y \u1edf c\u00e1c d\u00f2ng gh\u1ebf l\u00e3nh \u0111\u1ea1o hi\u1ec7n \u0111\u1ea1i. Nh\u1edd t\u00ednh n\u0103ng n\u00e0y, ng\u01b0\u1eddi ng\u1ed3i c\u00f3 th\u1ec3 d\u1ec5 d\u00e0ng t\u00f9y ch\u1ec9nh \u0111\u1ed9 s\u00e2u m\u1eb7t \u0111\u1ec7m sao cho ph\u00f9 h\u1ee3p chi\u1ec1u d\u00e0i ch\u00e2n, t\u1eeb \u0111\u00f3 gi\u1ea3m \u00e1p l\u1ef1c l\u00ean b\u1eafp \u0111\u00f9i v\u00e0 h\u1ea1n ch\u1ebf t\u00ecnh tr\u1ea1ng t\u00ea ch\u00e2n khi ng\u1ed3i l\u00e2u.<\/p>\n<p data-start=\"2383\" data-end=\"2829\">Tay gh\u1ebf 3D c\u1ee7a GL357 c\u0169ng l\u00e0 m\u1ed9t \u0111i\u1ec3m nh\u1ea5n \u0111\u00e1ng gi\u00e1. Tay c\u00f3 th\u1ec3 \u0111i\u1ec1u ch\u1ec9nh chi\u1ec1u cao, xoay h\u01b0\u1edbng v\u00e0 thay \u0111\u1ed5i v\u1ecb tr\u00ed ti\u1ebfn \u2013 l\u00f9i, gi\u00fap ng\u01b0\u1eddi d\u00f9ng \u0111\u1eb7t tay tho\u1ea3i m\u00e1i \u1edf t\u01b0 th\u1ebf t\u1ef1 nhi\u00ean nh\u1ea5t. M\u1eb7t tay \u0111\u01b0\u1ee3c b\u1ecdc PU m\u1ec1m, v\u1eeba t\u1ea1o c\u1ea3m gi\u00e1c d\u1ec5 ch\u1ecbu khi t\u1ef3 tay, v\u1eeba t\u0103ng \u0111\u1ed9 b\u00e1m v\u00e0 \u0111\u1ea3m b\u1ea3o t\u00ednh th\u1ea9m m\u1ef9. V\u1edbi kh\u1ea3 n\u0103ng th\u00edch \u1ee9ng linh ho\u1ea1t, tay 3D mang l\u1ea1i l\u1ee3i th\u1ebf l\u1edbn trong vi\u1ec7c h\u1ed7 tr\u1ee3 b\u1ea3 vai v\u00e0 c\u1ed5, \u0111\u1eb7c bi\u1ec7t h\u1eefu \u00edch khi l\u00e0m vi\u1ec7c v\u1edbi m\u00e1y t\u00ednh trong th\u1eddi gian d\u00e0i.<\/p>\n<p data-start=\"2831\" data-end=\"3269\">M\u1ed9t t\u00ednh n\u0103ng cao c\u1ea5p kh\u00e1c c\u1ee7a gh\u1ebf l\u01b0\u1edbi GL357 l\u00e0 <strong data-start=\"2880\" data-end=\"2907\">c\u01a1 c\u1ea5u \u0111\u1ec3 ch\u00e2n ti\u1ec7n l\u1ee3i<\/strong>. Khi c\u1ea7n th\u01b0 gi\u00e3n, ng\u01b0\u1eddi d\u00f9ng c\u00f3 th\u1ec3 k\u00e9o ph\u1ea7n \u0111\u1ec3 ch\u00e2n ra \u0111\u1ec3 du\u1ed7i ch\u00e2n tho\u1ea3i m\u00e1i; khi kh\u00f4ng d\u00f9ng, b\u1ed9 ph\u1eadn n\u00e0y \u0111\u01b0\u1ee3c x\u1ebfp g\u1ecdn g\u00e0ng d\u01b0\u1edbi \u0111\u1ec7m gh\u1ebf, \u0111\u1ea3m b\u1ea3o t\u00ednh th\u1ea9m m\u1ef9 v\u00e0 s\u1ef1 ti\u1ec7n d\u1ee5ng. Kh\u1ea3 n\u0103ng bi\u1ebfn h\u00f3a gi\u1eefa gh\u1ebf l\u00e0m vi\u1ec7c v\u00e0 gh\u1ebf th\u01b0 gi\u00e3n gi\u00fap GL357 tr\u1edf th\u00e0nh s\u1ea3n ph\u1ea9m l\u00fd t\u01b0\u1edfng cho c\u00e1c l\u00e3nh \u0111\u1ea1o th\u01b0\u1eddng xuy\u00ean c\u1ea7n ngh\u1ec9 ng\u01a1i gi\u1eefa gi\u1edd m\u00e0 kh\u00f4ng mu\u1ed1n r\u1eddi kh\u1ecfi ph\u00f2ng l\u00e0m vi\u1ec7c.<\/p>\n<p data-start=\"3271\" data-end=\"3629\">Khung v\u00e0 ch\u00e2n gh\u1ebf \u0111\u01b0\u1ee3c ch\u1ebf t\u00e1c t\u1eeb th\u00e9p m\u1ea1 cao c\u1ea5p, t\u1ea1o v\u1ebb ngo\u00e0i sang tr\u1ecdng, b\u1ec1n ch\u1eafc v\u00e0 t\u0103ng tu\u1ed5i th\u1ecd s\u1ea3n ph\u1ea9m. Ch\u00e2n th\u00e9p m\u1ea1 c\u00f3 \u0111\u1ed9 s\u00e1ng b\u00f3ng n\u1ed5i b\u1eadt, ch\u1ed1ng han g\u1ec9 v\u00e0 ch\u1ecbu l\u1ef1c t\u1ed1t, ph\u00f9 h\u1ee3p v\u1edbi c\u00e1c kh\u00f4ng gian v\u0103n ph\u00f2ng \u0111\u00f2i h\u1ecfi s\u1ef1 tinh t\u1ebf v\u00e0 \u0111\u1eb3ng c\u1ea5p. Gh\u1ebf \u0111\u01b0\u1ee3c trang b\u1ecb b\u00e1nh xe PU xoay 360 \u0111\u1ed9, gi\u00fap di chuy\u1ec3n m\u01b0\u1ee3t m\u00e0 v\u00e0 kh\u00f4ng g\u00e2y ti\u1ebfng \u1ed3n hay tr\u1ea7y x\u01b0\u1edbc s\u00e0n nh\u00e0.<\/p>\n<p data-start=\"3631\" data-end=\"3993\" data-is-last-node=\"\" data-is-only-node=\"\">V\u1edbi thi\u1ebft k\u1ebf ho\u00e0n thi\u1ec7n, ch\u1ee9c n\u0103ng \u0111a d\u1ea1ng v\u00e0 \u0111\u1ed9 b\u1ec1n v\u01b0\u1ee3t tr\u1ed9i, gh\u1ebf l\u01b0\u1edbi GL357 kh\u00f4ng ch\u1ec9 \u0111em l\u1ea1i tr\u1ea3i nghi\u1ec7m ng\u1ed3i tho\u1ea3i m\u00e1i m\u00e0 c\u00f2n g\u00f3p ph\u1ea7n t\u1ea1o d\u1ef1ng h\u00ecnh \u1ea3nh chuy\u00ean nghi\u1ec7p cho kh\u00f4ng gian l\u00e0m vi\u1ec7c. \u0110\u00e2y l\u00e0 l\u1ef1a ch\u1ecdn ho\u00e0n h\u1ea3o cho c\u00e1c v\u1ecb tr\u00ed l\u00e3nh \u0111\u1ea1o mu\u1ed1n s\u1edf h\u1eefu m\u1ed9t chi\u1ebfc gh\u1ebf v\u1eeba \u0111\u1eb9p, v\u1eeba th\u00f4ng minh, l\u1ea1i \u0111\u1ea3m b\u1ea3o h\u1ed7 tr\u1ee3 s\u1ee9c kh\u1ecfe t\u1ed1i \u01b0u trong su\u1ed1t qu\u00e1 tr\u00ecnh l\u00e0m vi\u1ec7c.<\/p>\n","protected":false},"excerpt":{"rendered":"<p data-start=\"51\" data-end=\"269\">Gh\u1ebf l\u01b0\u1edbi GL357 l\u00e0 m\u1eabu gh\u1ebf l\u00e3nh \u0111\u1ea1o cao c\u1ea5p \u0111\u01b0\u1ee3c thi\u1ebft k\u1ebf hi\u1ec7n \u0111\u1ea1i, t\u00edch h\u1ee3p nhi\u1ec1u t\u00ednh n\u0103ng c\u00f4ng th\u00e1i h\u1ecdc gi\u00fap mang l\u1ea1i s\u1ef1 tho\u1ea3i m\u00e1i t\u1ed1i \u0111a cho ng\u01b0\u1eddi ng\u1ed3i, \u0111\u1eb7c bi\u1ec7t ph\u00f9 h\u1ee3p cho c\u00e1c v\u1ecb tr\u00ed qu\u1ea3n l\u00fd v\u00e0 l\u00e3nh \u0111\u1ea1o v\u0103n ph\u00f2ng.<\/p>\n<p data-start=\"271\" data-end=\"317\">K\u00edch th\u01b0\u1edbc: W690 x D635-1330 x H1150-1265 (mm)<\/p>\n<p data-start=\"319\" data-end=\"461\">Xu\u1ea5t x\u1ee9: S\u1ea3n ph\u1ea9m c\u1ee7a c\u00f4ng ty N\u1ed8I TH\u1ea4T THE ONE \u2013 Ph\u00e2n ph\u1ed1i b\u1edfi C\u00d4NG TY TNHH SXTM TTNT H\u1eeeU TH\u1ecaNH<br data-start=\"414\" data-end=\"417\" \/>B\u1ea3o h\u00e0nh: 12 th\u00e1ng theo ti\u00eau chu\u1ea9n nh\u00e0 m\u00e1y<\/p>\n<p data-start=\"463\" data-end=\"615\"><span style=\"color: #ed1c24;\"><em data-start=\"463\" data-end=\"615\">L\u01b0u \u00fd: Gi\u00e1 tr\u00ean ch\u01b0a bao g\u1ed3m VAT v\u00e0 ph\u00ed v\u1eadn chuy\u1ec3n. Gi\u00e1 s\u1ea3n ph\u1ea9m c\u00f3 th\u1ec3 thay \u0111\u1ed5i theo t\u1eebng th\u1eddi \u0111i\u1ec3m, vui l\u00f2ng li\u00ean h\u1ec7 \u0111\u1ec3 nh\u1eadn t\u01b0 v\u1ea5n \u01b0u \u0111\u00e3i t\u1ed1t nh\u1ea5t.<\/em><\/span><\/p>\n","protected":false},"featured_media":4834,"comment_status":"open","ping_status":"closed","template":"","meta":[],"product_brand":[],"product_cat":[17,356],"product_tag":[],"class_list":{"0":"post-4833","1":"product","2":"type-product","3":"status-publish","4":"has-post-thumbnail","6":"product_cat-noi-that-van-phong","7":"product_cat-ghe-luoi-cao-cap","9":"first","10":"instock","11":"taxable","12":"shipping-taxable","13":"purchasable","14":"product-type-simple"},"_links":{"self":[{"href":"https:\/\/www.noithathuuthinh.vn\/zh-hans\/wp-json\/wp\/v2\/product\/4833","targetHints":{"allow":["GET"]}}],"collection":[{"href":"https:\/\/www.noithathuuthinh.vn\/zh-hans\/wp-json\/wp\/v2\/product"}],"about":[{"href":"https:\/\/www.noithathuuthinh.vn\/zh-hans\/wp-json\/wp\/v2\/types\/product"}],"replies":[{"embeddable":true,"href":"https:\/\/www.noithathuuthinh.vn\/zh-hans\/wp-json\/wp\/v2\/comments?post=4833"}],"wp:featuredmedia":[{"embeddable":true,"href":"https:\/\/www.noithathuuthinh.vn\/zh-hans\/wp-json\/wp\/v2\/media\/4834"}],"wp:attachment":[{"href":"https:\/\/www.noithathuuthinh.vn\/zh-hans\/wp-json\/wp\/v2\/media?parent=4833"}],"wp:term":[{"taxonomy":"product_brand","embeddable":true,"href":"https:\/\/www.noithathuuthinh.vn\/zh-hans\/wp-json\/wp\/v2\/product_brand?post=4833"},{"taxonomy":"product_cat","embeddable":true,"href":"https:\/\/www.noithathuuthinh.vn\/zh-hans\/wp-json\/wp\/v2\/product_cat?post=4833"},{"taxonomy":"product_tag","embeddable":true,"href":"https:\/\/www.noithathuuthinh.vn\/zh-hans\/wp-json\/wp\/v2\/product_tag?post=4833"}],"curies":[{"name":"wp","href":"https:\/\/api.w.org\/{rel}","templated":true}]}}