{"id":4837,"date":"2025-11-29T09:37:27","date_gmt":"2025-11-29T02:37:27","guid":{"rendered":"https:\/\/noithathuuthinh.vn\/?post_type=product&#038;p=4837"},"modified":"2025-11-29T09:37:27","modified_gmt":"2025-11-29T02:37:27","slug":"ghe-luoi-gl358","status":"publish","type":"product","link":"https:\/\/www.noithathuuthinh.vn\/zh-hans\/san-pham\/ghe-luoi-gl358\/","title":{"rendered":"Gh\u1ebf l\u01b0\u1edbi GL358"},"content":{"rendered":"<p data-start=\"710\" data-end=\"1109\">Gh\u1ebf l\u01b0\u1edbi GL358 thu\u1ed9c d\u00f2ng gh\u1ebf l\u01b0\u1edbi cao c\u1ea5p \u0111\u01b0\u1ee3c thi\u1ebft k\u1ebf d\u00e0nh ri\u00eang cho m\u00f4i tr\u01b0\u1eddng v\u0103n ph\u00f2ng hi\u1ec7n \u0111\u1ea1i, n\u01a1i y\u00eau c\u1ea7u s\u1ef1 ti\u1ec7n nghi, th\u1ea9m m\u1ef9 v\u00e0 kh\u1ea3 n\u0103ng h\u1ed7 tr\u1ee3 t\u1ed1t cho ng\u01b0\u1eddi ng\u1ed3i trong th\u1eddi gian d\u00e0i. S\u1edf h\u1eefu ki\u1ec3u d\u00e1ng thanh tho\u00e1t, \u0111\u01b0\u1eddng n\u00e9t tinh t\u1ebf c\u00f9ng ch\u1ea5t li\u1ec7u cao c\u1ea5p, GL358 mang \u0111\u1ebfn tr\u1ea3i nghi\u1ec7m ng\u1ed3i tho\u1ea3i m\u00e1i, tho\u00e1ng m\u00e1t v\u00e0 ph\u00f9 h\u1ee3p v\u1edbi nhi\u1ec1u kh\u00f4ng gian l\u00e0m vi\u1ec7c kh\u00e1c nhau, t\u1eeb nh\u00e2n vi\u00ean \u0111\u1ebfn qu\u1ea3n l\u00fd.<\/p>\n<p data-start=\"1111\" data-end=\"1515\">Ngay t\u1eeb ph\u1ea7n t\u1ef1a l\u01b0ng, gh\u1ebf l\u01b0\u1edbi GL358 \u0111\u00e3 t\u1ea1o \u1ea5n t\u01b0\u1ee3ng v\u1edbi k\u1ebft c\u1ea5u l\u01b0\u1edbi cao c\u1ea5p b\u1ecdc tr\u00ean khung nh\u1ef1a k\u1ef9 thu\u1eadt b\u1ec1n ch\u1eafc. L\u1edbp v\u1ea3i l\u01b0\u1edbi kh\u00f4ng ch\u1ec9 tho\u00e1ng kh\u00ed m\u00e0 c\u00f2n c\u00f3 \u0111\u1ed9 \u0111\u00e0n h\u1ed3i t\u1ed1t, gi\u00fap \u00f4m s\u00e1t c\u01a1 th\u1ec3 ng\u01b0\u1eddi ng\u1ed3i, h\u1ed7 tr\u1ee3 c\u1ed9t s\u1ed1ng v\u00e0 gi\u1ea3m c\u1ea3m gi\u00e1c m\u1ec7t m\u1ecfi khi ng\u1ed3i li\u00ean t\u1ee5c trong nhi\u1ec1u gi\u1edd. Thi\u1ebft k\u1ebf l\u01b0ng gh\u1ebf cao gi\u00fap n\u00e2ng \u0111\u1ee1 to\u00e0n b\u1ed9 v\u00f9ng l\u01b0ng \u2013 vai \u2013 c\u1ed5, mang l\u1ea1i t\u01b0 th\u1ebf ng\u1ed3i tho\u1ea3i m\u00e1i v\u00e0 chu\u1ea9n c\u00f4ng th\u00e1i h\u1ecdc.<\/p>\n<p data-start=\"1517\" data-end=\"1909\">Ph\u1ea7n \u0111\u1ec7m ng\u1ed3i s\u1eed d\u1ee5ng m\u00fat x\u1ed1p ch\u1ea5t l\u01b0\u1ee3ng cao, b\u1ecdc v\u1ea3i m\u1ec1m m\u1ea1i t\u1ea1o c\u1ea3m gi\u00e1c \u00eam \u00e1i, h\u1ea1n ch\u1ebf l\u00fan x\u1eb9p trong qu\u00e1 tr\u00ecnh s\u1eed d\u1ee5ng. \u0110\u1ec7m c\u00f3 \u0111\u1ed9 d\u00e0y ti\u00eau chu\u1ea9n, m\u1eb7t ng\u1ed3i r\u1ed9ng r\u00e3i gi\u00fap ng\u01b0\u1eddi s\u1eed d\u1ee5ng tho\u1ea3i m\u00e1i \u0111i\u1ec1u ch\u1ec9nh t\u01b0 th\u1ebf v\u00e0 gi\u1ea3m \u00e1p l\u1ef1c l\u00ean \u0111\u00f9i. Nh\u1edd c\u1ea5u t\u1ea1o h\u1ee3p l\u00fd, GL358 h\u1ed7 tr\u1ee3 r\u1ea5t t\u1ed1t cho nh\u1eefng ng\u01b0\u1eddi ph\u1ea3i ng\u1ed3i l\u00e0m vi\u1ec7c li\u00ean t\u1ee5c, \u0111\u1eb7c bi\u1ec7t l\u00e0 d\u00e2n v\u0103n ph\u00f2ng ho\u1eb7c nh\u1eefng c\u00f4ng vi\u1ec7c c\u1ea7n s\u1ef1 t\u1eadp trung cao.<\/p>\n<p data-start=\"1911\" data-end=\"2266\">Tay gh\u1ebf c\u1ee7a GL358 \u0111\u01b0\u1ee3c l\u00e0m b\u1eb1ng nh\u1ef1a m\u00e0u \u0111en c\u1ed1 \u0111\u1ecbnh, \u0111\u1ea3m b\u1ea3o s\u1ef1 ch\u1eafc ch\u1eafn v\u00e0 \u1ed5n \u0111\u1ecbnh trong qu\u00e1 tr\u00ecnh s\u1eed d\u1ee5ng. Thi\u1ebft k\u1ebf tay gh\u1ebf \u0111\u01a1n gi\u1ea3n nh\u01b0ng th\u1ea9m m\u1ef9, gi\u00fap ng\u01b0\u1eddi ng\u1ed3i \u0111\u1eb7t tay tho\u1ea3i m\u00e1i, h\u1ea1n ch\u1ebf c\u0103ng c\u01a1 vai v\u00e0 c\u00e1nh tay. D\u00f9 kh\u00f4ng c\u00f3 kh\u1ea3 n\u0103ng t\u0103ng ch\u1ec9nh nh\u01b0 c\u00e1c d\u00f2ng gh\u1ebf l\u00e3nh \u0111\u1ea1o cao c\u1ea5p, tay gh\u1ebf GL358 v\u1eabn \u0111\u1ea3m b\u1ea3o c\u00f4ng n\u0103ng cho nhu c\u1ea7u v\u0103n ph\u00f2ng ph\u1ed5 th\u00f4ng.<\/p>\n<p data-start=\"2268\" data-end=\"2372\">M\u1ed9t \u01b0u \u0111i\u1ec3m kh\u00e1c c\u1ee7a gh\u1ebf l\u01b0\u1edbi GL358 l\u00e0 s\u1ef1 linh ho\u1ea1t trong l\u1ef1a ch\u1ecdn lo\u1ea1i ch\u00e2n. S\u1ea3n ph\u1ea9m c\u00f3 hai phi\u00ean b\u1ea3n:<\/p>\n<p data-start=\"2374\" data-end=\"2661\">\u2013 <strong data-start=\"2376\" data-end=\"2399\">Phi\u00ean b\u1ea3n ch\u00e2n nh\u1ef1a<\/strong>: \u0111\u01b0\u1ee3c l\u00e0m t\u1eeb nh\u1ef1a k\u1ef9 thu\u1eadt cao c\u1ea5p, c\u00f3 kh\u1ea3 n\u0103ng ch\u1ecbu l\u1ef1c t\u1ed1t, tr\u1ecdng l\u01b0\u1ee3ng nh\u1eb9, ph\u00f9 h\u1ee3p v\u1edbi c\u00e1c kh\u00f4ng gian l\u00e0m vi\u1ec7c tr\u1ebb trung, n\u0103ng \u0111\u1ed9ng.<br data-start=\"2536\" data-end=\"2539\" \/>\u2013 <strong data-start=\"2541\" data-end=\"2562\">Phi\u00ean b\u1ea3n ch\u00e2n m\u1ea1<\/strong>: ch\u00e2n th\u00e9p m\u1ea1 s\u00e1ng b\u00f3ng, sang tr\u1ecdng, b\u1ec1n b\u1ec9 v\u00e0 n\u1ed5i b\u1eadt, t\u1ea1o \u0111i\u1ec3m nh\u1ea5n chuy\u00ean nghi\u1ec7p cho v\u0103n ph\u00f2ng.<\/p>\n<p data-start=\"2663\" data-end=\"2929\">C\u1ea3 hai phi\u00ean b\u1ea3n \u0111\u1ec1u \u0111i k\u00e8m b\u00e1nh xe PU di chuy\u1ec3n \u00eam \u00e1i, kh\u00f4ng g\u00e2y ti\u1ebfng \u1ed3n v\u00e0 h\u1ea1n ch\u1ebf tr\u1ea7y x\u01b0\u1edbc b\u1ec1 m\u1eb7t s\u00e0n. Tr\u1ee5c h\u01a1i n\u00e2ng h\u1ea1 linh ho\u1ea1t cho ph\u00e9p ng\u01b0\u1eddi d\u00f9ng d\u1ec5 d\u00e0ng \u0111i\u1ec1u ch\u1ec9nh chi\u1ec1u cao gh\u1ebf theo v\u00f3c d\u00e1ng ho\u1eb7c chi\u1ec1u cao b\u00e0n l\u00e0m vi\u1ec7c, \u0111\u1ea3m b\u1ea3o t\u01b0 th\u1ebf ng\u1ed3i lu\u00f4n tho\u1ea3i m\u00e1i.<\/p>\n<p data-start=\"2931\" data-end=\"3348\">Thi\u1ebft k\u1ebf t\u1ed5ng th\u1ec3 c\u1ee7a GL358 mang l\u1ea1i c\u1ea3m gi\u00e1c h\u00e0i h\u00f2a v\u00e0 th\u1ea9m m\u1ef9 nh\u1edd s\u1ef1 k\u1ebft h\u1ee3p gi\u1eefa ch\u1ea5t li\u1ec7u l\u01b0\u1edbi hi\u1ec7n \u0111\u1ea1i v\u00e0 khung nh\u1ef1a ch\u1eafc ch\u1eafn. C\u00e1c chi ti\u1ebft \u0111\u01b0\u1ee3c ho\u00e0n thi\u1ec7n t\u1ec9 m\u1ec9, \u0111\u1ed9 b\u1ec1n cao, ph\u00f9 h\u1ee3p v\u1edbi nhu c\u1ea7u s\u1eed d\u1ee5ng l\u00e2u d\u00e0i trong m\u00f4i tr\u01b0\u1eddng v\u0103n ph\u00f2ng. S\u1ea3n ph\u1ea9m \u0111\u1eb7c bi\u1ec7t \u0111\u01b0\u1ee3c \u01b0a chu\u1ed9ng trong c\u00e1c doanh nghi\u1ec7p c\u1ea7n m\u1ed9t m\u1eabu gh\u1ebf v\u1eeba ch\u1ea5t l\u01b0\u1ee3ng, v\u1eeba c\u00f3 gi\u00e1 th\u00e0nh h\u1ee3p l\u00fd, l\u1ea1i mang \u0111\u1ebfn v\u1ebb \u0111\u1eb9p chuy\u00ean nghi\u1ec7p cho kh\u00f4ng gian l\u00e0m vi\u1ec7c.<\/p>\n<p data-start=\"3350\" data-end=\"3626\" data-is-last-node=\"\" data-is-only-node=\"\">Gh\u1ebf l\u01b0\u1edbi GL358 kh\u00f4ng ch\u1ec9 \u0111\u00e1p \u1ee9ng nhu c\u1ea7u s\u1eed d\u1ee5ng th\u1ef1c t\u1ebf m\u00e0 c\u00f2n g\u00f3p ph\u1ea7n n\u00e2ng cao h\u00ecnh \u1ea3nh v\u0103n ph\u00f2ng, mang l\u1ea1i s\u1ef1 tho\u00e1ng m\u00e1t, tinh t\u1ebf v\u00e0 hi\u1ec7n \u0111\u1ea1i. \u0110\u00e2y l\u00e0 l\u1ef1a ch\u1ecdn l\u00fd t\u01b0\u1edfng cho nh\u1eefng \u0111\u01a1n v\u1ecb \u0111ang t\u00ecm ki\u1ebfm m\u1eabu gh\u1ebf l\u01b0\u1edbi b\u1ec1n \u0111\u1eb9p, ti\u1ec7n nghi v\u00e0 ph\u00f9 h\u1ee3p v\u1edbi nhi\u1ec1u phong c\u00e1ch n\u1ed9i th\u1ea5t.<\/p>\n","protected":false},"excerpt":{"rendered":"<p data-start=\"51\" data-end=\"256\">Gh\u1ebf l\u01b0\u1edbi GL358 l\u00e0 m\u1eabu gh\u1ebf l\u01b0\u1edbi l\u01b0ng cao cao c\u1ea5p v\u1edbi thi\u1ebft k\u1ebf hi\u1ec7n \u0111\u1ea1i, s\u1eed d\u1ee5ng ch\u1ea5t li\u1ec7u l\u01b0\u1edbi tho\u00e1ng m\u00e1t k\u1ebft h\u1ee3p \u0111\u1ec7m m\u00fat b\u1ecdc v\u1ea3i \u00eam \u00e1i, mang l\u1ea1i s\u1ef1 tho\u1ea3i m\u00e1i t\u1ed1i \u0111a cho ng\u01b0\u1eddi d\u00f9ng trong qu\u00e1 tr\u00ecnh l\u00e0m vi\u1ec7c.<\/p>\n<p data-start=\"258\" data-end=\"364\">Ch\u00e2n nh\u1ef1a &#8211; <span style=\"color: #ed1c24; font-size: 120%;\"><strong>1.797.000 \u0111<\/strong><\/span><br \/>\nKT: W625 x D625 x H1150-1340 (mm)<br data-start=\"317\" data-end=\"320\" \/>Ch\u00e2n m\u1ea1 &#8211; <span style=\"color: #ed1c24; font-size: 120%;\"><strong>2.047.000 \u0111<\/strong><\/span><br \/>\nKT: W625 x D625 x H1140-1315 (mm)<\/p>\n<p data-start=\"366\" data-end=\"508\">Xu\u1ea5t x\u1ee9: S\u1ea3n ph\u1ea9m c\u1ee7a c\u00f4ng ty N\u1ed8I TH\u1ea4T THE ONE \u2013 Ph\u00e2n ph\u1ed1i b\u1edfi C\u00d4NG TY TNHH SXTM TTNT H\u1eeeU TH\u1ecaNH<br data-start=\"461\" data-end=\"464\" \/>B\u1ea3o h\u00e0nh: 12 th\u00e1ng theo ti\u00eau chu\u1ea9n nh\u00e0 m\u00e1y<\/p>\n<p data-start=\"510\" data-end=\"662\"><span style=\"color: #ed1c24;\"><em data-start=\"510\" data-end=\"662\">L\u01b0u \u00fd: Gi\u00e1 tr\u00ean ch\u01b0a bao g\u1ed3m VAT v\u00e0 ph\u00ed v\u1eadn chuy\u1ec3n. Gi\u00e1 s\u1ea3n ph\u1ea9m c\u00f3 th\u1ec3 thay \u0111\u1ed5i theo t\u1eebng th\u1eddi \u0111i\u1ec3m, vui l\u00f2ng li\u00ean h\u1ec7 \u0111\u1ec3 nh\u1eadn t\u01b0 v\u1ea5n \u01b0u \u0111\u00e3i t\u1ed1t nh\u1ea5t.<\/em><\/span><\/p>\n","protected":false},"featured_media":4838,"comment_status":"open","ping_status":"closed","template":"","meta":[],"product_brand":[],"product_cat":[17,356],"product_tag":[],"class_list":{"0":"post-4837","1":"product","2":"type-product","3":"status-publish","4":"has-post-thumbnail","6":"product_cat-noi-that-van-phong","7":"product_cat-ghe-luoi-cao-cap","9":"first","10":"instock","11":"taxable","12":"shipping-taxable","13":"purchasable","14":"product-type-simple"},"_links":{"self":[{"href":"https:\/\/www.noithathuuthinh.vn\/zh-hans\/wp-json\/wp\/v2\/product\/4837","targetHints":{"allow":["GET"]}}],"collection":[{"href":"https:\/\/www.noithathuuthinh.vn\/zh-hans\/wp-json\/wp\/v2\/product"}],"about":[{"href":"https:\/\/www.noithathuuthinh.vn\/zh-hans\/wp-json\/wp\/v2\/types\/product"}],"replies":[{"embeddable":true,"href":"https:\/\/www.noithathuuthinh.vn\/zh-hans\/wp-json\/wp\/v2\/comments?post=4837"}],"wp:featuredmedia":[{"embeddable":true,"href":"https:\/\/www.noithathuuthinh.vn\/zh-hans\/wp-json\/wp\/v2\/media\/4838"}],"wp:attachment":[{"href":"https:\/\/www.noithathuuthinh.vn\/zh-hans\/wp-json\/wp\/v2\/media?parent=4837"}],"wp:term":[{"taxonomy":"product_brand","embeddable":true,"href":"https:\/\/www.noithathuuthinh.vn\/zh-hans\/wp-json\/wp\/v2\/product_brand?post=4837"},{"taxonomy":"product_cat","embeddable":true,"href":"https:\/\/www.noithathuuthinh.vn\/zh-hans\/wp-json\/wp\/v2\/product_cat?post=4837"},{"taxonomy":"product_tag","embeddable":true,"href":"https:\/\/www.noithathuuthinh.vn\/zh-hans\/wp-json\/wp\/v2\/product_tag?post=4837"}],"curies":[{"name":"wp","href":"https:\/\/api.w.org\/{rel}","templated":true}]}}