{"id":4865,"date":"2025-11-29T10:44:38","date_gmt":"2025-11-29T03:44:38","guid":{"rendered":"https:\/\/noithathuuthinh.vn\/?post_type=product&#038;p=4865"},"modified":"2025-11-29T10:44:38","modified_gmt":"2025-11-29T03:44:38","slug":"ghe-luoi-gl214","status":"publish","type":"product","link":"https:\/\/www.noithathuuthinh.vn\/zh-hans\/san-pham\/ghe-luoi-gl214\/","title":{"rendered":"Gh\u1ebf l\u01b0\u1edbi GL214"},"content":{"rendered":"<p data-start=\"757\" data-end=\"1277\">Gh\u1ebf l\u01b0\u1edbi GL214 l\u00e0 m\u1eabu gh\u1ebf v\u0103n ph\u00f2ng cao c\u1ea5p \u0111\u01b0\u1ee3c thi\u1ebft k\u1ebf nh\u1eb1m mang l\u1ea1i tr\u1ea3i nghi\u1ec7m ng\u1ed3i tho\u1ea3i m\u00e1i, linh ho\u1ea1t v\u00e0 b\u1ec1n b\u1ec9 cho ng\u01b0\u1eddi s\u1eed d\u1ee5ng. S\u1ea3n ph\u1ea9m ph\u00f9 h\u1ee3p v\u1edbi \u0111a d\u1ea1ng m\u00f4i tr\u01b0\u1eddng l\u00e0m vi\u1ec7c, t\u1eeb v\u0103n ph\u00f2ng c\u00f4ng ty, ph\u00f2ng h\u1ecdp, ph\u00f2ng l\u00e0m vi\u1ec7c t\u1ea1i nh\u00e0 \u0111\u1ebfn c\u00e1c khu v\u1ef1c l\u00e0m vi\u1ec7c chung, nh\u1edd s\u1ef1 k\u1ebft h\u1ee3p gi\u1eefa ch\u1ea5t li\u1ec7u cao c\u1ea5p, thi\u1ebft k\u1ebf khoa h\u1ecdc v\u00e0 ki\u1ec3u d\u00e1ng hi\u1ec7n \u0111\u1ea1i. GL214 kh\u00f4ng ch\u1ec9 \u0111\u00e1p \u1ee9ng c\u00e1c ti\u00eau chu\u1ea9n v\u1ec1 c\u00f4ng th\u00e1i h\u1ecdc m\u00e0 c\u00f2n t\u1ea1o \u0111i\u1ec3m nh\u1ea5n th\u1ea9m m\u1ef9 cho kh\u00f4ng gian s\u1eed d\u1ee5ng.<\/p>\n<p data-start=\"1279\" data-end=\"1776\">Ph\u1ea7n t\u1ef1a l\u01b0ng c\u1ee7a gh\u1ebf \u0111\u01b0\u1ee3c l\u00e0m t\u1eeb khung nh\u1ef1a ch\u1ea5t l\u01b0\u1ee3ng cao, t\u1ea1o \u0111\u1ed9 ch\u1eafc ch\u1eafn v\u00e0 b\u1ec1n b\u1ec9 theo th\u1eddi gian. Khung nh\u1ef1a c\u00f2n gi\u00fap gh\u1ebf duy tr\u00ec k\u1ebft c\u1ea5u v\u1eefng v\u00e0ng, \u0111\u1ed3ng th\u1eddi h\u1ed7 tr\u1ee3 l\u01b0ng ng\u01b0\u1eddi d\u00f9ng m\u1ed9t c\u00e1ch hi\u1ec7u qu\u1ea3. T\u1ef1a gh\u1ebf \u0111\u01b0\u1ee3c thi\u1ebft k\u1ebf cong theo \u0111\u01b0\u1eddng sinh h\u1ecdc, gi\u00fap n\u00e2ng \u0111\u1ee1 ph\u1ea7n c\u1ed9t s\u1ed1ng, gi\u1ea3m \u00e1p l\u1ef1c l\u00ean l\u01b0ng d\u01b0\u1edbi v\u00e0 vai, h\u1ea1n ch\u1ebf m\u1ec7t m\u1ecfi khi ph\u1ea3i ng\u1ed3i l\u00e2u. B\u1ec1 m\u1eb7t t\u1ef1a l\u01b0ng nh\u1ef1a k\u1ebft h\u1ee3p v\u1edbi \u0111\u1ec7m m\u00fat b\u1ecdc v\u1ea3i tho\u00e1ng kh\u00ed, gi\u00fap kh\u00f4ng kh\u00ed l\u01b0u th\u00f4ng, gi\u1ea3m b\u00ed n\u00f3ng v\u00e0 mang l\u1ea1i s\u1ef1 d\u1ec5 ch\u1ecbu su\u1ed1t c\u1ea3 ng\u00e0y l\u00e0m vi\u1ec7c.<\/p>\n<p data-start=\"1778\" data-end=\"2184\">\u0110\u1ec7m gh\u1ebf s\u1eed d\u1ee5ng m\u00fat cao c\u1ea5p, b\u1ecdc v\u1ea3i m\u1ec1m m\u1ea1i, t\u1ea1o s\u1ef1 \u00eam \u00e1i t\u1ed1i \u0111a cho ng\u01b0\u1eddi d\u00f9ng. \u0110\u1ec7m ng\u1ed3i c\u00f3 \u0111\u1ed9 \u0111\u00e0n h\u1ed3i t\u1ed1t, h\u1ed7 tr\u1ee3 ph\u1ea7n h\u00f4ng v\u00e0 \u0111\u00f9i, gi\u00fap duy tr\u00ec t\u01b0 th\u1ebf ng\u1ed3i chu\u1ea9n c\u00f4ng th\u00e1i h\u1ecdc. Thi\u1ebft k\u1ebf \u0111\u1ec7m r\u1ed9ng r\u00e3i ph\u00f9 h\u1ee3p v\u1edbi nhi\u1ec1u d\u00e1ng ng\u01b0\u1eddi kh\u00e1c nhau, \u0111\u1ea3m b\u1ea3o s\u1ef1 tho\u1ea3i m\u00e1i ngay c\u1ea3 khi s\u1eed d\u1ee5ng li\u00ean t\u1ee5c nhi\u1ec1u gi\u1edd. D\u01b0\u1edbi \u0111\u1ec7m gh\u1ebf c\u00f3 c\u1ea5u tr\u00fac c\u1ed1 \u0111\u1ecbnh gi\u00fap duy tr\u00ec form gh\u1ebf v\u00e0 t\u0103ng \u0111\u1ed9 b\u1ec1n trong qu\u00e1 tr\u00ecnh s\u1eed d\u1ee5ng l\u00e2u d\u00e0i.<\/p>\n<p data-start=\"2186\" data-end=\"2741\">Gh\u1ebf l\u01b0\u1edbi GL214 cung c\u1ea5p hai lo\u1ea1i ch\u00e2n ph\u00f9 h\u1ee3p v\u1edbi nhu c\u1ea7u kh\u00e1c nhau: ch\u00e2n nh\u1ef1a v\u00e0 ch\u00e2n th\u00e9p m\u1ea1. Ch\u00e2n nh\u1ef1a mang \u0111\u1ebfn c\u1ea3m gi\u00e1c nh\u1eb9 nh\u00e0ng, linh ho\u1ea1t, d\u1ec5 di chuy\u1ec3n v\u00e0 ph\u00f9 h\u1ee3p v\u1edbi c\u00e1c kh\u00f4ng gian n\u0103ng \u0111\u1ed9ng, hi\u1ec7n \u0111\u1ea1i. Trong khi \u0111\u00f3, ch\u00e2n th\u00e9p m\u1ea1 l\u1ea1i t\u1ea1o s\u1ef1 ch\u1eafc ch\u1eafn, sang tr\u1ecdng v\u00e0 b\u1ec1n b\u1ec9, \u0111\u1ed3ng th\u1eddi kh\u1ea3 n\u0103ng ch\u1ecbu l\u1ef1c cao, ph\u00f9 h\u1ee3p v\u1edbi m\u00f4i tr\u01b0\u1eddng v\u0103n ph\u00f2ng chuy\u00ean nghi\u1ec7p. C\u1ea3 hai lo\u1ea1i ch\u00e2n gh\u1ebf \u0111\u1ec1u \u0111\u01b0\u1ee3c trang b\u1ecb b\u00e1nh xe di chuy\u1ec3n \u00eam \u00e1i, h\u1ea1n ch\u1ebf ti\u1ebfng \u1ed3n v\u00e0 kh\u00f4ng g\u00e2y tr\u1ea7y x\u01b0\u1edbc n\u1ec1n s\u00e0n, gi\u00fap gh\u1ebf ho\u1ea1t \u0111\u1ed9ng linh ho\u1ea1t tr\u00ean nhi\u1ec1u b\u1ec1 m\u1eb7t nh\u01b0 g\u1ea1ch, g\u1ed7 ho\u1eb7c th\u1ea3m v\u0103n ph\u00f2ng.<\/p>\n<p data-start=\"2743\" data-end=\"3049\">Tay gh\u1ebf c\u1ee7a GL214 \u0111\u01b0\u1ee3c thi\u1ebft k\u1ebf ch\u1eafc ch\u1eafn v\u00e0 v\u1eeba t\u1ea7m, gi\u00fap ng\u01b0\u1eddi d\u00f9ng th\u01b0 gi\u00e3n c\u00e1nh tay v\u00e0 vai trong qu\u00e1 tr\u00ecnh l\u00e0m vi\u1ec7c. D\u00f9 kh\u00f4ng c\u00f3 c\u01a1 ch\u1ebf t\u0103ng ch\u1ec9nh, tay gh\u1ebf v\u1eabn mang l\u1ea1i s\u1ef1 tho\u1ea3i m\u00e1i t\u1ed1i \u01b0u nh\u1edd h\u00ecnh d\u00e1ng khoa h\u1ecdc, gi\u00fap gi\u1eef t\u01b0 th\u1ebf ng\u1ed3i \u1ed5n \u0111\u1ecbnh v\u00e0 gi\u1ea3m c\u0103ng c\u01a1 khi thao t\u00e1c b\u00e0n ph\u00edm ho\u1eb7c s\u1eed d\u1ee5ng m\u00e1y t\u00ednh.<\/p>\n<p data-start=\"3051\" data-end=\"3461\">Gh\u1ebf l\u01b0\u1edbi GL214 c\u00f2n \u0111\u01b0\u1ee3c trang b\u1ecb tr\u1ee5c h\u01a1i gi\u00fap \u0111i\u1ec1u ch\u1ec9nh chi\u1ec1u cao linh ho\u1ea1t, ph\u00f9 h\u1ee3p v\u1edbi nhi\u1ec1u chi\u1ec1u cao b\u00e0n l\u00e0m vi\u1ec7c v\u00e0 v\u00f3c d\u00e1ng ng\u01b0\u1eddi d\u00f9ng. C\u01a1 ch\u1ebf n\u00e2ng h\u1ea1 m\u01b0\u1ee3t m\u00e0, an to\u00e0n v\u00e0 \u1ed5n \u0111\u1ecbnh, gi\u00fap t\u1ea1o t\u01b0 th\u1ebf ng\u1ed3i chu\u1ea9n c\u00f4ng th\u00e1i h\u1ecdc, gi\u1ea3m m\u1ec7t m\u1ecfi, \u0111\u1ed3ng th\u1eddi n\u00e2ng cao hi\u1ec7u qu\u1ea3 l\u00e0m vi\u1ec7c. \u0110\u00e2y l\u00e0 t\u00ednh n\u0103ng quan tr\u1ecdng gi\u00fap gh\u1ebf ph\u00f9 h\u1ee3p v\u1edbi c\u1ea3 c\u00e1 nh\u00e2n l\u1eabn m\u00f4i tr\u01b0\u1eddng l\u00e0m vi\u1ec7c chung, n\u01a1i nhi\u1ec1u ng\u01b0\u1eddi s\u1eed d\u1ee5ng gh\u1ebf c\u00f9ng l\u00fac.<\/p>\n<p data-start=\"3463\" data-end=\"3967\" data-is-last-node=\"\" data-is-only-node=\"\">V\u1edbi thi\u1ebft k\u1ebf hi\u1ec7n \u0111\u1ea1i, ch\u1ea5t li\u1ec7u b\u1ec1n b\u1ec9 v\u00e0 t\u00ednh n\u0103ng th\u00f4ng minh, gh\u1ebf l\u01b0\u1edbi GL214 l\u00e0 l\u1ef1a ch\u1ecdn l\u00fd t\u01b0\u1edfng cho nh\u1eefng ai \u0111ang t\u00ecm ki\u1ebfm m\u1ed9t chi\u1ebfc gh\u1ebf v\u1eeba \u0111\u1eb9p, v\u1eeba tho\u1ea3i m\u00e1i, v\u1eeba h\u1ed7 tr\u1ee3 s\u1ee9c kh\u1ecfe trong su\u1ed1t th\u1eddi gian l\u00e0m vi\u1ec7c. S\u1ea3n ph\u1ea9m kh\u00f4ng ch\u1ec9 n\u00e2ng cao tr\u1ea3i nghi\u1ec7m ng\u1ed3i m\u00e0 c\u00f2n g\u00f3p ph\u1ea7n t\u0103ng t\u00ednh chuy\u00ean nghi\u1ec7p v\u00e0 th\u1ea9m m\u1ef9 cho kh\u00f4ng gian l\u00e0m vi\u1ec7c. Gh\u1ebf l\u01b0\u1edbi GL214 x\u1ee9ng \u0111\u00e1ng l\u00e0 gi\u1ea3i ph\u00e1p ho\u00e0n h\u1ea3o cho m\u1ecdi v\u0103n ph\u00f2ng, t\u1eeb c\u00e1c c\u00f4ng ty nh\u1ecf \u0111\u1ebfn nh\u1eefng t\u1eadp \u0111o\u00e0n l\u1edbn, \u0111\u1ea3m b\u1ea3o mang l\u1ea1i s\u1ef1 ti\u1ec7n nghi, b\u1ec1n b\u1ec9 v\u00e0 hi\u1ec7u qu\u1ea3 t\u1ed1i \u01b0u.<\/p>\n","protected":false},"excerpt":{"rendered":"<p data-start=\"20\" data-end=\"355\">Gh\u1ebf l\u01b0\u1edbi GL214 l\u00e0 m\u1eabu gh\u1ebf l\u01b0\u1edbi v\u0103n ph\u00f2ng cao c\u1ea5p v\u1edbi ph\u1ea7n khung t\u1ef1a b\u1eb1ng nh\u1ef1a b\u1ec1n ch\u1eafc, k\u1ebft h\u1ee3p \u0111\u1ec7m t\u1ef1a m\u00fat b\u1ecdc v\u1ea3i \u00eam \u00e1i, mang \u0111\u1ebfn s\u1ef1 tho\u1ea3i m\u00e1i v\u00e0 h\u1ed7 tr\u1ee3 t\u1ed1i \u01b0u cho ng\u01b0\u1eddi s\u1eed d\u1ee5ng. Gh\u1ebf \u0111\u01b0\u1ee3c thi\u1ebft k\u1ebf hi\u1ec7n \u0111\u1ea1i, ph\u00f9 h\u1ee3p v\u1edbi nhi\u1ec1u kh\u00f4ng gian l\u00e0m vi\u1ec7c nh\u01b0 v\u0103n ph\u00f2ng, ph\u00f2ng h\u1ecdp ho\u1eb7c khu v\u1ef1c l\u00e0m vi\u1ec7c t\u1ea1i nh\u00e0.<\/p>\n<p data-start=\"357\" data-end=\"452\">Ch\u00e2n nh\u1ef1a &#8211; <span style=\"font-size: 120%;\"><strong><span style=\"color: #ed1c24;\">1.454.000 \u0111<\/span><\/strong><\/span><br \/>\nKT: W580 x D550 x H950\u20131045 (mm)<br data-start=\"410\" data-end=\"413\" \/>Ch\u00e2n m\u1ea1 &#8211; <span style=\"color: #ed1c24; font-size: 120%;\"><strong>1.733.000 \u0111<\/strong><\/span><br \/>\nKT: W580 x D550 x H940\u20131020 (mm)<\/p>\n<p data-start=\"454\" data-end=\"596\">Xu\u1ea5t x\u1ee9: S\u1ea3n ph\u1ea9m c\u1ee7a c\u00f4ng ty N\u1ed8I TH\u1ea4T THE ONE \u2013 Ph\u00e2n ph\u1ed1i b\u1edfi C\u00d4NG TY TNHH SXTM TTNT H\u1eeeU TH\u1ecaNH<br data-start=\"549\" data-end=\"552\" \/>B\u1ea3o h\u00e0nh: 12 th\u00e1ng theo ti\u00eau chu\u1ea9n nh\u00e0 m\u00e1y<\/p>\n<p data-start=\"598\" data-end=\"750\"><span style=\"color: #ed1c24;\"><em data-start=\"598\" data-end=\"750\">L\u01b0u \u00fd: Gi\u00e1 tr\u00ean ch\u01b0a bao g\u1ed3m VAT v\u00e0 ph\u00ed v\u1eadn chuy\u1ec3n. Gi\u00e1 s\u1ea3n ph\u1ea9m c\u00f3 th\u1ec3 thay \u0111\u1ed5i theo t\u1eebng th\u1eddi \u0111i\u1ec3m, vui l\u00f2ng li\u00ean h\u1ec7 \u0111\u1ec3 nh\u1eadn t\u01b0 v\u1ea5n \u01b0u \u0111\u00e3i t\u1ed1t nh\u1ea5t.<\/em><\/span><\/p>\n","protected":false},"featured_media":4867,"comment_status":"open","ping_status":"closed","template":"","meta":[],"product_brand":[],"product_cat":[17,356],"product_tag":[],"class_list":{"0":"post-4865","1":"product","2":"type-product","3":"status-publish","4":"has-post-thumbnail","6":"product_cat-noi-that-van-phong","7":"product_cat-ghe-luoi-cao-cap","9":"first","10":"instock","11":"taxable","12":"shipping-taxable","13":"purchasable","14":"product-type-simple"},"_links":{"self":[{"href":"https:\/\/www.noithathuuthinh.vn\/zh-hans\/wp-json\/wp\/v2\/product\/4865","targetHints":{"allow":["GET"]}}],"collection":[{"href":"https:\/\/www.noithathuuthinh.vn\/zh-hans\/wp-json\/wp\/v2\/product"}],"about":[{"href":"https:\/\/www.noithathuuthinh.vn\/zh-hans\/wp-json\/wp\/v2\/types\/product"}],"replies":[{"embeddable":true,"href":"https:\/\/www.noithathuuthinh.vn\/zh-hans\/wp-json\/wp\/v2\/comments?post=4865"}],"wp:featuredmedia":[{"embeddable":true,"href":"https:\/\/www.noithathuuthinh.vn\/zh-hans\/wp-json\/wp\/v2\/media\/4867"}],"wp:attachment":[{"href":"https:\/\/www.noithathuuthinh.vn\/zh-hans\/wp-json\/wp\/v2\/media?parent=4865"}],"wp:term":[{"taxonomy":"product_brand","embeddable":true,"href":"https:\/\/www.noithathuuthinh.vn\/zh-hans\/wp-json\/wp\/v2\/product_brand?post=4865"},{"taxonomy":"product_cat","embeddable":true,"href":"https:\/\/www.noithathuuthinh.vn\/zh-hans\/wp-json\/wp\/v2\/product_cat?post=4865"},{"taxonomy":"product_tag","embeddable":true,"href":"https:\/\/www.noithathuuthinh.vn\/zh-hans\/wp-json\/wp\/v2\/product_tag?post=4865"}],"curies":[{"name":"wp","href":"https:\/\/api.w.org\/{rel}","templated":true}]}}