{"id":4882,"date":"2025-11-29T11:22:16","date_gmt":"2025-11-29T04:22:16","guid":{"rendered":"https:\/\/noithathuuthinh.vn\/?post_type=product&#038;p=4882"},"modified":"2025-11-29T11:22:16","modified_gmt":"2025-11-29T04:22:16","slug":"ghe-luoi-gl223","status":"publish","type":"product","link":"https:\/\/www.noithathuuthinh.vn\/zh-hans\/san-pham\/ghe-luoi-gl223\/","title":{"rendered":"Gh\u1ebf l\u01b0\u1edbi GL223"},"content":{"rendered":"<p data-start=\"752\" data-end=\"1177\">Gh\u1ebf l\u01b0\u1edbi GL223 l\u00e0 l\u1ef1a ch\u1ecdn l\u00fd t\u01b0\u1edfng cho v\u1ecb tr\u00ed tr\u01b0\u1edfng ph\u00f2ng ho\u1eb7c c\u00e1c kh\u00f4ng gian l\u00e0m vi\u1ec7c c\u1ea7n s\u1ef1 sang tr\u1ecdng, ti\u1ec7n nghi nh\u01b0ng v\u1eabn \u0111\u1ea3m b\u1ea3o t\u00ednh linh ho\u1ea1t v\u00e0 tho\u1ea3i m\u00e1i cho ng\u01b0\u1eddi s\u1eed d\u1ee5ng. \u0110\u00e2y l\u00e0 m\u1eabu gh\u1ebf v\u0103n ph\u00f2ng l\u01b0ng trung cao c\u1ea5p, \u0111\u01b0\u1ee3c thi\u1ebft k\u1ebf \u0111\u1ec3 k\u1ebft h\u1ee3p gi\u1eefa s\u1ef1 b\u1ec1n b\u1ec9, tho\u1ea3i m\u00e1i v\u00e0 kh\u1ea3 n\u0103ng th\u01b0 gi\u00e3n, gi\u00fap n\u00e2ng cao hi\u1ec7u qu\u1ea3 l\u00e0m vi\u1ec7c v\u00e0 c\u1ea3i thi\u1ec7n s\u1ee9c kh\u1ecfe khi ng\u1ed3i l\u00e2u.<\/p>\n<p data-start=\"1179\" data-end=\"1553\">Ph\u1ea7n khung t\u1ef1a gh\u1ebf GL223 \u0111\u01b0\u1ee3c l\u00e0m t\u1eeb nh\u1ef1a b\u1ecdc v\u1ea3i l\u01b0\u1edbi ch\u1ea5t l\u01b0\u1ee3ng cao, v\u1eeba ch\u1eafc ch\u1eafn, v\u1eeba tho\u00e1ng kh\u00ed. Thi\u1ebft k\u1ebf n\u00e0y gi\u00fap h\u1ed7 tr\u1ee3 l\u01b0ng trung m\u1ed9t c\u00e1ch t\u1ef1 nhi\u00ean, gi\u1ea3m \u00e1p l\u1ef1c l\u00ean c\u1ed9t s\u1ed1ng v\u00e0 vai, \u0111\u1ed3ng th\u1eddi mang l\u1ea1i c\u1ea3m gi\u00e1c d\u1ec5 ch\u1ecbu su\u1ed1t c\u1ea3 ng\u00e0y l\u00e0m vi\u1ec7c. L\u01b0\u1edbi b\u1ecdc khung t\u1ef1a c\u00f2n gi\u00fap kh\u00f4ng kh\u00ed l\u01b0u th\u00f4ng, h\u1ea1n ch\u1ebf t\u00ecnh tr\u1ea1ng b\u00ed n\u00f3ng, r\u1ea5t ph\u00f9 h\u1ee3p v\u1edbi m\u00f4i tr\u01b0\u1eddng v\u0103n ph\u00f2ng Vi\u1ec7t Nam.<\/p>\n<p data-start=\"1555\" data-end=\"1882\">\u0110\u1ec7m ng\u1ed3i s\u1eed d\u1ee5ng m\u00fat x\u1ed1p b\u1ecdc PVC ch\u1ea5t l\u01b0\u1ee3ng cao, t\u1ea1o s\u1ef1 \u00eam \u00e1i v\u00e0 kh\u1ea3 n\u0103ng ch\u1ecbu l\u1ef1c t\u1ed1t. Ch\u1ea5t li\u1ec7u PVC gi\u00fap d\u1ec5 d\u00e0ng v\u1ec7 sinh v\u00e0 b\u1ea3o qu\u1ea3n, \u0111\u1ed3ng th\u1eddi duy tr\u00ec form gh\u1ebf \u1ed5n \u0111\u1ecbnh theo th\u1eddi gian. \u0110\u1ec7m gh\u1ebf r\u1ed9ng r\u00e3i, h\u1ed7 tr\u1ee3 ph\u1ea7n h\u00f4ng v\u00e0 \u0111\u00f9i, gi\u00fap gi\u1ea3m m\u1ecfi v\u00e0 c\u1ea3i thi\u1ec7n tu\u1ea7n ho\u00e0n m\u00e1u khi ng\u1ed3i l\u00e2u, \u0111\u1ea3m b\u1ea3o t\u01b0 th\u1ebf ng\u1ed3i chu\u1ea9n c\u00f4ng th\u00e1i h\u1ecdc.<\/p>\n<p data-start=\"1884\" data-end=\"2145\">Gh\u1ebf l\u01b0\u1edbi GL223 \u0111\u01b0\u1ee3c trang b\u1ecb tay gh\u1ebf nh\u1ef1a c\u1ed1 \u0111\u1ecbnh, gi\u00fap ng\u01b0\u1eddi d\u00f9ng \u0111\u1eb7t c\u00e1nh tay tho\u1ea3i m\u00e1i, gi\u1ea3m c\u0103ng c\u01a1 vai v\u00e0 c\u1ed5 trong qu\u00e1 tr\u00ecnh thao t\u00e1c b\u00e0n ph\u00edm ho\u1eb7c s\u1eed d\u1ee5ng m\u00e1y t\u00ednh. Tay gh\u1ebf \u0111\u01b0\u1ee3c thi\u1ebft k\u1ebf v\u1eeba t\u1ea7m, h\u1ed7 tr\u1ee3 t\u01b0 th\u1ebf ng\u1ed3i \u1ed5n \u0111\u1ecbnh v\u00e0 t\u0103ng tr\u1ea3i nghi\u1ec7m tho\u1ea3i m\u00e1i.<\/p>\n<p data-start=\"2147\" data-end=\"2512\">M\u1ed9t \u0111i\u1ec3m n\u1ed5i b\u1eadt c\u1ee7a GL223 l\u00e0 c\u01a1 c\u1ea5u ng\u1ea3 ti\u1ec7n l\u1ee3i. Ng\u01b0\u1eddi d\u00f9ng c\u00f3 th\u1ec3 ng\u1ea3 gh\u1ebf \u0111\u1ec3 th\u01b0 gi\u00e3n, gi\u1ea3m m\u1ecfi l\u01b0ng v\u00e0 vai trong nh\u1eefng l\u00fac ngh\u1ec9 gi\u1ea3i lao. C\u01a1 c\u1ea5u ng\u1ea3 ho\u1ea1t \u0111\u1ed9ng \u00eam \u00e1i, an to\u00e0n, mang l\u1ea1i s\u1ef1 linh ho\u1ea1t v\u00e0 ti\u1ec7n nghi t\u1ed1i \u0111a cho ng\u01b0\u1eddi s\u1eed d\u1ee5ng. T\u00ednh n\u0103ng n\u00e0y gi\u00fap gh\u1ebf kh\u00f4ng ch\u1ec9 l\u00e0 n\u01a1i l\u00e0m vi\u1ec7c m\u00e0 c\u00f2n tr\u1edf th\u00e0nh \u0111i\u1ec3m th\u01b0 gi\u00e3n hi\u1ec7u qu\u1ea3, g\u00f3p ph\u1ea7n t\u0103ng n\u0103ng su\u1ea5t l\u00e0m vi\u1ec7c.<\/p>\n<p data-start=\"2514\" data-end=\"2943\">Gh\u1ebf GL223 cung c\u1ea5p hai l\u1ef1a ch\u1ecdn ch\u00e2n gh\u1ebf: ch\u00e2n nh\u1ef1a v\u00e0 ch\u00e2n m\u1ea1. Ch\u00e2n nh\u1ef1a nh\u1eb9 nh\u00e0ng, linh ho\u1ea1t, d\u1ec5 di chuy\u1ec3n v\u00e0 ph\u00f9 h\u1ee3p v\u1edbi kh\u00f4ng gian n\u0103ng \u0111\u1ed9ng. Ch\u00e2n th\u00e9p m\u1ea1 t\u1ea1o v\u1ebb ngo\u00e0i sang tr\u1ecdng, b\u1ec1n b\u1ec9, kh\u1ea3 n\u0103ng ch\u1ecbu l\u1ef1c cao v\u00e0 \u1ed5n \u0111\u1ecbnh, \u0111\u1ea3m b\u1ea3o an to\u00e0n khi s\u1eed d\u1ee5ng l\u00e2u d\u00e0i. C\u1ea3 hai lo\u1ea1i ch\u00e2n \u0111\u1ec1u k\u1ebft h\u1ee3p b\u00e1nh xe xoay 360 \u0111\u1ed9, di chuy\u1ec3n tr\u01a1n tru tr\u00ean nhi\u1ec1u lo\u1ea1i s\u00e0n nh\u01b0 g\u1ea1ch, g\u1ed7 ho\u1eb7c th\u1ea3m, \u0111\u1ed3ng th\u1eddi h\u1ea1n ch\u1ebf ti\u1ebfng \u1ed3n v\u00e0 tr\u1ea7y x\u01b0\u1edbc b\u1ec1 m\u1eb7t s\u00e0n.<\/p>\n<p data-start=\"2945\" data-end=\"3246\">K\u00edch th\u01b0\u1edbc gh\u1ebf h\u1ee3p l\u00fd: ch\u00e2n nh\u1ef1a W600 x D600 x H970\u20131065 mm, ch\u00e2n m\u1ea1 W600 x D600 x H980\u20131055 mm, ph\u00f9 h\u1ee3p v\u1edbi \u0111a d\u1ea1ng \u0111\u1ed1i t\u01b0\u1ee3ng ng\u01b0\u1eddi d\u00f9ng, t\u1eeb nh\u00e2n vi\u00ean \u0111\u1ebfn tr\u01b0\u1edfng ph\u00f2ng. Thi\u1ebft k\u1ebf khoa h\u1ecdc k\u1ebft h\u1ee3p ch\u1ea5t li\u1ec7u cao c\u1ea5p \u0111\u1ea3m b\u1ea3o tr\u1ea3i nghi\u1ec7m ng\u1ed3i tho\u1ea3i m\u00e1i, gi\u1ea3m \u00e1p l\u1ef1c l\u00ean c\u01a1 th\u1ec3 v\u00e0 t\u0103ng hi\u1ec7u qu\u1ea3 l\u00e0m vi\u1ec7c.<\/p>\n<p data-start=\"3248\" data-end=\"3726\" data-is-last-node=\"\" data-is-only-node=\"\">V\u1edbi thi\u1ebft k\u1ebf hi\u1ec7n \u0111\u1ea1i, ch\u1ea5t li\u1ec7u b\u1ec1n b\u1ec9, kh\u1ea3 n\u0103ng ng\u1ea3 th\u01b0 gi\u00e3n v\u00e0 c\u00e1c t\u00ednh n\u0103ng h\u1ed7 tr\u1ee3 c\u00f4ng th\u00e1i h\u1ecdc, gh\u1ebf l\u01b0\u1edbi GL223 l\u00e0 l\u1ef1a ch\u1ecdn ho\u00e0n h\u1ea3o cho nh\u1eefng kh\u00f4ng gian l\u00e0m vi\u1ec7c chuy\u00ean nghi\u1ec7p. S\u1ea3n ph\u1ea9m kh\u00f4ng ch\u1ec9 n\u00e2ng cao tr\u1ea3i nghi\u1ec7m ng\u1ed3i m\u00e0 c\u00f2n t\u1ea1o \u0111i\u1ec3m nh\u1ea5n th\u1ea9m m\u1ef9 cho v\u0103n ph\u00f2ng. Gh\u1ebf l\u01b0\u1edbi GL223 h\u1ed9i t\u1ee5 \u0111\u1ea7y \u0111\u1ee7 c\u00e1c y\u1ebfu t\u1ed1: ti\u1ec7n nghi, tho\u1ea3i m\u00e1i, b\u1ec1n b\u1ec9 v\u00e0 linh ho\u1ea1t, l\u00e0 gi\u1ea3i ph\u00e1p t\u1ed1i \u01b0u cho m\u1ecdi doanh nghi\u1ec7p v\u00e0 c\u00e1 nh\u00e2n \u0111ang t\u00ecm ki\u1ebfm m\u1ed9t chi\u1ebfc gh\u1ebf tr\u01b0\u1edfng ph\u00f2ng ch\u1ea5t l\u01b0\u1ee3ng cao, \u0111\u00e1ng tin c\u1eady.<\/p>\n","protected":false},"excerpt":{"rendered":"<p data-start=\"20\" data-end=\"350\">Gh\u1ebf l\u01b0\u1edbi GL223 l\u00e0 m\u1eabu gh\u1ebf l\u01b0\u1edbi tr\u01b0\u1edfng ph\u00f2ng cao c\u1ea5p, s\u1edf h\u1eefu thi\u1ebft k\u1ebf hi\u1ec7n \u0111\u1ea1i v\u1edbi \u0111\u1ec7m m\u00fat x\u1ed1p b\u1ecdc PVC \u00eam \u00e1i v\u00e0 t\u1ef1a nh\u1ef1a b\u1ecdc v\u1ea3i l\u01b0\u1edbi tho\u00e1ng kh\u00ed, mang l\u1ea1i s\u1ef1 tho\u1ea3i m\u00e1i t\u1ed1i \u0111a cho ng\u01b0\u1eddi s\u1eed d\u1ee5ng. Tay gh\u1ebf b\u1eb1ng nh\u1ef1a c\u1ed1 \u0111\u1ecbnh, \u0111\u1ed3ng th\u1eddi gh\u1ebf c\u00f3 c\u01a1 c\u1ea5u ng\u1ea3 ti\u1ec7n l\u1ee3i, gi\u00fap ng\u01b0\u1eddi d\u00f9ng th\u01b0 gi\u00e3n khi c\u1ea7n thi\u1ebft.<\/p>\n<p data-start=\"352\" data-end=\"447\">Ch\u00e2n nh\u1ef1a &#8211; <span style=\"color: #ed1c24; font-size: 120%;\"><strong>1.338.000 \u0111<\/strong><\/span><br \/>\nKT: W600 x D600 x H970\u20131065 (mm)<br data-start=\"405\" data-end=\"408\" \/>Ch\u00e2n m\u1ea1 &#8211; <span style=\"color: #ed1c24; font-size: 120%;\"><strong>1.559.000 \u0111<\/strong><\/span><br \/>\nKT: W600 x D600 x H980\u20131055 (mm)<\/p>\n<p data-start=\"449\" data-end=\"591\">Xu\u1ea5t x\u1ee9: S\u1ea3n ph\u1ea9m c\u1ee7a c\u00f4ng ty N\u1ed8I TH\u1ea4T THE ONE \u2013 Ph\u00e2n ph\u1ed1i b\u1edfi C\u00d4NG TY TNHH SXTM TTNT H\u1eeeU TH\u1ecaNH<br data-start=\"544\" data-end=\"547\" \/>B\u1ea3o h\u00e0nh: 12 th\u00e1ng theo ti\u00eau chu\u1ea9n nh\u00e0 m\u00e1y<\/p>\n<p data-start=\"593\" data-end=\"745\"><span style=\"color: #ed1c24;\"><em data-start=\"593\" data-end=\"745\">L\u01b0u \u00fd: Gi\u00e1 tr\u00ean ch\u01b0a bao g\u1ed3m VAT v\u00e0 ph\u00ed v\u1eadn chuy\u1ec3n. Gi\u00e1 s\u1ea3n ph\u1ea9m c\u00f3 th\u1ec3 thay \u0111\u1ed5i theo t\u1eebng th\u1eddi \u0111i\u1ec3m, vui l\u00f2ng li\u00ean h\u1ec7 \u0111\u1ec3 nh\u1eadn t\u01b0 v\u1ea5n \u01b0u \u0111\u00e3i t\u1ed1t nh\u1ea5t.<\/em><\/span><\/p>\n","protected":false},"featured_media":4883,"comment_status":"open","ping_status":"closed","template":"","meta":[],"product_brand":[],"product_cat":[17,356],"product_tag":[],"class_list":{"0":"post-4882","1":"product","2":"type-product","3":"status-publish","4":"has-post-thumbnail","6":"product_cat-noi-that-van-phong","7":"product_cat-ghe-luoi-cao-cap","9":"first","10":"instock","11":"taxable","12":"shipping-taxable","13":"purchasable","14":"product-type-simple"},"_links":{"self":[{"href":"https:\/\/www.noithathuuthinh.vn\/zh-hans\/wp-json\/wp\/v2\/product\/4882","targetHints":{"allow":["GET"]}}],"collection":[{"href":"https:\/\/www.noithathuuthinh.vn\/zh-hans\/wp-json\/wp\/v2\/product"}],"about":[{"href":"https:\/\/www.noithathuuthinh.vn\/zh-hans\/wp-json\/wp\/v2\/types\/product"}],"replies":[{"embeddable":true,"href":"https:\/\/www.noithathuuthinh.vn\/zh-hans\/wp-json\/wp\/v2\/comments?post=4882"}],"wp:featuredmedia":[{"embeddable":true,"href":"https:\/\/www.noithathuuthinh.vn\/zh-hans\/wp-json\/wp\/v2\/media\/4883"}],"wp:attachment":[{"href":"https:\/\/www.noithathuuthinh.vn\/zh-hans\/wp-json\/wp\/v2\/media?parent=4882"}],"wp:term":[{"taxonomy":"product_brand","embeddable":true,"href":"https:\/\/www.noithathuuthinh.vn\/zh-hans\/wp-json\/wp\/v2\/product_brand?post=4882"},{"taxonomy":"product_cat","embeddable":true,"href":"https:\/\/www.noithathuuthinh.vn\/zh-hans\/wp-json\/wp\/v2\/product_cat?post=4882"},{"taxonomy":"product_tag","embeddable":true,"href":"https:\/\/www.noithathuuthinh.vn\/zh-hans\/wp-json\/wp\/v2\/product_tag?post=4882"}],"curies":[{"name":"wp","href":"https:\/\/api.w.org\/{rel}","templated":true}]}}