{"id":4886,"date":"2025-11-29T11:29:49","date_gmt":"2025-11-29T04:29:49","guid":{"rendered":"https:\/\/noithathuuthinh.vn\/?post_type=product&#038;p=4886"},"modified":"2025-11-29T11:29:50","modified_gmt":"2025-11-29T04:29:50","slug":"ghe-luoi-gl224","status":"publish","type":"product","link":"https:\/\/www.noithathuuthinh.vn\/zh-hans\/san-pham\/ghe-luoi-gl224\/","title":{"rendered":"Gh\u1ebf l\u01b0\u1edbi GL224"},"content":{"rendered":"<p data-start=\"894\" data-end=\"1284\">Gh\u1ebf l\u01b0\u1edbi GL224 l\u00e0 l\u1ef1a ch\u1ecdn l\u00fd t\u01b0\u1edfng cho c\u00e1c v\u1ecb tr\u00ed l\u00e3nh \u0111\u1ea1o, tr\u01b0\u1edfng ph\u00f2ng ho\u1eb7c c\u00e1c kh\u00f4ng gian v\u0103n ph\u00f2ng c\u1ea7n s\u1ef1 sang tr\u1ecdng, ti\u1ec7n nghi v\u00e0 tho\u1ea3i m\u00e1i. S\u1ea3n ph\u1ea9m \u0111\u01b0\u1ee3c thi\u1ebft k\u1ebf v\u1edbi s\u1ef1 k\u1ebft h\u1ee3p tinh t\u1ebf gi\u1eefa ch\u1ea5t li\u1ec7u cao c\u1ea5p, ki\u1ec3u d\u00e1ng hi\u1ec7n \u0111\u1ea1i v\u00e0 c\u00e1c t\u00ednh n\u0103ng c\u00f4ng th\u00e1i h\u1ecdc, mang l\u1ea1i tr\u1ea3i nghi\u1ec7m ng\u1ed3i l\u00fd t\u01b0\u1edfng v\u00e0 n\u00e2ng cao hi\u1ec7u qu\u1ea3 l\u00e0m vi\u1ec7c.<\/p>\n<p data-start=\"1286\" data-end=\"1696\">Ph\u1ea7n t\u1ef1a l\u01b0ng c\u1ee7a GL224 \u0111\u01b0\u1ee3c l\u00e0m t\u1eeb khung nh\u1ef1a b\u1ecdc v\u1ea3i l\u01b0\u1edbi ch\u1ea5t l\u01b0\u1ee3ng cao, v\u1eeba ch\u1eafc ch\u1eafn v\u1eeba tho\u00e1ng kh\u00ed. L\u01b0\u1edbi ch\u1ecbu l\u1ef1c gi\u00fap n\u00e2ng \u0111\u1ee1 ph\u1ea7n l\u01b0ng trung m\u1ed9t c\u00e1ch t\u1ef1 nhi\u00ean, h\u1ea1n ch\u1ebf m\u1ecfi l\u01b0ng v\u00e0 vai, \u0111\u1ed3ng th\u1eddi t\u0103ng c\u01b0\u1eddng s\u1ef1 l\u01b0u th\u00f4ng kh\u00f4ng kh\u00ed, tr\u00e1nh t\u00ecnh tr\u1ea1ng b\u00ed n\u00f3ng trong qu\u00e1 tr\u00ecnh ng\u1ed3i l\u00e2u. Thi\u1ebft k\u1ebf cong sinh h\u1ecdc c\u1ee7a t\u1ef1a l\u01b0ng \u00f4m s\u00e1t \u0111\u01b0\u1eddng cong c\u1ed9t s\u1ed1ng, mang l\u1ea1i s\u1ef1 h\u1ed7 tr\u1ee3 t\u1ed1i \u01b0u v\u00e0 gi\u1ea3m \u00e1p l\u1ef1c l\u00ean l\u01b0ng d\u01b0\u1edbi.<\/p>\n<p data-start=\"1698\" data-end=\"2028\">\u0110\u1ec7m gh\u1ebf s\u1eed d\u1ee5ng m\u00fat x\u1ed1p b\u1ecdc v\u1ea3i m\u1ec1m m\u1ea1i, t\u1ea1o s\u1ef1 \u00eam \u00e1i v\u00e0 b\u1ec1n b\u1ec9. D\u01b0\u1edbi \u0111\u1ec7m c\u00f3 c\u1ea5u tr\u00fac ch\u1eafc ch\u1eafn gi\u00fap duy tr\u00ec form gh\u1ebf \u1ed5n \u0111\u1ecbnh, h\u1ed7 tr\u1ee3 v\u00f9ng h\u00f4ng v\u00e0 \u0111\u00f9i, gi\u00fap gi\u1ea3m m\u1ec7t m\u1ecfi v\u00e0 c\u1ea3i thi\u1ec7n tu\u1ea7n ho\u00e0n m\u00e1u khi ng\u1ed3i l\u00e2u. K\u00edch th\u01b0\u1edbc \u0111\u1ec7m r\u1ed9ng r\u00e3i, ph\u00f9 h\u1ee3p v\u1edbi nhi\u1ec1u v\u00f3c d\u00e1ng kh\u00e1c nhau, \u0111\u1ea3m b\u1ea3o tr\u1ea3i nghi\u1ec7m ng\u1ed3i tho\u1ea3i m\u00e1i cho m\u1ecdi ng\u01b0\u1eddi d\u00f9ng.<\/p>\n<p data-start=\"2030\" data-end=\"2352\">Tay gh\u1ebf b\u1eb1ng nh\u1ef1a c\u1ed1 \u0111\u1ecbnh gi\u00fap ng\u01b0\u1eddi d\u00f9ng \u0111\u1eb7t c\u00e1nh tay tho\u1ea3i m\u00e1i, gi\u1ea3m c\u0103ng c\u01a1 vai v\u00e0 c\u1ed5 trong qu\u00e1 tr\u00ecnh l\u00e0m vi\u1ec7c. Thi\u1ebft k\u1ebf tay gh\u1ebf ph\u00f9 h\u1ee3p v\u1edbi t\u01b0 th\u1ebf chu\u1ea9n, mang l\u1ea1i s\u1ef1 \u1ed5n \u0111\u1ecbnh v\u00e0 ti\u1ec7n nghi khi thao t\u00e1c b\u00e0n ph\u00edm ho\u1eb7c s\u1eed d\u1ee5ng m\u00e1y t\u00ednh. \u0110\u00e2y l\u00e0 y\u1ebfu t\u1ed1 quan tr\u1ecdng \u0111\u1ec3 \u0111\u1ea3m b\u1ea3o s\u1ef1 tho\u1ea3i m\u00e1i trong m\u00f4i tr\u01b0\u1eddng l\u00e0m vi\u1ec7c li\u00ean t\u1ee5c.<\/p>\n<p data-start=\"2354\" data-end=\"2691\">Gh\u1ebf l\u01b0\u1edbi GL224 \u0111\u01b0\u1ee3c trang b\u1ecb c\u01a1 c\u1ea5u ng\u1ea3 th\u01b0 gi\u00e3n, cho ph\u00e9p ng\u01b0\u1eddi d\u00f9ng nghi\u00eang gh\u1ebf \u0111\u1ec3 th\u01b0 gi\u00e3n ho\u1eb7c thay \u0111\u1ed5i t\u01b0 th\u1ebf ng\u1ed3i. T\u00ednh n\u0103ng n\u00e0y gi\u00fap gi\u1ea3m c\u0103ng c\u01a1, m\u1ecfi l\u01b0ng v\u00e0 vai, \u0111\u1ed3ng th\u1eddi mang l\u1ea1i c\u1ea3m gi\u00e1c th\u01b0 gi\u00e3n, t\u0103ng s\u1ef1 t\u1eadp trung v\u00e0 hi\u1ec7u qu\u1ea3 l\u00e0m vi\u1ec7c. C\u01a1 c\u1ea5u ng\u1ea3 ho\u1ea1t \u0111\u1ed9ng \u00eam \u00e1i, an to\u00e0n v\u00e0 d\u1ec5 thao t\u00e1c, ph\u00f9 h\u1ee3p v\u1edbi m\u1ecdi \u0111\u1ed1i t\u01b0\u1ee3ng s\u1eed d\u1ee5ng.<\/p>\n<p data-start=\"2693\" data-end=\"3153\">Gh\u1ebf cung c\u1ea5p hai t\u00f9y ch\u1ecdn ch\u00e2n: ch\u00e2n nh\u1ef1a v\u00e0 ch\u00e2n th\u00e9p m\u1ea1. Ch\u00e2n nh\u1ef1a nh\u1eb9 nh\u00e0ng, d\u1ec5 di chuy\u1ec3n v\u00e0 linh ho\u1ea1t, ph\u00f9 h\u1ee3p v\u1edbi kh\u00f4ng gian v\u0103n ph\u00f2ng n\u0103ng \u0111\u1ed9ng ho\u1eb7c n\u01a1i c\u1ea7n thay \u0111\u1ed5i v\u1ecb tr\u00ed th\u01b0\u1eddng xuy\u00ean. Ch\u00e2n th\u00e9p m\u1ea1 mang \u0111\u1ebfn v\u1ebb ngo\u00e0i sang tr\u1ecdng, \u0111\u1ed9 b\u1ec1n cao v\u00e0 kh\u1ea3 n\u0103ng ch\u1ecbu l\u1ef1c t\u1ed1t, \u0111\u1ea3m b\u1ea3o s\u1ef1 \u1ed5n \u0111\u1ecbnh l\u00e2u d\u00e0i. C\u1ea3 hai lo\u1ea1i ch\u00e2n \u0111\u1ec1u \u0111i k\u00e8m b\u00e1nh xe xoay 360 \u0111\u1ed9, di chuy\u1ec3n nh\u1eb9 nh\u00e0ng tr\u00ean nhi\u1ec1u lo\u1ea1i s\u00e0n, h\u1ea1n ch\u1ebf ti\u1ebfng \u1ed3n v\u00e0 tr\u1ea7y x\u01b0\u1edbc, g\u00f3p ph\u1ea7n t\u1ed1i \u01b0u tr\u1ea3i nghi\u1ec7m s\u1eed d\u1ee5ng.<\/p>\n<p data-start=\"3155\" data-end=\"3479\">K\u00edch th\u01b0\u1edbc gh\u1ebf h\u1ee3p l\u00fd: ch\u00e2n nh\u1ef1a W585 x D600 x H1040\u20131135 mm, ch\u00e2n th\u00e9p m\u1ea1 W585 x D600 x H1035\u20131110 mm, cung c\u1ea5p kh\u00f4ng gian ng\u1ed3i r\u1ed9ng r\u00e3i v\u00e0 tho\u1ea3i m\u00e1i cho ng\u01b0\u1eddi s\u1eed d\u1ee5ng. Thi\u1ebft k\u1ebf khoa h\u1ecdc, ch\u1ea5t li\u1ec7u cao c\u1ea5p v\u00e0 c\u00e1c t\u00ednh n\u0103ng c\u00f4ng th\u00e1i h\u1ecdc gi\u00fap ng\u01b0\u1eddi d\u00f9ng duy tr\u00ec t\u01b0 th\u1ebf chu\u1ea9n, gi\u1ea3m m\u1ecfi c\u01a1 th\u1ec3 v\u00e0 n\u00e2ng cao hi\u1ec7u qu\u1ea3 l\u00e0m vi\u1ec7c.<\/p>\n<p data-start=\"3481\" data-end=\"3940\" data-is-last-node=\"\" data-is-only-node=\"\">V\u1edbi thi\u1ebft k\u1ebf hi\u1ec7n \u0111\u1ea1i, ch\u1ea5t li\u1ec7u b\u1ec1n b\u1ec9 v\u00e0 kh\u1ea3 n\u0103ng ng\u1ea3 th\u01b0 gi\u00e3n linh ho\u1ea1t, gh\u1ebf l\u01b0\u1edbi GL224 l\u00e0 gi\u1ea3i ph\u00e1p ho\u00e0n h\u1ea3o cho kh\u00f4ng gian l\u00e0m vi\u1ec7c chuy\u00ean nghi\u1ec7p. S\u1ea3n ph\u1ea9m kh\u00f4ng ch\u1ec9 n\u00e2ng cao tr\u1ea3i nghi\u1ec7m ng\u1ed3i m\u00e0 c\u00f2n t\u1ea1o \u0111i\u1ec3m nh\u1ea5n th\u1ea9m m\u1ef9, g\u00f3p ph\u1ea7n l\u00e0m n\u1ed5i b\u1eadt phong c\u00e1ch v\u0103n ph\u00f2ng. Gh\u1ebf l\u01b0\u1edbi GL224 h\u1ed9i t\u1ee5 c\u00e1c y\u1ebfu t\u1ed1 ti\u1ec7n nghi, tho\u1ea3i m\u00e1i, linh ho\u1ea1t v\u00e0 b\u1ec1n b\u1ec9, x\u1ee9ng \u0111\u00e1ng l\u00e0 l\u1ef1a ch\u1ecdn t\u1ed1i \u01b0u cho m\u1ecdi doanh nghi\u1ec7p v\u00e0 c\u00e1 nh\u00e2n \u0111ang t\u00ecm ki\u1ebfm m\u1ed9t chi\u1ebfc gh\u1ebf l\u00e3nh \u0111\u1ea1o ch\u1ea5t l\u01b0\u1ee3ng cao.<\/p>\n","protected":false},"excerpt":{"rendered":"<p data-start=\"20\" data-end=\"485\">Gh\u1ebf l\u01b0\u1edbi GL224 l\u00e0 m\u1eabu gh\u1ebf l\u00e3nh \u0111\u1ea1o cao c\u1ea5p, s\u1edf h\u1eefu thi\u1ebft k\u1ebf hi\u1ec7n \u0111\u1ea1i v\u1edbi \u0111\u1ec7m m\u00fat x\u1ed1p b\u1ecdc v\u1ea3i \u00eam \u00e1i v\u00e0 t\u1ef1a nh\u1ef1a b\u1ecdc v\u1ea3i l\u01b0\u1edbi tho\u00e1ng kh\u00ed, mang l\u1ea1i s\u1ef1 tho\u1ea3i m\u00e1i t\u1ed1i \u0111a cho ng\u01b0\u1eddi s\u1eed d\u1ee5ng. Tay gh\u1ebf b\u1eb1ng nh\u1ef1a c\u1ed1 \u0111\u1ecbnh, \u0111\u1ed3ng th\u1eddi gh\u1ebf c\u00f3 c\u01a1 c\u1ea5u ng\u1ea3 th\u01b0 gi\u00e3n, gi\u00fap ng\u01b0\u1eddi d\u00f9ng th\u01b0 gi\u00e3n v\u00e0 duy tr\u00ec t\u01b0 th\u1ebf tho\u1ea3i m\u00e1i trong su\u1ed1t th\u1eddi gian l\u00e0m vi\u1ec7c. Gh\u1ebf cung c\u1ea5p hai l\u1ef1a ch\u1ecdn ch\u00e2n: ch\u00e2n nh\u1ef1a ho\u1eb7c ch\u00e2n th\u00e9p m\u1ea1, \u0111\u00e1p \u1ee9ng nhu c\u1ea7u v\u00e0 s\u1edf th\u00edch kh\u00e1c nhau.<\/p>\n<p data-start=\"487\" data-end=\"589\">Ch\u00e2n nh\u1ef1a &#8211; <strong><span style=\"color: #ed1c24; font-size: 120%;\">1.373.000 \u0111<\/span><\/strong><br \/>\nKT: W585 x D600 x H1040\u20131135 (mm)<br data-start=\"541\" data-end=\"544\" \/>Ch\u00e2n th\u00e9p m\u1ea1 &#8211; <span style=\"color: #ed1c24; font-size: 120%;\"><strong>1.582.000 \u0111<\/strong><\/span><br \/>\nKT: W585 x D600 x H1035\u20131110 (mm)<\/p>\n<p data-start=\"591\" data-end=\"733\">Xu\u1ea5t x\u1ee9: S\u1ea3n ph\u1ea9m c\u1ee7a c\u00f4ng ty N\u1ed8I TH\u1ea4T THE ONE \u2013 Ph\u00e2n ph\u1ed1i b\u1edfi C\u00d4NG TY TNHH SXTM TTNT H\u1eeeU TH\u1ecaNH<br data-start=\"686\" data-end=\"689\" \/>B\u1ea3o h\u00e0nh: 12 th\u00e1ng theo ti\u00eau chu\u1ea9n nh\u00e0 m\u00e1y<\/p>\n<p data-start=\"735\" data-end=\"887\"><span style=\"color: #ed1c24;\"><em data-start=\"735\" data-end=\"887\">L\u01b0u \u00fd: Gi\u00e1 tr\u00ean ch\u01b0a bao g\u1ed3m VAT v\u00e0 ph\u00ed v\u1eadn chuy\u1ec3n. Gi\u00e1 s\u1ea3n ph\u1ea9m c\u00f3 th\u1ec3 thay \u0111\u1ed5i theo t\u1eebng th\u1eddi \u0111i\u1ec3m, vui l\u00f2ng li\u00ean h\u1ec7 \u0111\u1ec3 nh\u1eadn t\u01b0 v\u1ea5n \u01b0u \u0111\u00e3i t\u1ed1t nh\u1ea5t.<\/em><\/span><\/p>\n","protected":false},"featured_media":4887,"comment_status":"open","ping_status":"closed","template":"","meta":[],"product_brand":[],"product_cat":[17,356],"product_tag":[],"class_list":{"0":"post-4886","1":"product","2":"type-product","3":"status-publish","4":"has-post-thumbnail","6":"product_cat-noi-that-van-phong","7":"product_cat-ghe-luoi-cao-cap","9":"first","10":"instock","11":"taxable","12":"shipping-taxable","13":"purchasable","14":"product-type-simple"},"_links":{"self":[{"href":"https:\/\/www.noithathuuthinh.vn\/zh-hans\/wp-json\/wp\/v2\/product\/4886","targetHints":{"allow":["GET"]}}],"collection":[{"href":"https:\/\/www.noithathuuthinh.vn\/zh-hans\/wp-json\/wp\/v2\/product"}],"about":[{"href":"https:\/\/www.noithathuuthinh.vn\/zh-hans\/wp-json\/wp\/v2\/types\/product"}],"replies":[{"embeddable":true,"href":"https:\/\/www.noithathuuthinh.vn\/zh-hans\/wp-json\/wp\/v2\/comments?post=4886"}],"wp:featuredmedia":[{"embeddable":true,"href":"https:\/\/www.noithathuuthinh.vn\/zh-hans\/wp-json\/wp\/v2\/media\/4887"}],"wp:attachment":[{"href":"https:\/\/www.noithathuuthinh.vn\/zh-hans\/wp-json\/wp\/v2\/media?parent=4886"}],"wp:term":[{"taxonomy":"product_brand","embeddable":true,"href":"https:\/\/www.noithathuuthinh.vn\/zh-hans\/wp-json\/wp\/v2\/product_brand?post=4886"},{"taxonomy":"product_cat","embeddable":true,"href":"https:\/\/www.noithathuuthinh.vn\/zh-hans\/wp-json\/wp\/v2\/product_cat?post=4886"},{"taxonomy":"product_tag","embeddable":true,"href":"https:\/\/www.noithathuuthinh.vn\/zh-hans\/wp-json\/wp\/v2\/product_tag?post=4886"}],"curies":[{"name":"wp","href":"https:\/\/api.w.org\/{rel}","templated":true}]}}