{"id":4890,"date":"2025-11-29T11:36:22","date_gmt":"2025-11-29T04:36:22","guid":{"rendered":"https:\/\/noithathuuthinh.vn\/?post_type=product&#038;p=4890"},"modified":"2025-11-29T11:36:22","modified_gmt":"2025-11-29T04:36:22","slug":"ghe-luoi-gl225","status":"publish","type":"product","link":"https:\/\/www.noithathuuthinh.vn\/zh-hans\/san-pham\/ghe-luoi-gl225\/","title":{"rendered":"Gh\u1ebf l\u01b0\u1edbi GL225"},"content":{"rendered":"<p data-start=\"705\" data-end=\"1083\">Gh\u1ebf l\u01b0\u1edbi GL225 l\u00e0 l\u1ef1a ch\u1ecdn l\u00fd t\u01b0\u1edfng cho c\u00e1c v\u1ecb tr\u00ed l\u00e3nh \u0111\u1ea1o ho\u1eb7c nh\u1eefng kh\u00f4ng gian l\u00e0m vi\u1ec7c \u0111\u00f2i h\u1ecfi s\u1ef1 sang tr\u1ecdng, ti\u1ec7n nghi v\u00e0 tho\u1ea3i m\u00e1i. S\u1ea3n ph\u1ea9m \u0111\u01b0\u1ee3c thi\u1ebft k\u1ebf v\u1edbi s\u1ef1 k\u1ebft h\u1ee3p tinh t\u1ebf gi\u1eefa ch\u1ea5t li\u1ec7u cao c\u1ea5p, ki\u1ec3u d\u00e1ng hi\u1ec7n \u0111\u1ea1i v\u00e0 c\u00e1c t\u00ednh n\u0103ng c\u00f4ng th\u00e1i h\u1ecdc, mang l\u1ea1i tr\u1ea3i nghi\u1ec7m ng\u1ed3i l\u00fd t\u01b0\u1edfng v\u00e0 h\u1ed7 tr\u1ee3 s\u1ee9c kh\u1ecfe l\u00e2u d\u00e0i.<\/p>\n<p data-start=\"1085\" data-end=\"1540\">Khung t\u1ef1a c\u1ee7a GL225 \u0111\u01b0\u1ee3c l\u00e0m t\u1eeb nh\u1ef1a b\u1ecdc v\u1ea3i l\u01b0\u1edbi ch\u1ea5t l\u01b0\u1ee3ng cao, v\u1eeba ch\u1eafc ch\u1eafn v\u1eeba tho\u00e1ng kh\u00ed. L\u01b0\u1edbi ch\u1ecbu l\u1ef1c gi\u00fap n\u00e2ng \u0111\u1ee1 ph\u1ea7n l\u01b0ng trung m\u1ed9t c\u00e1ch t\u1ef1 nhi\u00ean, h\u1ea1n ch\u1ebf m\u1ecfi l\u01b0ng v\u00e0 vai, \u0111\u1ed3ng th\u1eddi t\u0103ng c\u01b0\u1eddng l\u01b0u th\u00f4ng kh\u00f4ng kh\u00ed, tr\u00e1nh t\u00ecnh tr\u1ea1ng b\u00ed n\u00f3ng trong qu\u00e1 tr\u00ecnh ng\u1ed3i l\u00e2u. Thi\u1ebft k\u1ebf cong sinh h\u1ecdc c\u1ee7a t\u1ef1a l\u01b0ng \u00f4m s\u00e1t \u0111\u01b0\u1eddng cong c\u1ed9t s\u1ed1ng, mang l\u1ea1i s\u1ef1 h\u1ed7 tr\u1ee3 t\u1ed1i \u01b0u v\u00e0 gi\u1ea3m \u00e1p l\u1ef1c l\u00ean l\u01b0ng d\u01b0\u1edbi, gi\u00fap ng\u01b0\u1eddi d\u00f9ng c\u1ea3m th\u1ea5y tho\u1ea3i m\u00e1i su\u1ed1t c\u1ea3 ng\u00e0y l\u00e0m vi\u1ec7c.<\/p>\n<p data-start=\"1542\" data-end=\"1893\">\u0110\u1ec7m gh\u1ebf s\u1eed d\u1ee5ng m\u00fat \u00eam \u00e1i b\u1ecdc v\u1ea3i cao c\u1ea5p, v\u1edbi l\u1edbp \u1ed1p nh\u1ef1a ph\u00eda d\u01b0\u1edbi t\u0103ng th\u00eam \u0111\u1ed9 b\u1ec1n v\u00e0 duy tr\u00ec form gh\u1ebf \u1ed5n \u0111\u1ecbnh. \u0110\u1ec7m gh\u1ebf r\u1ed9ng r\u00e3i, h\u1ed7 tr\u1ee3 v\u00f9ng h\u00f4ng v\u00e0 \u0111\u00f9i, gi\u00fap gi\u1ea3m m\u1ec7t m\u1ecfi v\u00e0 c\u1ea3i thi\u1ec7n tu\u1ea7n ho\u00e0n m\u00e1u khi ng\u1ed3i l\u00e2u, \u0111\u1ea3m b\u1ea3o t\u01b0 th\u1ebf ng\u1ed3i chu\u1ea9n c\u00f4ng th\u00e1i h\u1ecdc. Ch\u1ea5t li\u1ec7u \u0111\u1ec7m m\u1ec1m m\u1ea1i nh\u01b0ng \u0111\u00e0n h\u1ed3i t\u1ed1t, mang l\u1ea1i c\u1ea3m gi\u00e1c \u00eam \u00e1i v\u00e0 d\u1ec5 ch\u1ecbu cho ng\u01b0\u1eddi d\u00f9ng.<\/p>\n<p data-start=\"1895\" data-end=\"2258\">Tay gh\u1ebf nh\u1ef1a k\u1ebft h\u1ee3p ch\u00e2n gh\u1ebf nh\u1ef1a v\u1eefng ch\u1eafc, t\u1ea1o s\u1ef1 \u1ed5n \u0111\u1ecbnh v\u00e0 an to\u00e0n tuy\u1ec7t \u0111\u1ed1i. Tay gh\u1ebf \u0111\u01b0\u1ee3c thi\u1ebft k\u1ebf khoa h\u1ecdc, gi\u00fap \u0111\u1eb7t c\u00e1nh tay tho\u1ea3i m\u00e1i, gi\u1ea3m c\u0103ng c\u01a1 vai v\u00e0 c\u1ed5 trong qu\u00e1 tr\u00ecnh thao t\u00e1c b\u00e0n ph\u00edm ho\u1eb7c s\u1eed d\u1ee5ng m\u00e1y t\u00ednh. C\u1ea5u tr\u00fac gh\u1ebf v\u1eefng ch\u1eafc t\u1eeb khung, \u0111\u1ec7m \u0111\u1ebfn ch\u00e2n gh\u1ebf gi\u00fap ng\u01b0\u1eddi d\u00f9ng ng\u1ed3i an to\u00e0n, h\u1ea1n ch\u1ebf rung l\u1eafc v\u00e0 mang l\u1ea1i c\u1ea3m gi\u00e1c t\u1ef1 tin khi s\u1eed d\u1ee5ng.<\/p>\n<p data-start=\"2260\" data-end=\"2622\">Gh\u1ebf l\u01b0\u1edbi GL225 kh\u00f4ng ch\u1ec9 ch\u00fa tr\u1ecdng \u0111\u1ebfn s\u1ef1 tho\u1ea3i m\u00e1i m\u00e0 c\u00f2n \u0111\u01b0\u1ee3c thi\u1ebft k\u1ebf \u0111\u1ec3 t\u0103ng t\u00ednh linh ho\u1ea1t cho ng\u01b0\u1eddi d\u00f9ng. C\u01a1 c\u1ea5u gh\u1ebf \u0111\u1ea3m b\u1ea3o duy tr\u00ec t\u01b0 th\u1ebf ng\u1ed3i chu\u1ea9n, gi\u00fap gi\u1ea3m \u00e1p l\u1ef1c l\u00ean c\u1ed9t s\u1ed1ng v\u00e0 h\u1ed7 tr\u1ee3 ng\u01b0\u1eddi d\u00f9ng gi\u1eef th\u0103ng b\u1eb1ng t\u1ed1t trong nhi\u1ec1u t\u01b0 th\u1ebf. \u0110\u00e2y l\u00e0 y\u1ebfu t\u1ed1 quan tr\u1ecdng cho nh\u1eefng ai c\u1ea7n l\u00e0m vi\u1ec7c l\u00e2u gi\u1edd ho\u1eb7c s\u1eed d\u1ee5ng gh\u1ebf li\u00ean t\u1ee5c trong m\u00f4i tr\u01b0\u1eddng v\u0103n ph\u00f2ng.<\/p>\n<p data-start=\"2624\" data-end=\"2887\">K\u00edch th\u01b0\u1edbc gh\u1ebf W610 x D610 x H1045\u20131145 mm cung c\u1ea5p kh\u00f4ng gian ng\u1ed3i r\u1ed9ng r\u00e3i, ph\u00f9 h\u1ee3p v\u1edbi nhi\u1ec1u v\u00f3c d\u00e1ng kh\u00e1c nhau. Gh\u1ebf \u0111\u01b0\u1ee3c thi\u1ebft k\u1ebf khoa h\u1ecdc, t\u1ed1i \u01b0u h\u00f3a tr\u1ea3i nghi\u1ec7m ng\u01b0\u1eddi d\u00f9ng t\u1eeb t\u01b0 th\u1ebf ng\u1ed3i, h\u1ed7 tr\u1ee3 c\u1ed9t s\u1ed1ng, cho \u0111\u1ebfn s\u1ef1 \u1ed5n \u0111\u1ecbnh khi thao t\u00e1c tay v\u00e0 c\u01a1 c\u1ea5u gh\u1ebf.<\/p>\n<p data-start=\"2889\" data-end=\"3354\" data-is-last-node=\"\" data-is-only-node=\"\">V\u1edbi t\u1ed5ng th\u1ec3 thi\u1ebft k\u1ebf hi\u1ec7n \u0111\u1ea1i, ch\u1ea5t li\u1ec7u cao c\u1ea5p v\u00e0 t\u00ednh n\u0103ng linh ho\u1ea1t, gh\u1ebf l\u01b0\u1edbi GL225 l\u00e0 l\u1ef1a ch\u1ecdn ho\u00e0n h\u1ea3o cho m\u00f4i tr\u01b0\u1eddng l\u00e0m vi\u1ec7c chuy\u00ean nghi\u1ec7p. S\u1ea3n ph\u1ea9m kh\u00f4ng ch\u1ec9 n\u00e2ng cao tr\u1ea3i nghi\u1ec7m ng\u1ed3i m\u00e0 c\u00f2n t\u1ea1o \u0111i\u1ec3m nh\u1ea5n th\u1ea9m m\u1ef9, g\u00f3p ph\u1ea7n l\u00e0m n\u1ed5i b\u1eadt phong c\u00e1ch v\u0103n ph\u00f2ng. Gh\u1ebf l\u01b0\u1edbi GL225 h\u1ed9i t\u1ee5 \u0111\u1ea7y \u0111\u1ee7 c\u00e1c y\u1ebfu t\u1ed1: ti\u1ec7n nghi, tho\u1ea3i m\u00e1i, b\u1ec1n b\u1ec9 v\u00e0 \u1ed5n \u0111\u1ecbnh, l\u00e0 gi\u1ea3i ph\u00e1p l\u00fd t\u01b0\u1edfng cho doanh nghi\u1ec7p v\u00e0 c\u00e1 nh\u00e2n \u0111ang t\u00ecm ki\u1ebfm m\u1ed9t chi\u1ebfc gh\u1ebf l\u00e3nh \u0111\u1ea1o ch\u1ea5t l\u01b0\u1ee3ng cao, \u0111\u00e1ng tin c\u1eady.<\/p>\n","protected":false},"excerpt":{"rendered":"<p data-start=\"20\" data-end=\"355\">Gh\u1ebf l\u01b0\u1edbi GL225 l\u00e0 m\u1eabu gh\u1ebf l\u00e3nh \u0111\u1ea1o cao c\u1ea5p, s\u1edf h\u1eefu thi\u1ebft k\u1ebf hi\u1ec7n \u0111\u1ea1i v\u1edbi khung t\u1ef1a b\u1eb1ng nh\u1ef1a b\u1ecdc v\u1ea3i l\u01b0\u1edbi tho\u00e1ng kh\u00ed, \u0111\u1ec7m m\u00fat \u00eam \u00e1i b\u1ecdc v\u1ea3i v\u00e0 l\u1edbp \u1ed1p nh\u1ef1a cao c\u1ea5p ph\u00eda d\u01b0\u1edbi, mang \u0111\u1ebfn s\u1ef1 \u00eam \u00e1i v\u00e0 b\u1ec1n b\u1ec9 khi s\u1eed d\u1ee5ng. Tay gh\u1ebf nh\u1ef1a k\u1ebft h\u1ee3p ch\u00e2n gh\u1ebf nh\u1ef1a t\u1ea1o s\u1ef1 ch\u1eafc ch\u1eafn, \u1ed5n \u0111\u1ecbnh v\u00e0 an to\u00e0n cho ng\u01b0\u1eddi ng\u1ed3i.<\/p>\n<p data-start=\"357\" data-end=\"400\">K\u00edch th\u01b0\u1edbc: W610 x D610 x H1045\u20131145 (mm)<\/p>\n<p data-start=\"402\" data-end=\"544\">Xu\u1ea5t x\u1ee9: S\u1ea3n ph\u1ea9m c\u1ee7a c\u00f4ng ty N\u1ed8I TH\u1ea4T THE ONE \u2013 Ph\u00e2n ph\u1ed1i b\u1edfi C\u00d4NG TY TNHH SXTM TTNT H\u1eeeU TH\u1ecaNH<br data-start=\"497\" data-end=\"500\" \/>B\u1ea3o h\u00e0nh: 12 th\u00e1ng theo ti\u00eau chu\u1ea9n nh\u00e0 m\u00e1y<\/p>\n<p data-start=\"546\" data-end=\"698\"><span style=\"color: #ed1c24;\"><em data-start=\"546\" data-end=\"698\">L\u01b0u \u00fd: Gi\u00e1 tr\u00ean ch\u01b0a bao g\u1ed3m VAT v\u00e0 ph\u00ed v\u1eadn chuy\u1ec3n. Gi\u00e1 s\u1ea3n ph\u1ea9m c\u00f3 th\u1ec3 thay \u0111\u1ed5i theo t\u1eebng th\u1eddi \u0111i\u1ec3m, vui l\u00f2ng li\u00ean h\u1ec7 \u0111\u1ec3 nh\u1eadn t\u01b0 v\u1ea5n \u01b0u \u0111\u00e3i t\u1ed1t nh\u1ea5t.<\/em><\/span><\/p>\n","protected":false},"featured_media":4891,"comment_status":"open","ping_status":"closed","template":"","meta":[],"product_brand":[],"product_cat":[17,356],"product_tag":[],"class_list":{"0":"post-4890","1":"product","2":"type-product","3":"status-publish","4":"has-post-thumbnail","6":"product_cat-noi-that-van-phong","7":"product_cat-ghe-luoi-cao-cap","9":"first","10":"instock","11":"taxable","12":"shipping-taxable","13":"purchasable","14":"product-type-simple"},"_links":{"self":[{"href":"https:\/\/www.noithathuuthinh.vn\/zh-hans\/wp-json\/wp\/v2\/product\/4890","targetHints":{"allow":["GET"]}}],"collection":[{"href":"https:\/\/www.noithathuuthinh.vn\/zh-hans\/wp-json\/wp\/v2\/product"}],"about":[{"href":"https:\/\/www.noithathuuthinh.vn\/zh-hans\/wp-json\/wp\/v2\/types\/product"}],"replies":[{"embeddable":true,"href":"https:\/\/www.noithathuuthinh.vn\/zh-hans\/wp-json\/wp\/v2\/comments?post=4890"}],"wp:featuredmedia":[{"embeddable":true,"href":"https:\/\/www.noithathuuthinh.vn\/zh-hans\/wp-json\/wp\/v2\/media\/4891"}],"wp:attachment":[{"href":"https:\/\/www.noithathuuthinh.vn\/zh-hans\/wp-json\/wp\/v2\/media?parent=4890"}],"wp:term":[{"taxonomy":"product_brand","embeddable":true,"href":"https:\/\/www.noithathuuthinh.vn\/zh-hans\/wp-json\/wp\/v2\/product_brand?post=4890"},{"taxonomy":"product_cat","embeddable":true,"href":"https:\/\/www.noithathuuthinh.vn\/zh-hans\/wp-json\/wp\/v2\/product_cat?post=4890"},{"taxonomy":"product_tag","embeddable":true,"href":"https:\/\/www.noithathuuthinh.vn\/zh-hans\/wp-json\/wp\/v2\/product_tag?post=4890"}],"curies":[{"name":"wp","href":"https:\/\/api.w.org\/{rel}","templated":true}]}}