{"id":4997,"date":"2025-12-01T10:47:06","date_gmt":"2025-12-01T03:47:06","guid":{"rendered":"https:\/\/noithathuuthinh.vn\/?post_type=product&#038;p=4997"},"modified":"2025-12-01T10:47:51","modified_gmt":"2025-12-01T03:47:51","slug":"ghe-nhan-vien-gl128d","status":"publish","type":"product","link":"https:\/\/www.noithathuuthinh.vn\/zh-hans\/san-pham\/ghe-nhan-vien-gl128d\/","title":{"rendered":"Gh\u1ebf nh\u00e2n vi\u00ean GL128D"},"content":{"rendered":"<p data-start=\"837\" data-end=\"1253\">Gh\u1ebf nh\u00e2n vi\u00ean GL128D thu\u1ed9c d\u00f2ng gh\u1ebf l\u01b0\u1edbi v\u0103n ph\u00f2ng cao c\u1ea5p, \u0111\u01b0\u1ee3c thi\u1ebft k\u1ebf nh\u1eb1m mang \u0111\u1ebfn s\u1ef1 tho\u1ea3i m\u00e1i t\u1ed1i \u0111a v\u00e0 phong c\u00e1ch hi\u1ec7n \u0111\u1ea1i cho ng\u01b0\u1eddi s\u1eed d\u1ee5ng. \u0110\u00e2y l\u00e0 m\u1ed9t trong nh\u1eefng m\u1eabu gh\u1ebf \u0111\u01b0\u1ee3c \u0111\u00e1nh gi\u00e1 cao nh\u1edd s\u1ef1 k\u1ebft h\u1ee3p h\u00e0i h\u00f2a gi\u1eefa ch\u1ea5t li\u1ec7u, t\u00ednh n\u0103ng v\u00e0 th\u1ea9m m\u1ef9, ph\u00f9 h\u1ee3p v\u1edbi h\u1ea7u h\u1ebft kh\u00f4ng gian l\u00e0m vi\u1ec7c chuy\u00ean nghi\u1ec7p, t\u1eeb v\u0103n ph\u00f2ng doanh nghi\u1ec7p \u0111\u1ebfn g\u00f3c l\u00e0m vi\u1ec7c c\u00e1 nh\u00e2n t\u1ea1i nh\u00e0.<\/p>\n<p data-start=\"1255\" data-end=\"1827\">Ngay t\u1eeb ph\u1ea7n t\u1ef1a l\u01b0ng, gh\u1ebf nh\u00e2n vi\u00ean GL128D g\u00e2y \u1ea5n t\u01b0\u1ee3ng m\u1ea1nh v\u1edbi khung nh\u1ef1a m\u00e0u \u0111en n\u1ed5i b\u1eadt, \u00f4m d\u00e1ng c\u01a1 th\u1ec3 v\u00e0 \u0111\u01b0\u1ee3c b\u1ecdc l\u1edbp v\u1ea3i l\u01b0\u1edbi cao c\u1ea5p. Ch\u1ea5t li\u1ec7u l\u01b0\u1edbi c\u00f3 \u01b0u \u0111i\u1ec3m tho\u00e1ng kh\u00ed, gi\u00fap ng\u01b0\u1eddi d\u00f9ng lu\u00f4n c\u1ea3m th\u1ea5y d\u1ec5 ch\u1ecbu ngay c\u1ea3 khi ph\u1ea3i ng\u1ed3i h\u00e0ng gi\u1edd li\u1ec1n. Thi\u1ebft k\u1ebf n\u00e0y kh\u00f4ng ch\u1ec9 mang l\u1ea1i s\u1ef1 th\u00f4ng tho\u00e1ng v\u01b0\u1ee3t tr\u1ed9i m\u00e0 c\u00f2n gi\u00fap h\u1ea1n ch\u1ebf t\u00ecnh tr\u1ea1ng t\u00edch nhi\u1ec7t \u1edf l\u01b0ng \u2013 \u0111\u1eb7c bi\u1ec7t h\u1eefu \u00edch trong m\u00f4i tr\u01b0\u1eddng v\u0103n ph\u00f2ng c\u00f3 c\u01b0\u1eddng \u0111\u1ed9 l\u00e0m vi\u1ec7c cao. Ph\u1ea7n l\u01b0ng l\u01b0\u1edbi c\u00f2n s\u1edf h\u1eefu kh\u1ea3 n\u0103ng \u0111\u00e0n h\u1ed3i t\u1ed1t, n\u00e2ng \u0111\u1ee1 c\u1ed9t s\u1ed1ng hi\u1ec7u qu\u1ea3, h\u1ed7 tr\u1ee3 gi\u1eef t\u01b0 th\u1ebf \u0111\u00fang v\u00e0 gi\u00fap gi\u1ea3m \u00e1p l\u1ef1c l\u00ean v\u00f9ng th\u1eaft l\u01b0ng.<\/p>\n<p data-start=\"1829\" data-end=\"2272\">Ph\u1ea7n \u0111\u1ec7m ng\u1ed3i c\u1ee7a GL128D \u0111\u01b0\u1ee3c l\u00e0m t\u1eeb m\u00fat x\u1ed1p ch\u1ea5t l\u01b0\u1ee3ng cao, c\u00f3 \u0111\u1ed9 \u0111\u00e0n h\u1ed3i t\u1ed1t v\u00e0 b\u1ecdc v\u1ea3i m\u1ec1m m\u1ecbn. \u0110\u1ec7m \u0111\u01b0\u1ee3c thi\u1ebft k\u1ebf v\u1edbi \u0111\u1ed9 nghi\u00eang v\u00e0 \u0111\u1ed9 d\u00e0y h\u1ee3p l\u00fd \u0111\u1ec3 ng\u01b0\u1eddi s\u1eed d\u1ee5ng lu\u00f4n c\u1ea3m nh\u1eadn \u0111\u01b0\u1ee3c s\u1ef1 \u00eam \u00e1i v\u00e0 n\u00e2ng \u0111\u1ee1 t\u1ed1t khi ng\u1ed3i l\u00e2u. M\u00fat x\u1ed1p kh\u00f4ng b\u1ecb x\u1eb9p l\u00fan theo th\u1eddi gian, \u0111\u1ea3m b\u1ea3o \u0111\u1ed9 b\u1ec1n v\u00e0 s\u1ef1 tho\u1ea3i m\u00e1i \u1ed5n \u0111\u1ecbnh trong nhi\u1ec1u n\u0103m s\u1eed d\u1ee5ng. \u0110\u00e2y l\u00e0 y\u1ebfu t\u1ed1 quan tr\u1ecdng gi\u00fap t\u0103ng n\u0103ng su\u1ea5t l\u00e0m vi\u1ec7c khi ng\u01b0\u1eddi d\u00f9ng kh\u00f4ng ph\u1ea3i ch\u1ecbu c\u1ea3m gi\u00e1c m\u1ec7t m\u1ecfi hay kh\u00f3 ch\u1ecbu.<\/p>\n<p data-start=\"2274\" data-end=\"2617\">Tay gh\u1ebf nh\u1ef1a m\u00e0u \u0111en c\u1ed1 \u0111\u1ecbnh \u0111\u01b0\u1ee3c thi\u1ebft k\u1ebf ch\u1eafc ch\u1eafn, v\u1eeba v\u1eb7n v\u00e0 ph\u00f9 h\u1ee3p v\u1edbi \u0111a s\u1ed1 ng\u01b0\u1eddi d\u00f9ng. Ki\u1ec3u tay c\u1ed1 \u0111\u1ecbnh gi\u00fap mang l\u1ea1i s\u1ef1 \u1ed5n \u0111\u1ecbnh khi s\u1eed d\u1ee5ng, h\u1ed7 tr\u1ee3 gi\u1ea3m \u00e1p l\u1ef1c l\u00ean c\u00e1nh tay v\u00e0 vai trong su\u1ed1t qu\u00e1 tr\u00ecnh l\u00e0m vi\u1ec7c. Ch\u1ea5t li\u1ec7u nh\u1ef1a b\u1ec1n \u0111\u1eb9p, d\u1ec5 v\u1ec7 sinh v\u00e0 c\u00f3 kh\u1ea3 n\u0103ng ch\u1ed1ng tr\u1ea7y x\u01b0\u1edbc t\u1ed1t, th\u00edch h\u1ee3p cho m\u00f4i tr\u01b0\u1eddng v\u0103n ph\u00f2ng s\u1eed d\u1ee5ng li\u00ean t\u1ee5c.<\/p>\n<p data-start=\"2619\" data-end=\"2950\">M\u1ed9t trong nh\u1eefng \u01b0u \u0111i\u1ec3m n\u1ed5i b\u1eadt c\u1ee7a GL128D l\u00e0 thi\u1ebft k\u1ebf ch\u00e2n gh\u1ebf linh ho\u1ea1t v\u1edbi hai t\u00f9y ch\u1ecdn: ch\u00e2n nh\u1ef1a ho\u1eb7c ch\u00e2n th\u00e9p m\u1ea1.<br data-start=\"2739\" data-end=\"2742\" \/>\u2013 <strong data-start=\"2744\" data-end=\"2767\">Phi\u00ean b\u1ea3n ch\u00e2n nh\u1ef1a<\/strong> c\u00f3 \u01b0u \u0111i\u1ec3m nh\u1eb9, d\u1ec5 di chuy\u1ec3n, ch\u1ed1ng oxy h\u00f3a v\u00e0 ch\u1ecbu l\u1ef1c t\u1ed1t.<br data-start=\"2828\" data-end=\"2831\" \/>\u2013 <strong data-start=\"2833\" data-end=\"2854\">Phi\u00ean b\u1ea3n ch\u00e2n m\u1ea1<\/strong> mang \u0111\u1ebfn v\u1ebb \u0111\u1eb9p sang tr\u1ecdng, c\u1ee9ng c\u00e1p v\u00e0 \u0111\u1ed9 b\u1ec1n v\u01b0\u1ee3t tr\u1ed9i, t\u1ea1o c\u1ea3m gi\u00e1c ch\u1eafc ch\u1eafn khi s\u1eed d\u1ee5ng.<\/p>\n<p data-start=\"2952\" data-end=\"3225\">C\u1ea3 hai phi\u00ean b\u1ea3n \u0111\u1ec1u \u0111\u01b0\u1ee3c trang b\u1ecb b\u1ed9 \u0111i\u1ec1u ch\u1ec9nh \u0111\u1ed9 cao b\u1eb1ng c\u1ea7n h\u01a1i, cho ph\u00e9p ng\u01b0\u1eddi d\u00f9ng linh ho\u1ea1t thay \u0111\u1ed5i chi\u1ec1u cao gh\u1ebf \u0111\u1ec3 ph\u00f9 h\u1ee3p v\u1edbi b\u00e0n l\u00e0m vi\u1ec7c v\u00e0 v\u00f3c d\u00e1ng. \u0110i\u1ec1u n\u00e0y gi\u00fap duy tr\u00ec t\u01b0 th\u1ebf ng\u1ed3i tho\u1ea3i m\u00e1i v\u00e0 h\u1ea1n ch\u1ebf c\u00e1c v\u1ea5n \u0111\u1ec1 v\u1ec1 c\u1ed9t s\u1ed1ng, c\u1ed5 v\u00e0 vai khi s\u1eed d\u1ee5ng l\u00e2u d\u00e0i.<\/p>\n<p data-start=\"3227\" data-end=\"3550\">V\u1ec1 th\u1ea9m m\u1ef9, gh\u1ebf nh\u00e2n vi\u00ean GL128D s\u1edf h\u1eefu thi\u1ebft k\u1ebf hi\u1ec7n \u0111\u1ea1i, t\u1ed1i gi\u1ea3n nh\u01b0ng \u0111\u1ea7y tinh t\u1ebf. T\u00f4ng m\u00e0u \u0111en ch\u1ee7 \u0111\u1ea1o gi\u00fap s\u1ea3n ph\u1ea9m d\u1ec5 d\u00e0ng h\u00f2a h\u1ee3p v\u1edbi nhi\u1ec1u phong c\u00e1ch n\u1ed9i th\u1ea5t kh\u00e1c nhau. D\u00f9 \u0111\u1eb7t trong v\u0103n ph\u00f2ng c\u00f4ng ty, ph\u00f2ng h\u1ecdp nh\u1ecf, khu l\u00e0m vi\u1ec7c c\u00e1 nh\u00e2n hay g\u00f3c h\u1ecdc t\u1eadp t\u1ea1i nh\u00e0, GL128D \u0111\u1ec1u mang \u0111\u1ebfn s\u1ef1 sang tr\u1ecdng v\u00e0 chuy\u00ean nghi\u1ec7p.<\/p>\n<p data-start=\"3552\" data-end=\"3908\">Gh\u1ebf nh\u00e2n vi\u00ean GL128D kh\u00f4ng ch\u1ec9 \u0111\u00e1p \u1ee9ng c\u00e1c nhu c\u1ea7u s\u1eed d\u1ee5ng c\u01a1 b\u1ea3n c\u1ee7a m\u1ed9t m\u1eabu gh\u1ebf v\u0103n ph\u00f2ng m\u00e0 c\u00f2n mang \u0111\u1ebfn tr\u1ea3i nghi\u1ec7m ng\u1ed3i v\u01b0\u1ee3t tr\u1ed9i nh\u1edd s\u1ef1 c\u00e2n b\u1eb1ng gi\u1eefa ch\u1ea5t li\u1ec7u ch\u1ea5t l\u01b0\u1ee3ng cao, t\u00ednh n\u0103ng ti\u1ec7n \u00edch v\u00e0 \u0111\u1ed9 b\u1ec1n l\u00e2u d\u00e0i. \u0110\u00e2y l\u00e0 l\u1ef1a ch\u1ecdn ho\u00e0n h\u1ea3o cho nh\u1eefng ai mu\u1ed1n t\u00ecm ki\u1ebfm m\u1ed9t s\u1ea3n ph\u1ea9m \u0111\u1eb9p, b\u1ec1n, gi\u00e1 h\u1ee3p l\u00fd v\u00e0 c\u00f3 kh\u1ea3 n\u0103ng n\u00e2ng cao s\u1ef1 tho\u1ea3i m\u00e1i khi l\u00e0m vi\u1ec7c.<\/p>\n<p data-start=\"3910\" data-end=\"4038\" data-is-last-node=\"\" data-is-only-node=\"\">N\u1ebfu b\u1ea1n c\u1ea7n t\u01b0 v\u1ea5n th\u00eam ho\u1eb7c mu\u1ed1n nh\u1eadn b\u00e1o gi\u00e1 t\u1ed1t nh\u1ea5t cho GL128D, h\u00e3y li\u00ean h\u1ec7 H\u1eefu Th\u1ecbnh \u0111\u1ec3 \u0111\u01b0\u1ee3c h\u1ed7 tr\u1ee3 nhanh ch\u00f3ng v\u00e0 t\u1eadn t\u00e2m!<\/p>\n","protected":false},"excerpt":{"rendered":"<p data-start=\"0\" data-end=\"439\">Gh\u1ebf nh\u00e2n vi\u00ean GL128D l\u00e0 m\u1eabu gh\u1ebf l\u01b0\u1edbi v\u0103n ph\u00f2ng cao c\u1ea5p v\u1edbi thi\u1ebft k\u1ebf t\u1ef1a l\u01b0ng khung nh\u1ef1a m\u00e0u \u0111en b\u1ecdc v\u1ea3i l\u01b0\u1edbi tho\u00e1ng m\u00e1t, th\u1ea9m m\u1ef9 cao, k\u1ebft h\u1ee3p \u0111\u1ec7m m\u00fat x\u1ed1p b\u1ecdc v\u1ea3i \u00eam \u00e1i mang \u0111\u1ebfn s\u1ef1 tho\u1ea3i m\u00e1i t\u1ed1i \u01b0u cho ng\u01b0\u1eddi s\u1eed d\u1ee5ng. Tay gh\u1ebf l\u00e0m t\u1eeb nh\u1ef1a \u0111en c\u1ed1 \u0111\u1ecbnh, ph\u00f9 h\u1ee3p v\u1edbi nhi\u1ec1u kh\u00f4ng gian l\u00e0m vi\u1ec7c hi\u1ec7n \u0111\u1ea1i. S\u1ea3n ph\u1ea9m c\u00f3 hai l\u1ef1a ch\u1ecdn ch\u00e2n: ch\u00e2n nh\u1ef1a v\u00e0 ch\u00e2n th\u00e9p m\u1ea1 \u0111\u1ec3 \u0111\u00e1p \u1ee9ng \u0111a d\u1ea1ng nhu c\u1ea7u.<\/p>\n<p data-start=\"441\" data-end=\"531\">Ch\u00e2n nh\u1ef1a &#8211; <span style=\"color: #ed1c24; font-size: 120%;\"><strong>1.187.000 \u0111<\/strong><\/span><br \/>\nKT: W590 x D555 x H1020\u20131120 mm<br data-start=\"492\" data-end=\"495\" \/>Ch\u00e2n m\u1ea1 &#8211; <span style=\"color: #ed1c24; font-size: 120%;\"><strong>1.373.000 \u0111<\/strong><\/span><br \/>\nKT: W590 x D555 x H1000\u20131080 mm<\/p>\n<p data-start=\"533\" data-end=\"830\">Xu\u1ea5t x\u1ee9: S\u1ea3n ph\u1ea9m c\u1ee7a c\u00f4ng ty N\u1ed8I TH\u1ea4T THE ONE \u2013 Ph\u00e2n ph\u1ed1i b\u1edfi C\u00d4NG TY TNHH SXTM TTNT H\u1eeeU TH\u1ecaNH<br data-start=\"628\" data-end=\"631\" \/>B\u1ea3o h\u00e0nh: 12 th\u00e1ng theo ti\u00eau chu\u1ea9n nh\u00e0 m\u00e1y<br data-start=\"673\" data-end=\"676\" \/><span style=\"color: #ed1c24;\"><em data-start=\"676\" data-end=\"828\">L\u01b0u \u00fd: Gi\u00e1 tr\u00ean ch\u01b0a bao g\u1ed3m VAT v\u00e0 ph\u00ed v\u1eadn chuy\u1ec3n. Gi\u00e1 s\u1ea3n ph\u1ea9m c\u00f3 th\u1ec3 thay \u0111\u1ed5i theo t\u1eebng th\u1eddi \u0111i\u1ec3m, vui l\u00f2ng li\u00ean h\u1ec7 \u0111\u1ec3 nh\u1eadn t\u01b0 v\u1ea5n \u01b0u \u0111\u00e3i t\u1ed1t nh\u1ea5t.<\/em><\/span><\/p>\n","protected":false},"featured_media":4999,"comment_status":"open","ping_status":"closed","template":"","meta":[],"product_brand":[],"product_cat":[17,303],"product_tag":[],"class_list":{"0":"post-4997","1":"product","2":"type-product","3":"status-publish","4":"has-post-thumbnail","6":"product_cat-noi-that-van-phong","7":"product_cat-ghe-nhan-vien","9":"first","10":"instock","11":"taxable","12":"shipping-taxable","13":"purchasable","14":"product-type-simple"},"_links":{"self":[{"href":"https:\/\/www.noithathuuthinh.vn\/zh-hans\/wp-json\/wp\/v2\/product\/4997","targetHints":{"allow":["GET"]}}],"collection":[{"href":"https:\/\/www.noithathuuthinh.vn\/zh-hans\/wp-json\/wp\/v2\/product"}],"about":[{"href":"https:\/\/www.noithathuuthinh.vn\/zh-hans\/wp-json\/wp\/v2\/types\/product"}],"replies":[{"embeddable":true,"href":"https:\/\/www.noithathuuthinh.vn\/zh-hans\/wp-json\/wp\/v2\/comments?post=4997"}],"wp:featuredmedia":[{"embeddable":true,"href":"https:\/\/www.noithathuuthinh.vn\/zh-hans\/wp-json\/wp\/v2\/media\/4999"}],"wp:attachment":[{"href":"https:\/\/www.noithathuuthinh.vn\/zh-hans\/wp-json\/wp\/v2\/media?parent=4997"}],"wp:term":[{"taxonomy":"product_brand","embeddable":true,"href":"https:\/\/www.noithathuuthinh.vn\/zh-hans\/wp-json\/wp\/v2\/product_brand?post=4997"},{"taxonomy":"product_cat","embeddable":true,"href":"https:\/\/www.noithathuuthinh.vn\/zh-hans\/wp-json\/wp\/v2\/product_cat?post=4997"},{"taxonomy":"product_tag","embeddable":true,"href":"https:\/\/www.noithathuuthinh.vn\/zh-hans\/wp-json\/wp\/v2\/product_tag?post=4997"}],"curies":[{"name":"wp","href":"https:\/\/api.w.org\/{rel}","templated":true}]}}