{"id":5014,"date":"2025-12-01T11:26:26","date_gmt":"2025-12-01T04:26:26","guid":{"rendered":"https:\/\/noithathuuthinh.vn\/?post_type=product&#038;p=5014"},"modified":"2025-12-01T11:26:26","modified_gmt":"2025-12-01T04:26:26","slug":"ghe-nhan-vien-gl132","status":"publish","type":"product","link":"https:\/\/www.noithathuuthinh.vn\/zh-hans\/san-pham\/ghe-nhan-vien-gl132\/","title":{"rendered":"Gh\u1ebf nh\u00e2n vi\u00ean GL132"},"content":{"rendered":"<p data-start=\"762\" data-end=\"1128\">Gh\u1ebf nh\u00e2n vi\u00ean GL132 thu\u1ed9c d\u00f2ng gh\u1ebf l\u01b0\u1edbi v\u0103n ph\u00f2ng th\u1ebf h\u1ec7 m\u1edbi v\u1edbi thi\u1ebft k\u1ebf ch\u00fa tr\u1ecdng v\u00e0o s\u1ef1 tho\u1ea3i m\u00e1i, h\u1ed7 tr\u1ee3 l\u01b0ng t\u1ed1i \u01b0u v\u00e0 s\u1ef1 b\u1ec1n b\u1ec9 khi s\u1eed d\u1ee5ng trong th\u1eddi gian d\u00e0i. \u0110\u00e2y l\u00e0 s\u1ea3n ph\u1ea9m \u0111\u01b0\u1ee3c nhi\u1ec1u doanh nghi\u1ec7p l\u1ef1a ch\u1ecdn nh\u1edd kh\u1ea3 n\u0103ng \u0111\u00e1p \u1ee9ng t\u1ed1t c\u00e1c ti\u00eau ch\u00ed quan tr\u1ecdng nh\u01b0: t\u00ednh th\u1ea9m m\u1ef9, \u0111\u1ed9 b\u1ec1n, c\u00f4ng th\u00e1i h\u1ecdc v\u00e0 m\u1ee9c gi\u00e1 h\u1ee3p l\u00fd.<\/p>\n<p data-start=\"1130\" data-end=\"1573\">\u0110i\u1ec3m n\u1ed5i b\u1eadt \u0111\u1ea7u ti\u00ean c\u1ee7a GL132 l\u00e0 ph\u1ea7n t\u1ef1a l\u01b0ng s\u1eed d\u1ee5ng ch\u1ea5t li\u1ec7u khung nh\u1ef1a b\u1ecdc v\u1ea3i l\u01b0\u1edbi cao c\u1ea5p. L\u01b0\u1edbi v\u0103n ph\u00f2ng mang \u0111\u1ebfn kh\u1ea3 n\u0103ng tho\u00e1t kh\u00ed tuy\u1ec7t v\u1eddi, h\u1ea1n ch\u1ebf s\u1ef1 t\u00edch nhi\u1ec7t khi ng\u1ed3i l\u00e2u, gi\u00fap ng\u01b0\u1eddi d\u00f9ng lu\u00f4n c\u1ea3m th\u1ea5y tho\u1ea3i m\u00e1i v\u00e0 d\u1ec5 ch\u1ecbu. Khung t\u1ef1a \u0111\u01b0\u1ee3c thi\u1ebft k\u1ebf khoa h\u1ecdc theo \u0111\u01b0\u1eddng cong t\u1ef1 nhi\u00ean c\u1ee7a c\u1ed9t s\u1ed1ng, t\u1ea1o s\u1ef1 n\u00e2ng \u0111\u1ee1 chu\u1ea9n x\u00e1c, gi\u1ea3m thi\u1ec3u \u00e1p l\u1ef1c \u0111\u00e8 l\u00ean v\u00f9ng th\u1eaft l\u01b0ng \u2013 m\u1ed9t trong nh\u1eefng khu v\u1ef1c d\u1ec5 b\u1ecb \u0111au m\u1ecfi khi l\u00e0m vi\u1ec7c nhi\u1ec1u gi\u1edd.<\/p>\n<p data-start=\"1575\" data-end=\"2009\">\u0110i k\u00e8m v\u1edbi \u0111\u00f3, gh\u1ebf nh\u00e2n vi\u00ean GL132 c\u00f2n \u0111\u01b0\u1ee3c trang b\u1ecb b\u1ed9 ph\u1eadn \u0111\u1ee1 l\u01b0ng c\u00f3 th\u1ec3 \u0111i\u1ec1u ch\u1ec9nh cao th\u1ea5p, m\u1ed9t \u01b0u \u0111i\u1ec3m hi\u1ebfm th\u1ea5y trong c\u00e1c d\u00f2ng gh\u1ebf nh\u00e2n vi\u00ean ph\u1ed5 th\u00f4ng. Ch\u1ee9c n\u0103ng n\u00e0y cho ph\u00e9p ng\u01b0\u1eddi d\u00f9ng t\u00f9y ch\u1ec9nh v\u1ecb tr\u00ed t\u1ef1a l\u01b0ng theo chi\u1ec1u cao v\u00e0 th\u00f3i quen ng\u1ed3i, nh\u1edd v\u1eady \u0111\u1ea1t \u0111\u01b0\u1ee3c t\u01b0 th\u1ebf ng\u1ed3i c\u00f4ng th\u00e1i h\u1ecdc t\u1ed1i \u01b0u h\u01a1n. Kh\u1ea3 n\u0103ng \u0111i\u1ec1u ch\u1ec9nh linh ho\u1ea1t n\u00e0y h\u1ed7 tr\u1ee3 r\u1ea5t t\u1ed1t cho s\u1ee9c kh\u1ecfe c\u1ed9t s\u1ed1ng v\u00e0 h\u1ea1n ch\u1ebf c\u00e1c v\u1ea5n \u0111\u1ec1 \u0111au m\u1ecfi trong qu\u00e1 tr\u00ecnh l\u00e0m vi\u1ec7c.<\/p>\n<p data-start=\"2011\" data-end=\"2346\">Ph\u1ea7n \u0111\u1ec7m ng\u1ed3i c\u1ee7a GL132 s\u1eed d\u1ee5ng m\u00fat ch\u1ea5t l\u01b0\u1ee3ng cao, b\u1ecdc v\u1ea3i \u00eam \u00e1i, mang l\u1ea1i c\u1ea3m gi\u00e1c ng\u1ed3i d\u1ec5 ch\u1ecbu nh\u01b0ng v\u1eabn \u0111\u1ea3m b\u1ea3o \u0111\u1ed9 \u0111\u00e0n h\u1ed3i v\u1eeba ph\u1ea3i, kh\u00f4ng b\u1ecb x\u1eb9p l\u00fan sau th\u1eddi gian d\u00e0i s\u1eed d\u1ee5ng. B\u1ec1 m\u1eb7t \u0111\u1ec7m r\u1ed9ng tho\u1ea3i m\u00e1i, ph\u00f9 h\u1ee3p v\u1edbi nhi\u1ec1u v\u00f3c d\u00e1ng ng\u01b0\u1eddi d\u00f9ng, t\u1ea1o s\u1ef1 \u1ed5n \u0111\u1ecbnh khi ng\u1ed3i v\u00e0 gi\u00fap vi\u1ec7c di chuy\u1ec3n ho\u1eb7c thay \u0111\u1ed5i t\u01b0 th\u1ebf tr\u1edf n\u00ean d\u1ec5 d\u00e0ng h\u01a1n.<\/p>\n<p data-start=\"2348\" data-end=\"2671\">Tay gh\u1ebf c\u1ed1 \u0111\u1ecbnh b\u1eb1ng nh\u1ef1a \u0111\u01b0\u1ee3c thi\u1ebft k\u1ebf ch\u1eafc ch\u1eafn, c\u00f3 chi\u1ec1u cao ph\u00f9 h\u1ee3p \u0111\u1ec3 h\u1ed7 tr\u1ee3 khu\u1ef7u tay trong l\u00fac l\u00e0m vi\u1ec7c. Ki\u1ec3u tay n\u00e0y gi\u00fap ng\u01b0\u1eddi ng\u1ed3i gi\u1eef \u0111\u01b0\u1ee3c t\u01b0 th\u1ebf \u0111\u00fang khi thao t\u00e1c m\u00e1y t\u00ednh, \u0111\u1ed3ng th\u1eddi mang l\u1ea1i v\u1ebb c\u00e2n \u0111\u1ed1i cho t\u1ed5ng th\u1ec3 s\u1ea3n ph\u1ea9m. Ch\u1ea5t li\u1ec7u nh\u1ef1a cao c\u1ea5p \u0111\u1ea3m b\u1ea3o \u0111\u1ed9 b\u1ec1n, kh\u00f4ng lo phai m\u00e0u hay gi\u00f2n g\u00e3y theo th\u1eddi gian.<\/p>\n<p data-start=\"2673\" data-end=\"3206\">M\u1ed9t \u01b0u \u0111i\u1ec3m l\u1edbn kh\u00e1c c\u1ee7a gh\u1ebf nh\u00e2n vi\u00ean GL132 l\u00e0 vi\u1ec7c cung c\u1ea5p hai t\u00f9y ch\u1ecdn ch\u00e2n gh\u1ebf nh\u1eb1m \u0111\u00e1p \u1ee9ng \u0111a d\u1ea1ng nhu c\u1ea7u s\u1eed d\u1ee5ng. Phi\u00ean b\u1ea3n ch\u00e2n nh\u1ef1a v\u1edbi k\u00edch th\u01b0\u1edbc W615 x D590 x H1005\u20131105 mm mang \u0111\u1ebfn s\u1ef1 linh ho\u1ea1t, tr\u1ecdng l\u01b0\u1ee3ng nh\u1eb9 v\u00e0 chi ph\u00ed h\u1ee3p l\u00fd, ph\u00f9 h\u1ee3p v\u1edbi c\u00e1c v\u0103n ph\u00f2ng c\u1ea7n s\u1ed1 l\u01b0\u1ee3ng l\u1edbn s\u1ea3n ph\u1ea9m. Phi\u00ean b\u1ea3n ch\u00e2n m\u1ea1 k\u00edch th\u01b0\u1edbc W615 x D590 x H1000\u20131075 mm l\u1ea1i mang \u0111\u1ebfn v\u1ebb ngo\u00e0i sang tr\u1ecdng h\u01a1n v\u1edbi b\u1ec1 m\u1eb7t s\u00e1ng b\u00f3ng, t\u0103ng kh\u1ea3 n\u0103ng ch\u1ecbu l\u1ef1c v\u00e0 \u0111\u1ed9 b\u1ec1n, th\u00edch h\u1ee3p cho m\u00f4i tr\u01b0\u1eddng l\u00e0m vi\u1ec7c cao c\u1ea5p ho\u1eb7c c\u00e1c v\u1ecb tr\u00ed y\u00eau c\u1ea7u t\u00ednh th\u1ea9m m\u1ef9 cao h\u01a1n.<\/p>\n<p data-start=\"3208\" data-end=\"3535\">C\u1ea3 hai lo\u1ea1i ch\u00e2n gh\u1ebf \u0111\u1ec1u \u0111\u01b0\u1ee3c trang b\u1ecb b\u00e1nh xe cao c\u1ea5p, gi\u00fap vi\u1ec7c di chuy\u1ec3n tr\u1edf n\u00ean nh\u1eb9 nh\u00e0ng v\u00e0 ti\u1ec7n l\u1ee3i, k\u1ec3 c\u1ea3 tr\u00ean c\u00e1c b\u1ec1 m\u1eb7t s\u00e0n kh\u00e1c nhau. Ngo\u00e0i ra, gh\u1ebf c\u00f2n s\u1eed d\u1ee5ng h\u1ec7 th\u1ed1ng ben h\u01a1i ch\u1ea5t l\u01b0\u1ee3ng cao cho ph\u00e9p ng\u01b0\u1eddi d\u00f9ng d\u1ec5 d\u00e0ng \u0111i\u1ec1u ch\u1ec9nh \u0111\u1ed9 cao ch\u1ec9 b\u1eb1ng thao t\u00e1c \u0111\u01a1n gi\u1ea3n, gi\u00fap t\u1ed1i \u01b0u t\u01b0 th\u1ebf ng\u1ed3i v\u00e0 t\u1ea1o s\u1ef1 tho\u1ea3i m\u00e1i t\u1ed1i \u0111a.<\/p>\n<p data-start=\"3537\" data-end=\"3859\">V\u1ec1 m\u1eb7t th\u1ea9m m\u1ef9, GL132 s\u1edf h\u1eefu ki\u1ec3u d\u00e1ng hi\u1ec7n \u0111\u1ea1i, \u0111\u01b0\u1eddng n\u00e9t g\u1ecdn g\u00e0ng, m\u00e0u s\u1eafc trung t\u00ednh d\u1ec5 d\u00e0ng h\u00f2a h\u1ee3p v\u1edbi nhi\u1ec1u phong c\u00e1ch n\u1ed9i th\u1ea5t v\u0103n ph\u00f2ng kh\u00e1c nhau. \u0110\u00e2y l\u00e0 l\u1ef1a ch\u1ecdn r\u1ea5t ph\u00f9 h\u1ee3p cho c\u00e1c doanh nghi\u1ec7p \u0111ang mu\u1ed1n n\u00e2ng c\u1ea5p kh\u00f4ng gian l\u00e0m vi\u1ec7c, mang l\u1ea1i tr\u1ea3i nghi\u1ec7m ng\u1ed3i t\u1ed1t h\u01a1n cho nh\u00e2n vi\u00ean m\u00e0 v\u1eabn \u0111\u1ea3m b\u1ea3o chi ph\u00ed t\u1ed1i \u01b0u.<\/p>\n<p data-start=\"3861\" data-end=\"4172\">S\u1ea3n ph\u1ea9m \u0111\u01b0\u1ee3c s\u1ea3n xu\u1ea5t b\u1edfi N\u1ed8I TH\u1ea4T THE ONE \u2013 th\u01b0\u01a1ng hi\u1ec7u h\u00e0ng \u0111\u1ea7u v\u1ec1 n\u1ed9i th\u1ea5t v\u0103n ph\u00f2ng, \u0111\u1ea3m b\u1ea3o ch\u1ea5t l\u01b0\u1ee3ng v\u01b0\u1ee3t tr\u1ed9i, \u0111\u1ed9 b\u1ec1n cao v\u00e0 thi\u1ebft k\u1ebf \u0111\u1ea1t chu\u1ea9n c\u00f4ng th\u00e1i h\u1ecdc. Khi mua h\u00e0ng t\u1ea1i C\u00d4NG TY TNHH SXTM TTNT H\u1eeeU TH\u1ecaNH, kh\u00e1ch h\u00e0ng s\u1ebd \u0111\u01b0\u1ee3c t\u01b0 v\u1ea5n chi ti\u1ebft, h\u1ed7 tr\u1ee3 b\u00e1o gi\u00e1 nhanh ch\u00f3ng v\u00e0 nh\u1eadn nhi\u1ec1u \u01b0u \u0111\u00e3i h\u1ea5p d\u1eabn.<\/p>\n<p data-start=\"4174\" data-end=\"4379\" data-is-last-node=\"\" data-is-only-node=\"\">V\u1edbi s\u1ef1 k\u1ebft h\u1ee3p ho\u00e0n h\u1ea3o gi\u1eefa c\u00f4ng n\u0103ng, th\u1ea9m m\u1ef9 v\u00e0 t\u00ednh ti\u1ec7n d\u1ee5ng, gh\u1ebf nh\u00e2n vi\u00ean GL132 l\u00e0 l\u1ef1a ch\u1ecdn l\u00fd t\u01b0\u1edfng cho m\u1ecdi v\u0103n ph\u00f2ng hi\u1ec7n \u0111\u1ea1i mu\u1ed1n t\u1ed1i \u01b0u s\u1ef1 tho\u1ea3i m\u00e1i v\u00e0 n\u00e2ng cao n\u0103ng su\u1ea5t l\u00e0m vi\u1ec7c c\u1ee7a nh\u00e2n vi\u00ean.<\/p>\n","protected":false},"excerpt":{"rendered":"<p>Gh\u1ebf nh\u00e2n vi\u00ean GL132 l\u00e0 m\u1eabu gh\u1ebf l\u01b0\u1edbi v\u0103n ph\u00f2ng cao c\u1ea5p, n\u1ed5i b\u1eadt v\u1edbi ph\u1ea7n khung t\u1ef1a nh\u1ef1a b\u1ecdc v\u1ea3i l\u01b0\u1edbi tho\u00e1ng kh\u00ed, \u0111\u1ec7m m\u00fat b\u1ecdc v\u1ea3i \u00eam \u00e1i v\u00e0 c\u01a1 c\u1ea5u \u0111\u1ee1 l\u01b0ng c\u00f3 th\u1ec3 \u0111i\u1ec1u ch\u1ec9nh cao th\u1ea5p gi\u00fap ng\u01b0\u1eddi d\u00f9ng d\u1ec5 d\u00e0ng thi\u1ebft l\u1eadp t\u01b0 th\u1ebf ng\u1ed3i ph\u00f9 h\u1ee3p. Tay gh\u1ebf \u0111\u01b0\u1ee3c thi\u1ebft k\u1ebf b\u1eb1ng nh\u1ef1a c\u1ed1 \u0111\u1ecbnh ch\u1eafc ch\u1eafn, b\u1ec1n b\u1ec9 theo th\u1eddi gian.<br data-start=\"363\" data-end=\"366\" \/>Ch\u00e2n nh\u1ef1a &#8211; <span style=\"color: #ed1c24; font-size: 120%;\"><strong>1.213.000 \u0111<\/strong><\/span><br \/>\nKT: W615 x D590 x H1005\u20131105 mm<br data-start=\"418\" data-end=\"421\" data-is-only-node=\"\" \/>Ch\u00e2n m\u1ea1 &#8211; <span style=\"color: #ed1c24; font-size: 120%;\"><strong>1.326.000 \u0111<\/strong><\/span><br \/>\nKT: W615 x D590 x H1000\u20131075 mm<br data-start=\"457\" data-end=\"460\" \/>Xu\u1ea5t x\u1ee9: S\u1ea3n ph\u1ea9m c\u1ee7a c\u00f4ng ty N\u1ed8I TH\u1ea4T THE ONE \u2013 Ph\u00e2n ph\u1ed1i b\u1edfi C\u00d4NG TY TNHH SXTM TTNT H\u1eeeU TH\u1ecaNH<br data-start=\"555\" data-end=\"558\" \/>B\u1ea3o h\u00e0nh: 12 th\u00e1ng theo ti\u00eau chu\u1ea9n nh\u00e0 m\u00e1y<br data-start=\"600\" data-end=\"603\" \/><span style=\"color: #ed1c24;\"><em data-start=\"603\" data-end=\"755\">L\u01b0u \u00fd: Gi\u00e1 tr\u00ean ch\u01b0a bao g\u1ed3m VAT v\u00e0 ph\u00ed v\u1eadn chuy\u1ec3n. Gi\u00e1 s\u1ea3n ph\u1ea9m c\u00f3 th\u1ec3 thay \u0111\u1ed5i theo t\u1eebng th\u1eddi \u0111i\u1ec3m, vui l\u00f2ng li\u00ean h\u1ec7 \u0111\u1ec3 nh\u1eadn t\u01b0 v\u1ea5n \u01b0u \u0111\u00e3i t\u1ed1t nh\u1ea5t.<\/em><\/span><\/p>\n","protected":false},"featured_media":5015,"comment_status":"open","ping_status":"closed","template":"","meta":[],"product_brand":[],"product_cat":[17,303],"product_tag":[],"class_list":{"0":"post-5014","1":"product","2":"type-product","3":"status-publish","4":"has-post-thumbnail","6":"product_cat-noi-that-van-phong","7":"product_cat-ghe-nhan-vien","9":"first","10":"instock","11":"taxable","12":"shipping-taxable","13":"purchasable","14":"product-type-simple"},"_links":{"self":[{"href":"https:\/\/www.noithathuuthinh.vn\/zh-hans\/wp-json\/wp\/v2\/product\/5014","targetHints":{"allow":["GET"]}}],"collection":[{"href":"https:\/\/www.noithathuuthinh.vn\/zh-hans\/wp-json\/wp\/v2\/product"}],"about":[{"href":"https:\/\/www.noithathuuthinh.vn\/zh-hans\/wp-json\/wp\/v2\/types\/product"}],"replies":[{"embeddable":true,"href":"https:\/\/www.noithathuuthinh.vn\/zh-hans\/wp-json\/wp\/v2\/comments?post=5014"}],"wp:featuredmedia":[{"embeddable":true,"href":"https:\/\/www.noithathuuthinh.vn\/zh-hans\/wp-json\/wp\/v2\/media\/5015"}],"wp:attachment":[{"href":"https:\/\/www.noithathuuthinh.vn\/zh-hans\/wp-json\/wp\/v2\/media?parent=5014"}],"wp:term":[{"taxonomy":"product_brand","embeddable":true,"href":"https:\/\/www.noithathuuthinh.vn\/zh-hans\/wp-json\/wp\/v2\/product_brand?post=5014"},{"taxonomy":"product_cat","embeddable":true,"href":"https:\/\/www.noithathuuthinh.vn\/zh-hans\/wp-json\/wp\/v2\/product_cat?post=5014"},{"taxonomy":"product_tag","embeddable":true,"href":"https:\/\/www.noithathuuthinh.vn\/zh-hans\/wp-json\/wp\/v2\/product_tag?post=5014"}],"curies":[{"name":"wp","href":"https:\/\/api.w.org\/{rel}","templated":true}]}}