{"id":5018,"date":"2025-12-01T11:39:54","date_gmt":"2025-12-01T04:39:54","guid":{"rendered":"https:\/\/noithathuuthinh.vn\/?post_type=product&#038;p=5018"},"modified":"2025-12-01T11:39:54","modified_gmt":"2025-12-01T04:39:54","slug":"ghe-nhan-vien-gl133r","status":"publish","type":"product","link":"https:\/\/www.noithathuuthinh.vn\/zh-hans\/san-pham\/ghe-nhan-vien-gl133r\/","title":{"rendered":"Gh\u1ebf nh\u00e2n vi\u00ean GL133R"},"content":{"rendered":"<p data-start=\"780\" data-end=\"1127\">Gh\u1ebf nh\u00e2n vi\u00ean GL133R l\u00e0 l\u1ef1a ch\u1ecdn ho\u00e0n h\u1ea3o cho c\u00e1c v\u0103n ph\u00f2ng hi\u1ec7n \u0111\u1ea1i \u0111ang t\u00ecm ki\u1ebfm m\u1ed9t d\u00f2ng gh\u1ebf l\u01b0\u1edbi v\u1eeba \u0111\u1eb9p m\u1eaft, v\u1eeba ti\u1ec7n d\u1ee5ng v\u00e0 c\u00f3 \u0111\u1ed9 b\u1ec1n cao. V\u1edbi thi\u1ebft k\u1ebf t\u1ed1i \u01b0u t\u1eeb ch\u1ea5t li\u1ec7u cho \u0111\u1ebfn c\u00e1c chi ti\u1ebft c\u00f4ng th\u00e1i h\u1ecdc, s\u1ea3n ph\u1ea9m mang \u0111\u1ebfn s\u1ef1 tho\u1ea3i m\u00e1i v\u00e0 h\u1ed7 tr\u1ee3 t\u1ed1t cho ng\u01b0\u1eddi d\u00f9ng trong su\u1ed1t qu\u00e1 tr\u00ecnh l\u00e0m vi\u1ec7c.<\/p>\n<p data-start=\"1129\" data-end=\"1587\">Ngay t\u1eeb c\u00e1i nh\u00ecn \u0111\u1ea7u ti\u00ean, GL133R t\u1ea1o \u0111\u01b0\u1ee3c \u1ea5n t\u01b0\u1ee3ng v\u1edbi ph\u1ea7n t\u1ef1a l\u01b0ng khung nh\u1ef1a b\u1ecdc v\u1ea3i l\u01b0\u1edbi tho\u00e1ng kh\u00ed. Ch\u1ea5t li\u1ec7u l\u01b0\u1edbi cao c\u1ea5p c\u00f3 kh\u1ea3 n\u0103ng \u0111\u00e0n h\u1ed3i t\u1ed1t, b\u1ec1n ch\u1eafc v\u00e0 \u0111\u1eb7c bi\u1ec7t gi\u00fap tho\u00e1t nhi\u1ec7t nhanh, h\u1ea1n ch\u1ebf t\u00ecnh tr\u1ea1ng t\u00edch h\u01a1i n\u00f3ng \u2013 \u0111i\u1ec1u m\u00e0 nhi\u1ec1u nh\u00e2n vi\u00ean v\u0103n ph\u00f2ng th\u01b0\u1eddng g\u1eb7p khi ph\u1ea3i ng\u1ed3i l\u00e2u. Khung t\u1ef1a v\u1edbi \u0111\u01b0\u1eddng cong \u0111\u01b0\u1ee3c t\u00ednh to\u00e1n theo c\u1ea5u tr\u00fac c\u1ed9t s\u1ed1ng ng\u01b0\u1eddi d\u00f9ng, gi\u00fap n\u00e2ng \u0111\u1ee1 l\u01b0ng hi\u1ec7u qu\u1ea3 v\u00e0 t\u1ea1o t\u01b0 th\u1ebf ng\u1ed3i kh\u1ecfe m\u1ea1nh, gi\u1ea3m \u0111au m\u1ecfi v\u00f9ng th\u1eaft l\u01b0ng.<\/p>\n<p data-start=\"1589\" data-end=\"1921\">\u0110\u1ec7m ng\u1ed3i c\u1ee7a gh\u1ebf nh\u00e2n vi\u00ean GL133R s\u1eed d\u1ee5ng m\u00fat b\u1ecdc v\u1ea3i ch\u1ea5t l\u01b0\u1ee3ng cao, mang \u0111\u1ebfn c\u1ea3m gi\u00e1c ng\u1ed3i \u00eam \u00e1i v\u00e0 tho\u1ea3i m\u00e1i. \u0110\u1ec7m c\u00f3 \u0111\u1ed9 \u0111\u00e0n h\u1ed3i v\u1eeba ph\u1ea3i, kh\u00f4ng b\u1ecb x\u1eb9p l\u00fan trong qu\u00e1 tr\u00ecnh s\u1eed d\u1ee5ng d\u00e0i l\u00e2u, gi\u1eef \u0111\u01b0\u1ee3c form d\u00e1ng v\u00e0 mang l\u1ea1i s\u1ef1 \u1ed5n \u0111\u1ecbnh cho ng\u01b0\u1eddi d\u00f9ng. B\u1ec1 m\u1eb7t \u0111\u1ec7m r\u1ed9ng r\u00e3i, ph\u00f9 h\u1ee3p v\u1edbi nhi\u1ec1u v\u00f3c d\u00e1ng v\u00e0 t\u1ea1o c\u1ea3m gi\u00e1c ch\u1eafc ch\u1eafn khi ng\u1ed3i.<\/p>\n<p data-start=\"1923\" data-end=\"2270\">M\u1ed9t trong nh\u1eefng \u01b0u \u0111i\u1ec3m n\u1ed5i b\u1eadt c\u1ee7a GL133R l\u00e0 ph\u1ea7n tay gh\u1ebf b\u1eb1ng nh\u1ef1a c\u1ed1 \u0111\u1ecbnh v\u1edbi kh\u1edbp l\u1eafp r\u00e1p th\u00f4ng minh, kh\u00f4ng c\u1ea7n s\u1eed d\u1ee5ng v\u00edt. Thi\u1ebft k\u1ebf n\u00e0y mang l\u1ea1i hai l\u1ee3i \u00edch l\u1edbn: l\u1eafp \u0111\u1eb7t c\u1ef1c k\u1ef3 nhanh ch\u00f3ng v\u00e0 \u0111\u1ea3m b\u1ea3o t\u00ednh th\u1ea9m m\u1ef9 cao v\u00ec kh\u00f4ng l\u1ed9 \u0111\u1ea7u v\u00edt g\u00e2y m\u1ea5t \u0111\u1eb9p. \u0110\u1ed3ng th\u1eddi, k\u1ebft c\u1ea5u kh\u1edbp n\u1ed1i v\u1eefng ch\u1eafc \u0111\u1ea3m b\u1ea3o \u0111\u1ed9 b\u1ec1n v\u00e0 s\u1ef1 an to\u00e0n trong qu\u00e1 tr\u00ecnh s\u1eed d\u1ee5ng.<\/p>\n<p data-start=\"2272\" data-end=\"2820\">S\u1ea3n ph\u1ea9m \u0111\u01b0\u1ee3c cung c\u1ea5p v\u1edbi hai l\u1ef1a ch\u1ecdn ch\u00e2n gh\u1ebf nh\u1eb1m \u0111\u00e1p \u1ee9ng \u0111a d\u1ea1ng nhu c\u1ea7u s\u1eed d\u1ee5ng trong v\u0103n ph\u00f2ng. Phi\u00ean b\u1ea3n ch\u00e2n nh\u1ef1a c\u00f3 k\u00edch th\u01b0\u1edbc W580 x D540 x H1020\u20131120 mm mang \u0111\u1ebfn tr\u1ecdng l\u01b0\u1ee3ng nh\u1eb9, d\u1ec5 di chuy\u1ec3n v\u00e0 chi ph\u00ed t\u1ed1i \u01b0u, th\u00edch h\u1ee3p cho nh\u1eefng kh\u00f4ng gian l\u00e0m vi\u1ec7c c\u00f3 nhu c\u1ea7u trang b\u1ecb s\u1ed1 l\u01b0\u1ee3ng l\u1edbn. Trong khi \u0111\u00f3, phi\u00ean b\u1ea3n ch\u00e2n m\u1ea1 k\u00edch th\u01b0\u1edbc W580 x D540 x H1010\u20131085 mm l\u1ea1i s\u1edf h\u1eefu v\u1ebb ngo\u00e0i sang tr\u1ecdng h\u01a1n v\u1edbi b\u1ec1 m\u1eb7t m\u1ea1 s\u00e1ng b\u00f3ng, kh\u1ea3 n\u0103ng ch\u1ecbu l\u1ef1c t\u1ed1t v\u00e0 \u0111\u1ed9 b\u1ec1n cao, ph\u00f9 h\u1ee3p cho m\u00f4i tr\u01b0\u1eddng l\u00e0m vi\u1ec7c chuy\u00ean nghi\u1ec7p ho\u1eb7c c\u00e1c v\u1ecb tr\u00ed y\u00eau c\u1ea7u t\u00ednh th\u1ea9m m\u1ef9.<\/p>\n<p data-start=\"2822\" data-end=\"3207\">C\u1ea3 hai lo\u1ea1i ch\u00e2n gh\u1ebf \u0111\u1ec1u \u0111\u01b0\u1ee3c trang b\u1ecb b\u00e1nh xe di chuy\u1ec3n linh ho\u1ea1t, h\u1ed7 tr\u1ee3 ng\u01b0\u1eddi d\u00f9ng d\u1ec5 d\u00e0ng xoay chuy\u1ec3n, thay \u0111\u1ed5i v\u1ecb tr\u00ed ho\u1eb7c di chuy\u1ec3n trong kh\u00f4ng gian l\u00e0m vi\u1ec7c m\u00e0 kh\u00f4ng g\u00e2y ti\u1ebfng \u1ed3n ho\u1eb7c tr\u1ea7y x\u01b0\u1edbc s\u00e0n. H\u1ec7 th\u1ed1ng ben h\u01a1i ch\u1ea5t l\u01b0\u1ee3ng cao cho ph\u00e9p \u0111i\u1ec1u ch\u1ec9nh \u0111\u1ed9 cao gh\u1ebf m\u01b0\u1ee3t m\u00e0, gi\u00fap ng\u01b0\u1eddi d\u00f9ng d\u1ec5 d\u00e0ng thi\u1ebft l\u1eadp t\u01b0 th\u1ebf ng\u1ed3i chu\u1ea9n, ph\u00f9 h\u1ee3p v\u1edbi chi\u1ec1u cao b\u00e0n l\u00e0m vi\u1ec7c v\u00e0 nhu c\u1ea7u c\u00e1 nh\u00e2n.<\/p>\n<p data-start=\"3209\" data-end=\"3512\">V\u1ec1 t\u1ed5ng th\u1ec3, gh\u1ebf nh\u00e2n vi\u00ean GL133R s\u1edf h\u1eefu ki\u1ec3u d\u00e1ng hi\u1ec7n \u0111\u1ea1i, \u0111\u01b0\u1eddng n\u00e9t g\u1ecdn g\u00e0ng v\u00e0 m\u00e0u s\u1eafc trung t\u00ednh, d\u1ec5 d\u00e0ng k\u1ebft h\u1ee3p v\u1edbi nhi\u1ec1u phong c\u00e1ch n\u1ed9i th\u1ea5t v\u0103n ph\u00f2ng kh\u00e1c nhau. Thi\u1ebft k\u1ebf tinh t\u1ebf t\u1eeb ph\u1ea7n l\u01b0\u1edbi t\u1ef1a l\u01b0ng, tay gh\u1ebf cho \u0111\u1ebfn ch\u00e2n gh\u1ebf gi\u00fap s\u1ea3n ph\u1ea9m tr\u1edf th\u00e0nh \u0111i\u1ec3m nh\u1ea5n h\u00e0i h\u00f2a trong kh\u00f4ng gian l\u00e0m vi\u1ec7c.<\/p>\n<p data-start=\"3514\" data-end=\"3788\">S\u1ea3n ph\u1ea9m \u0111\u01b0\u1ee3c s\u1ea3n xu\u1ea5t b\u1edfi th\u01b0\u01a1ng hi\u1ec7u N\u1ed8I TH\u1ea4T THE ONE \u2013 m\u1ed9t trong nh\u1eefng nh\u00e0 s\u1ea3n xu\u1ea5t n\u1ed9i th\u1ea5t v\u0103n ph\u00f2ng uy t\u00edn h\u00e0ng \u0111\u1ea7u t\u1ea1i Vi\u1ec7t Nam. Khi \u0111\u1eb7t mua t\u1ea1i C\u00d4NG TY TNHH SXTM TTNT H\u1eeeU TH\u1ecaNH, kh\u00e1ch h\u00e0ng s\u1ebd \u0111\u01b0\u1ee3c t\u01b0 v\u1ea5n nhi\u1ec7t t\u00ecnh, h\u1ed7 tr\u1ee3 b\u00e1o gi\u00e1 nhanh v\u00e0 nh\u1eadn nhi\u1ec1u \u01b0u \u0111\u00e3i h\u1ea5p d\u1eabn.<\/p>\n<p data-start=\"3790\" data-end=\"4016\" data-is-last-node=\"\" data-is-only-node=\"\">V\u1edbi s\u1ef1 k\u1ebft h\u1ee3p gi\u1eefa ch\u1ea5t l\u01b0\u1ee3ng, c\u00f4ng n\u0103ng v\u00e0 t\u00ednh th\u1ea9m m\u1ef9, gh\u1ebf nh\u00e2n vi\u00ean GL133R x\u1ee9ng \u0111\u00e1ng l\u00e0 l\u1ef1a ch\u1ecdn l\u00fd t\u01b0\u1edfng \u0111\u1ec3 n\u00e2ng cao tr\u1ea3i nghi\u1ec7m l\u00e0m vi\u1ec7c, t\u1ea1o s\u1ef1 tho\u1ea3i m\u00e1i v\u00e0 h\u1ed7 tr\u1ee3 s\u1ee9c kh\u1ecfe cho nh\u00e2n vi\u00ean trong m\u1ecdi m\u00f4i tr\u01b0\u1eddng v\u0103n ph\u00f2ng.<\/p>\n","protected":false},"excerpt":{"rendered":"<p>Gh\u1ebf nh\u00e2n vi\u00ean GL133R l\u00e0 m\u1eabu gh\u1ebf l\u01b0\u1edbi v\u0103n ph\u00f2ng ti\u1ec7n d\u1ee5ng, \u0111\u01b0\u1ee3c thi\u1ebft k\u1ebf v\u1edbi khung t\u1ef1a nh\u1ef1a b\u1ecdc v\u1ea3i l\u01b0\u1edbi tho\u00e1ng kh\u00ed, \u0111\u1ec7m m\u00fat b\u1ecdc v\u1ea3i \u00eam \u00e1i v\u00e0 ph\u1ea7n tay gh\u1ebf nh\u1ef1a c\u1ed1 \u0111\u1ecbnh ch\u1eafc ch\u1eafn. \u0110\u1eb7c bi\u1ec7t, s\u1ea3n ph\u1ea9m s\u1edf h\u1eefu c\u01a1 c\u1ea5u l\u1eafp r\u00e1p tay v\u1edbi t\u1ef1a b\u1eb1ng kh\u1edbp kh\u00f4ng c\u1ea7n v\u00edt, gi\u00fap qu\u00e1 tr\u00ecnh l\u1eafp \u0111\u1eb7t tr\u1edf n\u00ean nhanh ch\u00f3ng v\u00e0 d\u1ec5 d\u00e0ng h\u01a1n r\u1ea5t nhi\u1ec1u.<br data-start=\"381\" data-end=\"384\" \/>Ch\u00e2n nh\u1ef1a &#8211; <span style=\"color: #ed1c24; font-size: 120%;\"><strong>944.000 \u0111<\/strong><\/span><br \/>\nKT: W580 x D540 x H1020\u20131120 mm<br data-start=\"436\" data-end=\"439\" \/>Ch\u00e2n m\u1ea1 &#8211; <span style=\"color: #ed1c24; font-size: 120%;\"><strong>1.138.000 \u0111<\/strong><\/span><br \/>\nKT: W580 x D540 x H1010\u20131085 mm<br data-start=\"475\" data-end=\"478\" \/>Xu\u1ea5t x\u1ee9: S\u1ea3n ph\u1ea9m c\u1ee7a c\u00f4ng ty N\u1ed8I TH\u1ea4T THE ONE \u2013 Ph\u00e2n ph\u1ed1i b\u1edfi C\u00d4NG TY TNHH SXTM TTNT H\u1eeeU TH\u1ecaNH<br data-start=\"573\" data-end=\"576\" \/>B\u1ea3o h\u00e0nh: 12 th\u00e1ng theo ti\u00eau chu\u1ea9n nh\u00e0 m\u00e1y<br data-start=\"618\" data-end=\"621\" \/><span style=\"font-size: 120%; color: #ed1c24;\"><em data-start=\"621\" data-end=\"773\">L\u01b0u \u00fd: Gi\u00e1 tr\u00ean ch\u01b0a bao g\u1ed3m VAT v\u00e0 ph\u00ed v\u1eadn chuy\u1ec3n. Gi\u00e1 s\u1ea3n ph\u1ea9m c\u00f3 th\u1ec3 thay \u0111\u1ed5i theo t\u1eebng th\u1eddi \u0111i\u1ec3m, vui l\u00f2ng li\u00ean h\u1ec7 \u0111\u1ec3 nh\u1eadn t\u01b0 v\u1ea5n \u01b0u \u0111\u00e3i t\u1ed1t nh\u1ea5t.<\/em><\/span><\/p>\n","protected":false},"featured_media":5019,"comment_status":"open","ping_status":"closed","template":"","meta":[],"product_brand":[],"product_cat":[17,303],"product_tag":[],"class_list":{"0":"post-5018","1":"product","2":"type-product","3":"status-publish","4":"has-post-thumbnail","6":"product_cat-noi-that-van-phong","7":"product_cat-ghe-nhan-vien","9":"first","10":"instock","11":"taxable","12":"shipping-taxable","13":"purchasable","14":"product-type-simple"},"_links":{"self":[{"href":"https:\/\/www.noithathuuthinh.vn\/zh-hans\/wp-json\/wp\/v2\/product\/5018","targetHints":{"allow":["GET"]}}],"collection":[{"href":"https:\/\/www.noithathuuthinh.vn\/zh-hans\/wp-json\/wp\/v2\/product"}],"about":[{"href":"https:\/\/www.noithathuuthinh.vn\/zh-hans\/wp-json\/wp\/v2\/types\/product"}],"replies":[{"embeddable":true,"href":"https:\/\/www.noithathuuthinh.vn\/zh-hans\/wp-json\/wp\/v2\/comments?post=5018"}],"wp:featuredmedia":[{"embeddable":true,"href":"https:\/\/www.noithathuuthinh.vn\/zh-hans\/wp-json\/wp\/v2\/media\/5019"}],"wp:attachment":[{"href":"https:\/\/www.noithathuuthinh.vn\/zh-hans\/wp-json\/wp\/v2\/media?parent=5018"}],"wp:term":[{"taxonomy":"product_brand","embeddable":true,"href":"https:\/\/www.noithathuuthinh.vn\/zh-hans\/wp-json\/wp\/v2\/product_brand?post=5018"},{"taxonomy":"product_cat","embeddable":true,"href":"https:\/\/www.noithathuuthinh.vn\/zh-hans\/wp-json\/wp\/v2\/product_cat?post=5018"},{"taxonomy":"product_tag","embeddable":true,"href":"https:\/\/www.noithathuuthinh.vn\/zh-hans\/wp-json\/wp\/v2\/product_tag?post=5018"}],"curies":[{"name":"wp","href":"https:\/\/api.w.org\/{rel}","templated":true}]}}