{"id":5022,"date":"2025-12-01T14:03:20","date_gmt":"2025-12-01T07:03:20","guid":{"rendered":"https:\/\/noithathuuthinh.vn\/?post_type=product&#038;p=5022"},"modified":"2025-12-01T14:03:20","modified_gmt":"2025-12-01T07:03:20","slug":"ghe-nhan-vien-gl201","status":"publish","type":"product","link":"https:\/\/www.noithathuuthinh.vn\/zh-hans\/san-pham\/ghe-nhan-vien-gl201\/","title":{"rendered":"Gh\u1ebf nh\u00e2n vi\u00ean GL201"},"content":{"rendered":"<p data-start=\"815\" data-end=\"1343\">Gh\u1ebf nh\u00e2n vi\u00ean GL201 thu\u1ed9c d\u00f2ng gh\u1ebf l\u01b0\u1edbi v\u0103n ph\u00f2ng hi\u1ec7n \u0111\u1ea1i c\u1ee7a N\u1ed9i th\u1ea5t The One, \u0111\u01b0\u1ee3c thi\u1ebft k\u1ebf h\u01b0\u1edbng t\u1edbi ti\u00eau ch\u00ed tho\u1ea3i m\u00e1i, b\u1ec1n b\u1ec9 v\u00e0 ph\u00f9 h\u1ee3p v\u1edbi nhi\u1ec1u phong c\u00e1ch kh\u00f4ng gian l\u00e0m vi\u1ec7c kh\u00e1c nhau. Ngay t\u1eeb c\u00e1i nh\u00ecn \u0111\u1ea7u ti\u00ean, s\u1ea3n ph\u1ea9m g\u00e2y \u1ea5n t\u01b0\u1ee3ng b\u1edfi ki\u1ec3u d\u00e1ng thanh tho\u00e1t, g\u1ecdn g\u00e0ng nh\u01b0ng v\u1eabn \u0111\u1ea3m b\u1ea3o s\u1ef1 ch\u1eafc ch\u1eafn nh\u1edd c\u1ea5u tr\u00fac khung t\u1ef1a b\u1eb1ng nh\u1ef1a cao c\u1ea5p k\u1ebft h\u1ee3p l\u1edbp v\u1ea3i l\u01b0\u1edbi tho\u00e1ng m\u00e1t. Thi\u1ebft k\u1ebf n\u00e0y kh\u00f4ng ch\u1ec9 mang l\u1ea1i v\u1ebb \u0111\u1eb9p hi\u1ec7n \u0111\u1ea1i, tr\u1ebb trung m\u00e0 c\u00f2n h\u1ed7 tr\u1ee3 t\u1ed1i \u0111a cho ng\u01b0\u1eddi s\u1eed d\u1ee5ng khi ph\u1ea3i ng\u1ed3i l\u00e2u trong m\u00f4i tr\u01b0\u1eddng v\u0103n ph\u00f2ng.<\/p>\n<p data-start=\"1345\" data-end=\"1859\">M\u1ed9t trong nh\u1eefng \u0111i\u1ec3m n\u1ed5i b\u1eadt c\u1ee7a gh\u1ebf nh\u00e2n vi\u00ean GL201 n\u1eb1m \u1edf ph\u1ea7n t\u1ef1a l\u01b0\u1edbi c\u00f3 \u0111\u1ed9 \u0111\u00e0n h\u1ed3i t\u1ed1t, gi\u00fap \u00f4m s\u00e1t ph\u1ea7n l\u01b0ng v\u00e0 h\u1ed7 tr\u1ee3 c\u1ed9t s\u1ed1ng nh\u1edd \u0111\u01b0\u1eddng cong t\u1ef1 nhi\u00ean. L\u01b0\u1edbi tho\u00e1ng kh\u00ed gi\u00fap gi\u1ea3m t\u00edch t\u1ee5 nhi\u1ec7t, mang l\u1ea1i s\u1ef1 d\u1ec5 ch\u1ecbu trong su\u1ed1t c\u1ea3 ng\u00e0y l\u00e0m vi\u1ec7c, \u0111\u1eb7c bi\u1ec7t l\u00e0 trong m\u00f4i tr\u01b0\u1eddng ph\u00f2ng m\u00e1y l\u1ea1nh ho\u1eb7c th\u1eddi ti\u1ebft n\u00f3ng b\u1ee9c. Ph\u1ea7n \u0111\u1ec7m gh\u1ebf \u0111\u01b0\u1ee3c l\u00e0m t\u1eeb m\u00fat ch\u1ea5t l\u01b0\u1ee3ng cao, b\u1ecdc PVC b\u1ec1n \u0111\u1eb9p, h\u1ea1n ch\u1ebf x\u1eb9p l\u00fan v\u00e0 cho c\u1ea3m gi\u00e1c \u00eam \u00e1i khi ng\u1ed3i. Ch\u1ea5t li\u1ec7u PVC cao c\u1ea5p gi\u00fap b\u1ec1 m\u1eb7t gh\u1ebf d\u1ec5 v\u1ec7 sinh, \u00edt b\u00e1m b\u1ee5i v\u00e0 duy tr\u00ec v\u1ebb \u0111\u1eb9p l\u00e2u d\u00e0i.<\/p>\n<p data-start=\"1861\" data-end=\"2356\">\u0110i k\u00e8m v\u1edbi th\u00e2n gh\u1ebf l\u00e0 tay gh\u1ebf b\u1eb1ng nh\u1ef1a nguy\u00ean sinh ch\u1eafc ch\u1eafn, \u0111\u01b0\u1ee3c thi\u1ebft k\u1ebf c\u1ed1 \u0111\u1ecbnh v\u1edbi \u0111\u1ed9 cao chu\u1ea9n, gi\u00fap ng\u01b0\u1eddi d\u00f9ng c\u00f3 t\u01b0 th\u1ebf \u0111\u1eb7t tay tho\u1ea3i m\u00e1i v\u00e0 gi\u1ea3m \u00e1p l\u1ef1c l\u00ean vai v\u00e0 c\u1ed5. \u0110\u1eb7c bi\u1ec7t, c\u01a1 c\u1ea5u l\u1eafp r\u00e1p th\u00f4ng minh gi\u00fap vi\u1ec7c gh\u00e9p n\u1ed1i gi\u1eefa tay gh\u1ebf v\u00e0 t\u1ef1a gh\u1ebf tr\u1edf n\u00ean \u0111\u01a1n gi\u1ea3n, thu\u1eadn ti\u1ec7n, kh\u00f4ng c\u1ea7n s\u1eed d\u1ee5ng v\u00edt m\u00e0 v\u1eabn \u0111\u1ea3m b\u1ea3o \u0111\u1ed9 ch\u1eafc ch\u1eafn. \u0110i\u1ec1u n\u00e0y v\u1eeba gi\u00fap r\u00fat ng\u1eafn th\u1eddi gian l\u1eafp \u0111\u1eb7t v\u1eeba mang l\u1ea1i s\u1ef1 ti\u1ec7n d\u1ee5ng cho ng\u01b0\u1eddi d\u00f9ng khi di chuy\u1ec3n ho\u1eb7c s\u1eed d\u1ee5ng trong m\u00f4i tr\u01b0\u1eddng l\u00e0m vi\u1ec7c y\u00eau c\u1ea7u linh ho\u1ea1t.<\/p>\n<p data-start=\"2358\" data-end=\"2988\">Gh\u1ebf nh\u00e2n vi\u00ean GL201 c\u00f2n \u0111\u01b0\u1ee3c trang b\u1ecb tr\u1ee5c n\u00e2ng th\u1ee7y l\u1ef1c cao c\u1ea5p, cho ph\u00e9p ng\u01b0\u1eddi d\u00f9ng \u0111i\u1ec1u ch\u1ec9nh \u0111\u1ed9 cao gh\u1ebf d\u1ec5 d\u00e0ng \u0111\u1ec3 ph\u00f9 h\u1ee3p v\u1edbi chi\u1ec1u cao c\u01a1 th\u1ec3 v\u00e0 \u0111\u1ed9 cao c\u1ee7a b\u00e0n l\u00e0m vi\u1ec7c. C\u01a1 ch\u1ebf n\u00e0y ho\u1ea1t \u0111\u1ed9ng \u1ed5n \u0111\u1ecbnh, \u00eam \u00e1i, gi\u00fap vi\u1ec7c thay \u0111\u1ed5i t\u01b0 th\u1ebf trong ng\u00e0y tr\u1edf n\u00ean nh\u1eb9 nh\u00e0ng v\u00e0 thu\u1eadn ti\u1ec7n. B\u00ean c\u1ea1nh \u0111\u00f3, ch\u00e2n gh\u1ebf GL201 c\u00f3 hai l\u1ef1a ch\u1ecdn, bao g\u1ed3m ch\u00e2n nh\u1ef1a v\u00e0 ch\u00e2n m\u1ea1. Phi\u00ean b\u1ea3n ch\u00e2n nh\u1ef1a s\u1edf h\u1eefu tr\u1ecdng l\u01b0\u1ee3ng nh\u1eb9, ph\u00f9 h\u1ee3p v\u1edbi m\u00f4i tr\u01b0\u1eddng v\u0103n ph\u00f2ng y\u00eau c\u1ea7u di chuy\u1ec3n th\u01b0\u1eddng xuy\u00ean ho\u1eb7c setup linh ho\u1ea1t. Trong khi \u0111\u00f3, phi\u00ean b\u1ea3n ch\u00e2n m\u1ea1 mang l\u1ea1i v\u1ebb \u0111\u1eb9p sang tr\u1ecdng v\u00e0 \u0111\u1ed9 b\u1ec1n cao h\u01a1n, th\u00edch h\u1ee3p v\u1edbi c\u00e1c kh\u00f4ng gian y\u00eau c\u1ea7u t\u00ednh th\u1ea9m m\u1ef9 v\u00e0 s\u1ef1 l\u1ecbch s\u1ef1.<\/p>\n<p data-start=\"2990\" data-end=\"3340\">C\u1ea3 hai phi\u00ean b\u1ea3n ch\u00e2n \u0111\u1ec1u \u0111\u01b0\u1ee3c thi\u1ebft k\u1ebf v\u1edbi c\u1ea5u tr\u00fac v\u1eefng ch\u1eafc, ch\u1ecbu l\u1ef1c t\u1ed1t, k\u1ebft h\u1ee3p b\u1ed9 b\u00e1nh xe di chuy\u1ec3n linh ho\u1ea1t, gi\u00fap ng\u01b0\u1eddi d\u00f9ng xoay chuy\u1ec3n v\u1ecb tr\u00ed m\u1ed9t c\u00e1ch m\u01b0\u1ee3t m\u00e0 m\u00e0 kh\u00f4ng g\u00e2y ti\u1ebfng \u1ed3n. Chi\u1ec1u cao t\u1ed5ng th\u1ec3 c\u1ee7a gh\u1ebf c\u00f3 th\u1ec3 thay \u0111\u1ed5i t\u00f9y ch\u1ec9nh nh\u1eb1m ph\u00f9 h\u1ee3p v\u1edbi m\u1ecdi kh\u00f4ng gian v\u00e0 d\u00e1ng ng\u01b0\u1eddi, mang l\u1ea1i tr\u1ea3i nghi\u1ec7m s\u1eed d\u1ee5ng t\u1ed1i \u01b0u trong m\u1ecdi t\u00ecnh hu\u1ed1ng.<\/p>\n<p data-start=\"3342\" data-end=\"3703\">Gh\u1ebf nh\u00e2n vi\u00ean GL201 l\u00e0 l\u1ef1a ch\u1ecdn l\u00fd t\u01b0\u1edfng cho c\u00e1c v\u0103n ph\u00f2ng hi\u1ec7n \u0111\u1ea1i \u0111ang t\u00ecm ki\u1ebfm m\u1ed9t m\u1eabu gh\u1ebf v\u1eeba th\u1ea9m m\u1ef9, v\u1eeba b\u1ec1n b\u1ec9 m\u00e0 v\u1eabn ti\u1ebft ki\u1ec7m chi ph\u00ed. Ki\u1ec3u d\u00e1ng tinh g\u1ecdn gi\u00fap ti\u1ebft ki\u1ec7m di\u1ec7n t\u00edch, trong khi m\u00e0u s\u1eafc h\u00e0i h\u00f2a d\u1ec5 d\u00e0ng k\u1ebft h\u1ee3p v\u1edbi nhi\u1ec1u phong c\u00e1ch n\u1ed9i th\u1ea5t kh\u00e1c nhau nh\u01b0 v\u0103n ph\u00f2ng truy\u1ec1n th\u1ed1ng, v\u0103n ph\u00f2ng tr\u1ebb trung s\u00e1ng t\u1ea1o ho\u1eb7c kh\u00f4ng gian l\u00e0m vi\u1ec7c t\u1ea1i nh\u00e0.<\/p>\n<p data-start=\"3705\" data-end=\"4069\">V\u1edbi s\u1ef1 k\u1ebft h\u1ee3p ho\u00e0n h\u1ea3o gi\u1eefa ch\u1ea5t li\u1ec7u cao c\u1ea5p, thi\u1ebft k\u1ebf th\u00f4ng minh v\u00e0 t\u00ednh \u1ee9ng d\u1ee5ng cao, gh\u1ebf nh\u00e2n vi\u00ean GL201 kh\u00f4ng ch\u1ec9 n\u00e2ng cao s\u1ef1 ti\u1ec7n nghi cho nh\u00e2n vi\u00ean m\u00e0 c\u00f2n g\u00f3p ph\u1ea7n t\u1ea1o n\u00ean m\u00f4i tr\u01b0\u1eddng l\u00e0m vi\u1ec7c chuy\u00ean nghi\u1ec7p v\u00e0 tho\u1ea3i m\u00e1i h\u01a1n. \u0110\u00e2y l\u00e0 m\u1ed9t trong nh\u1eefng s\u1ea3n ph\u1ea9m \u0111\u01b0\u1ee3c nhi\u1ec1u doanh nghi\u1ec7p l\u1ef1a ch\u1ecdn \u0111\u1ec3 trang b\u1ecb cho v\u0103n ph\u00f2ng, ph\u00f2ng h\u1ecdp ho\u1eb7c khu v\u1ef1c l\u00e0m vi\u1ec7c c\u00e1 nh\u00e2n.<\/p>\n","protected":false},"excerpt":{"rendered":"<p data-start=\"56\" data-end=\"368\">Gh\u1ebf nh\u00e2n vi\u00ean GL201 l\u00e0 m\u1eabu gh\u1ebf l\u01b0\u1edbi v\u0103n ph\u00f2ng hi\u1ec7n \u0111\u1ea1i, s\u1eed d\u1ee5ng khung t\u1ef1a nh\u1ef1a b\u1ecdc v\u1ea3i k\u1ebft h\u1ee3p v\u1edbi \u0111\u1ec7m m\u00fat b\u1ecdc PVC cao c\u1ea5p, mang \u0111\u1ebfn s\u1ef1 tho\u1ea3i m\u00e1i v\u00e0 b\u1ec1n b\u1ec9 trong qu\u00e1 tr\u00ecnh s\u1eed d\u1ee5ng. S\u1ea3n ph\u1ea9m c\u00f3 hai phi\u00ean b\u1ea3n ch\u00e2n gh\u1ebf, g\u1ed3m ch\u00e2n nh\u1ef1a v\u00e0 ch\u00e2n m\u1ea1, ph\u00f9 h\u1ee3p v\u1edbi nhu c\u1ea7u trang b\u1ecb cho nhi\u1ec1u kh\u00f4ng gian l\u00e0m vi\u1ec7c kh\u00e1c nhau.<\/p>\n<p data-start=\"370\" data-end=\"470\">Ch\u00e2n gh\u1ebf nh\u1ef1a &#8211; <span style=\"color: #ed1c24; font-size: 120%;\"><strong>1.454.000 \u0111<\/strong><\/span><br \/>\nKT: W560 x D625 x H970\u20131065 (mm)<br data-start=\"426\" data-end=\"429\" \/>Ch\u00e2n gh\u1ebf m\u1ea1 &#8211; <span style=\"color: #ed1c24; font-size: 120%;\"><strong>1.675.000 \u0111<\/strong><\/span><br \/>\nKT: W560 x D625 x H970\u20131050 (mm)<\/p>\n<p data-start=\"472\" data-end=\"767\">Xu\u1ea5t x\u1ee9: S\u1ea3n ph\u1ea9m c\u1ee7a c\u00f4ng ty N\u1ed8I TH\u1ea4T THE ONE \u2013 Ph\u00e2n ph\u1ed1i b\u1edfi C\u00d4NG TY TNHH SXTM TTNT H\u1eeeU TH\u1ecaNH<br data-start=\"567\" data-end=\"570\" \/>B\u1ea3o h\u00e0nh: 12 th\u00e1ng theo ti\u00eau chu\u1ea9n nh\u00e0 m\u00e1y<br data-start=\"612\" data-end=\"615\" \/><span style=\"color: #ed1c24;\"><em data-start=\"615\" data-end=\"767\">L\u01b0u \u00fd: Gi\u00e1 tr\u00ean ch\u01b0a bao g\u1ed3m VAT v\u00e0 ph\u00ed v\u1eadn chuy\u1ec3n. Gi\u00e1 s\u1ea3n ph\u1ea9m c\u00f3 th\u1ec3 thay \u0111\u1ed5i theo t\u1eebng th\u1eddi \u0111i\u1ec3m, vui l\u00f2ng li\u00ean h\u1ec7 \u0111\u1ec3 nh\u1eadn t\u01b0 v\u1ea5n \u01b0u \u0111\u00e3i t\u1ed1t nh\u1ea5t.<\/em><\/span><\/p>\n","protected":false},"featured_media":5023,"comment_status":"open","ping_status":"closed","template":"","meta":[],"product_brand":[],"product_cat":[17,303],"product_tag":[],"class_list":{"0":"post-5022","1":"product","2":"type-product","3":"status-publish","4":"has-post-thumbnail","6":"product_cat-noi-that-van-phong","7":"product_cat-ghe-nhan-vien","9":"first","10":"instock","11":"taxable","12":"shipping-taxable","13":"purchasable","14":"product-type-simple"},"_links":{"self":[{"href":"https:\/\/www.noithathuuthinh.vn\/zh-hans\/wp-json\/wp\/v2\/product\/5022","targetHints":{"allow":["GET"]}}],"collection":[{"href":"https:\/\/www.noithathuuthinh.vn\/zh-hans\/wp-json\/wp\/v2\/product"}],"about":[{"href":"https:\/\/www.noithathuuthinh.vn\/zh-hans\/wp-json\/wp\/v2\/types\/product"}],"replies":[{"embeddable":true,"href":"https:\/\/www.noithathuuthinh.vn\/zh-hans\/wp-json\/wp\/v2\/comments?post=5022"}],"wp:featuredmedia":[{"embeddable":true,"href":"https:\/\/www.noithathuuthinh.vn\/zh-hans\/wp-json\/wp\/v2\/media\/5023"}],"wp:attachment":[{"href":"https:\/\/www.noithathuuthinh.vn\/zh-hans\/wp-json\/wp\/v2\/media?parent=5022"}],"wp:term":[{"taxonomy":"product_brand","embeddable":true,"href":"https:\/\/www.noithathuuthinh.vn\/zh-hans\/wp-json\/wp\/v2\/product_brand?post=5022"},{"taxonomy":"product_cat","embeddable":true,"href":"https:\/\/www.noithathuuthinh.vn\/zh-hans\/wp-json\/wp\/v2\/product_cat?post=5022"},{"taxonomy":"product_tag","embeddable":true,"href":"https:\/\/www.noithathuuthinh.vn\/zh-hans\/wp-json\/wp\/v2\/product_tag?post=5022"}],"curies":[{"name":"wp","href":"https:\/\/api.w.org\/{rel}","templated":true}]}}