{"id":5031,"date":"2025-12-01T14:21:45","date_gmt":"2025-12-01T07:21:45","guid":{"rendered":"https:\/\/noithathuuthinh.vn\/?post_type=product&#038;p=5031"},"modified":"2025-12-01T14:21:46","modified_gmt":"2025-12-01T07:21:46","slug":"ghe-nhan-vien-gl217","status":"publish","type":"product","link":"https:\/\/www.noithathuuthinh.vn\/zh-hans\/san-pham\/ghe-nhan-vien-gl217\/","title":{"rendered":"Gh\u1ebf nh\u00e2n vi\u00ean GL217"},"content":{"rendered":"<p data-start=\"822\" data-end=\"1213\">Gh\u1ebf nh\u00e2n vi\u00ean GL217 thu\u1ed9c d\u00f2ng gh\u1ebf l\u01b0\u1edbi c\u1ee1 l\u1edbn cao c\u1ea5p c\u1ee7a N\u1ed9i th\u1ea5t The One, \u0111\u01b0\u1ee3c thi\u1ebft k\u1ebf nh\u1eb1m mang \u0111\u1ebfn tr\u1ea3i nghi\u1ec7m ng\u1ed3i tho\u1ea3i m\u00e1i, \u00eam \u00e1i v\u00e0 h\u1ed7 tr\u1ee3 s\u1ee9c kh\u1ecfe cho ng\u01b0\u1eddi s\u1eed d\u1ee5ng trong m\u00f4i tr\u01b0\u1eddng v\u0103n ph\u00f2ng hi\u1ec7n \u0111\u1ea1i. Ngay t\u1eeb c\u00e1i nh\u00ecn \u0111\u1ea7u ti\u00ean, GL217 g\u00e2y \u1ea5n t\u01b0\u1ee3ng v\u1edbi ki\u1ec3u d\u00e1ng r\u1ed9ng r\u00e3i, ch\u1eafc ch\u1eafn v\u00e0 thanh tho\u00e1t nh\u1edd ph\u1ea7n khung t\u1ef1a nh\u1ef1a b\u1ecdc v\u1ea3i l\u01b0\u1edbi k\u1ebft h\u1ee3p v\u1edbi \u0111\u1ec7m m\u00fat x\u1ed1p b\u1ecdc v\u1ea3i l\u01b0\u1edbi ho\u1eb7c PVC.<\/p>\n<p data-start=\"1215\" data-end=\"1716\">Ph\u1ea7n t\u1ef1a l\u01b0ng c\u1ee7a gh\u1ebf GL217 \u0111\u01b0\u1ee3c l\u00e0m t\u1eeb l\u01b0\u1edbi th\u00f4ng tho\u00e1ng, gi\u00fap n\u00e2ng \u0111\u1ee1 c\u1ed9t s\u1ed1ng m\u1ed9t c\u00e1ch t\u1ef1 nhi\u00ean, gi\u1ea3m \u00e1p l\u1ef1c l\u00ean v\u00f9ng vai, c\u1ed5 v\u00e0 l\u01b0ng khi ng\u1ed3i l\u00e2u. Ch\u1ea5t li\u1ec7u l\u01b0\u1edbi cao c\u1ea5p \u0111\u1ea3m b\u1ea3o kh\u1ea3 n\u0103ng th\u00f4ng kh\u00ed t\u1ed1t, ng\u0103n ng\u1eeba c\u1ea3m gi\u00e1c n\u00f3ng b\u00ed, \u0111\u1eb7c bi\u1ec7t hi\u1ec7u qu\u1ea3 trong m\u00f4i tr\u01b0\u1eddng v\u0103n ph\u00f2ng m\u00e1y l\u1ea1nh ho\u1eb7c khu v\u1ef1c l\u00e0m vi\u1ec7c \u0111\u00f4ng ng\u01b0\u1eddi. Ph\u1ea7n \u0111\u1ec7m ng\u1ed3i \u0111\u01b0\u1ee3c l\u00e0m t\u1eeb m\u00fat x\u1ed1p b\u1ecdc v\u1ea3i l\u01b0\u1edbi ho\u1eb7c PVC, mang \u0111\u1ebfn \u0111\u1ed9 \u00eam \u00e1i, \u0111\u00e0n h\u1ed3i cao v\u00e0 b\u1ec1n b\u1ec9 theo th\u1eddi gian, gi\u00fap ng\u01b0\u1eddi d\u00f9ng tho\u1ea3i m\u00e1i ng\u1ed3i l\u00e0m vi\u1ec7c li\u00ean t\u1ee5c trong nhi\u1ec1u gi\u1edd.<\/p>\n<p data-start=\"1718\" data-end=\"2290\">Gh\u1ebf nh\u00e2n vi\u00ean GL217 s\u1eed d\u1ee5ng tay gh\u1ebf b\u1eb1ng nh\u1ef1a ch\u1eafc ch\u1eafn, thi\u1ebft k\u1ebf c\u1ed1 \u0111\u1ecbnh, chi\u1ec1u cao h\u1ee3p l\u00fd \u0111\u1ec3 t\u1ea1o t\u01b0 th\u1ebf \u0111\u1eb7t tay tho\u1ea3i m\u00e1i, gi\u1ea3m m\u1ecfi vai v\u00e0 c\u1ed5 trong qu\u00e1 tr\u00ecnh s\u1eed d\u1ee5ng l\u00e2u d\u00e0i. Ph\u1ea7n ch\u00e2n gh\u1ebf c\u00f3 hai t\u00f9y ch\u1ecdn: ch\u00e2n nh\u1ef1a v\u00e0 ch\u00e2n m\u1ea1. Ch\u00e2n m\u1ea1 mang l\u1ea1i v\u1ebb sang tr\u1ecdng, \u0111\u1ed9 b\u1ec1n cao v\u00e0 \u1ed5n \u0111\u1ecbnh h\u01a1n, ph\u00f9 h\u1ee3p v\u1edbi nh\u1eefng kh\u00f4ng gian v\u0103n ph\u00f2ng c\u1ea7n t\u00ednh th\u1ea9m m\u1ef9. Ch\u00e2n nh\u1ef1a nh\u1eb9, d\u1ec5 di chuy\u1ec3n v\u00e0 linh ho\u1ea1t khi thay \u0111\u1ed5i b\u1ed1 tr\u00ed kh\u00f4ng gian l\u00e0m vi\u1ec7c. C\u1ea3 hai lo\u1ea1i ch\u00e2n \u0111\u1ec1u \u0111\u01b0\u1ee3c trang b\u1ecb b\u00e1nh xe di chuy\u1ec3n linh ho\u1ea1t, gi\u00fap ng\u01b0\u1eddi d\u00f9ng d\u1ec5 d\u00e0ng xoay chuy\u1ec3n gh\u1ebf m\u00e0 kh\u00f4ng l\u00e0m tr\u1ea7y s\u00e0n ho\u1eb7c g\u00e2y ti\u1ebfng \u1ed3n.<\/p>\n<p data-start=\"2292\" data-end=\"2618\">Gh\u1ebf GL217 c\u00f2n \u0111\u01b0\u1ee3c trang b\u1ecb c\u01a1 c\u1ea5u tr\u1ee5c n\u00e2ng th\u1ee7y l\u1ef1c ch\u1ea5t l\u01b0\u1ee3ng cao, cho ph\u00e9p \u0111i\u1ec1u ch\u1ec9nh chi\u1ec1u cao gh\u1ebf t\u1eeb 985\u20131080 mm (ch\u00e2n nh\u1ef1a) v\u00e0 975\u20131055 mm (ch\u00e2n m\u1ea1), gi\u00fap ph\u00f9 h\u1ee3p v\u1edbi nhi\u1ec1u k\u00edch th\u01b0\u1edbc b\u00e0n l\u00e0m vi\u1ec7c v\u00e0 v\u00f3c d\u00e1ng ng\u01b0\u1eddi s\u1eed d\u1ee5ng. T\u00ednh n\u0103ng n\u00e0y t\u1ed1i \u01b0u h\u00f3a t\u01b0 th\u1ebf ng\u1ed3i, n\u00e2ng cao s\u1ef1 tho\u1ea3i m\u00e1i v\u00e0 hi\u1ec7u qu\u1ea3 l\u00e0m vi\u1ec7c cho nh\u00e2n vi\u00ean.<\/p>\n<p data-start=\"2620\" data-end=\"2952\">V\u1edbi thi\u1ebft k\u1ebf c\u1ee1 l\u1edbn, GL217 cung c\u1ea5p kh\u00f4ng gian ng\u1ed3i r\u1ed9ng r\u00e3i, k\u1ebft h\u1ee3p v\u1edbi \u0111\u1ec7m v\u00e0 l\u01b0\u1edbi cao c\u1ea5p, mang l\u1ea1i c\u1ea3m gi\u00e1c t\u1ef1 do, kh\u00f4ng g\u00f2 b\u00f3, gi\u00fap ng\u01b0\u1eddi d\u00f9ng th\u01b0 gi\u00e3n trong gi\u1edd l\u00e0m vi\u1ec7c. Ki\u1ec3u d\u00e1ng hi\u1ec7n \u0111\u1ea1i, m\u00e0u s\u1eafc h\u00e0i h\u00f2a d\u1ec5 ph\u1ed1i v\u1edbi nhi\u1ec1u lo\u1ea1i n\u1ed9i th\u1ea5t v\u0103n ph\u00f2ng, t\u1eeb b\u00e0n l\u00e0m vi\u1ec7c, k\u1ec7 t\u1ee7 \u0111\u1ebfn kh\u00f4ng gian ph\u00f2ng h\u1ecdp hay khu v\u1ef1c l\u00e0m vi\u1ec7c chung.<\/p>\n<p data-start=\"2954\" data-end=\"3271\">Gh\u1ebf nh\u00e2n vi\u00ean GL217 kh\u00f4ng ch\u1ec9 \u0111\u00e1p \u1ee9ng nhu c\u1ea7u s\u1eed d\u1ee5ng l\u00e2u d\u00e0i v\u1edbi ch\u1ea5t l\u01b0\u1ee3ng v\u00e0 \u0111\u1ed9 b\u1ec1n cao m\u00e0 c\u00f2n g\u00f3p ph\u1ea7n n\u00e2ng cao h\u00ecnh \u1ea3nh chuy\u00ean nghi\u1ec7p c\u1ee7a v\u0103n ph\u00f2ng. \u0110\u00e2y l\u00e0 l\u1ef1a ch\u1ecdn l\u00fd t\u01b0\u1edfng cho c\u00e1c doanh nghi\u1ec7p \u0111ang t\u00ecm ki\u1ebfm gh\u1ebf l\u01b0\u1edbi cao c\u1ea5p, tho\u1ea3i m\u00e1i, \u0111a n\u0103ng v\u00e0 c\u00f3 thi\u1ebft k\u1ebf hi\u1ec7n \u0111\u1ea1i ph\u00f9 h\u1ee3p v\u1edbi m\u00f4i tr\u01b0\u1eddng l\u00e0m vi\u1ec7c n\u0103ng \u0111\u1ed9ng.<\/p>\n<p data-start=\"3273\" data-end=\"3536\" data-is-last-node=\"\" data-is-only-node=\"\">V\u1edbi GL217, ng\u01b0\u1eddi s\u1eed d\u1ee5ng s\u1ebd c\u00f3 tr\u1ea3i nghi\u1ec7m ng\u1ed3i t\u1ed1i \u01b0u nh\u1edd s\u1ef1 k\u1ebft h\u1ee3p gi\u1eefa l\u01b0\u1edbi tho\u00e1ng kh\u00ed, \u0111\u1ec7m \u00eam \u00e1i, khung ch\u1eafc ch\u1eafn v\u00e0 kh\u1ea3 n\u0103ng \u0111i\u1ec1u ch\u1ec9nh linh ho\u1ea1t, t\u1ea1o n\u00ean m\u1ed9t s\u1ea3n ph\u1ea9m v\u1eeba ti\u1ec7n d\u1ee5ng, v\u1eeba th\u1ea9m m\u1ef9, x\u1ee9ng \u0111\u00e1ng tr\u1edf th\u00e0nh l\u1ef1a ch\u1ecdn h\u00e0ng \u0111\u1ea7u cho v\u0103n ph\u00f2ng hi\u1ec7n \u0111\u1ea1i.<\/p>\n","protected":false},"excerpt":{"rendered":"<p data-start=\"56\" data-end=\"375\">Gh\u1ebf nh\u00e2n vi\u00ean GL217 l\u00e0 m\u1eabu gh\u1ebf l\u01b0\u1edbi c\u1ee1 l\u1edbn cao c\u1ea5p, thi\u1ebft k\u1ebf khung t\u1ef1a b\u1eb1ng nh\u1ef1a b\u1ecdc v\u1ea3i l\u01b0\u1edbi k\u1ebft h\u1ee3p \u0111\u1ec7m m\u00fat b\u1ecdc v\u1ea3i l\u01b0\u1edbi x\u1ed1p ho\u1eb7c PVC, mang l\u1ea1i s\u1ef1 tho\u1ea3i m\u00e1i t\u1ed1i \u0111a cho ng\u01b0\u1eddi s\u1eed d\u1ee5ng. S\u1ea3n ph\u1ea9m c\u00f3 hai t\u00f9y ch\u1ecdn ch\u00e2n gh\u1ebf g\u1ed3m ch\u00e2n m\u1ea1 ho\u1eb7c ch\u00e2n nh\u1ef1a, \u0111\u00e1p \u1ee9ng nhu c\u1ea7u s\u1eed d\u1ee5ng trong nhi\u1ec1u lo\u1ea1i kh\u00f4ng gian v\u0103n ph\u00f2ng kh\u00e1c nhau.<\/p>\n<p data-start=\"377\" data-end=\"477\">Ch\u00e2n gh\u1ebf nh\u1ef1a &#8211; <span style=\"color: #ed1c24; font-size: 120%;\"><strong>1.198.000 \u0111<\/strong><\/span><br \/>\nKT: W610 x D565 x H985\u20131080 (mm)<br data-start=\"433\" data-end=\"436\" \/>Ch\u00e2n gh\u1ebf m\u1ea1 &#8211; <span style=\"color: #ed1c24; font-size: 120%;\"><strong>1.419.000 \u0111<\/strong><\/span><br \/>\nKT: W610 x D565 x H975\u20131055 (mm)<\/p>\n<p data-start=\"479\" data-end=\"774\">Xu\u1ea5t x\u1ee9: S\u1ea3n ph\u1ea9m c\u1ee7a c\u00f4ng ty N\u1ed8I TH\u1ea4T THE ONE \u2013 Ph\u00e2n ph\u1ed1i b\u1edfi C\u00d4NG TY TNHH SXTM TTNT H\u1eeeU TH\u1ecaNH<br data-start=\"574\" data-end=\"577\" \/>B\u1ea3o h\u00e0nh: 12 th\u00e1ng theo ti\u00eau chu\u1ea9n nh\u00e0 m\u00e1y<br data-start=\"619\" data-end=\"622\" \/><span style=\"color: #ed1c24;\"><em data-start=\"622\" data-end=\"774\">L\u01b0u \u00fd: Gi\u00e1 tr\u00ean ch\u01b0a bao g\u1ed3m VAT v\u00e0 ph\u00ed v\u1eadn chuy\u1ec3n. Gi\u00e1 s\u1ea3n ph\u1ea9m c\u00f3 th\u1ec3 thay \u0111\u1ed5i theo t\u1eebng th\u1eddi \u0111i\u1ec3m, vui l\u00f2ng li\u00ean h\u1ec7 \u0111\u1ec3 nh\u1eadn t\u01b0 v\u1ea5n \u01b0u \u0111\u00e3i t\u1ed1t nh\u1ea5t.<\/em><\/span><\/p>\n","protected":false},"featured_media":5032,"comment_status":"open","ping_status":"closed","template":"","meta":[],"product_brand":[],"product_cat":[17,303],"product_tag":[],"class_list":{"0":"post-5031","1":"product","2":"type-product","3":"status-publish","4":"has-post-thumbnail","6":"product_cat-noi-that-van-phong","7":"product_cat-ghe-nhan-vien","9":"first","10":"instock","11":"taxable","12":"shipping-taxable","13":"purchasable","14":"product-type-simple"},"_links":{"self":[{"href":"https:\/\/www.noithathuuthinh.vn\/zh-hans\/wp-json\/wp\/v2\/product\/5031","targetHints":{"allow":["GET"]}}],"collection":[{"href":"https:\/\/www.noithathuuthinh.vn\/zh-hans\/wp-json\/wp\/v2\/product"}],"about":[{"href":"https:\/\/www.noithathuuthinh.vn\/zh-hans\/wp-json\/wp\/v2\/types\/product"}],"replies":[{"embeddable":true,"href":"https:\/\/www.noithathuuthinh.vn\/zh-hans\/wp-json\/wp\/v2\/comments?post=5031"}],"wp:featuredmedia":[{"embeddable":true,"href":"https:\/\/www.noithathuuthinh.vn\/zh-hans\/wp-json\/wp\/v2\/media\/5032"}],"wp:attachment":[{"href":"https:\/\/www.noithathuuthinh.vn\/zh-hans\/wp-json\/wp\/v2\/media?parent=5031"}],"wp:term":[{"taxonomy":"product_brand","embeddable":true,"href":"https:\/\/www.noithathuuthinh.vn\/zh-hans\/wp-json\/wp\/v2\/product_brand?post=5031"},{"taxonomy":"product_cat","embeddable":true,"href":"https:\/\/www.noithathuuthinh.vn\/zh-hans\/wp-json\/wp\/v2\/product_cat?post=5031"},{"taxonomy":"product_tag","embeddable":true,"href":"https:\/\/www.noithathuuthinh.vn\/zh-hans\/wp-json\/wp\/v2\/product_tag?post=5031"}],"curies":[{"name":"wp","href":"https:\/\/api.w.org\/{rel}","templated":true}]}}