{"id":8040,"date":"2026-03-28T16:07:39","date_gmt":"2026-03-28T09:07:39","guid":{"rendered":"https:\/\/noithathuuthinh.vn\/?post_type=product&#038;p=8040"},"modified":"2026-03-28T16:07:40","modified_gmt":"2026-03-28T09:07:40","slug":"ghe-bang-cho-gpc06-2","status":"publish","type":"product","link":"https:\/\/www.noithathuuthinh.vn\/zh-hans\/san-pham\/ghe-bang-cho-gpc06-2\/","title":{"rendered":"Gh\u1ebf b\u0103ng ch\u1edd GPC06-2"},"content":{"rendered":"<p data-start=\"884\" data-end=\"1173\">Gh\u1ebf b\u0103ng ch\u1edd GPC06-2 l\u00e0 l\u1ef1a ch\u1ecdn ph\u00f9 h\u1ee3p cho c\u00e1c khu v\u1ef1c ti\u1ebfp \u0111\u00f3n v\u00e0 ch\u1edd \u0111\u1ee3i y\u00eau c\u1ea7u cao v\u1ec1 \u0111\u1ed9 b\u1ec1n, t\u00ednh \u1ed5n \u0111\u1ecbnh v\u00e0 th\u1ea9m m\u1ef9. V\u1edbi thi\u1ebft k\u1ebf hi\u1ec7n \u0111\u1ea1i c\u00f9ng s\u1ef1 k\u1ebft h\u1ee3p gi\u1eefa ch\u00e2n nh\u00f4m \u0111\u00fac v\u00e0 khung th\u00e9p m\u1ea1 Ni-Cr, s\u1ea3n ph\u1ea9m mang l\u1ea1i s\u1ef1 ch\u1eafc ch\u1eafn v\u00e0 \u0111\u1ed9 b\u1ec1n v\u01b0\u1ee3t tr\u1ed9i trong qu\u00e1 tr\u00ecnh s\u1eed d\u1ee5ng l\u00e2u d\u00e0i.<\/p>\n<p data-start=\"1175\" data-end=\"1470\">\u0110i\u1ec3m n\u1ed5i b\u1eadt c\u1ee7a GPC06-2 n\u1eb1m \u1edf ph\u1ea7n ch\u00e2n gh\u1ebf \u0111\u01b0\u1ee3c l\u00e0m t\u1eeb nh\u00f4m \u0111\u00fac, gi\u00fap t\u0103ng kh\u1ea3 n\u0103ng ch\u1ecbu l\u1ef1c v\u00e0 \u0111\u1ed9 \u1ed5n \u0111\u1ecbnh khi s\u1eed d\u1ee5ng. Ch\u1ea5t li\u1ec7u nh\u00f4m kh\u00f4ng ch\u1ec9 nh\u1eb9 h\u01a1n so v\u1edbi th\u00e9p m\u00e0 c\u00f2n c\u00f3 kh\u1ea3 n\u0103ng ch\u1ed1ng \u0103n m\u00f2n t\u1ed1t, gi\u00fap s\u1ea3n ph\u1ea9m ph\u00f9 h\u1ee3p v\u1edbi nhi\u1ec1u m\u00f4i tr\u01b0\u1eddng kh\u00e1c nhau, \u0111\u1eb7c bi\u1ec7t l\u00e0 c\u00e1c khu v\u1ef1c c\u00f3 \u0111\u1ed9 \u1ea9m cao.<\/p>\n<p data-start=\"1472\" data-end=\"1727\">Khung gh\u1ebf \u0111\u01b0\u1ee3c gia c\u00f4ng t\u1eeb th\u00e9p s\u01a1n t\u0129nh \u0111i\u1ec7n k\u1ebft h\u1ee3p m\u1ea1 Ni-Cr, gi\u00fap t\u0103ng kh\u1ea3 n\u0103ng ch\u1ed1ng oxy h\u00f3a, h\u1ea1n ch\u1ebf han g\u1ec9 v\u00e0 gi\u1eef \u0111\u01b0\u1ee3c b\u1ec1 m\u1eb7t s\u00e1ng \u0111\u1eb9p theo th\u1eddi gian. S\u1ef1 k\u1ebft h\u1ee3p gi\u1eefa c\u00e1c v\u1eadt li\u1ec7u n\u00e0y mang l\u1ea1i \u0111\u1ed9 b\u1ec1n cao \u0111\u1ed3ng th\u1eddi n\u00e2ng cao t\u00ednh th\u1ea9m m\u1ef9 cho s\u1ea3n ph\u1ea9m.<\/p>\n<p data-start=\"1729\" data-end=\"1985\">Ph\u1ea7n \u0111\u1ec7m gh\u1ebf \u0111\u01b0\u1ee3c thi\u1ebft k\u1ebf \u0111\u1ed9t l\u1ed7 th\u00f4ng tho\u00e1ng, gi\u00fap t\u0103ng kh\u1ea3 n\u0103ng l\u01b0u th\u00f4ng kh\u00f4ng kh\u00ed v\u00e0 gi\u1ea3m c\u1ea3m gi\u00e1c n\u00f3ng khi ng\u1ed3i trong th\u1eddi gian d\u00e0i. \u0110\u00e2y l\u00e0 y\u1ebfu t\u1ed1 quan tr\u1ecdng gi\u00fap n\u00e2ng cao tr\u1ea3i nghi\u1ec7m ng\u01b0\u1eddi d\u00f9ng, \u0111\u1eb7c bi\u1ec7t trong c\u00e1c khu v\u1ef1c ch\u1edd c\u00f3 l\u01b0u l\u01b0\u1ee3ng ng\u01b0\u1eddi l\u1edbn.<\/p>\n<p data-start=\"1987\" data-end=\"2242\">V\u1ec1 thi\u1ebft k\u1ebf t\u1ed5ng th\u1ec3, GPC06-2 mang phong c\u00e1ch hi\u1ec7n \u0111\u1ea1i v\u1edbi c\u00e1c \u0111\u01b0\u1eddng n\u00e9t \u0111\u01a1n gi\u1ea3n, d\u1ec5 d\u00e0ng b\u1ed1 tr\u00ed trong nhi\u1ec1u kh\u00f4ng gian kh\u00e1c nhau. D\u1ea1ng b\u0103ng gh\u1ebf gi\u00fap t\u1ed1i \u01b0u di\u1ec7n t\u00edch s\u1eed d\u1ee5ng, cho ph\u00e9p nhi\u1ec1u ng\u01b0\u1eddi ng\u1ed3i c\u00f9ng l\u00fac m\u00e0 v\u1eabn \u0111\u1ea3m b\u1ea3o s\u1ef1 g\u1ecdn g\u00e0ng cho khu v\u1ef1c ch\u1edd.<\/p>\n<p data-start=\"2244\" data-end=\"2467\">K\u00edch th\u01b0\u1edbc W1275 x D660 x H790 mm mang l\u1ea1i kh\u00f4ng gian ng\u1ed3i v\u1eeba ph\u1ea3i, ph\u00f9 h\u1ee3p v\u1edbi c\u00e1c khu v\u1ef1c ch\u1edd c\u00f3 di\u1ec7n t\u00edch trung b\u00ecnh. Chi\u1ec1u s\u00e2u v\u00e0 chi\u1ec1u cao gh\u1ebf \u0111\u01b0\u1ee3c thi\u1ebft k\u1ebf h\u1ee3p l\u00fd, gi\u00fap ng\u01b0\u1eddi d\u00f9ng c\u00f3 t\u01b0 th\u1ebf ng\u1ed3i tho\u1ea3i m\u00e1i v\u00e0 \u1ed5n \u0111\u1ecbnh.<\/p>\n<p data-start=\"2469\" data-end=\"2703\">Ngo\u00e0i ra, b\u1ec1 m\u1eb7t kim lo\u1ea1i gi\u00fap vi\u1ec7c v\u1ec7 sinh tr\u1edf n\u00ean nhanh ch\u00f3ng v\u00e0 d\u1ec5 d\u00e0ng. Ng\u01b0\u1eddi d\u00f9ng ch\u1ec9 c\u1ea7n lau ch\u00f9i l\u00e0 c\u00f3 th\u1ec3 gi\u1eef gh\u1ebf lu\u00f4n s\u1ea1ch s\u1ebd, \u0111\u00e1p \u1ee9ng t\u1ed1t c\u00e1c ti\u00eau chu\u1ea9n v\u1ec7 sinh t\u1ea1i c\u00e1c khu v\u1ef1c c\u00f4ng c\u1ed9ng nh\u01b0 b\u1ec7nh vi\u1ec7n ho\u1eb7c trung t\u00e2m d\u1ecbch v\u1ee5.<\/p>\n<p data-start=\"2705\" data-end=\"3041\">T\u1ed5ng k\u1ebft l\u1ea1i, gh\u1ebf b\u0103ng ch\u1edd GPC06-2 l\u00e0 s\u1ef1 k\u1ebft h\u1ee3p gi\u1eefa ch\u00e2n nh\u00f4m \u0111\u00fac ch\u1eafc ch\u1eafn, khung th\u00e9p s\u01a1n t\u0129nh \u0111i\u1ec7n m\u1ea1 Ni-Cr b\u1ec1n b\u1ec9 v\u00e0 thi\u1ebft k\u1ebf \u0111\u1ed9t l\u1ed7 th\u00f4ng tho\u00e1ng. V\u1edbi \u0111\u1ed9 b\u1ec1n cao, thi\u1ebft k\u1ebf hi\u1ec7n \u0111\u1ea1i v\u00e0 kh\u1ea3 n\u0103ng s\u1eed d\u1ee5ng linh ho\u1ea1t, s\u1ea3n ph\u1ea9m l\u00e0 l\u1ef1a ch\u1ecdn ph\u00f9 h\u1ee3p cho c\u00e1c kh\u00f4ng gian c\u00f4ng c\u1ed9ng c\u1ea7n s\u1ef1 ti\u1ec7n nghi, chuy\u00ean nghi\u1ec7p v\u00e0 hi\u1ec7u qu\u1ea3 s\u1eed d\u1ee5ng l\u00e2u d\u00e0i.<\/p>\n","protected":false},"excerpt":{"rendered":"<p data-start=\"142\" data-end=\"486\">Gh\u1ebf b\u0103ng ch\u1edd GPC06-2 l\u00e0 m\u1eabu gh\u1ebf ph\u00f2ng ch\u1edd thi\u1ebft k\u1ebf hi\u1ec7n \u0111\u1ea1i v\u1edbi ch\u00e2n nh\u00f4m \u0111\u00fac ch\u1eafc ch\u1eafn, k\u1ebft h\u1ee3p khung th\u00e9p s\u01a1n t\u0129nh \u0111i\u1ec7n m\u1ea1 Ni-Cr, mang l\u1ea1i \u0111\u1ed9 b\u1ec1n cao v\u00e0 kh\u1ea3 n\u0103ng ch\u1ecbu l\u1ef1c t\u1ed1t. Ph\u1ea7n \u0111\u1ec7m gh\u1ebf \u0111\u01b0\u1ee3c thi\u1ebft k\u1ebf \u0111\u1ed9t l\u1ed7 gi\u00fap t\u0103ng \u0111\u1ed9 th\u00f4ng tho\u00e1ng, t\u1ea1o c\u1ea3m gi\u00e1c ng\u1ed3i tho\u1ea3i m\u00e1i, ph\u00f9 h\u1ee3p cho c\u00e1c khu v\u1ef1c ch\u1edd nh\u01b0 b\u1ec7nh vi\u1ec7n, v\u0103n ph\u00f2ng ho\u1eb7c trung t\u00e2m d\u1ecbch v\u1ee5.<\/p>\n<p data-start=\"488\" data-end=\"837\">K\u00edch th\u01b0\u1edbc: GPC06-2: W1275 x D660 x H790 mm<br data-start=\"531\" data-end=\"534\" \/>Xu\u1ea5t x\u1ee9: S\u1ea3n ph\u1ea9m c\u1ee7a c\u00f4ng ty <strong data-start=\"564\" data-end=\"584\">N\u1ed8I TH\u1ea4T THE ONE<\/strong> \u2013 Ph\u00e2n ph\u1ed1i b\u1edfi <strong data-start=\"601\" data-end=\"637\">C\u00d4NG TY TNHH SXTM TTNT H\u1eeeU TH\u1ecaNH<\/strong>.<br data-start=\"638\" data-end=\"641\" \/>B\u1ea3o h\u00e0nh: 12 th\u00e1ng theo ti\u00eau chu\u1ea9n nh\u00e0 m\u00e1y.<br data-start=\"684\" data-end=\"687\" \/>L\u01b0u \u00fd: Gi\u00e1 tr\u00ean ch\u01b0a bao g\u1ed3m VAT v\u00e0 ph\u00ed v\u1eadn chuy\u1ec3n. Gi\u00e1 s\u1ea3n ph\u1ea9m c\u00f3 th\u1ec3 thay \u0111\u1ed5i theo t\u1eebng th\u1eddi \u0111i\u1ec3m, vui l\u00f2ng li\u00ean h\u1ec7 \u0111\u1ec3 nh\u1eadn t\u01b0 v\u1ea5n \u01b0u \u0111\u00e3i t\u1ed1t nh\u1ea5t.<\/p>\n","protected":false},"featured_media":8041,"comment_status":"open","ping_status":"closed","template":"","meta":[],"product_brand":[],"product_cat":[19,127],"product_tag":[],"class_list":{"0":"post-8040","1":"product","2":"type-product","3":"status-publish","4":"has-post-thumbnail","6":"product_cat-noi-that-cong-trinh","7":"product_cat-ghe-bang-cho","9":"first","10":"instock","11":"taxable","12":"shipping-taxable","13":"purchasable","14":"product-type-simple"},"_links":{"self":[{"href":"https:\/\/www.noithathuuthinh.vn\/zh-hans\/wp-json\/wp\/v2\/product\/8040","targetHints":{"allow":["GET"]}}],"collection":[{"href":"https:\/\/www.noithathuuthinh.vn\/zh-hans\/wp-json\/wp\/v2\/product"}],"about":[{"href":"https:\/\/www.noithathuuthinh.vn\/zh-hans\/wp-json\/wp\/v2\/types\/product"}],"replies":[{"embeddable":true,"href":"https:\/\/www.noithathuuthinh.vn\/zh-hans\/wp-json\/wp\/v2\/comments?post=8040"}],"wp:featuredmedia":[{"embeddable":true,"href":"https:\/\/www.noithathuuthinh.vn\/zh-hans\/wp-json\/wp\/v2\/media\/8041"}],"wp:attachment":[{"href":"https:\/\/www.noithathuuthinh.vn\/zh-hans\/wp-json\/wp\/v2\/media?parent=8040"}],"wp:term":[{"taxonomy":"product_brand","embeddable":true,"href":"https:\/\/www.noithathuuthinh.vn\/zh-hans\/wp-json\/wp\/v2\/product_brand?post=8040"},{"taxonomy":"product_cat","embeddable":true,"href":"https:\/\/www.noithathuuthinh.vn\/zh-hans\/wp-json\/wp\/v2\/product_cat?post=8040"},{"taxonomy":"product_tag","embeddable":true,"href":"https:\/\/www.noithathuuthinh.vn\/zh-hans\/wp-json\/wp\/v2\/product_tag?post=8040"}],"curies":[{"name":"wp","href":"https:\/\/api.w.org\/{rel}","templated":true}]}}