{"id":8812,"date":"2026-04-18T15:17:53","date_gmt":"2026-04-18T08:17:53","guid":{"rendered":"https:\/\/noithathuuthinh.vn\/?post_type=product&#038;p=8812"},"modified":"2026-04-18T15:17:54","modified_gmt":"2026-04-18T08:17:54","slug":"ban-trang-diem-pht01","status":"publish","type":"product","link":"https:\/\/www.noithathuuthinh.vn\/zh-hans\/san-pham\/ban-trang-diem-pht01\/","title":{"rendered":"B\u00e0n trang \u0111i\u1ec3m PHT01"},"content":{"rendered":"<p data-start=\"872\" data-end=\"1278\"><a href=\"https:\/\/noithathuuthinh.vn\/danh-muc-san-pham\/noi-that-gia-dinh\/ban-trang-diem\/\">B\u00e0n trang \u0111i\u1ec3m PHT01<\/a> l\u00e0 m\u1eabu b\u00e0n trang \u0111i\u1ec3m c\u00e1 nh\u00e2n \u0111\u01b0\u1ee3c thi\u1ebft k\u1ebf theo phong c\u00e1ch \u0111\u01a1n gi\u1ea3n, mang \u0111\u1ebfn kh\u00f4ng gian l\u00e0m \u0111\u1eb9p ti\u1ec7n nghi v\u00e0 hi\u1ec7n \u0111\u1ea1i cho ph\u00f2ng ng\u1ee7. V\u1edbi ki\u1ec3u d\u00e1ng thanh l\u1ecbch c\u00f9ng k\u00edch th\u01b0\u1edbc c\u00e2n \u0111\u1ed1i, B\u00e0n trang \u0111i\u1ec3m PHT01 gi\u00fap t\u1ea1o \u0111i\u1ec3m nh\u1ea5n n\u1ed5i b\u1eadt \u0111\u1ed3ng th\u1eddi mang l\u1ea1i s\u1ef1 g\u1ecdn g\u00e0ng cho khu v\u1ef1c s\u1eed d\u1ee5ng. S\u1ea3n ph\u1ea9m ph\u00f9 h\u1ee3p v\u1edbi c\u0103n h\u1ed9 chung c\u01b0, nh\u00e0 ph\u1ed1 ho\u1eb7c ph\u00f2ng ng\u1ee7 c\u00f3 nhi\u1ec1u phong c\u00e1ch n\u1ed9i th\u1ea5t kh\u00e1c nhau.<\/p>\n<p data-start=\"1280\" data-end=\"1627\">\u0110i\u1ec3m n\u1ed5i b\u1eadt c\u1ee7a B\u00e0n trang \u0111i\u1ec3m PHT01 n\u1eb1m \u1edf thi\u1ebft k\u1ebf ti\u1ec7n d\u1ee5ng v\u1edbi nhi\u1ec1u k\u1ec7 v\u00e0 h\u1ed9c ng\u0103n k\u00e9o th\u00f4ng minh. C\u00e1c k\u1ec7 m\u1edf gi\u00fap tr\u01b0ng b\u00e0y n\u01b0\u1edbc hoa, m\u1ef9 ph\u1ea9m ho\u1eb7c ph\u1ee5 ki\u1ec7n th\u01b0\u1eddng d\u00f9ng, trong khi c\u00e1c ng\u0103n k\u00e9o h\u1ed7 tr\u1ee3 l\u01b0u tr\u1eef v\u1eadt d\u1ee5ng c\u00e1 nh\u00e2n k\u00edn \u0111\u00e1o v\u00e0 ng\u0103n n\u1eafp. Nh\u1edd b\u1ed1 c\u1ee5c h\u1ee3p l\u00fd, B\u00e0n trang \u0111i\u1ec3m PHT01 mang l\u1ea1i s\u1ef1 thu\u1eadn ti\u1ec7n trong qu\u00e1 tr\u00ecnh s\u1eed d\u1ee5ng h\u1eb1ng ng\u00e0y.<\/p>\n<p data-start=\"1629\" data-end=\"2033\">B\u00e0n trang \u0111i\u1ec3m PHT01 \u0111\u01b0\u1ee3c s\u1ea3n xu\u1ea5t t\u1eeb g\u1ed7 c\u00f4ng nghi\u1ec7p MDF ch\u1ed1ng \u1ea9m ph\u1ee7 Melamine cao c\u1ea5p. \u0110\u00e2y l\u00e0 v\u1eadt li\u1ec7u c\u00f3 \u0111\u1ed9 b\u1ec1n cao, kh\u1ea3 n\u0103ng ch\u1ed1ng tr\u1ea7y x\u01b0\u1edbc t\u1ed1t v\u00e0 h\u1ea1n ch\u1ebf cong v\u00eanh trong \u0111i\u1ec1u ki\u1ec7n s\u1eed d\u1ee5ng l\u00e2u d\u00e0i. B\u1ec1 m\u1eb7t ph\u1ee7 Melamine gi\u00fap ch\u1ed1ng b\u00e1m b\u1ee5i, d\u1ec5 lau ch\u00f9i v\u00e0 gi\u1eef m\u00e0u s\u1eafc \u1ed5n \u0111\u1ecbnh theo th\u1eddi gian. Nh\u1edd ch\u1ea5t li\u1ec7u b\u1ec1n b\u1ec9, B\u00e0n trang \u0111i\u1ec3m PHT01 lu\u00f4n \u0111\u1ea3m b\u1ea3o \u0111\u1ed9 b\u1ec1n \u0111\u1eb9p v\u00e0 ph\u00f9 h\u1ee3p v\u1edbi nhu c\u1ea7u s\u1eed d\u1ee5ng th\u01b0\u1eddng xuy\u00ean.<\/p>\n<p data-start=\"2035\" data-end=\"2342\">Kh\u00f4ng gian l\u01b0u tr\u1eef c\u1ee7a B\u00e0n trang \u0111i\u1ec3m PHT01 \u0111\u01b0\u1ee3c thi\u1ebft k\u1ebf khoa h\u1ecdc nh\u1eb1m t\u1ed1i \u01b0u c\u00f4ng n\u0103ng s\u1eed d\u1ee5ng. C\u00e1c ng\u0103n k\u00e9o r\u1ed9ng r\u00e3i gi\u00fap c\u1ea5t gi\u1eef m\u1ef9 ph\u1ea9m, m\u00e1y s\u1ea5y t\u00f3c, trang s\u1ee9c ho\u1eb7c v\u1eadt d\u1ee5ng c\u00e1 nh\u00e2n m\u1ed9t c\u00e1ch g\u1ecdn g\u00e0ng. H\u1ec7 k\u1ec7 ph\u00eda tr\u00ean t\u1ea1o th\u00eam di\u1ec7n t\u00edch s\u1eafp x\u1ebfp \u0111\u1ed3 d\u00f9ng, gi\u00fap khu v\u1ef1c trang \u0111i\u1ec3m lu\u00f4n s\u1ea1ch s\u1ebd v\u00e0 ng\u0103n n\u1eafp.<\/p>\n<h4 data-start=\"2035\" data-end=\"2342\"><a href=\"https:\/\/noithattheone-ht.com\/danh-muc\/gia-dinh\/\" target=\"_blank\" rel=\"noopener\">B\u00e0n trang \u0111i\u1ec3m PHT01<\/a><\/h4>\n<figure id=\"attachment_8815\" aria-describedby=\"caption-attachment-8815\" style=\"width: 1024px\" class=\"wp-caption aligncenter\"><img loading=\"lazy\" decoding=\"async\" class=\"wp-image-8815 size-full\" src=\"https:\/\/noithathuuthinh.vn\/wp-content\/uploads\/2026\/04\/PHT01-3.jpg\" alt=\"B\u00e0n trang \u0111i\u1ec3m PHT01\" width=\"1024\" height=\"768\" srcset=\"https:\/\/www.noithathuuthinh.vn\/wp-content\/uploads\/2026\/04\/PHT01-3.jpg 1024w, https:\/\/www.noithathuuthinh.vn\/wp-content\/uploads\/2026\/04\/PHT01-3-500x375.jpg 500w, https:\/\/www.noithathuuthinh.vn\/wp-content\/uploads\/2026\/04\/PHT01-3-300x225.jpg 300w, https:\/\/www.noithathuuthinh.vn\/wp-content\/uploads\/2026\/04\/PHT01-3-768x576.jpg 768w, https:\/\/www.noithathuuthinh.vn\/wp-content\/uploads\/2026\/04\/PHT01-3-720x540.jpg 720w, https:\/\/www.noithathuuthinh.vn\/wp-content\/uploads\/2026\/04\/PHT01-3-1000x750.jpg 1000w\" sizes=\"auto, (max-width: 1024px) 100vw, 1024px\" \/><figcaption id=\"caption-attachment-8815\" class=\"wp-caption-text\">B\u00e0n trang \u0111i\u1ec3m PHT01<\/figcaption><\/figure>\n<p data-start=\"2344\" data-end=\"2681\">V\u1edbi k\u00edch th\u01b0\u1edbc W1100 x D400 x H1400 mm, B\u00e0n trang \u0111i\u1ec3m PHT01 ph\u00f9 h\u1ee3p v\u1edbi nhi\u1ec1u kh\u00f4ng gian ph\u00f2ng ng\u1ee7 c\u00f3 di\u1ec7n t\u00edch v\u1eeba v\u00e0 nh\u1ecf. Chi\u1ec1u ngang r\u1ed9ng t\u1ea1o m\u1eb7t b\u00e0n tho\u1ea3i m\u00e1i khi s\u1eed d\u1ee5ng, trong khi chi\u1ec1u s\u00e2u v\u1eeba ph\u1ea3i gi\u00fap ti\u1ebft ki\u1ec7m di\u1ec7n t\u00edch. Thi\u1ebft k\u1ebf n\u00e0y gi\u00fap B\u00e0n trang \u0111i\u1ec3m PHT01 d\u1ec5 d\u00e0ng k\u1ebft h\u1ee3p c\u00f9ng gi\u01b0\u1eddng ng\u1ee7, t\u1ee7 \u00e1o ho\u1eb7c c\u00e1c m\u00f3n n\u1ed9i th\u1ea5t kh\u00e1c.<\/p>\n<p data-start=\"2683\" data-end=\"2987\">Thi\u1ebft k\u1ebf t\u1ed5ng th\u1ec3 c\u1ee7a B\u00e0n trang \u0111i\u1ec3m PHT01 mang l\u1ea1i c\u1ea3m gi\u00e1c hi\u1ec7n \u0111\u1ea1i v\u00e0 tinh t\u1ebf cho kh\u00f4ng gian ph\u00f2ng ng\u1ee7. \u0110\u01b0\u1eddng n\u00e9t \u0111\u01a1n gi\u1ea3n gi\u00fap s\u1ea3n ph\u1ea9m d\u1ec5 d\u00e0ng h\u00f2a h\u1ee3p v\u1edbi nhi\u1ec1u phong c\u00e1ch n\u1ed9i th\u1ea5t kh\u00e1c nhau. B\u00e0n trang \u0111i\u1ec3m PHT01 kh\u00f4ng ch\u1ec9 l\u00e0 n\u01a1i l\u00e0m \u0111\u1eb9p ti\u1ec7n l\u1ee3i m\u00e0 c\u00f2n g\u00f3p ph\u1ea7n n\u00e2ng cao t\u00ednh th\u1ea9m m\u1ef9 cho c\u0103n ph\u00f2ng.<\/p>\n<p data-start=\"2989\" data-end=\"3243\">Ngo\u00e0i ra, B\u00e0n trang \u0111i\u1ec3m PHT01 c\u00f2n c\u00f3 \u01b0u \u0111i\u1ec3m d\u1ec5 v\u1ec7 sinh v\u00e0 b\u1ea3o qu\u1ea3n. B\u1ec1 m\u1eb7t Melamine gi\u00fap lau ch\u00f9i nhanh ch\u00f3ng v\u00e0 h\u1ea1n ch\u1ebf b\u00e1m b\u1ee5i. K\u1ebft c\u1ea5u ch\u1eafc ch\u1eafn gi\u00fap s\u1ea3n ph\u1ea9m duy tr\u00ec \u0111\u1ed9 \u1ed5n \u0111\u1ecbnh trong qu\u00e1 tr\u00ecnh s\u1eed d\u1ee5ng l\u00e2u d\u00e0i, ph\u00f9 h\u1ee3p v\u1edbi nhu c\u1ea7u s\u1eed d\u1ee5ng h\u1eb1ng ng\u00e0y.<\/p>\n<p data-start=\"3245\" data-end=\"3443\" data-is-last-node=\"\" data-is-only-node=\"\">B\u00e0n trang \u0111i\u1ec3m PHT01 l\u00e0 s\u1ef1 k\u1ebft h\u1ee3p gi\u1eefa thi\u1ebft k\u1ebf \u0111\u01a1n gi\u1ea3n, ch\u1ea5t li\u1ec7u b\u1ec1n b\u1ec9 v\u00e0 c\u00f4ng n\u0103ng s\u1eed d\u1ee5ng hi\u1ec7u qu\u1ea3, ph\u00f9 h\u1ee3p v\u1edbi nhi\u1ec1u kh\u00f4ng gian ph\u00f2ng ng\u1ee7 hi\u1ec7n \u0111\u1ea1i, mang l\u1ea1i g\u00f3c l\u00e0m \u0111\u1eb9p ti\u1ec7n nghi v\u00e0 th\u1ea9m m\u1ef9.<img loading=\"lazy\" decoding=\"async\" class=\"aligncenter size-full wp-image-8817\" src=\"https:\/\/noithathuuthinh.vn\/wp-content\/uploads\/2026\/04\/PHT01-2.jpg\" alt=\"\" width=\"1024\" height=\"768\" srcset=\"https:\/\/www.noithathuuthinh.vn\/wp-content\/uploads\/2026\/04\/PHT01-2.jpg 1024w, https:\/\/www.noithathuuthinh.vn\/wp-content\/uploads\/2026\/04\/PHT01-2-500x375.jpg 500w, https:\/\/www.noithathuuthinh.vn\/wp-content\/uploads\/2026\/04\/PHT01-2-300x225.jpg 300w, https:\/\/www.noithathuuthinh.vn\/wp-content\/uploads\/2026\/04\/PHT01-2-768x576.jpg 768w, https:\/\/www.noithathuuthinh.vn\/wp-content\/uploads\/2026\/04\/PHT01-2-720x540.jpg 720w, https:\/\/www.noithathuuthinh.vn\/wp-content\/uploads\/2026\/04\/PHT01-2-1000x750.jpg 1000w\" sizes=\"auto, (max-width: 1024px) 100vw, 1024px\" \/> <img loading=\"lazy\" decoding=\"async\" class=\"aligncenter size-full wp-image-8813\" src=\"https:\/\/noithathuuthinh.vn\/wp-content\/uploads\/2026\/04\/PHT01.jpg\" alt=\"\" width=\"1024\" height=\"768\" srcset=\"https:\/\/www.noithathuuthinh.vn\/wp-content\/uploads\/2026\/04\/PHT01.jpg 1024w, https:\/\/www.noithathuuthinh.vn\/wp-content\/uploads\/2026\/04\/PHT01-500x375.jpg 500w, https:\/\/www.noithathuuthinh.vn\/wp-content\/uploads\/2026\/04\/PHT01-300x225.jpg 300w, https:\/\/www.noithathuuthinh.vn\/wp-content\/uploads\/2026\/04\/PHT01-768x576.jpg 768w, https:\/\/www.noithathuuthinh.vn\/wp-content\/uploads\/2026\/04\/PHT01-720x540.jpg 720w, https:\/\/www.noithathuuthinh.vn\/wp-content\/uploads\/2026\/04\/PHT01-1000x750.jpg 1000w\" sizes=\"auto, (max-width: 1024px) 100vw, 1024px\" \/><\/p>\n","protected":false},"excerpt":{"rendered":"<p data-start=\"55\" data-end=\"531\">B\u00e0n trang \u0111i\u1ec3m PHT01 l\u00e0 m\u1eabu b\u00e0n trang \u0111i\u1ec3m c\u00e1 nh\u00e2n \u0111\u01b0\u1ee3c thi\u1ebft k\u1ebf \u0111\u1eb9p m\u1eaft theo phong c\u00e1ch \u0111\u01a1n gi\u1ea3n, ph\u00f9 h\u1ee3p v\u1edbi nhi\u1ec1u kh\u00f4ng gian n\u1ed9i th\u1ea5t t\u1eeb hi\u1ec7n \u0111\u1ea1i \u0111\u1ebfn c\u1ed5 \u0111i\u1ec3n ho\u1eb7c vintage. S\u1ea3n ph\u1ea9m s\u1edf h\u1eefu ki\u1ec3u d\u00e1ng thanh l\u1ecbch c\u00f9ng nhi\u1ec1u k\u1ec7 v\u00e0 h\u1ed9c ng\u0103n k\u00e9o ti\u1ec7n d\u1ee5ng, gi\u00fap l\u01b0u tr\u1eef m\u1ef9 ph\u1ea9m v\u00e0 v\u1eadt d\u1ee5ng c\u00e1 nh\u00e2n g\u1ecdn g\u00e0ng, khoa h\u1ecdc. B\u00e0n \u0111\u01b0\u1ee3c s\u1ea3n xu\u1ea5t t\u1eeb g\u1ed7 c\u00f4ng nghi\u1ec7p MDF ch\u1ed1ng \u1ea9m ph\u1ee7 Melamine cao c\u1ea5p, mang l\u1ea1i \u0111\u1ed9 b\u1ec1n cao, kh\u1ea3 n\u0103ng ch\u1ed1ng tr\u1ea7y x\u01b0\u1edbc v\u00e0 h\u1ea1n ch\u1ebf cong v\u00eanh trong qu\u00e1 tr\u00ecnh s\u1eed d\u1ee5ng.<\/p>\n<p><span style=\"color: #ed1c24;\"><em>M\u00e0u g\u1ed7 tu\u1ef3 ch\u1ecdn theo y\u00eau c\u1ea7u c\u1ee7a kh\u00e1ch h\u00e0ng.<\/em><\/span><\/p>\n<p data-start=\"533\" data-end=\"825\">K\u00edch th\u01b0\u1edbc: W1100 x D400 x H1400 mm<br data-start=\"568\" data-end=\"571\" \/>Xu\u1ea5t x\u1ee9: S\u1ea3n ph\u1ea9m c\u1ee7a <strong>C\u00d4NG TY TNHH SXTM TTNT H\u1eeeU TH\u1ecaNH.<\/strong><br data-start=\"626\" data-end=\"629\" \/>B\u1ea3o h\u00e0nh: 12 th\u00e1ng theo ti\u00eau chu\u1ea9n nh\u00e0 m\u00e1y.<br data-start=\"672\" data-end=\"675\" \/><span style=\"color: #ed1c24;\"><em>L\u01b0u \u00fd: Gi\u00e1 tr\u00ean ch\u01b0a bao g\u1ed3m VAT v\u00e0 ph\u00ed v\u1eadn chuy\u1ec3n. Gi\u00e1 s\u1ea3n ph\u1ea9m c\u00f3 th\u1ec3 thay \u0111\u1ed5i theo t\u1eebng th\u1eddi \u0111i\u1ec3m, vui l\u00f2ng li\u00ean h\u1ec7 \u0111\u1ec3 nh\u1eadn t\u01b0 v\u1ea5n \u01b0u \u0111\u00e3i t\u1ed1t nh\u1ea5t.<\/em><\/span><\/p>\n","protected":false},"featured_media":8813,"comment_status":"open","ping_status":"closed","template":"","meta":[],"product_brand":[],"product_cat":[18,774],"product_tag":[],"class_list":{"0":"post-8812","1":"product","2":"type-product","3":"status-publish","4":"has-post-thumbnail","6":"product_cat-noi-that-gia-dinh","7":"product_cat-ban-trang-diem","9":"first","10":"instock","11":"shipping-taxable","12":"purchasable","13":"product-type-simple"},"_links":{"self":[{"href":"https:\/\/www.noithathuuthinh.vn\/zh-hans\/wp-json\/wp\/v2\/product\/8812","targetHints":{"allow":["GET"]}}],"collection":[{"href":"https:\/\/www.noithathuuthinh.vn\/zh-hans\/wp-json\/wp\/v2\/product"}],"about":[{"href":"https:\/\/www.noithathuuthinh.vn\/zh-hans\/wp-json\/wp\/v2\/types\/product"}],"replies":[{"embeddable":true,"href":"https:\/\/www.noithathuuthinh.vn\/zh-hans\/wp-json\/wp\/v2\/comments?post=8812"}],"wp:featuredmedia":[{"embeddable":true,"href":"https:\/\/www.noithathuuthinh.vn\/zh-hans\/wp-json\/wp\/v2\/media\/8813"}],"wp:attachment":[{"href":"https:\/\/www.noithathuuthinh.vn\/zh-hans\/wp-json\/wp\/v2\/media?parent=8812"}],"wp:term":[{"taxonomy":"product_brand","embeddable":true,"href":"https:\/\/www.noithathuuthinh.vn\/zh-hans\/wp-json\/wp\/v2\/product_brand?post=8812"},{"taxonomy":"product_cat","embeddable":true,"href":"https:\/\/www.noithathuuthinh.vn\/zh-hans\/wp-json\/wp\/v2\/product_cat?post=8812"},{"taxonomy":"product_tag","embeddable":true,"href":"https:\/\/www.noithathuuthinh.vn\/zh-hans\/wp-json\/wp\/v2\/product_tag?post=8812"}],"curies":[{"name":"wp","href":"https:\/\/api.w.org\/{rel}","templated":true}]}}