{"id":8822,"date":"2026-04-20T09:52:56","date_gmt":"2026-04-20T02:52:56","guid":{"rendered":"https:\/\/noithathuuthinh.vn\/?post_type=product&#038;p=8822"},"modified":"2026-04-22T11:35:11","modified_gmt":"2026-04-22T04:35:11","slug":"tu-bep-mdf-chong-am-melamine","status":"publish","type":"product","link":"https:\/\/www.noithathuuthinh.vn\/zh-hans\/san-pham\/tu-bep-mdf-chong-am-melamine\/","title":{"rendered":"T\u1ee7 b\u1ebfp MDF ch\u1ed1ng \u1ea9m Melamine gi\u00e1 t\u1ed1t"},"content":{"rendered":"<h1>T\u1ee7 b\u1ebfp MDF ch\u1ed1ng \u1ea9m Melamine l\u00e0 g\u00ec<\/h1>\n<h1><span style=\"font-size: 120%;\">T\u1ee7 b\u1ebfp MDF ch\u1ed1ng \u1ea9m Melamine gi\u00e1 t\u1ed1t l\u00e0 gi\u1ea3i ph\u00e1p t\u1ed1i \u01b0u cho kh\u00f4ng gian b\u1ebfp hi\u1ec7n \u0111\u1ea1i, \u0111\u00e1p \u1ee9ng nhu c\u1ea7u s\u1eed d\u1ee5ng b\u1ec1n \u0111\u1eb9p v\u1edbi chi ph\u00ed h\u1ee3p l\u00fd, ph\u00f9 h\u1ee3p v\u1edbi nhi\u1ec1u gia \u0111\u00ecnh hi\u1ec7n nay.<\/span><\/h1>\n<h2><span style=\"font-size: 120%;\"><a href=\"https:\/\/noithathuuthinh.vn\/danh-muc-san-pham\/noi-that-gia-dinh\/tu-bep\/\">T\u1ee7 b\u1ebfp MDF ch\u1ed1ng \u1ea9m Melamine<\/a> \u0111ang l\u00e0 l\u1ef1a ch\u1ecdn ph\u1ed5 bi\u1ebfn trong thi\u1ebft k\u1ebf n\u1ed9i th\u1ea5t b\u1ebfp nh\u1edd kh\u1ea3 n\u0103ng t\u1ed1i \u01b0u c\u00f4ng n\u0103ng, \u0111\u1ed9 b\u1ec1n \u1ed5n \u0111\u1ecbnh v\u00e0 m\u1ee9c gi\u00e1 h\u1ee3p l\u00fd. S\u1ea3n ph\u1ea9m ph\u00f9 h\u1ee3p v\u1edbi nhi\u1ec1u ki\u1ec3u kh\u00f4ng gian nh\u01b0 nh\u00e0 ph\u1ed1, c\u0103n h\u1ed9 hay nh\u00e0 c\u1ea5p 4, mang l\u1ea1i s\u1ef1 g\u1ecdn g\u00e0ng, ti\u1ec7n nghi v\u00e0 th\u1ea9m m\u1ef9 cho khu v\u1ef1c b\u1ebfp.<\/span><\/h2>\n<p><span style=\"font-size: 120%;\">\u0110i\u1ec3m n\u1ed5i b\u1eadt c\u1ee7a t\u1ee7 b\u1ebfp MDF ch\u1ed1ng \u1ea9m Melamine l\u00e0 s\u1eed d\u1ee5ng c\u1ed1t g\u1ed7 MDF l\u00f5i xanh c\u00f3 kh\u1ea3 n\u0103ng ch\u1ed1ng \u1ea9m t\u1ed1t, h\u1ea1n ch\u1ebf cong v\u00eanh v\u00e0 m\u1ed1i m\u1ecdt trong m\u00f4i tr\u01b0\u1eddng b\u1ebfp th\u01b0\u1eddng xuy\u00ean ti\u1ebfp x\u00fac v\u1edbi nhi\u1ec7t \u0111\u1ed9 v\u00e0 \u0111\u1ed9 \u1ea9m cao. B\u1ec1 m\u1eb7t ph\u1ee7 Melamine gi\u00fap t\u0103ng \u0111\u1ed9 b\u1ec1n, ch\u1ed1ng tr\u1ea7y x\u01b0\u1edbc, \u0111\u1ed3ng th\u1eddi d\u1ec5 d\u00e0ng v\u1ec7 sinh, lau ch\u00f9i trong qu\u00e1 tr\u00ecnh s\u1eed d\u1ee5ng h\u1eb1ng ng\u00e0y.<\/span><\/p>\n<p><span style=\"font-size: 120%;\">Thi\u1ebft k\u1ebf t\u1ee7 b\u1ebfp \u0111\u01b0\u1ee3c b\u1ed1 tr\u00ed khoa h\u1ecdc, ph\u00e2n chia h\u1ee3p l\u00fd gi\u1eefa c\u00e1c khu v\u1ef1c n\u1ea5u n\u01b0\u1edbng, r\u1eeda v\u00e0 l\u01b0u tr\u1eef, gi\u00fap ng\u01b0\u1eddi s\u1eed d\u1ee5ng thao t\u00e1c thu\u1eadn ti\u1ec7n v\u00e0 ti\u1ebft ki\u1ec7m th\u1eddi gian. Nh\u1edd \u0111\u00f3, t\u1ee7 b\u1ebfp MDF ch\u1ed1ng \u1ea9m Melamine kh\u00f4ng ch\u1ec9 \u0111\u1ea3m b\u1ea3o c\u00f4ng n\u0103ng s\u1eed d\u1ee5ng m\u00e0 c\u00f2n g\u00f3p ph\u1ea7n t\u1ea1o n\u00ean kh\u00f4ng gian b\u1ebfp hi\u1ec7n \u0111\u1ea1i, ng\u0103n n\u1eafp v\u00e0 ti\u1ec7n nghi.<\/span><\/p>\n<figure id=\"attachment_8823\" aria-describedby=\"caption-attachment-8823\" style=\"width: 1200px\" class=\"wp-caption aligncenter\"><img loading=\"lazy\" decoding=\"async\" class=\"wp-image-8823 size-large\" title=\"t\u1ee7 b\u1ebfp mdf ch\u1ed1ng \u1ea9m melamine hi\u1ec7n \u0111\u1ea1i\" src=\"https:\/\/noithathuuthinh.vn\/wp-content\/uploads\/2026\/04\/BEP-CHI-DUONG-4-1200x900.jpg\" alt=\"t\u1ee7 b\u1ebfp mdf ch\u1ed1ng \u1ea9m melamine hi\u1ec7n \u0111\u1ea1i\" width=\"1200\" height=\"900\" srcset=\"https:\/\/www.noithathuuthinh.vn\/wp-content\/uploads\/2026\/04\/BEP-CHI-DUONG-4-1200x900.jpg 1200w, https:\/\/www.noithathuuthinh.vn\/wp-content\/uploads\/2026\/04\/BEP-CHI-DUONG-4-500x375.jpg 500w, https:\/\/www.noithathuuthinh.vn\/wp-content\/uploads\/2026\/04\/BEP-CHI-DUONG-4-300x225.jpg 300w, https:\/\/www.noithathuuthinh.vn\/wp-content\/uploads\/2026\/04\/BEP-CHI-DUONG-4-768x576.jpg 768w, https:\/\/www.noithathuuthinh.vn\/wp-content\/uploads\/2026\/04\/BEP-CHI-DUONG-4-1536x1152.jpg 1536w, https:\/\/www.noithathuuthinh.vn\/wp-content\/uploads\/2026\/04\/BEP-CHI-DUONG-4-2048x1536.jpg 2048w, https:\/\/www.noithathuuthinh.vn\/wp-content\/uploads\/2026\/04\/BEP-CHI-DUONG-4-720x540.jpg 720w, https:\/\/www.noithathuuthinh.vn\/wp-content\/uploads\/2026\/04\/BEP-CHI-DUONG-4-1000x750.jpg 1000w\" sizes=\"auto, (max-width: 1200px) 100vw, 1200px\" \/><figcaption id=\"caption-attachment-8823\" class=\"wp-caption-text\">t\u1ee7 b\u1ebfp mdf ch\u1ed1ng \u1ea9m melamine hi\u1ec7n \u0111\u1ea1i<\/figcaption><\/figure>\n<h3 data-start=\"1993\" data-end=\"2312\">Ngo\u00e0i ra, t\u1ee7 b\u1ebfp MDF ch\u1ed1ng \u1ea9m Melamine \u0111\u01b0\u1ee3c thi\u1ebft k\u1ebf \u0111a d\u1ea1ng v\u1ec1 m\u00e0u s\u1eafc v\u00e0 ki\u1ec3u d\u00e1ng, d\u1ec5 d\u00e0ng ph\u1ed1i h\u1ee3p v\u1edbi nhi\u1ec1u phong c\u00e1ch n\u1ed9i th\u1ea5t kh\u00e1c nhau t\u1eeb hi\u1ec7n \u0111\u1ea1i, t\u1ed1i gi\u1ea3n \u0111\u1ebfn sang tr\u1ecdng. V\u1edbi b\u1ec1 m\u1eb7t ph\u1ee7 Melamine, s\u1ea3n ph\u1ea9m mang \u0111\u1ebfn nhi\u1ec1u l\u1ef1a ch\u1ecdn nh\u01b0 v\u00e2n g\u1ed7 t\u1ef1 nhi\u00ean, m\u00e0u tr\u01a1n ho\u1eb7c ph\u1ed1i m\u00e0u theo y\u00eau c\u1ea7u, gi\u00fap kh\u00f4ng gian b\u1ebfp tr\u1edf n\u00ean h\u00e0i h\u00f2a, th\u1ea9m m\u1ef9 v\u00e0 th\u1ec3 hi\u1ec7n \u0111\u01b0\u1ee3c c\u00e1 t\u00ednh ri\u00eang c\u1ee7a gia ch\u1ee7.<\/h3>\n<figure id=\"attachment_8825\" aria-describedby=\"caption-attachment-8825\" style=\"width: 1200px\" class=\"wp-caption aligncenter\"><img loading=\"lazy\" decoding=\"async\" class=\"wp-image-8825 size-large\" title=\"t\u1ee7 b\u1ebfp melamine gi\u00e1 t\u1ed1t\" src=\"https:\/\/noithathuuthinh.vn\/wp-content\/uploads\/2026\/04\/z3511814973765_713bdcb79cac910ac869539a3ed9d55e-1200x899.jpg\" alt=\"t\u1ee7 b\u1ebfp melamine gi\u00e1 t\u1ed1t\" width=\"1200\" height=\"899\" srcset=\"https:\/\/www.noithathuuthinh.vn\/wp-content\/uploads\/2026\/04\/z3511814973765_713bdcb79cac910ac869539a3ed9d55e-1200x899.jpg 1200w, https:\/\/www.noithathuuthinh.vn\/wp-content\/uploads\/2026\/04\/z3511814973765_713bdcb79cac910ac869539a3ed9d55e-500x375.jpg 500w, https:\/\/www.noithathuuthinh.vn\/wp-content\/uploads\/2026\/04\/z3511814973765_713bdcb79cac910ac869539a3ed9d55e-300x225.jpg 300w, https:\/\/www.noithathuuthinh.vn\/wp-content\/uploads\/2026\/04\/z3511814973765_713bdcb79cac910ac869539a3ed9d55e-768x575.jpg 768w, https:\/\/www.noithathuuthinh.vn\/wp-content\/uploads\/2026\/04\/z3511814973765_713bdcb79cac910ac869539a3ed9d55e-720x540.jpg 720w, https:\/\/www.noithathuuthinh.vn\/wp-content\/uploads\/2026\/04\/z3511814973765_713bdcb79cac910ac869539a3ed9d55e-1000x749.jpg 1000w, https:\/\/www.noithathuuthinh.vn\/wp-content\/uploads\/2026\/04\/z3511814973765_713bdcb79cac910ac869539a3ed9d55e.jpg 1276w\" sizes=\"auto, (max-width: 1200px) 100vw, 1200px\" \/><figcaption id=\"caption-attachment-8825\" class=\"wp-caption-text\">t\u1ee7 b\u1ebfp melamine gi\u00e1 t\u1ed1t<\/figcaption><\/figure>\n<p data-start=\"2314\" data-end=\"2624\">V\u1ec1 c\u00f4ng n\u0103ng, t\u1ee7 b\u1ebfp MDF ch\u1ed1ng \u1ea9m Melamine \u0111\u01b0\u1ee3c b\u1ed1 tr\u00ed khoa h\u1ecdc v\u1edbi nhi\u1ec1u ng\u0103n ch\u1ee9a ti\u1ec7n l\u1ee3i, gi\u00fap l\u01b0u tr\u1eef g\u1ecdn g\u00e0ng c\u00e1c v\u1eadt d\u1ee5ng nh\u00e0 b\u1ebfp nh\u01b0 xoong n\u1ed3i, ch\u00e9n \u0111\u0129a v\u00e0 gia v\u1ecb. Ngo\u00e0i ra, s\u1ea3n ph\u1ea9m c\u00f3 th\u1ec3 t\u00edch h\u1ee3p th\u00eam c\u00e1c ph\u1ee5 ki\u1ec7n th\u00f4ng minh nh\u01b0 gi\u00e1 n\u00e2ng h\u1ea1, k\u1ec7 g\u00f3c xoay, ray tr\u01b0\u1ee3t gi\u1ea3m ch\u1ea5n\u2026 gi\u00fap t\u0103ng s\u1ef1 ti\u1ec7n nghi, t\u1ed1i \u01b0u kh\u00f4ng gian l\u01b0u tr\u1eef v\u00e0 mang l\u1ea1i tr\u1ea3i nghi\u1ec7m s\u1eed d\u1ee5ng hi\u1ec7n \u0111\u1ea1i, tho\u1ea3i m\u00e1i h\u01a1n trong sinh ho\u1ea1t h\u1eb1ng ng\u00e0y.<\/p>\n<figure id=\"attachment_8827\" aria-describedby=\"caption-attachment-8827\" style=\"width: 1200px\" class=\"wp-caption aligncenter\"><img loading=\"lazy\" decoding=\"async\" class=\"wp-image-8827 size-large\" title=\"t\u1ee7 b\u1ebfp mdf ch\u1ed1ng \u1ea9m \u0111\u1eb9p\" src=\"https:\/\/noithathuuthinh.vn\/wp-content\/uploads\/2026\/04\/bep-2-1200x900.jpg\" alt=\"t\u1ee7 b\u1ebfp mdf ch\u1ed1ng \u1ea9m \u0111\u1eb9p\" width=\"1200\" height=\"900\" srcset=\"https:\/\/www.noithathuuthinh.vn\/wp-content\/uploads\/2026\/04\/bep-2-1200x900.jpg 1200w, https:\/\/www.noithathuuthinh.vn\/wp-content\/uploads\/2026\/04\/bep-2-500x375.jpg 500w, https:\/\/www.noithathuuthinh.vn\/wp-content\/uploads\/2026\/04\/bep-2-300x225.jpg 300w, https:\/\/www.noithathuuthinh.vn\/wp-content\/uploads\/2026\/04\/bep-2-768x576.jpg 768w, https:\/\/www.noithathuuthinh.vn\/wp-content\/uploads\/2026\/04\/bep-2-1536x1152.jpg 1536w, https:\/\/www.noithathuuthinh.vn\/wp-content\/uploads\/2026\/04\/bep-2-2048x1536.jpg 2048w, https:\/\/www.noithathuuthinh.vn\/wp-content\/uploads\/2026\/04\/bep-2-720x540.jpg 720w, https:\/\/www.noithathuuthinh.vn\/wp-content\/uploads\/2026\/04\/bep-2-1000x750.jpg 1000w\" sizes=\"auto, (max-width: 1200px) 100vw, 1200px\" \/><figcaption id=\"caption-attachment-8827\" class=\"wp-caption-text\">t\u1ee7 b\u1ebfp mdf ch\u1ed1ng \u1ea9m \u0111\u1eb9p<\/figcaption><\/figure>\n<p data-start=\"2626\" data-end=\"2924\">N\u1ed9i Th\u1ea5t H\u1eefu Th\u1ecbnh nh\u1eadn thi\u1ebft k\u1ebf v\u00e0 thi c\u00f4ng t\u1ee7 b\u1ebfp MDF ch\u1ed1ng \u1ea9m Melamine theo y\u00eau c\u1ea7u, \u0111\u1ea3m b\u1ea3o ph\u00f9 h\u1ee3p v\u1edbi di\u1ec7n t\u00edch th\u1ef1c t\u1ebf v\u00e0 nhu c\u1ea7u s\u1eed d\u1ee5ng c\u1ee7a t\u1eebng gia \u0111\u00ecnh. V\u1edbi \u0111\u1ed9i ng\u0169 thi c\u00f4ng gi\u00e0u kinh nghi\u1ec7m c\u00f9ng quy tr\u00ecnh l\u00e0m vi\u1ec7c chuy\u00ean nghi\u1ec7p, ch\u00fang t\u00f4i cam k\u1ebft mang \u0111\u1ebfn s\u1ea3n ph\u1ea9m ch\u1ea5t l\u01b0\u1ee3ng, \u0111\u1ed9 b\u1ec1n cao, ho\u00e0n thi\u1ec7n th\u1ea9m m\u1ef9 v\u00e0 t\u1ed1i \u01b0u c\u00f4ng n\u0103ng cho kh\u00f4ng gian b\u1ebfp.<\/p>\n<p data-start=\"2626\" data-end=\"2924\"><img loading=\"lazy\" decoding=\"async\" class=\"aligncenter wp-image-8829 size-large\" title=\"t\u1ee7 b\u1ebfp mdf ch\u1ed1ng \u1ea9m \u0111\u1eb9p\" src=\"https:\/\/noithathuuthinh.vn\/wp-content\/uploads\/2026\/04\/tu-bep-huu-thinh-1200x900.jpg\" alt=\"t\u1ee7 b\u1ebfp mdf ch\u1ed1ng \u1ea9m \u0111\u1eb9p\" width=\"1200\" height=\"900\" srcset=\"https:\/\/www.noithathuuthinh.vn\/wp-content\/uploads\/2026\/04\/tu-bep-huu-thinh-1200x900.jpg 1200w, https:\/\/www.noithathuuthinh.vn\/wp-content\/uploads\/2026\/04\/tu-bep-huu-thinh-500x375.jpg 500w, https:\/\/www.noithathuuthinh.vn\/wp-content\/uploads\/2026\/04\/tu-bep-huu-thinh-300x225.jpg 300w, https:\/\/www.noithathuuthinh.vn\/wp-content\/uploads\/2026\/04\/tu-bep-huu-thinh-768x576.jpg 768w, https:\/\/www.noithathuuthinh.vn\/wp-content\/uploads\/2026\/04\/tu-bep-huu-thinh-1536x1152.jpg 1536w, https:\/\/www.noithathuuthinh.vn\/wp-content\/uploads\/2026\/04\/tu-bep-huu-thinh-720x540.jpg 720w, https:\/\/www.noithathuuthinh.vn\/wp-content\/uploads\/2026\/04\/tu-bep-huu-thinh-1000x750.jpg 1000w, https:\/\/www.noithathuuthinh.vn\/wp-content\/uploads\/2026\/04\/tu-bep-huu-thinh.jpg 1755w\" sizes=\"auto, (max-width: 1200px) 100vw, 1200px\" \/><\/p>\n<p>T\u1ee7 b\u1ebfp MDF ch\u1ed1ng \u1ea9m Melamine kh\u00f4ng ch\u1ec9 l\u00e0 gi\u1ea3i ph\u00e1p t\u1ed1i \u01b0u v\u1ec1 chi ph\u00ed m\u00e0 c\u00f2n mang l\u1ea1i s\u1ef1 ti\u1ec7n nghi v\u00e0 th\u1ea9m m\u1ef9 cho kh\u00f4ng gian b\u1ebfp hi\u1ec7n \u0111\u1ea1i. Nh\u1edd kh\u1ea3 n\u0103ng ch\u1ed1ng \u1ea9m t\u1ed1t, \u0111\u1ed9 b\u1ec1n \u1ed5n \u0111\u1ecbnh v\u00e0 thi\u1ebft k\u1ebf linh ho\u1ea1t, s\u1ea3n ph\u1ea9m \u0111\u00e1p \u1ee9ng \u0111\u01b0\u1ee3c nhu c\u1ea7u s\u1eed d\u1ee5ng l\u00e2u d\u00e0i c\u1ee7a nhi\u1ec1u gia \u0111\u00ecnh, \u0111\u1eb7c bi\u1ec7t ph\u00f9 h\u1ee3p v\u1edbi \u0111i\u1ec1u ki\u1ec7n kh\u00ed h\u1eadu n\u00f3ng \u1ea9m t\u1ea1i Vi\u1ec7t Nam.<\/p>\n<p>B\u00ean c\u1ea1nh \u0111\u00f3, v\u1edbi \u0111a d\u1ea1ng m\u00e0u s\u1eafc v\u00e0 ki\u1ec3u d\u00e1ng, t\u1ee7 b\u1ebfp MDF ch\u1ed1ng \u1ea9m Melamine d\u1ec5 d\u00e0ng ph\u1ed1i h\u1ee3p v\u1edbi nhi\u1ec1u phong c\u00e1ch n\u1ed9i th\u1ea5t kh\u00e1c nhau, t\u1eeb \u0111\u01a1n gi\u1ea3n, hi\u1ec7n \u0111\u1ea1i \u0111\u1ebfn \u1ea5m c\u00fang, g\u1ea7n g\u0169i. Kh\u00e1ch h\u00e0ng c\u00f3 th\u1ec3 l\u1ef1a ch\u1ecdn m\u00e0u s\u1eafc ph\u00f9 h\u1ee3p v\u1edbi t\u1ed5ng th\u1ec3 kh\u00f4ng gian nh\u00e0 \u1edf, t\u1ea1o n\u00ean s\u1ef1 \u0111\u1ed3ng b\u1ed9 v\u00e0 h\u00e0i h\u00f2a cho khu v\u1ef1c b\u1ebfp.<\/p>\n<p>Ngo\u00e0i y\u1ebfu t\u1ed1 th\u1ea9m m\u1ef9, s\u1ea3n ph\u1ea9m c\u00f2n \u0111\u01b0\u1ee3c \u0111\u00e1nh gi\u00e1 cao v\u1ec1 t\u00ednh \u1ee9ng d\u1ee5ng th\u1ef1c t\u1ebf. Vi\u1ec7c b\u1ed1 tr\u00ed c\u00e1c khu v\u1ef1c ch\u1ee9c n\u0103ng h\u1ee3p l\u00fd gi\u00fap qu\u00e1 tr\u00ecnh n\u1ea5u n\u01b0\u1edbng tr\u1edf n\u00ean thu\u1eadn ti\u1ec7n, ti\u1ebft ki\u1ec7m th\u1eddi gian v\u00e0 c\u00f4ng s\u1ee9c. \u0110\u00e2y l\u00e0 m\u1ed9t trong nh\u1eefng y\u1ebfu t\u1ed1 quan tr\u1ecdng gi\u00fap n\u00e2ng cao ch\u1ea5t l\u01b0\u1ee3ng sinh ho\u1ea1t h\u00e0ng ng\u00e0y cho gia \u0111\u00ecnh.<\/p>\n<p>\u0110\u1eb7c bi\u1ec7t, t\u1ee7 b\u1ebfp MDF ch\u1ed1ng \u1ea9m Melamine l\u00e0 l\u1ef1a ch\u1ecdn l\u00fd t\u01b0\u1edfng cho nh\u1eefng kh\u00e1ch h\u00e0ng \u0111ang t\u00ecm ki\u1ebfm m\u1ed9t gi\u1ea3i ph\u00e1p b\u1ec1n \u2013 \u0111\u1eb9p \u2013 gi\u00e1 h\u1ee3p l\u00fd. So v\u1edbi nhi\u1ec1u d\u00f2ng t\u1ee7 b\u1ebfp kh\u00e1c tr\u00ean th\u1ecb tr\u01b0\u1eddng, s\u1ea3n ph\u1ea9m v\u1eabn \u0111\u1ea3m b\u1ea3o \u0111\u1ea7y \u0111\u1ee7 c\u00f4ng n\u0103ng s\u1eed d\u1ee5ng, \u0111\u1ed9 b\u1ec1n v\u00e0 t\u00ednh th\u1ea9m m\u1ef9 nh\u01b0ng c\u00f3 m\u1ee9c chi ph\u00ed d\u1ec5 ti\u1ebfp c\u1eadn h\u01a1n.<\/p>\n<p>N\u1ebfu b\u1ea1n \u0111ang c\u00f3 nhu c\u1ea7u l\u00e0m t\u1ee7 b\u1ebfp cho gia \u0111\u00ecnh, t\u1ee7 b\u1ebfp MDF ch\u1ed1ng \u1ea9m Melamine ch\u1eafc ch\u1eafn l\u00e0 m\u1ed9t trong nh\u1eefng l\u1ef1a ch\u1ecdn \u0111\u00e1ng c\u00e2n nh\u1eafc. N\u1ed9i Th\u1ea5t H\u1eefu Th\u1ecbnh lu\u00f4n s\u1eb5n s\u00e0ng \u0111\u1ed3ng h\u00e0nh c\u00f9ng kh\u00e1ch h\u00e0ng t\u1eeb kh\u00e2u t\u01b0 v\u1ea5n, thi\u1ebft k\u1ebf \u0111\u1ebfn thi c\u00f4ng ho\u00e0n thi\u1ec7n, \u0111\u1ea3m b\u1ea3o mang l\u1ea1i s\u1ea3n ph\u1ea9m ph\u00f9 h\u1ee3p nh\u1ea5t v\u1edbi nhu c\u1ea7u v\u00e0 ng\u00e2n s\u00e1ch.<\/p>\n<p>Li\u00ean h\u1ec7 ngay \u0111\u1ec3 \u0111\u01b0\u1ee3c t\u01b0 v\u1ea5n chi ti\u1ebft v\u00e0 nh\u1eadn b\u00e1o gi\u00e1 t\u1ed1t nh\u1ea5t<br \/>\nNh\u1eadn thi\u1ebft k\u1ebf \u2013 \u0111o \u0111\u1ea1c mi\u1ec5n ph\u00ed t\u1eadn n\u01a1i<br \/>\nThi c\u00f4ng nhanh ch\u00f3ng \u2013 b\u1ea3o h\u00e0nh r\u00f5 r\u00e0ng<\/p>\n<p><a href=\"https:\/\/noithattheone-ht.com\/\" target=\"_blank\" rel=\"noopener\">N\u1ed9i Th\u1ea5t H\u1eefu Th\u1ecbnh<\/a> cam k\u1ebft mang \u0111\u1ebfn cho kh\u00e1ch h\u00e0ng nh\u1eefng m\u1eabu t\u1ee7 b\u1ebfp MDF ch\u1ed1ng \u1ea9m Melamine ch\u1ea5t l\u01b0\u1ee3ng, b\u1ec1n \u0111\u1eb9p v\u00e0 t\u1ed1i \u01b0u c\u00f4ng n\u0103ng s\u1eed d\u1ee5ng, g\u00f3p ph\u1ea7n t\u1ea1o n\u00ean kh\u00f4ng gian b\u1ebfp ti\u1ec7n nghi v\u00e0 \u1ea5m c\u00fang cho m\u1ed7i gia \u0111\u00ecnh.<\/p>\n<p data-start=\"3190\" data-end=\"3292\">\n","protected":false},"excerpt":{"rendered":"<p>T\u1ee7 b\u1ebfp MDF ch\u1ed1ng \u1ea9m ch\u1eef L hi\u1ec7n \u0111\u1ea1i l\u00e0 d\u00f2ng t\u1ee7 b\u1ebfp t\u1ed1i \u01b0u chi ph\u00ed, thi\u1ebft k\u1ebf g\u1ecdn g\u00e0ng, t\u1eadn d\u1ee5ng g\u00f3c t\u01b0\u1eddng hi\u1ec7u qu\u1ea3, ph\u00f9 h\u1ee3p cho nh\u00e0 ph\u1ed1 v\u00e0 c\u0103n h\u1ed9.<\/p>\n<p>Gi\u00e1 t\u1ea1i x\u01b0\u1edfng: 5.000.000 \u2013 6.500.000 VN\u0110 \/ m\u00e9t d\u00e0i (t\u1ee7 tr\u00ean + t\u1ee7 d\u01b0\u1edbi)<\/p>\n<p><img decoding=\"async\" class=\"emoji\" role=\"img\" draggable=\"false\" src=\"https:\/\/s.w.org\/images\/core\/emoji\/15.0.3\/svg\/2714.svg\" alt=\"\u2714\ufe0f\" \/>\u00a0Thi\u1ebft k\u1ebf theo y\u00eau c\u1ea7u \u2013 \u0111o \u0111\u1ea1c t\u1eadn n\u01a1i<br \/>\n<img decoding=\"async\" class=\"emoji\" role=\"img\" draggable=\"false\" src=\"https:\/\/s.w.org\/images\/core\/emoji\/15.0.3\/svg\/2714.svg\" alt=\"\u2714\ufe0f\" \/>\u00a0Thi c\u00f4ng tr\u1ecdn g\u00f3i \u2013 ho\u00e0n thi\u1ec7n nhanh<br \/>\n<img decoding=\"async\" class=\"emoji\" role=\"img\" draggable=\"false\" src=\"https:\/\/s.w.org\/images\/core\/emoji\/15.0.3\/svg\/2714.svg\" alt=\"\u2714\ufe0f\" \/>\u00a0B\u1ea3o h\u00e0nh 12 th\u00e1ng \u2013 h\u1ed7 tr\u1ee3 l\u00e2u d\u00e0i<\/p>\n<p>Li\u00ean h\u1ec7 ngay N\u1ed9i Th\u1ea5t H\u1eefu Th\u1ecbnh \u0111\u1ec3 \u0111\u01b0\u1ee3c t\u01b0 v\u1ea5n v\u00e0 b\u00e1o gi\u00e1 mi\u1ec5n ph\u00ed.<\/p>\n<p><span style=\"color: #ed1c24;\"><em>M\u00e0u g\u1ed7 tu\u1ef3 ch\u1ecdn theo y\u00eau c\u1ea7u c\u1ee7a kh\u00e1ch h\u00e0ng.<\/em><\/span><\/p>\n<p data-start=\"484\" data-end=\"783\">K\u00edch th\u01b0\u1edbc: Thi\u1ebft k\u1ebf theo y\u00eau c\u1ea7u kh\u00f4ng gian th\u1ef1c t\u1ebf<br data-start=\"526\" data-end=\"529\" \/>Xu\u1ea5t x\u1ee9: S\u1ea3n ph\u1ea9m c\u1ee7a <strong>C\u00d4NG TY TNHH SXTM TTNT H\u1eeeU TH\u1ecaNH.<\/strong><br data-start=\"584\" data-end=\"587\" \/>B\u1ea3o h\u00e0nh: 12 th\u00e1ng theo ti\u00eau chu\u1ea9n nh\u00e0 m\u00e1y.<br data-start=\"630\" data-end=\"633\" \/><em><span style=\"color: #ed1c24;\">L\u01b0u \u00fd: Gi\u00e1 tr\u00ean ch\u01b0a bao g\u1ed3m VAT v\u00e0 ph\u00ed v\u1eadn chuy\u1ec3n. Gi\u00e1 s\u1ea3n ph\u1ea9m c\u00f3 th\u1ec3 thay \u0111\u1ed5i theo t\u1eebng th\u1eddi \u0111i\u1ec3m, vui l\u00f2ng li\u00ean h\u1ec7 \u0111\u1ec3 nh\u1eadn t\u01b0 v\u1ea5n \u01b0u \u0111\u00e3i t\u1ed1t nh\u1ea5t.<\/span><\/em><\/p>\n","protected":false},"featured_media":8829,"comment_status":"open","ping_status":"closed","template":"","meta":[],"product_brand":[],"product_cat":[18,777],"product_tag":[],"class_list":{"0":"post-8822","1":"product","2":"type-product","3":"status-publish","4":"has-post-thumbnail","6":"product_cat-noi-that-gia-dinh","7":"product_cat-tu-bep","9":"first","10":"instock","11":"taxable","12":"shipping-taxable","13":"purchasable","14":"product-type-simple"},"_links":{"self":[{"href":"https:\/\/www.noithathuuthinh.vn\/zh-hans\/wp-json\/wp\/v2\/product\/8822","targetHints":{"allow":["GET"]}}],"collection":[{"href":"https:\/\/www.noithathuuthinh.vn\/zh-hans\/wp-json\/wp\/v2\/product"}],"about":[{"href":"https:\/\/www.noithathuuthinh.vn\/zh-hans\/wp-json\/wp\/v2\/types\/product"}],"replies":[{"embeddable":true,"href":"https:\/\/www.noithathuuthinh.vn\/zh-hans\/wp-json\/wp\/v2\/comments?post=8822"}],"wp:featuredmedia":[{"embeddable":true,"href":"https:\/\/www.noithathuuthinh.vn\/zh-hans\/wp-json\/wp\/v2\/media\/8829"}],"wp:attachment":[{"href":"https:\/\/www.noithathuuthinh.vn\/zh-hans\/wp-json\/wp\/v2\/media?parent=8822"}],"wp:term":[{"taxonomy":"product_brand","embeddable":true,"href":"https:\/\/www.noithathuuthinh.vn\/zh-hans\/wp-json\/wp\/v2\/product_brand?post=8822"},{"taxonomy":"product_cat","embeddable":true,"href":"https:\/\/www.noithathuuthinh.vn\/zh-hans\/wp-json\/wp\/v2\/product_cat?post=8822"},{"taxonomy":"product_tag","embeddable":true,"href":"https:\/\/www.noithathuuthinh.vn\/zh-hans\/wp-json\/wp\/v2\/product_tag?post=8822"}],"curies":[{"name":"wp","href":"https:\/\/api.w.org\/{rel}","templated":true}]}}