{"id":8834,"date":"2026-04-21T14:38:47","date_gmt":"2026-04-21T07:38:47","guid":{"rendered":"https:\/\/noithathuuthinh.vn\/?post_type=product&#038;p=8834"},"modified":"2026-04-22T12:08:55","modified_gmt":"2026-04-22T05:08:55","slug":"tu-bep-mdf-chong-am-acrylic","status":"publish","type":"product","link":"https:\/\/www.noithathuuthinh.vn\/zh-hans\/san-pham\/tu-bep-mdf-chong-am-acrylic\/","title":{"rendered":"T\u1ee7 b\u1ebfp MDF ch\u1ed1ng \u1ea9m Acrylic"},"content":{"rendered":"<p data-start=\"925\" data-end=\"1204\">T\u1ee7 b\u1ebfp MDF ch\u1ed1ng \u1ea9m Acrylic &#8211; T\u1ee7 b\u1ebfp Acrylic b\u00f3ng g\u01b0\u01a1ng cao c\u1ea5p l\u00e0 l\u1ef1a ch\u1ecdn h\u00e0ng \u0111\u1ea7u cho nh\u1eefng gia \u0111\u00ecnh y\u00eau th\u00edch phong c\u00e1ch hi\u1ec7n \u0111\u1ea1i v\u00e0 sang tr\u1ecdng. V\u1edbi b\u1ec1 m\u1eb7t ph\u1ee7 Acrylic s\u00e1ng b\u00f3ng nh\u01b0 g\u01b0\u01a1ng, s\u1ea3n ph\u1ea9m kh\u00f4ng ch\u1ec9 mang l\u1ea1i gi\u00e1 tr\u1ecb th\u1ea9m m\u1ef9 cao m\u00e0 c\u00f2n gi\u00fap kh\u00f4ng gian b\u1ebfp tr\u1edf n\u00ean r\u1ed9ng r\u00e3i, s\u1ea1ch s\u1ebd v\u00e0 n\u1ed5i b\u1eadt h\u01a1n.<\/p>\n<p data-start=\"1206\" data-end=\"1490\">\u0110i\u1ec3m \u0111\u1eb7c bi\u1ec7t c\u1ee7a T\u1ee7 b\u1ebfp MDF ch\u1ed1ng \u1ea9m Acrylic n\u1eb1m \u1edf l\u1edbp ph\u1ee7 b\u00f3ng g\u01b0\u01a1ng cao c\u1ea5p, c\u00f3 kh\u1ea3 n\u0103ng ph\u1ea3n chi\u1ebfu \u00e1nh s\u00e1ng t\u1ed1t, t\u1ea1o hi\u1ec7u \u1ee9ng m\u1edf r\u1ed9ng kh\u00f4ng gian c\u1ef1c k\u1ef3 hi\u1ec7u qu\u1ea3. \u0110\u00e2y l\u00e0 gi\u1ea3i ph\u00e1p l\u00fd t\u01b0\u1edfng cho c\u00e1c c\u0103n h\u1ed9 chung c\u01b0 ho\u1eb7c nh\u00e0 ph\u1ed1 c\u00f3 di\u1ec7n t\u00edch b\u1ebfp h\u1ea1n ch\u1ebf, gi\u00fap c\u0103n b\u1ebfp lu\u00f4n s\u00e1ng s\u1ee7a v\u00e0 tho\u00e1ng \u0111\u00e3ng.<\/p>\n<figure id=\"attachment_8827\" aria-describedby=\"caption-attachment-8827\" style=\"width: 1200px\" class=\"wp-caption aligncenter\"><img loading=\"lazy\" decoding=\"async\" class=\"wp-image-8827 size-large\" title=\"tu-bep-acrylic-bong-guong-cao-cap\" src=\"https:\/\/noithathuuthinh.vn\/wp-content\/uploads\/2026\/04\/bep-2-1200x900.jpg\" alt=\"T\u1ee7 b\u1ebfp MDF ch\u1ed1ng \u1ea9m Acrylic\" width=\"1200\" height=\"900\" srcset=\"https:\/\/www.noithathuuthinh.vn\/wp-content\/uploads\/2026\/04\/bep-2-1200x900.jpg 1200w, https:\/\/www.noithathuuthinh.vn\/wp-content\/uploads\/2026\/04\/bep-2-500x375.jpg 500w, https:\/\/www.noithathuuthinh.vn\/wp-content\/uploads\/2026\/04\/bep-2-300x225.jpg 300w, https:\/\/www.noithathuuthinh.vn\/wp-content\/uploads\/2026\/04\/bep-2-768x576.jpg 768w, https:\/\/www.noithathuuthinh.vn\/wp-content\/uploads\/2026\/04\/bep-2-1536x1152.jpg 1536w, https:\/\/www.noithathuuthinh.vn\/wp-content\/uploads\/2026\/04\/bep-2-2048x1536.jpg 2048w, https:\/\/www.noithathuuthinh.vn\/wp-content\/uploads\/2026\/04\/bep-2-720x540.jpg 720w, https:\/\/www.noithathuuthinh.vn\/wp-content\/uploads\/2026\/04\/bep-2-1000x750.jpg 1000w\" sizes=\"auto, (max-width: 1200px) 100vw, 1200px\" \/><figcaption id=\"caption-attachment-8827\" class=\"wp-caption-text\">T\u1ee7 b\u1ebfp MDF ch\u1ed1ng \u1ea9m Acrylic<\/figcaption><\/figure>\n<p data-start=\"1492\" data-end=\"1797\"><a href=\"https:\/\/noithathuuthinh.vn\/danh-muc-san-pham\/noi-that-gia-dinh\/tu-bep\/\">T\u1ee7 b\u1ebfp MDF ch\u1ed1ng \u1ea9m Acrylic<\/a> c\u00f3 c\u1ed1t g\u1ed7 MDF l\u00f5i xanh ch\u1ed1ng \u1ea9m \u0111\u01b0\u1ee3c s\u1eed d\u1ee5ng b\u00ean trong gi\u00fap t\u1ee7 c\u00f3 \u0111\u1ed9 b\u1ec1n cao, h\u1ea1n ch\u1ebf cong v\u00eanh v\u00e0 m\u1ed1i m\u1ecdt trong m\u00f4i tr\u01b0\u1eddng b\u1ebfp th\u01b0\u1eddng xuy\u00ean ti\u1ebfp x\u00fac v\u1edbi \u0111\u1ed9 \u1ea9m. K\u1ebft h\u1ee3p v\u1edbi l\u1edbp ph\u1ee7 Acrylic cao c\u1ea5p, s\u1ea3n ph\u1ea9m c\u00f3 kh\u1ea3 n\u0103ng ch\u1ed1ng tr\u1ea7y x\u01b0\u1edbc nh\u1eb9, d\u1ec5 d\u00e0ng lau ch\u00f9i v\u00e0 gi\u1eef \u0111\u01b0\u1ee3c \u0111\u1ed9 m\u1edbi l\u00e2u d\u00e0i trong qu\u00e1 tr\u00ecnh s\u1eed d\u1ee5ng.<\/p>\n<p data-start=\"1492\" data-end=\"1797\"><img loading=\"lazy\" decoding=\"async\" class=\"aligncenter wp-image-8836 size-large\" title=\"tu-bep-acrylic-hien-dai-dep\" src=\"https:\/\/noithathuuthinh.vn\/wp-content\/uploads\/2026\/04\/z3511814813407_607e67b658e76ba437084e4f460bfc97-1200x900.jpg\" alt=\"tu-bep-acrylic-hien-dai-dep\" width=\"1200\" height=\"900\" srcset=\"https:\/\/www.noithathuuthinh.vn\/wp-content\/uploads\/2026\/04\/z3511814813407_607e67b658e76ba437084e4f460bfc97-1200x900.jpg 1200w, https:\/\/www.noithathuuthinh.vn\/wp-content\/uploads\/2026\/04\/z3511814813407_607e67b658e76ba437084e4f460bfc97-500x375.jpg 500w, https:\/\/www.noithathuuthinh.vn\/wp-content\/uploads\/2026\/04\/z3511814813407_607e67b658e76ba437084e4f460bfc97-300x225.jpg 300w, https:\/\/www.noithathuuthinh.vn\/wp-content\/uploads\/2026\/04\/z3511814813407_607e67b658e76ba437084e4f460bfc97-768x576.jpg 768w, https:\/\/www.noithathuuthinh.vn\/wp-content\/uploads\/2026\/04\/z3511814813407_607e67b658e76ba437084e4f460bfc97-720x540.jpg 720w, https:\/\/www.noithathuuthinh.vn\/wp-content\/uploads\/2026\/04\/z3511814813407_607e67b658e76ba437084e4f460bfc97-1000x750.jpg 1000w, https:\/\/www.noithathuuthinh.vn\/wp-content\/uploads\/2026\/04\/z3511814813407_607e67b658e76ba437084e4f460bfc97.jpg 1280w\" sizes=\"auto, (max-width: 1200px) 100vw, 1200px\" \/><\/p>\n<h4 data-start=\"1799\" data-end=\"2053\"><a href=\"https:\/\/noithattheone-ht.com\/danh-muc\/gia-dinh\/\" target=\"_blank\" rel=\"noopener\">T\u1ee7 b\u1ebfp MDF ch\u1ed1ng \u1ea9m Acrylic<\/a> c\u00f3 thi\u1ebft k\u1ebf b\u00f3ng g\u01b0\u01a1ng cao c\u1ea5p h\u01b0\u1edbng \u0111\u1ebfn s\u1ef1 t\u1ed1i gi\u1ea3n nh\u01b0ng tinh t\u1ebf, v\u1edbi c\u00e1c \u0111\u01b0\u1eddng n\u00e9t g\u1ecdn g\u00e0ng, hi\u1ec7n \u0111\u1ea1i. Tay n\u1eafm c\u00f3 th\u1ec3 \u0111\u01b0\u1ee3c thi\u1ebft k\u1ebf \u00e2m ho\u1eb7c d\u1ea1ng v\u00e1t c\u1ea1nh gi\u00fap t\u1ed5ng th\u1ec3 t\u1ee7 li\u1ec1n m\u1ea1ch, sang tr\u1ecdng v\u00e0 ph\u00f9 h\u1ee3p v\u1edbi xu h\u01b0\u1edbng n\u1ed9i th\u1ea5t hi\u1ec7n nay.<\/h4>\n<p data-start=\"2055\" data-end=\"2326\">V\u1ec1 c\u00f4ng n\u0103ng, t\u1ee7 b\u1ebfp \u0111\u01b0\u1ee3c b\u1ed1 tr\u00ed khoa h\u1ecdc v\u1edbi \u0111\u1ea7y \u0111\u1ee7 c\u00e1c khu v\u1ef1c ch\u1ee9c n\u0103ng nh\u01b0 khu n\u1ea5u, khu r\u1eeda, khu l\u01b0u tr\u1eef v\u00e0 khu chu\u1ea9n b\u1ecb th\u1ef1c ph\u1ea9m. H\u1ec7 t\u1ee7 tr\u00ean \u2013 t\u1ee7 d\u01b0\u1edbi k\u1ebft h\u1ee3p h\u1ee3p l\u00fd gi\u00fap t\u1eadn d\u1ee5ng t\u1ed1i \u0111a kh\u00f4ng gian, \u0111\u1ed3ng th\u1eddi mang l\u1ea1i s\u1ef1 ti\u1ec7n nghi trong qu\u00e1 tr\u00ecnh s\u1eed d\u1ee5ng h\u00e0ng ng\u00e0y c\u1ee7a T\u1ee7 b\u1ebfp MDF ch\u1ed1ng \u1ea9m Acrylic<\/p>\n<figure id=\"attachment_8838\" aria-describedby=\"caption-attachment-8838\" style=\"width: 899px\" class=\"wp-caption aligncenter\"><img loading=\"lazy\" decoding=\"async\" class=\"wp-image-8838 size-large\" title=\"tu-bep-acrylic-sang-bong\" src=\"https:\/\/noithathuuthinh.vn\/wp-content\/uploads\/2026\/04\/z3511814834701_0f1c36b029dbcd7ed0193ef085f2df87-899x1200.jpg\" alt=\"tu-bep-acrylic-sang-bong\" width=\"899\" height=\"1200\" srcset=\"https:\/\/www.noithathuuthinh.vn\/wp-content\/uploads\/2026\/04\/z3511814834701_0f1c36b029dbcd7ed0193ef085f2df87-899x1200.jpg 899w, https:\/\/www.noithathuuthinh.vn\/wp-content\/uploads\/2026\/04\/z3511814834701_0f1c36b029dbcd7ed0193ef085f2df87-375x500.jpg 375w, https:\/\/www.noithathuuthinh.vn\/wp-content\/uploads\/2026\/04\/z3511814834701_0f1c36b029dbcd7ed0193ef085f2df87-225x300.jpg 225w, https:\/\/www.noithathuuthinh.vn\/wp-content\/uploads\/2026\/04\/z3511814834701_0f1c36b029dbcd7ed0193ef085f2df87-768x1025.jpg 768w, https:\/\/www.noithathuuthinh.vn\/wp-content\/uploads\/2026\/04\/z3511814834701_0f1c36b029dbcd7ed0193ef085f2df87.jpg 956w\" sizes=\"auto, (max-width: 899px) 100vw, 899px\" \/><figcaption id=\"caption-attachment-8838\" class=\"wp-caption-text\">tu-bep-acrylic-sang-bong<\/figcaption><\/figure>\n<p data-start=\"2328\" data-end=\"2537\">Ngo\u00e0i ra, kh\u00e1ch h\u00e0ng c\u00f3 th\u1ec3 t\u00edch h\u1ee3p th\u00eam c\u00e1c ph\u1ee5 ki\u1ec7n th\u00f4ng minh nh\u01b0 k\u1ec7 ch\u00e9n b\u00e1t n\u00e2ng h\u1ea1, gi\u00e1 dao th\u1edbt, th\u00f9ng g\u1ea1o \u00e2m t\u1ee7, ray tr\u01b0\u1ee3t gi\u1ea3m ch\u1ea5n\u2026 nh\u1eb1m n\u00e2ng cao tr\u1ea3i nghi\u1ec7m s\u1eed d\u1ee5ng v\u00e0 t\u1ed1i \u01b0u c\u00f4ng n\u0103ng cho c\u0103n b\u1ebfp.<\/p>\n<p data-start=\"2539\" data-end=\"2801\">N\u1ed9i Th\u1ea5t H\u1eefu Th\u1ecbnh nh\u1eadn thi\u1ebft k\u1ebf v\u00e0 thi c\u00f4ng t\u1ee7 b\u1ebfp Acrylic theo y\u00eau c\u1ea7u, \u0111\u1ea3m b\u1ea3o ph\u00f9 h\u1ee3p v\u1edbi di\u1ec7n t\u00edch th\u1ef1c t\u1ebf v\u00e0 phong c\u00e1ch n\u1ed9i th\u1ea5t c\u1ee7a t\u1eebng gia \u0111\u00ecnh. V\u1edbi \u0111\u1ed9i ng\u0169 thi c\u00f4ng chuy\u00ean nghi\u1ec7p, s\u1ea3n ph\u1ea9m lu\u00f4n \u0111\u01b0\u1ee3c ho\u00e0n thi\u1ec7n t\u1ec9 m\u1ec9, \u0111\u1ea3m b\u1ea3o \u0111\u1ed9 b\u1ec1n v\u00e0 t\u00ednh th\u1ea9m m\u1ef9 cao.<\/p>\n<p data-start=\"2539\" data-end=\"2801\"><img loading=\"lazy\" decoding=\"async\" class=\"aligncenter wp-image-8840\" src=\"https:\/\/noithathuuthinh.vn\/wp-content\/uploads\/2026\/04\/Screenshot-2026-04-21-143334.png\" alt=\"T\u1ee7 b\u1ebfp Acrylic b\u00f3ng g\u01b0\u01a1ng cao c\u1ea5p hi\u1ec7n \u0111\u1ea1i m\u00e0u tr\u1eafng c\u00f3 \u0111\u1ea3o b\u1ebfp sang tr\u1ecdng\" width=\"800\" height=\"802\" srcset=\"https:\/\/www.noithathuuthinh.vn\/wp-content\/uploads\/2026\/04\/Screenshot-2026-04-21-143334.png 469w, https:\/\/www.noithathuuthinh.vn\/wp-content\/uploads\/2026\/04\/Screenshot-2026-04-21-143334-300x300.png 300w, https:\/\/www.noithathuuthinh.vn\/wp-content\/uploads\/2026\/04\/Screenshot-2026-04-21-143334-100x100.png 100w\" sizes=\"auto, (max-width: 800px) 100vw, 800px\" \/><\/p>\n<p data-start=\"2803\" data-end=\"3046\">N\u1ebfu b\u1ea1n \u0111ang t\u00ecm ki\u1ebfm m\u1ed9t m\u1eabu t\u1ee7 b\u1ebfp v\u1eeba \u0111\u1eb9p, v\u1eeba hi\u1ec7n \u0111\u1ea1i l\u1ea1i d\u1ec5 v\u1ec7 sinh th\u00ec t\u1ee7 b\u1ebfp Acrylic b\u00f3ng g\u01b0\u01a1ng cao c\u1ea5p ch\u00ednh l\u00e0 l\u1ef1a ch\u1ecdn ho\u00e0n h\u1ea3o. S\u1ea3n ph\u1ea9m kh\u00f4ng ch\u1ec9 n\u00e2ng t\u1ea7m kh\u00f4ng gian s\u1ed1ng m\u00e0 c\u00f2n mang l\u1ea1i s\u1ef1 ti\u1ec7n nghi v\u00e0 tho\u1ea3i m\u00e1i cho gia \u0111\u00ecnh b\u1ea1n.<\/p>\n<p data-start=\"3048\" data-end=\"3146\">Li\u00ean h\u1ec7 ngay N\u1ed9i Th\u1ea5t H\u1eefu Th\u1ecbnh \u0111\u1ec3 \u0111\u01b0\u1ee3c t\u01b0 v\u1ea5n thi\u1ebft k\u1ebf v\u00e0 b\u00e1o gi\u00e1 chi ti\u1ebft ho\u00e0n to\u00e0n mi\u1ec5n ph\u00ed.<\/p>\n","protected":false},"excerpt":{"rendered":"<p>T\u1ee7 b\u1ebfp MDF ch\u1ed1ng \u1ea9m Acrylic hay T\u1ee7 b\u1ebfp Acrylic b\u00f3ng g\u01b0\u01a1ng cao c\u1ea5p l\u00e0 d\u00f2ng t\u1ee7 b\u1ebfp hi\u1ec7n \u0111\u1ea1i v\u1edbi b\u1ec1 m\u1eb7t s\u00e1ng b\u00f3ng nh\u01b0 g\u01b0\u01a1ng, gi\u00fap kh\u00f4ng gian b\u1ebfp tr\u1edf n\u00ean r\u1ed9ng r\u00e3i, sang tr\u1ecdng v\u00e0 c\u1ef1c k\u1ef3 d\u1ec5 v\u1ec7 sinh.<\/p>\n<p>Gi\u00e1 t\u1ea1i x\u01b0\u1edfng: 7.000.000 \u2013 9.000.000 VN\u0110 \/ m\u00e9t d\u00e0i (t\u1ee7 tr\u00ean + t\u1ee7 d\u01b0\u1edbi)<\/p>\n<p>\u2714\ufe0f Thi\u1ebft k\u1ebf theo y\u00eau c\u1ea7u \u2013 \u0111o \u0111\u1ea1c t\u1eadn n\u01a1i<br \/>\n\u2714\ufe0f Thi c\u00f4ng tr\u1ecdn g\u00f3i \u2013 ho\u00e0n thi\u1ec7n nhanh<br \/>\n\u2714\ufe0f B\u1ea3o h\u00e0nh 12 th\u00e1ng \u2013 h\u1ed7 tr\u1ee3 l\u00e2u d\u00e0i<\/p>\n<p>Li\u00ean h\u1ec7 ngay N\u1ed9i Th\u1ea5t H\u1eefu Th\u1ecbnh \u0111\u1ec3 \u0111\u01b0\u1ee3c t\u01b0 v\u1ea5n v\u00e0 b\u00e1o gi\u00e1 mi\u1ec5n ph\u00ed.<\/p>\n<p><span style=\"color: #ed1c24;\"><em>M\u00e0u g\u1ed7 tu\u1ef3 ch\u1ecdn theo y\u00eau c\u1ea7u c\u1ee7a kh\u00e1ch h\u00e0ng.<\/em><\/span><\/p>\n<p data-start=\"521\" data-end=\"812\">K\u00edch th\u01b0\u1edbc: Thi\u1ebft k\u1ebf theo y\u00eau c\u1ea7u kh\u00f4ng gian th\u1ef1c t\u1ebf<br data-start=\"555\" data-end=\"558\" \/>Xu\u1ea5t x\u1ee9: S\u1ea3n ph\u1ea9m c\u1ee7a <strong>C\u00d4NG TY TNHH SXTM TTNT H\u1eeeU TH\u1ecaNH.<\/strong><br data-start=\"659\" data-end=\"662\" \/><span style=\"color: #ed1c24;\"><em>L\u01b0u \u00fd: Gi\u00e1 tr\u00ean ch\u01b0a bao g\u1ed3m VAT v\u00e0 ph\u00ed v\u1eadn chuy\u1ec3n. Gi\u00e1 s\u1ea3n ph\u1ea9m c\u00f3 th\u1ec3 thay \u0111\u1ed5i theo t\u1eebng th\u1eddi \u0111i\u1ec3m, vui l\u00f2ng li\u00ean h\u1ec7 \u0111\u1ec3 nh\u1eadn t\u01b0 v\u1ea5n \u01b0u \u0111\u00e3i t\u1ed1t nh\u1ea5t.<\/em><\/span><\/p>\n","protected":false},"featured_media":8827,"comment_status":"open","ping_status":"closed","template":"","meta":[],"product_brand":[],"product_cat":[18,777],"product_tag":[],"class_list":{"0":"post-8834","1":"product","2":"type-product","3":"status-publish","4":"has-post-thumbnail","6":"product_cat-noi-that-gia-dinh","7":"product_cat-tu-bep","9":"first","10":"instock","11":"taxable","12":"shipping-taxable","13":"purchasable","14":"product-type-simple"},"_links":{"self":[{"href":"https:\/\/www.noithathuuthinh.vn\/zh-hans\/wp-json\/wp\/v2\/product\/8834","targetHints":{"allow":["GET"]}}],"collection":[{"href":"https:\/\/www.noithathuuthinh.vn\/zh-hans\/wp-json\/wp\/v2\/product"}],"about":[{"href":"https:\/\/www.noithathuuthinh.vn\/zh-hans\/wp-json\/wp\/v2\/types\/product"}],"replies":[{"embeddable":true,"href":"https:\/\/www.noithathuuthinh.vn\/zh-hans\/wp-json\/wp\/v2\/comments?post=8834"}],"wp:featuredmedia":[{"embeddable":true,"href":"https:\/\/www.noithathuuthinh.vn\/zh-hans\/wp-json\/wp\/v2\/media\/8827"}],"wp:attachment":[{"href":"https:\/\/www.noithathuuthinh.vn\/zh-hans\/wp-json\/wp\/v2\/media?parent=8834"}],"wp:term":[{"taxonomy":"product_brand","embeddable":true,"href":"https:\/\/www.noithathuuthinh.vn\/zh-hans\/wp-json\/wp\/v2\/product_brand?post=8834"},{"taxonomy":"product_cat","embeddable":true,"href":"https:\/\/www.noithathuuthinh.vn\/zh-hans\/wp-json\/wp\/v2\/product_cat?post=8834"},{"taxonomy":"product_tag","embeddable":true,"href":"https:\/\/www.noithathuuthinh.vn\/zh-hans\/wp-json\/wp\/v2\/product_tag?post=8834"}],"curies":[{"name":"wp","href":"https:\/\/api.w.org\/{rel}","templated":true}]}}