{"id":8860,"date":"2026-04-22T11:28:49","date_gmt":"2026-04-22T04:28:49","guid":{"rendered":"https:\/\/noithathuuthinh.vn\/?post_type=product&#038;p=8860"},"modified":"2026-04-22T11:28:49","modified_gmt":"2026-04-22T04:28:49","slug":"ban-trang-diem-pht04","status":"publish","type":"product","link":"https:\/\/www.noithathuuthinh.vn\/zh-hans\/san-pham\/ban-trang-diem-pht04\/","title":{"rendered":"B\u00e0n trang \u0111i\u1ec3m PHT04"},"content":{"rendered":"<p data-start=\"885\" data-end=\"1287\"><a href=\"https:\/\/noithathuuthinh.vn\/danh-muc-san-pham\/noi-that-gia-dinh\/ban-trang-diem\/\">B\u00e0n trang \u0111i\u1ec3m PHT04<\/a> l\u00e0 m\u1eabu b\u00e0n trang \u0111i\u1ec3m nh\u1ecf g\u1ecdn \u0111\u01b0\u1ee3c thi\u1ebft k\u1ebf theo phong c\u00e1ch \u0111\u01a1n gi\u1ea3n, mang \u0111\u1ebfn g\u00f3c l\u00e0m \u0111\u1eb9p ti\u1ec7n nghi v\u00e0 hi\u1ec7n \u0111\u1ea1i cho ph\u00f2ng ng\u1ee7. V\u1edbi chi\u1ec1u ngang r\u1ed9ng r\u00e3i c\u00f9ng chi\u1ec1u cao ti\u00eau chu\u1ea9n, B\u00e0n trang \u0111i\u1ec3m PHT04 t\u1ea1o c\u1ea3m gi\u00e1c tho\u1ea3i m\u00e1i khi s\u1eed d\u1ee5ng \u0111\u1ed3ng th\u1eddi v\u1eabn gi\u1eef \u0111\u01b0\u1ee3c s\u1ef1 g\u1ecdn g\u00e0ng cho kh\u00f4ng gian n\u1ed9i th\u1ea5t. S\u1ea3n ph\u1ea9m ph\u00f9 h\u1ee3p v\u1edbi c\u0103n h\u1ed9 chung c\u01b0, nh\u00e0 ph\u1ed1 ho\u1eb7c ph\u00f2ng ng\u1ee7 c\u00f3 di\u1ec7n t\u00edch v\u1eeba v\u00e0 nh\u1ecf.<\/p>\n<p data-start=\"1289\" data-end=\"1696\">\u0110i\u1ec3m n\u1ed5i b\u1eadt c\u1ee7a B\u00e0n trang \u0111i\u1ec3m PHT04 n\u1eb1m \u1edf thi\u1ebft k\u1ebf ti\u1ec7n d\u1ee5ng v\u1edbi m\u1eb7t b\u00e0n r\u1ed9ng c\u00f9ng nhi\u1ec1u k\u1ec7 v\u00e0 h\u1ed9c ng\u0103n k\u00e9o th\u00f4ng minh. M\u1eb7t b\u00e0n l\u1edbn t\u1ea1o kh\u00f4ng gian tho\u1ea3i m\u00e1i \u0111\u1ec3 b\u1ed1 tr\u00ed g\u01b0\u01a1ng, m\u1ef9 ph\u1ea9m v\u00e0 v\u1eadt d\u1ee5ng th\u01b0\u1eddng d\u00f9ng. C\u00e1c ng\u0103n k\u00e9o gi\u00fap c\u1ea5t gi\u1eef \u0111\u1ed3 d\u00f9ng c\u00e1 nh\u00e2n k\u00edn \u0111\u00e1o, trong khi h\u1ec7 k\u1ec7 h\u1ed7 tr\u1ee3 s\u1eafp x\u1ebfp ph\u1ee5 ki\u1ec7n g\u1ecdn g\u00e0ng. Nh\u1edd b\u1ed1 c\u1ee5c h\u1ee3p l\u00fd, B\u00e0n trang \u0111i\u1ec3m PHT04 mang l\u1ea1i s\u1ef1 thu\u1eadn ti\u1ec7n trong qu\u00e1 tr\u00ecnh s\u1eed d\u1ee5ng h\u1eb1ng ng\u00e0y.<\/p>\n<p data-start=\"1698\" data-end=\"2102\">B\u00e0n trang \u0111i\u1ec3m PHT04 \u0111\u01b0\u1ee3c s\u1ea3n xu\u1ea5t t\u1eeb g\u1ed7 c\u00f4ng nghi\u1ec7p MDF ch\u1ed1ng \u1ea9m ph\u1ee7 Melamine cao c\u1ea5p. \u0110\u00e2y l\u00e0 v\u1eadt li\u1ec7u c\u00f3 \u0111\u1ed9 b\u1ec1n cao, kh\u1ea3 n\u0103ng ch\u1ed1ng tr\u1ea7y x\u01b0\u1edbc t\u1ed1t v\u00e0 h\u1ea1n ch\u1ebf cong v\u00eanh trong \u0111i\u1ec1u ki\u1ec7n s\u1eed d\u1ee5ng l\u00e2u d\u00e0i. B\u1ec1 m\u1eb7t ph\u1ee7 Melamine gi\u00fap ch\u1ed1ng b\u00e1m b\u1ee5i, d\u1ec5 lau ch\u00f9i v\u00e0 gi\u1eef m\u00e0u s\u1eafc \u1ed5n \u0111\u1ecbnh theo th\u1eddi gian. Nh\u1edd ch\u1ea5t li\u1ec7u b\u1ec1n b\u1ec9, B\u00e0n trang \u0111i\u1ec3m PHT04 lu\u00f4n \u0111\u1ea3m b\u1ea3o \u0111\u1ed9 b\u1ec1n \u0111\u1eb9p v\u00e0 ph\u00f9 h\u1ee3p v\u1edbi nhu c\u1ea7u s\u1eed d\u1ee5ng th\u01b0\u1eddng xuy\u00ean.<\/p>\n<p data-start=\"2104\" data-end=\"2400\">Kh\u00f4ng gian l\u01b0u tr\u1eef c\u1ee7a B\u00e0n trang \u0111i\u1ec3m PHT04 \u0111\u01b0\u1ee3c thi\u1ebft k\u1ebf khoa h\u1ecdc nh\u1eb1m t\u1ed1i \u01b0u c\u00f4ng n\u0103ng s\u1eed d\u1ee5ng. C\u00e1c ng\u0103n k\u00e9o r\u1ed9ng r\u00e3i gi\u00fap c\u1ea5t gi\u1eef m\u1ef9 ph\u1ea9m, \u0111\u1ed3 ch\u0103m s\u00f3c c\u00e1 nh\u00e2n, m\u00e1y s\u1ea5y t\u00f3c ho\u1eb7c trang s\u1ee9c ng\u0103n n\u1eafp. H\u1ec7 k\u1ec7 ph\u1ee5 gi\u00fap t\u0103ng th\u00eam di\u1ec7n t\u00edch l\u01b0u tr\u1eef, gi\u1eef cho khu v\u1ef1c trang \u0111i\u1ec3m lu\u00f4n s\u1ea1ch s\u1ebd v\u00e0 g\u1ecdn g\u00e0ng.<\/p>\n<h4 data-start=\"2104\" data-end=\"2400\"><a href=\"https:\/\/noithattheone-ht.com\/danh-muc\/gia-dinh\/\" target=\"_blank\" rel=\"noopener\">B\u00e0n trang \u0111i\u1ec3m PHT04<\/a><\/h4>\n<figure id=\"attachment_8863\" aria-describedby=\"caption-attachment-8863\" style=\"width: 1024px\" class=\"wp-caption aligncenter\"><img loading=\"lazy\" decoding=\"async\" class=\"wp-image-8863 size-full\" src=\"https:\/\/noithathuuthinh.vn\/wp-content\/uploads\/2026\/04\/PHT04-2.jpg\" alt=\"B\u00e0n trang \u0111i\u1ec3m PHT04\" width=\"1024\" height=\"768\" srcset=\"https:\/\/www.noithathuuthinh.vn\/wp-content\/uploads\/2026\/04\/PHT04-2.jpg 1024w, https:\/\/www.noithathuuthinh.vn\/wp-content\/uploads\/2026\/04\/PHT04-2-500x375.jpg 500w, https:\/\/www.noithathuuthinh.vn\/wp-content\/uploads\/2026\/04\/PHT04-2-300x225.jpg 300w, https:\/\/www.noithathuuthinh.vn\/wp-content\/uploads\/2026\/04\/PHT04-2-768x576.jpg 768w, https:\/\/www.noithathuuthinh.vn\/wp-content\/uploads\/2026\/04\/PHT04-2-720x540.jpg 720w, https:\/\/www.noithathuuthinh.vn\/wp-content\/uploads\/2026\/04\/PHT04-2-1000x750.jpg 1000w\" sizes=\"auto, (max-width: 1024px) 100vw, 1024px\" \/><figcaption id=\"caption-attachment-8863\" class=\"wp-caption-text\">B\u00e0n trang \u0111i\u1ec3m PHT04<\/figcaption><\/figure>\n<p data-start=\"2402\" data-end=\"2762\">V\u1edbi k\u00edch th\u01b0\u1edbc W1100 x D485 x H750 mm, B\u00e0n trang \u0111i\u1ec3m PHT04 ph\u00f9 h\u1ee3p v\u1edbi nhi\u1ec1u kh\u00f4ng gian ph\u00f2ng ng\u1ee7 c\u1ea7n m\u1eb7t b\u00e0n r\u1ed9ng v\u00e0 chi\u1ec1u cao s\u1eed d\u1ee5ng tho\u1ea3i m\u00e1i. Chi\u1ec1u ngang l\u1edbn gi\u00fap t\u0103ng di\u1ec7n t\u00edch thao t\u00e1c, trong khi chi\u1ec1u s\u00e2u h\u1ee3p l\u00fd t\u1ea1o s\u1ef1 ch\u1eafc ch\u1eafn v\u00e0 ti\u1ec7n nghi khi ng\u1ed3i s\u1eed d\u1ee5ng. Thi\u1ebft k\u1ebf n\u00e0y gi\u00fap B\u00e0n trang \u0111i\u1ec3m PHT04 d\u1ec5 d\u00e0ng k\u1ebft h\u1ee3p c\u00f9ng gh\u1ebf \u0111\u00f4n, t\u1ee7 \u00e1o ho\u1eb7c gi\u01b0\u1eddng ng\u1ee7.<\/p>\n<p data-start=\"2764\" data-end=\"3068\">Thi\u1ebft k\u1ebf t\u1ed5ng th\u1ec3 c\u1ee7a B\u00e0n trang \u0111i\u1ec3m PHT04 mang l\u1ea1i c\u1ea3m gi\u00e1c hi\u1ec7n \u0111\u1ea1i v\u00e0 tinh t\u1ebf cho kh\u00f4ng gian ph\u00f2ng ng\u1ee7. \u0110\u01b0\u1eddng n\u00e9t \u0111\u01a1n gi\u1ea3n gi\u00fap s\u1ea3n ph\u1ea9m d\u1ec5 d\u00e0ng h\u00f2a h\u1ee3p v\u1edbi nhi\u1ec1u phong c\u00e1ch n\u1ed9i th\u1ea5t kh\u00e1c nhau. B\u00e0n trang \u0111i\u1ec3m PHT04 kh\u00f4ng ch\u1ec9 l\u00e0 n\u01a1i l\u00e0m \u0111\u1eb9p ti\u1ec7n l\u1ee3i m\u00e0 c\u00f2n g\u00f3p ph\u1ea7n n\u00e2ng cao t\u00ednh th\u1ea9m m\u1ef9 cho c\u0103n ph\u00f2ng.<\/p>\n<p data-start=\"3070\" data-end=\"3324\">Ngo\u00e0i ra, B\u00e0n trang \u0111i\u1ec3m PHT04 c\u00f2n c\u00f3 \u01b0u \u0111i\u1ec3m d\u1ec5 v\u1ec7 sinh v\u00e0 b\u1ea3o qu\u1ea3n. B\u1ec1 m\u1eb7t Melamine gi\u00fap lau ch\u00f9i nhanh ch\u00f3ng v\u00e0 h\u1ea1n ch\u1ebf b\u00e1m b\u1ee5i. K\u1ebft c\u1ea5u ch\u1eafc ch\u1eafn gi\u00fap s\u1ea3n ph\u1ea9m duy tr\u00ec \u0111\u1ed9 \u1ed5n \u0111\u1ecbnh trong qu\u00e1 tr\u00ecnh s\u1eed d\u1ee5ng l\u00e2u d\u00e0i, ph\u00f9 h\u1ee3p v\u1edbi nhu c\u1ea7u s\u1eed d\u1ee5ng h\u1eb1ng ng\u00e0y.<\/p>\n<p data-start=\"3326\" data-end=\"3524\" data-is-last-node=\"\" data-is-only-node=\"\">B\u00e0n trang \u0111i\u1ec3m PHT04 l\u00e0 s\u1ef1 k\u1ebft h\u1ee3p gi\u1eefa thi\u1ebft k\u1ebf \u0111\u01a1n gi\u1ea3n, ch\u1ea5t li\u1ec7u b\u1ec1n b\u1ec9 v\u00e0 c\u00f4ng n\u0103ng s\u1eed d\u1ee5ng hi\u1ec7u qu\u1ea3, ph\u00f9 h\u1ee3p v\u1edbi nhi\u1ec1u kh\u00f4ng gian ph\u00f2ng ng\u1ee7 hi\u1ec7n \u0111\u1ea1i, mang l\u1ea1i g\u00f3c l\u00e0m \u0111\u1eb9p ti\u1ec7n nghi v\u00e0 th\u1ea9m m\u1ef9.<img loading=\"lazy\" decoding=\"async\" class=\"aligncenter size-full wp-image-8861\" src=\"https:\/\/noithathuuthinh.vn\/wp-content\/uploads\/2026\/04\/PHT04.jpg\" alt=\"\" width=\"1024\" height=\"768\" srcset=\"https:\/\/www.noithathuuthinh.vn\/wp-content\/uploads\/2026\/04\/PHT04.jpg 1024w, https:\/\/www.noithathuuthinh.vn\/wp-content\/uploads\/2026\/04\/PHT04-500x375.jpg 500w, https:\/\/www.noithathuuthinh.vn\/wp-content\/uploads\/2026\/04\/PHT04-300x225.jpg 300w, https:\/\/www.noithathuuthinh.vn\/wp-content\/uploads\/2026\/04\/PHT04-768x576.jpg 768w, https:\/\/www.noithathuuthinh.vn\/wp-content\/uploads\/2026\/04\/PHT04-720x540.jpg 720w, https:\/\/www.noithathuuthinh.vn\/wp-content\/uploads\/2026\/04\/PHT04-1000x750.jpg 1000w\" sizes=\"auto, (max-width: 1024px) 100vw, 1024px\" \/><\/p>\n","protected":false},"excerpt":{"rendered":"<p data-start=\"55\" data-end=\"545\">B\u00e0n trang \u0111i\u1ec3m PHT04 l\u00e0 m\u1eabu b\u00e0n trang \u0111i\u1ec3m \u0111\u1eb9p \u0111\u01b0\u1ee3c thi\u1ebft k\u1ebf nh\u1ecf g\u1ecdn theo phong c\u00e1ch \u0111\u01a1n gi\u1ea3n, ph\u00f9 h\u1ee3p v\u1edbi nhi\u1ec1u kh\u00f4ng gian n\u1ed9i th\u1ea5t t\u1eeb hi\u1ec7n \u0111\u1ea1i \u0111\u1ebfn c\u1ed5 \u0111i\u1ec3n ho\u1eb7c vintage. S\u1ea3n ph\u1ea9m s\u1edf h\u1eefu ki\u1ec3u d\u00e1ng thanh l\u1ecbch c\u00f9ng m\u1eb7t b\u00e0n r\u1ed9ng r\u00e3i, nhi\u1ec1u k\u1ec7 v\u00e0 h\u1ed9c ng\u0103n k\u00e9o ti\u1ec7n d\u1ee5ng, gi\u00fap s\u1eafp x\u1ebfp m\u1ef9 ph\u1ea9m v\u00e0 v\u1eadt d\u1ee5ng c\u00e1 nh\u00e2n g\u1ecdn g\u00e0ng, khoa h\u1ecdc. B\u00e0n \u0111\u01b0\u1ee3c s\u1ea3n xu\u1ea5t t\u1eeb g\u1ed7 c\u00f4ng nghi\u1ec7p MDF ch\u1ed1ng \u1ea9m ph\u1ee7 Melamine cao c\u1ea5p, mang l\u1ea1i \u0111\u1ed9 b\u1ec1n cao, kh\u1ea3 n\u0103ng ch\u1ed1ng tr\u1ea7y x\u01b0\u1edbc v\u00e0 h\u1ea1n ch\u1ebf cong v\u00eanh trong qu\u00e1 tr\u00ecnh s\u1eed d\u1ee5ng.<\/p>\n<p><span style=\"color: #ed1c24;\"><em>M\u00e0u g\u1ed7 tu\u1ef3 ch\u1ecdn theo y\u00eau c\u1ea7u c\u1ee7a kh\u00e1ch h\u00e0ng.<\/em><\/span><\/p>\n<p data-start=\"547\" data-end=\"838\">K\u00edch th\u01b0\u1edbc: W1100 x D485 x H750 mm<br data-start=\"581\" data-end=\"584\" \/>Xu\u1ea5t x\u1ee9: S\u1ea3n ph\u1ea9m c\u1ee7a <strong>C\u00d4NG TY TNHH SXTM TTNT H\u1eeeU TH\u1ecaNH.<\/strong><br data-start=\"639\" data-end=\"642\" \/>B\u1ea3o h\u00e0nh: 12 th\u00e1ng theo ti\u00eau chu\u1ea9n nh\u00e0 m\u00e1y.<br data-start=\"685\" data-end=\"688\" \/><span style=\"color: #ed1c24;\"><em>L\u01b0u \u00fd: Gi\u00e1 tr\u00ean ch\u01b0a bao g\u1ed3m VAT v\u00e0 ph\u00ed v\u1eadn chuy\u1ec3n. Gi\u00e1 s\u1ea3n ph\u1ea9m c\u00f3 th\u1ec3 thay \u0111\u1ed5i theo t\u1eebng th\u1eddi \u0111i\u1ec3m, vui l\u00f2ng li\u00ean h\u1ec7 \u0111\u1ec3 nh\u1eadn t\u01b0 v\u1ea5n \u01b0u \u0111\u00e3i t\u1ed1t nh\u1ea5t.<\/em><\/span><\/p>\n","protected":false},"featured_media":8861,"comment_status":"open","ping_status":"closed","template":"","meta":[],"product_brand":[],"product_cat":[18,774],"product_tag":[],"class_list":{"0":"post-8860","1":"product","2":"type-product","3":"status-publish","4":"has-post-thumbnail","6":"product_cat-noi-that-gia-dinh","7":"product_cat-ban-trang-diem","9":"first","10":"instock","11":"taxable","12":"shipping-taxable","13":"purchasable","14":"product-type-simple"},"_links":{"self":[{"href":"https:\/\/www.noithathuuthinh.vn\/zh-hans\/wp-json\/wp\/v2\/product\/8860","targetHints":{"allow":["GET"]}}],"collection":[{"href":"https:\/\/www.noithathuuthinh.vn\/zh-hans\/wp-json\/wp\/v2\/product"}],"about":[{"href":"https:\/\/www.noithathuuthinh.vn\/zh-hans\/wp-json\/wp\/v2\/types\/product"}],"replies":[{"embeddable":true,"href":"https:\/\/www.noithathuuthinh.vn\/zh-hans\/wp-json\/wp\/v2\/comments?post=8860"}],"wp:featuredmedia":[{"embeddable":true,"href":"https:\/\/www.noithathuuthinh.vn\/zh-hans\/wp-json\/wp\/v2\/media\/8861"}],"wp:attachment":[{"href":"https:\/\/www.noithathuuthinh.vn\/zh-hans\/wp-json\/wp\/v2\/media?parent=8860"}],"wp:term":[{"taxonomy":"product_brand","embeddable":true,"href":"https:\/\/www.noithathuuthinh.vn\/zh-hans\/wp-json\/wp\/v2\/product_brand?post=8860"},{"taxonomy":"product_cat","embeddable":true,"href":"https:\/\/www.noithathuuthinh.vn\/zh-hans\/wp-json\/wp\/v2\/product_cat?post=8860"},{"taxonomy":"product_tag","embeddable":true,"href":"https:\/\/www.noithathuuthinh.vn\/zh-hans\/wp-json\/wp\/v2\/product_tag?post=8860"}],"curies":[{"name":"wp","href":"https:\/\/api.w.org\/{rel}","templated":true}]}}