{"id":8875,"date":"2026-04-23T14:55:33","date_gmt":"2026-04-23T07:55:33","guid":{"rendered":"https:\/\/noithathuuthinh.vn\/?post_type=product&#038;p=8875"},"modified":"2026-04-23T14:55:52","modified_gmt":"2026-04-23T07:55:52","slug":"ghe-sofa-sf306a","status":"publish","type":"product","link":"https:\/\/www.noithathuuthinh.vn\/zh-hans\/san-pham\/ghe-sofa-sf306a\/","title":{"rendered":"Gh\u1ebf Sofa SF306A"},"content":{"rendered":"<p data-start=\"987\" data-end=\"1335\"><a href=\"https:\/\/noithathuuthinh.vn\/danh-muc-san-pham\/noi-that-gia-dinh\/ghe-sofa\/\">Gh\u1ebf Sofa SF306A<\/a> l\u00e0 m\u1eabu sofa cao c\u1ea5p \u0111\u01b0\u1ee3c thi\u1ebft k\u1ebf theo c\u1ea5u h\u00ecnh 3-2-1 hi\u1ec7n \u0111\u1ea1i, mang \u0111\u1ebfn kh\u00f4ng gian ti\u1ebfp kh\u00e1ch sang tr\u1ecdng v\u00e0 ti\u1ec7n nghi cho gia \u0111\u00ecnh ho\u1eb7c v\u0103n ph\u00f2ng. V\u1edbi ki\u1ec3u d\u00e1ng b\u1ec1 th\u1ebf c\u00f9ng \u0111\u01b0\u1eddng n\u00e9t tinh t\u1ebf, Gh\u1ebf Sofa SF306A t\u1ea1o \u0111i\u1ec3m nh\u1ea5n n\u1ed5i b\u1eadt cho kh\u00f4ng gian n\u1ed9i th\u1ea5t \u0111\u1ed3ng th\u1eddi \u0111\u00e1p \u1ee9ng nhu c\u1ea7u s\u1eed d\u1ee5ng linh ho\u1ea1t trong nhi\u1ec1u m\u00f4i tr\u01b0\u1eddng kh\u00e1c nhau.<\/p>\n<p data-start=\"1337\" data-end=\"1652\">\u0110i\u1ec3m n\u1ed5i b\u1eadt c\u1ee7a Gh\u1ebf Sofa SF306A n\u1eb1m \u1edf c\u1ea5u h\u00ecnh b\u1ed9 gh\u1ebf g\u1ed3m gh\u1ebf 3 ch\u1ed7, gh\u1ebf 2 ch\u1ed7 v\u00e0 gh\u1ebf \u0111\u01a1n 1 ch\u1ed7. Thi\u1ebft k\u1ebf n\u00e0y gi\u00fap ng\u01b0\u1eddi d\u00f9ng d\u1ec5 d\u00e0ng b\u1ed1 tr\u00ed theo di\u1ec7n t\u00edch th\u1ef1c t\u1ebf c\u1ee7a ph\u00f2ng kh\u00e1ch ho\u1eb7c khu v\u1ef1c ti\u1ebfp kh\u00e1ch. Gh\u1ebf \u0111\u01a1n c\u00f3 kh\u1ea3 n\u0103ng xoay 360 \u0111\u1ed9 ti\u1ec7n l\u1ee3i, t\u1ea1o c\u1ea3m gi\u00e1c th\u01b0 gi\u00e3n tho\u1ea3i m\u00e1i v\u00e0 t\u0103ng t\u00ednh linh ho\u1ea1t khi s\u1eed d\u1ee5ng.<\/p>\n<h4 data-start=\"1654\" data-end=\"1995\"><a href=\"https:\/\/noithattheone-ht.com\/danh-muc\/gia-dinh\/\" target=\"_blank\" rel=\"noopener\">Gh\u1ebf Sofa SF306A<\/a> \u0111\u01b0\u1ee3c b\u1ecdc da th\u1eadt t\u1ea1i c\u00e1c v\u1ecb tr\u00ed ti\u1ebfp x\u00fac tr\u1ef1c ti\u1ebfp v\u1edbi ng\u01b0\u1eddi s\u1eed d\u1ee5ng, mang l\u1ea1i c\u1ea3m gi\u00e1c m\u1ec1m m\u1ea1i, \u00eam \u00e1i v\u00e0 cao c\u1ea5p. C\u00e1c ph\u1ea7n c\u00f2n l\u1ea1i c\u00f3 th\u1ec3 s\u1eed d\u1ee5ng PVC ch\u1ea5t l\u01b0\u1ee3ng cao gi\u00fap t\u1ed1i \u01b0u chi ph\u00ed nh\u01b0ng v\u1eabn \u0111\u1ea3m b\u1ea3o t\u00ednh th\u1ea9m m\u1ef9 \u0111\u1ed3ng b\u1ed9. Ch\u1ea5t li\u1ec7u da d\u1ec5 lau ch\u00f9i, h\u1ea1n ch\u1ebf b\u00e1m b\u1ee5i v\u00e0 gi\u1eef v\u1ebb \u0111\u1eb9p sang tr\u1ecdng trong qu\u00e1 tr\u00ecnh s\u1eed d\u1ee5ng l\u00e2u d\u00e0i.<\/h4>\n<p data-start=\"1997\" data-end=\"2287\">Ph\u1ea7n \u0111\u1ec7m ng\u1ed3i v\u00e0 t\u1ef1a l\u01b0ng c\u1ee7a Gh\u1ebf Sofa SF306A \u0111\u01b0\u1ee3c thi\u1ebft k\u1ebf d\u00e0y d\u1eb7n, n\u00e2ng \u0111\u1ee1 t\u1ed1t v\u00e0 mang l\u1ea1i c\u1ea3m gi\u00e1c tho\u1ea3i m\u00e1i khi ng\u1ed3i l\u00e2u. Tay v\u1ecbn r\u1ed9ng c\u00f9ng t\u1ef1a l\u01b0ng cao gi\u00fap t\u0103ng s\u1ef1 th\u01b0 gi\u00e3n cho ng\u01b0\u1eddi s\u1eed d\u1ee5ng. \u0110\u00e2y l\u00e0 l\u1ef1a ch\u1ecdn ph\u00f9 h\u1ee3p cho nhu c\u1ea7u ti\u1ebfp kh\u00e1ch, ngh\u1ec9 ng\u01a1i ho\u1eb7c sinh ho\u1ea1t gia \u0111\u00ecnh h\u1eb1ng ng\u00e0y.<\/p>\n<p data-start=\"2289\" data-end=\"2613\">V\u1edbi nhi\u1ec1u t\u00f9y ch\u1ecdn k\u00edch th\u01b0\u1edbc, Gh\u1ebf Sofa SF306A d\u1ec5 d\u00e0ng ph\u00f9 h\u1ee3p v\u1edbi c\u00e1c kh\u00f4ng gian l\u1edbn nh\u1ecf kh\u00e1c nhau. Gh\u1ebf 1 ch\u1ed7 ph\u00f9 h\u1ee3p l\u00e0m gh\u1ebf th\u01b0 gi\u00e3n c\u00e1 nh\u00e2n, gh\u1ebf 2 ch\u1ed7 th\u00edch h\u1ee3p cho c\u0103n h\u1ed9 v\u1eeba ph\u1ea3i, trong khi gh\u1ebf 3 ch\u1ed7 t\u1ea1o \u0111i\u1ec3m nh\u1ea5n cho ph\u00f2ng kh\u00e1ch r\u1ed9ng. C\u1ea5u h\u00ecnh \u0111\u1ed3ng b\u1ed9 gi\u00fap t\u1ed5ng th\u1ec3 kh\u00f4ng gian tr\u1edf n\u00ean chuy\u00ean nghi\u1ec7p v\u00e0 sang tr\u1ecdng h\u01a1n.<\/p>\n<figure id=\"attachment_8877\" aria-describedby=\"caption-attachment-8877\" style=\"width: 1024px\" class=\"wp-caption aligncenter\"><img loading=\"lazy\" decoding=\"async\" class=\"wp-image-8877 size-full\" src=\"https:\/\/noithathuuthinh.vn\/wp-content\/uploads\/2026\/04\/SF306A.jpg\" alt=\"Gh\u1ebf Sofa SF306A\" width=\"1024\" height=\"768\" srcset=\"https:\/\/www.noithathuuthinh.vn\/wp-content\/uploads\/2026\/04\/SF306A.jpg 1024w, https:\/\/www.noithathuuthinh.vn\/wp-content\/uploads\/2026\/04\/SF306A-500x375.jpg 500w, https:\/\/www.noithathuuthinh.vn\/wp-content\/uploads\/2026\/04\/SF306A-300x225.jpg 300w, https:\/\/www.noithathuuthinh.vn\/wp-content\/uploads\/2026\/04\/SF306A-768x576.jpg 768w, https:\/\/www.noithathuuthinh.vn\/wp-content\/uploads\/2026\/04\/SF306A-720x540.jpg 720w, https:\/\/www.noithathuuthinh.vn\/wp-content\/uploads\/2026\/04\/SF306A-1000x750.jpg 1000w\" sizes=\"auto, (max-width: 1024px) 100vw, 1024px\" \/><figcaption id=\"caption-attachment-8877\" class=\"wp-caption-text\">Gh\u1ebf Sofa SF306A<\/figcaption><\/figure>\n<p data-start=\"2615\" data-end=\"2927\">Thi\u1ebft k\u1ebf t\u1ed5ng th\u1ec3 c\u1ee7a Gh\u1ebf Sofa SF306A mang phong c\u00e1ch hi\u1ec7n \u0111\u1ea1i, m\u1ea1nh m\u1ebd nh\u01b0ng v\u1eabn gi\u1eef \u0111\u01b0\u1ee3c s\u1ef1 tinh t\u1ebf trong t\u1eebng chi ti\u1ebft. M\u00e0u s\u1eafc v\u00e0 ch\u1ea5t li\u1ec7u d\u1ec5 d\u00e0ng ph\u1ed1i h\u1ee3p c\u00f9ng b\u00e0n tr\u00e0, th\u1ea3m tr\u1ea3i s\u00e0n ho\u1eb7c c\u00e1c m\u00f3n n\u1ed9i th\u1ea5t kh\u00e1c. S\u1ea3n ph\u1ea9m kh\u00f4ng ch\u1ec9 ph\u1ee5c v\u1ee5 nhu c\u1ea7u s\u1eed d\u1ee5ng m\u00e0 c\u00f2n n\u00e2ng t\u1ea7m gi\u00e1 tr\u1ecb th\u1ea9m m\u1ef9 cho kh\u00f4ng gian s\u1ed1ng.<\/p>\n<p data-start=\"2929\" data-end=\"3168\">Ngo\u00e0i ra, Gh\u1ebf Sofa SF306A c\u00f2n c\u00f3 \u01b0u \u0111i\u1ec3m d\u1ec5 b\u1ea3o qu\u1ea3n v\u00e0 v\u1ec7 sinh. B\u1ec1 m\u1eb7t da cao c\u1ea5p gi\u00fap lau s\u1ea1ch nhanh ch\u00f3ng, h\u1ea1n ch\u1ebf b\u00e1m b\u1ea9n trong qu\u00e1 tr\u00ecnh s\u1eed d\u1ee5ng th\u01b0\u1eddng xuy\u00ean. K\u1ebft c\u1ea5u khung ch\u1eafc ch\u1eafn gi\u00fap s\u1ea3n ph\u1ea9m duy tr\u00ec \u0111\u1ed9 \u1ed5n \u0111\u1ecbnh v\u00e0 \u0111\u1ed9 b\u1ec1n l\u00e2u d\u00e0i.<\/p>\n<p data-start=\"3170\" data-end=\"3388\" data-is-last-node=\"\" data-is-only-node=\"\">Gh\u1ebf Sofa SF306A l\u00e0 s\u1ef1 k\u1ebft h\u1ee3p gi\u1eefa thi\u1ebft k\u1ebf sang tr\u1ecdng, ch\u1ea5t li\u1ec7u cao c\u1ea5p v\u00e0 c\u00f4ng n\u0103ng s\u1eed d\u1ee5ng linh ho\u1ea1t, ph\u00f9 h\u1ee3p v\u1edbi nhi\u1ec1u kh\u00f4ng gian ph\u00f2ng kh\u00e1ch hi\u1ec7n \u0111\u1ea1i, mang l\u1ea1i tr\u1ea3i nghi\u1ec7m ti\u1ec7n nghi v\u00e0 \u0111\u1eb3ng c\u1ea5p cho ng\u01b0\u1eddi s\u1eed d\u1ee5ng.<\/p>\n","protected":false},"excerpt":{"rendered":"<p data-start=\"50\" data-end=\"570\">Gh\u1ebf Sofa SF306A l\u00e0 m\u1eabu sofa cao c\u1ea5p ki\u1ec3u b\u1ed9 3-2-1 c\u1ee7a N\u1ed9i th\u1ea5t The One, \u0111\u01b0\u1ee3c thi\u1ebft k\u1ebf hi\u1ec7n \u0111\u1ea1i v\u00e0 sang tr\u1ecdng, ph\u00f9 h\u1ee3p v\u1edbi nhi\u1ec1u kh\u00f4ng gian t\u1eeb ph\u00f2ng kh\u00e1ch gia \u0111\u00ecnh, c\u0103n h\u1ed9 cao c\u1ea5p \u0111\u1ebfn v\u0103n ph\u00f2ng ti\u1ebfp kh\u00e1ch. S\u1ea3n ph\u1ea9m g\u1ed3m gh\u1ebf 1 ch\u1ed7, gh\u1ebf 2 ch\u1ed7 v\u00e0 gh\u1ebf 3 ch\u1ed7, mang \u0111\u1ebfn gi\u1ea3i ph\u00e1p b\u1ed1 tr\u00ed linh ho\u1ea1t theo nhu c\u1ea7u s\u1eed d\u1ee5ng. B\u1ed9 gh\u1ebf \u0111\u01b0\u1ee3c b\u1ecdc da th\u1eadt t\u1ea1i c\u00e1c v\u1ecb tr\u00ed ti\u1ebfp x\u00fac ng\u01b0\u1eddi d\u00f9ng ho\u1eb7c t\u00f9y ch\u1ecdn PVC ch\u1ea5t l\u01b0\u1ee3ng cao, t\u1ea1o c\u1ea3m gi\u00e1c \u00eam \u00e1i, b\u1ec1n \u0111\u1eb9p v\u00e0 d\u1ec5 v\u1ec7 sinh. Gh\u1ebf \u0111\u01a1n t\u00edch h\u1ee3p kh\u1ea3 n\u0103ng xoay 360 \u0111\u1ed9 ti\u1ec7n l\u1ee3i, t\u0103ng tr\u1ea3i nghi\u1ec7m s\u1eed d\u1ee5ng.<\/p>\n<p data-start=\"572\" data-end=\"585\">K\u00edch th\u01b0\u1edbc: (PVC)<\/p>\n<p>SF306A-1: W860 x D1000 x H890 mm &#8211; <span style=\"font-size: 120%; color: #ed1c24;\"><strong>6.732.000 \u0111<\/strong><\/span><\/p>\n<p>SF306A-2: W1600 x D1020 x H890 mm &#8211; <strong><span style=\"color: #ed1c24; font-size: 120%;\">9.244.000 \u0111<\/span><\/strong><\/p>\n<p>SF306A-3: W2160 x D1020 x H890 mm &#8211; <span style=\"color: #ed1c24; font-size: 120%;\"><strong>11.769.000 \u0111<\/strong><\/span><\/p>\n<p data-start=\"703\" data-end=\"940\">Xu\u1ea5t x\u1ee9: <strong>S\u1ea3n ph\u1ea9m c\u1ee7a C\u00f4ng ty N\u1ed9i th\u1ea5t The One \u2013 Ph\u00e2n ph\u1ed1i b\u1edfi C\u00f4ng ty TNHH SXTM TTNT H\u1eefu Th\u1ecbnh.<\/strong><br data-start=\"742\" data-end=\"745\" \/>B\u1ea3o h\u00e0nh: 12 th\u00e1ng theo ti\u00eau chu\u1ea9n nh\u00e0 s\u1ea3n xu\u1ea5t.<br data-start=\"793\" data-end=\"796\" \/><span style=\"color: #ed1c24;\"><em>L\u01b0u \u00fd: Gi\u00e1 tr\u00ean ch\u01b0a bao g\u1ed3m VAT v\u00e0 ph\u00ed v\u1eadn chuy\u1ec3n. Gi\u00e1 s\u1ea3n ph\u1ea9m c\u00f3 th\u1ec3 thay \u0111\u1ed5i theo t\u1eebng th\u1eddi \u0111i\u1ec3m, vui l\u00f2ng li\u00ean h\u1ec7 \u0111\u1ec3 nh\u1eadn b\u00e1o gi\u00e1 t\u1ed1t nh\u1ea5t.<\/em><\/span><\/p>\n","protected":false},"featured_media":8877,"comment_status":"open","ping_status":"closed","template":"","meta":[],"product_brand":[],"product_cat":[18,773],"product_tag":[],"class_list":{"0":"post-8875","1":"product","2":"type-product","3":"status-publish","4":"has-post-thumbnail","6":"product_cat-noi-that-gia-dinh","7":"product_cat-ghe-sofa","9":"first","10":"instock","11":"taxable","12":"shipping-taxable","13":"purchasable","14":"product-type-simple"},"_links":{"self":[{"href":"https:\/\/www.noithathuuthinh.vn\/zh-hans\/wp-json\/wp\/v2\/product\/8875","targetHints":{"allow":["GET"]}}],"collection":[{"href":"https:\/\/www.noithathuuthinh.vn\/zh-hans\/wp-json\/wp\/v2\/product"}],"about":[{"href":"https:\/\/www.noithathuuthinh.vn\/zh-hans\/wp-json\/wp\/v2\/types\/product"}],"replies":[{"embeddable":true,"href":"https:\/\/www.noithathuuthinh.vn\/zh-hans\/wp-json\/wp\/v2\/comments?post=8875"}],"wp:featuredmedia":[{"embeddable":true,"href":"https:\/\/www.noithathuuthinh.vn\/zh-hans\/wp-json\/wp\/v2\/media\/8877"}],"wp:attachment":[{"href":"https:\/\/www.noithathuuthinh.vn\/zh-hans\/wp-json\/wp\/v2\/media?parent=8875"}],"wp:term":[{"taxonomy":"product_brand","embeddable":true,"href":"https:\/\/www.noithathuuthinh.vn\/zh-hans\/wp-json\/wp\/v2\/product_brand?post=8875"},{"taxonomy":"product_cat","embeddable":true,"href":"https:\/\/www.noithathuuthinh.vn\/zh-hans\/wp-json\/wp\/v2\/product_cat?post=8875"},{"taxonomy":"product_tag","embeddable":true,"href":"https:\/\/www.noithathuuthinh.vn\/zh-hans\/wp-json\/wp\/v2\/product_tag?post=8875"}],"curies":[{"name":"wp","href":"https:\/\/api.w.org\/{rel}","templated":true}]}}