{"id":8879,"date":"2026-04-23T15:16:41","date_gmt":"2026-04-23T08:16:41","guid":{"rendered":"https:\/\/noithathuuthinh.vn\/?post_type=product&#038;p=8879"},"modified":"2026-04-23T16:30:49","modified_gmt":"2026-04-23T09:30:49","slug":"ghe-sofa-sf312","status":"publish","type":"product","link":"https:\/\/www.noithathuuthinh.vn\/zh-hans\/san-pham\/ghe-sofa-sf312\/","title":{"rendered":"Gh\u1ebf Sofa SF312"},"content":{"rendered":"<p data-start=\"989\" data-end=\"1328\"><a href=\"https:\/\/noithathuuthinh.vn\/danh-muc-san-pham\/noi-that-gia-dinh\/ghe-sofa\/\">Gh\u1ebf Sofa SF312<\/a> l\u00e0 m\u1eabu sofa cao c\u1ea5p \u0111\u01b0\u1ee3c thi\u1ebft k\u1ebf theo c\u1ea5u h\u00ecnh 3-2-1 hi\u1ec7n \u0111\u1ea1i, mang \u0111\u1ebfn kh\u00f4ng gian ti\u1ebfp kh\u00e1ch sang tr\u1ecdng v\u00e0 ti\u1ec7n nghi cho gia \u0111\u00ecnh ho\u1eb7c v\u0103n ph\u00f2ng. V\u1edbi ki\u1ec3u d\u00e1ng c\u00e2n \u0111\u1ed1i c\u00f9ng \u0111\u01b0\u1eddng n\u00e9t tinh t\u1ebf, Gh\u1ebf Sofa SF312 t\u1ea1o \u0111i\u1ec3m nh\u1ea5n n\u1ed5i b\u1eadt cho ph\u00f2ng kh\u00e1ch \u0111\u1ed3ng th\u1eddi \u0111\u00e1p \u1ee9ng nhu c\u1ea7u s\u1eed d\u1ee5ng linh ho\u1ea1t trong nhi\u1ec1u kh\u00f4ng gian kh\u00e1c nhau.<\/p>\n<p data-start=\"1330\" data-end=\"1630\">\u0110i\u1ec3m n\u1ed5i b\u1eadt c\u1ee7a Gh\u1ebf Sofa SF312 n\u1eb1m \u1edf c\u1ea5u h\u00ecnh b\u1ed9 gh\u1ebf g\u1ed3m gh\u1ebf 3 ch\u1ed7, gh\u1ebf 2 ch\u1ed7 v\u00e0 gh\u1ebf \u0111\u01a1n 1 ch\u1ed7. Thi\u1ebft k\u1ebf \u0111\u1ed3ng b\u1ed9 gi\u00fap d\u1ec5 d\u00e0ng s\u1eafp x\u1ebfp theo di\u1ec7n t\u00edch s\u1eed d\u1ee5ng v\u00e0 t\u1ea1o n\u00ean t\u1ed5ng th\u1ec3 h\u00e0i h\u00f2a cho kh\u00f4ng gian n\u1ed9i th\u1ea5t. Ng\u01b0\u1eddi d\u00f9ng c\u00f3 th\u1ec3 l\u1ef1a ch\u1ecdn t\u1eebng m\u00f3n ri\u00eang l\u1ebb ho\u1eb7c tr\u1ecdn b\u1ed9 \u0111\u1ec3 ph\u00f9 h\u1ee3p v\u1edbi nhu c\u1ea7u th\u1ef1c t\u1ebf.<\/p>\n<h4 data-start=\"1632\" data-end=\"1974\"><a href=\"https:\/\/noithattheone-ht.com\/danh-muc\/gia-dinh\/\" target=\"_blank\" rel=\"noopener\">Gh\u1ebf Sofa SF312<\/a> \u0111\u01b0\u1ee3c b\u1ecdc da th\u1eadt t\u1ea1i c\u00e1c v\u1ecb tr\u00ed ti\u1ebfp x\u00fac tr\u1ef1c ti\u1ebfp v\u1edbi ng\u01b0\u1eddi s\u1eed d\u1ee5ng, mang l\u1ea1i c\u1ea3m gi\u00e1c m\u1ec1m m\u1ea1i, \u00eam \u00e1i v\u00e0 cao c\u1ea5p. Ngo\u00e0i ra, s\u1ea3n ph\u1ea9m c\u0169ng c\u00f3 t\u00f9y ch\u1ecdn b\u1ecdc PVC to\u00e0n b\u1ed9 gi\u00fap t\u1ed1i \u01b0u chi ph\u00ed nh\u01b0ng v\u1eabn \u0111\u1ea3m b\u1ea3o \u0111\u1ed9 b\u1ec1n v\u00e0 t\u00ednh th\u1ea9m m\u1ef9. B\u1ec1 m\u1eb7t ch\u1ea5t li\u1ec7u d\u1ec5 v\u1ec7 sinh, h\u1ea1n ch\u1ebf b\u00e1m b\u1ee5i v\u00e0 gi\u1eef v\u1ebb \u0111\u1eb9p sang tr\u1ecdng trong th\u1eddi gian d\u00e0i s\u1eed d\u1ee5ng.<\/h4>\n<p data-start=\"1976\" data-end=\"2238\">Ph\u1ea7n \u0111\u1ec7m ng\u1ed3i v\u00e0 t\u1ef1a l\u01b0ng c\u1ee7a Gh\u1ebf Sofa SF312 \u0111\u01b0\u1ee3c thi\u1ebft k\u1ebf d\u00e0y d\u1eb7n, h\u1ed7 tr\u1ee3 n\u00e2ng \u0111\u1ee1 t\u1ed1t v\u00e0 t\u1ea1o c\u1ea3m gi\u00e1c tho\u1ea3i m\u00e1i khi ng\u1ed3i l\u00e2u. Tay v\u1ecbn ch\u1eafc ch\u1eafn k\u1ebft h\u1ee3p \u0111\u1ed9 cao t\u1ef1a l\u01b0ng h\u1ee3p l\u00fd gi\u00fap ng\u01b0\u1eddi d\u00f9ng th\u01b0 gi\u00e3n hi\u1ec7u qu\u1ea3 trong qu\u00e1 tr\u00ecnh ti\u1ebfp kh\u00e1ch ho\u1eb7c ngh\u1ec9 ng\u01a1i h\u1eb1ng ng\u00e0y.<\/p>\n<p data-start=\"2240\" data-end=\"2550\">V\u1edbi nhi\u1ec1u t\u00f9y ch\u1ecdn k\u00edch th\u01b0\u1edbc, Gh\u1ebf Sofa SF312 ph\u00f9 h\u1ee3p v\u1edbi nhi\u1ec1u lo\u1ea1i kh\u00f4ng gian kh\u00e1c nhau. Gh\u1ebf 1 ch\u1ed7 th\u00edch h\u1ee3p cho g\u00f3c th\u01b0 gi\u00e3n c\u00e1 nh\u00e2n, gh\u1ebf 2 ch\u1ed7 ph\u00f9 h\u1ee3p c\u0103n h\u1ed9 v\u1eeba ph\u1ea3i, c\u00f2n gh\u1ebf 3 ch\u1ed7 l\u00e0 l\u1ef1a ch\u1ecdn l\u00fd t\u01b0\u1edfng cho ph\u00f2ng kh\u00e1ch r\u1ed9ng. Thi\u1ebft k\u1ebf \u0111\u1ed3ng b\u1ed9 gi\u00fap t\u1ed5ng th\u1ec3 c\u0103n ph\u00f2ng tr\u1edf n\u00ean chuy\u00ean nghi\u1ec7p v\u00e0 sang tr\u1ecdng h\u01a1n.<\/p>\n<figure id=\"attachment_8880\" aria-describedby=\"caption-attachment-8880\" style=\"width: 1024px\" class=\"wp-caption aligncenter\"><img loading=\"lazy\" decoding=\"async\" class=\"wp-image-8880 size-full\" src=\"https:\/\/noithathuuthinh.vn\/wp-content\/uploads\/2026\/04\/SF312.jpg\" alt=\"Gh\u1ebf Sofa SF312\" width=\"1024\" height=\"768\" srcset=\"https:\/\/www.noithathuuthinh.vn\/wp-content\/uploads\/2026\/04\/SF312.jpg 1024w, https:\/\/www.noithathuuthinh.vn\/wp-content\/uploads\/2026\/04\/SF312-500x375.jpg 500w, https:\/\/www.noithathuuthinh.vn\/wp-content\/uploads\/2026\/04\/SF312-300x225.jpg 300w, https:\/\/www.noithathuuthinh.vn\/wp-content\/uploads\/2026\/04\/SF312-768x576.jpg 768w, https:\/\/www.noithathuuthinh.vn\/wp-content\/uploads\/2026\/04\/SF312-720x540.jpg 720w, https:\/\/www.noithathuuthinh.vn\/wp-content\/uploads\/2026\/04\/SF312-1000x750.jpg 1000w\" sizes=\"auto, (max-width: 1024px) 100vw, 1024px\" \/><figcaption id=\"caption-attachment-8880\" class=\"wp-caption-text\">Gh\u1ebf Sofa SF312<\/figcaption><\/figure>\n<p data-start=\"2552\" data-end=\"2806\">Thi\u1ebft k\u1ebf t\u1ed5ng th\u1ec3 c\u1ee7a Gh\u1ebf Sofa SF312 mang phong c\u00e1ch hi\u1ec7n \u0111\u1ea1i, thanh l\u1ecbch v\u00e0 d\u1ec5 d\u00e0ng ph\u1ed1i h\u1ee3p c\u00f9ng b\u00e0n tr\u00e0, th\u1ea3m tr\u1ea3i s\u00e0n ho\u1eb7c c\u00e1c m\u00f3n n\u1ed9i th\u1ea5t kh\u00e1c. S\u1ea3n ph\u1ea9m kh\u00f4ng ch\u1ec9 ph\u1ee5c v\u1ee5 nhu c\u1ea7u s\u1eed d\u1ee5ng m\u00e0 c\u00f2n g\u00f3p ph\u1ea7n n\u00e2ng cao gi\u00e1 tr\u1ecb th\u1ea9m m\u1ef9 cho kh\u00f4ng gian s\u1ed1ng.<\/p>\n<p data-start=\"2808\" data-end=\"3055\">Ngo\u00e0i ra, Gh\u1ebf Sofa SF312 c\u00f2n c\u00f3 \u01b0u \u0111i\u1ec3m d\u1ec5 b\u1ea3o qu\u1ea3n v\u00e0 v\u1ec7 sinh. B\u1ec1 m\u1eb7t da ho\u1eb7c PVC gi\u00fap lau s\u1ea1ch nhanh ch\u00f3ng, ph\u00f9 h\u1ee3p v\u1edbi nhu c\u1ea7u s\u1eed d\u1ee5ng th\u01b0\u1eddng xuy\u00ean trong gia \u0111\u00ecnh ho\u1eb7c v\u0103n ph\u00f2ng. K\u1ebft c\u1ea5u khung ch\u1eafc ch\u1eafn gi\u00fap s\u1ea3n ph\u1ea9m duy tr\u00ec \u0111\u1ed9 \u1ed5n \u0111\u1ecbnh l\u00e2u d\u00e0i.<\/p>\n<p data-start=\"3057\" data-end=\"3274\" data-is-last-node=\"\" data-is-only-node=\"\">Gh\u1ebf Sofa SF312 l\u00e0 s\u1ef1 k\u1ebft h\u1ee3p gi\u1eefa thi\u1ebft k\u1ebf sang tr\u1ecdng, ch\u1ea5t li\u1ec7u cao c\u1ea5p v\u00e0 c\u00f4ng n\u0103ng s\u1eed d\u1ee5ng linh ho\u1ea1t, ph\u00f9 h\u1ee3p v\u1edbi nhi\u1ec1u kh\u00f4ng gian ph\u00f2ng kh\u00e1ch hi\u1ec7n \u0111\u1ea1i, mang l\u1ea1i tr\u1ea3i nghi\u1ec7m ti\u1ec7n nghi v\u00e0 \u0111\u1eb3ng c\u1ea5p cho ng\u01b0\u1eddi s\u1eed d\u1ee5ng.<\/p>\n","protected":false},"excerpt":{"rendered":"<p data-start=\"49\" data-end=\"518\">Gh\u1ebf Sofa SF312 l\u00e0 m\u1eabu sofa cao c\u1ea5p ki\u1ec3u b\u1ed9 3-2-1 c\u1ee7a N\u1ed9i th\u1ea5t The One, \u0111\u01b0\u1ee3c thi\u1ebft k\u1ebf hi\u1ec7n \u0111\u1ea1i v\u00e0 sang tr\u1ecdng, ph\u00f9 h\u1ee3p v\u1edbi nhi\u1ec1u kh\u00f4ng gian nh\u01b0 ph\u00f2ng kh\u00e1ch gia \u0111\u00ecnh, c\u0103n h\u1ed9 cao c\u1ea5p ho\u1eb7c khu v\u1ef1c ti\u1ebfp kh\u00e1ch v\u0103n ph\u00f2ng. S\u1ea3n ph\u1ea9m g\u1ed3m gh\u1ebf 1 ch\u1ed7, gh\u1ebf 2 ch\u1ed7 v\u00e0 gh\u1ebf 3 ch\u1ed7, gi\u00fap ng\u01b0\u1eddi d\u00f9ng d\u1ec5 d\u00e0ng l\u1ef1a ch\u1ecdn v\u00e0 b\u1ed1 tr\u00ed theo di\u1ec7n t\u00edch th\u1ef1c t\u1ebf. B\u1ed9 gh\u1ebf \u0111\u01b0\u1ee3c b\u1ecdc da th\u1eadt t\u1ea1i c\u00e1c v\u1ecb tr\u00ed ti\u1ebfp x\u00fac ng\u01b0\u1eddi s\u1eed d\u1ee5ng ho\u1eb7c t\u00f9y ch\u1ecdn b\u1ecdc PVC to\u00e0n b\u1ed9, mang l\u1ea1i c\u1ea3m gi\u00e1c \u00eam \u00e1i, b\u1ec1n \u0111\u1eb9p v\u00e0 d\u1ec5 v\u1ec7 sinh.<\/p>\n<p data-start=\"520\" data-end=\"533\">K\u00edch th\u01b0\u1edbc: (PVC)<\/p>\n<p>SF312-1: W910 x D850 x H900 mm &#8211; <span style=\"color: #ed1c24; font-size: 120%;\"><strong>5.671.000 \u0111<\/strong><\/span><\/p>\n<p>SF312-2: W1500 x D850 x H900 mm &#8211; <span style=\"color: #ed1c24; font-size: 120%;\"><strong>7.988.000 \u0111<\/strong><\/span><\/p>\n<p>SF312-3: W2100 x D850 x H900 mm &#8211; <span style=\"color: #ed1c24; font-size: 120%;\"><strong>10.171.000 \u0111<\/strong><\/span><\/p>\n<p data-start=\"648\" data-end=\"942\">Xu\u1ea5t x\u1ee9: S\u1ea3n ph\u1ea9m c\u1ee7a <strong>C\u00f4ng ty N\u1ed9i th\u1ea5t The One \u2013 Ph\u00e2n ph\u1ed1i b\u1edfi C\u00f4ng ty TNHH SXTM TTNT H\u1eefu Th\u1ecbnh.<\/strong><br data-start=\"744\" data-end=\"747\" \/>B\u1ea3o h\u00e0nh: 12 th\u00e1ng theo ti\u00eau chu\u1ea9n nh\u00e0 s\u1ea3n xu\u1ea5t.<br data-start=\"795\" data-end=\"798\" \/><span style=\"color: #ed1c24;\"><em>L\u01b0u \u00fd: Gi\u00e1 tr\u00ean ch\u01b0a bao g\u1ed3m VAT v\u00e0 ph\u00ed v\u1eadn chuy\u1ec3n. Gi\u00e1 s\u1ea3n ph\u1ea9m c\u00f3 th\u1ec3 thay \u0111\u1ed5i theo t\u1eebng th\u1eddi \u0111i\u1ec3m, vui l\u00f2ng li\u00ean h\u1ec7 \u0111\u1ec3 nh\u1eadn b\u00e1o gi\u00e1 t\u1ed1t nh\u1ea5t.<\/em><\/span><\/p>\n","protected":false},"featured_media":8880,"comment_status":"open","ping_status":"closed","template":"","meta":[],"product_brand":[],"product_cat":[18,773],"product_tag":[],"class_list":{"0":"post-8879","1":"product","2":"type-product","3":"status-publish","4":"has-post-thumbnail","6":"product_cat-noi-that-gia-dinh","7":"product_cat-ghe-sofa","9":"first","10":"instock","11":"taxable","12":"shipping-taxable","13":"purchasable","14":"product-type-simple"},"_links":{"self":[{"href":"https:\/\/www.noithathuuthinh.vn\/zh-hans\/wp-json\/wp\/v2\/product\/8879","targetHints":{"allow":["GET"]}}],"collection":[{"href":"https:\/\/www.noithathuuthinh.vn\/zh-hans\/wp-json\/wp\/v2\/product"}],"about":[{"href":"https:\/\/www.noithathuuthinh.vn\/zh-hans\/wp-json\/wp\/v2\/types\/product"}],"replies":[{"embeddable":true,"href":"https:\/\/www.noithathuuthinh.vn\/zh-hans\/wp-json\/wp\/v2\/comments?post=8879"}],"wp:featuredmedia":[{"embeddable":true,"href":"https:\/\/www.noithathuuthinh.vn\/zh-hans\/wp-json\/wp\/v2\/media\/8880"}],"wp:attachment":[{"href":"https:\/\/www.noithathuuthinh.vn\/zh-hans\/wp-json\/wp\/v2\/media?parent=8879"}],"wp:term":[{"taxonomy":"product_brand","embeddable":true,"href":"https:\/\/www.noithathuuthinh.vn\/zh-hans\/wp-json\/wp\/v2\/product_brand?post=8879"},{"taxonomy":"product_cat","embeddable":true,"href":"https:\/\/www.noithathuuthinh.vn\/zh-hans\/wp-json\/wp\/v2\/product_cat?post=8879"},{"taxonomy":"product_tag","embeddable":true,"href":"https:\/\/www.noithathuuthinh.vn\/zh-hans\/wp-json\/wp\/v2\/product_tag?post=8879"}],"curies":[{"name":"wp","href":"https:\/\/api.w.org\/{rel}","templated":true}]}}