{"id":8885,"date":"2026-04-23T16:02:46","date_gmt":"2026-04-23T09:02:46","guid":{"rendered":"https:\/\/noithathuuthinh.vn\/?post_type=product&#038;p=8885"},"modified":"2026-04-23T16:46:59","modified_gmt":"2026-04-23T09:46:59","slug":"ghe-sofa-sf507","status":"publish","type":"product","link":"https:\/\/www.noithathuuthinh.vn\/zh-hans\/san-pham\/ghe-sofa-sf507\/","title":{"rendered":"Gh\u1ebf Sofa SF507"},"content":{"rendered":"<p data-start=\"965\" data-end=\"1297\"><a href=\"https:\/\/noithathuuthinh.vn\/danh-muc-san-pham\/noi-that-gia-dinh\/ghe-sofa\/\">Gh\u1ebf Sofa SF507<\/a> l\u00e0 m\u1eabu sofa hi\u1ec7n \u0111\u1ea1i \u0111\u01b0\u1ee3c thi\u1ebft k\u1ebf theo c\u1ea5u h\u00ecnh linh ho\u1ea1t 1-2-3 ho\u1eb7c k\u1ebft h\u1ee3p gh\u1ebf \u0111\u00f4n, mang \u0111\u1ebfn gi\u1ea3i ph\u00e1p n\u1ed9i th\u1ea5t ti\u1ec7n nghi cho nhi\u1ec1u kh\u00f4ng gian s\u1ed1ng v\u00e0 l\u00e0m vi\u1ec7c. V\u1edbi ki\u1ec3u d\u00e1ng tr\u1ebb trung c\u00f9ng \u0111\u01b0\u1eddng n\u00e9t thanh tho\u00e1t, Gh\u1ebf Sofa SF507 t\u1ea1o \u0111i\u1ec3m nh\u1ea5n n\u1ed5i b\u1eadt cho ph\u00f2ng kh\u00e1ch \u0111\u1ed3ng th\u1eddi \u0111\u00e1p \u1ee9ng t\u1ed1t nhu c\u1ea7u s\u1eed d\u1ee5ng h\u1eb1ng ng\u00e0y.<\/p>\n<p data-start=\"1299\" data-end=\"1614\">\u0110i\u1ec3m n\u1ed5i b\u1eadt c\u1ee7a Gh\u1ebf Sofa SF507 n\u1eb1m \u1edf kh\u1ea3 n\u0103ng k\u1ebft h\u1ee3p linh ho\u1ea1t gi\u1eefa gh\u1ebf \u0111\u01a1n, gh\u1ebf b\u0103ng v\u00e0 gh\u1ebf \u0111\u00f4n. Ng\u01b0\u1eddi d\u00f9ng c\u00f3 th\u1ec3 b\u1ed1 tr\u00ed theo di\u1ec7n t\u00edch th\u1ef1c t\u1ebf ho\u1eb7c thay \u0111\u1ed5i c\u00e1ch s\u1eafp x\u1ebfp t\u00f9y nhu c\u1ea7u s\u1eed d\u1ee5ng. Gh\u1ebf \u0111\u00f4n \u0111i k\u00e8m gi\u00fap t\u0103ng th\u00eam ch\u1ed7 ng\u1ed3i, h\u1ed7 tr\u1ee3 g\u00e1c ch\u00e2n th\u01b0 gi\u00e3n ho\u1eb7c d\u00f9ng nh\u01b0 b\u00e0n ph\u1ee5 ti\u1ec7n l\u1ee3i trong nhi\u1ec1u t\u00ecnh hu\u1ed1ng.<\/p>\n<h4 data-start=\"1616\" data-end=\"1912\"><a href=\"https:\/\/noithattheone-ht.com\/danh-muc\/gia-dinh\/\" target=\"_blank\" rel=\"noopener\">Gh\u1ebf Sofa SF507<\/a> s\u1eed d\u1ee5ng ph\u1ea7n \u0111\u1ec7m t\u1ef1a m\u00fat x\u1ed1p \u0111\u00e0n h\u1ed3i t\u1ed1t, mang l\u1ea1i c\u1ea3m gi\u00e1c \u00eam \u00e1i v\u00e0 tho\u1ea3i m\u00e1i khi ng\u1ed3i l\u00e2u. B\u1ec1 m\u1eb7t b\u1ecdc da ho\u1eb7c PVC ch\u1ea5t l\u01b0\u1ee3ng cao gi\u00fap s\u1ea3n ph\u1ea9m v\u1eeba sang tr\u1ecdng v\u1eeba d\u1ec5 v\u1ec7 sinh. Ch\u1ea5t li\u1ec7u n\u00e0y ph\u00f9 h\u1ee3p v\u1edbi nhu c\u1ea7u s\u1eed d\u1ee5ng th\u01b0\u1eddng xuy\u00ean trong gia \u0111\u00ecnh, v\u0103n ph\u00f2ng ho\u1eb7c khu v\u1ef1c ti\u1ebfp kh\u00e1ch.<\/h4>\n<p data-start=\"1914\" data-end=\"2215\">Khung ch\u00e2n c\u1ee7a Gh\u1ebf Sofa SF507 \u0111\u01b0\u1ee3c l\u00e0m t\u1eeb th\u00e9p s\u01a1n \u0111en ch\u1eafc ch\u1eafn, t\u1ea1o s\u1ef1 \u1ed5n \u0111\u1ecbnh cao trong qu\u00e1 tr\u00ecnh s\u1eed d\u1ee5ng. Thi\u1ebft k\u1ebf ch\u00e2n kim lo\u1ea1i gi\u00fap t\u1ed5ng th\u1ec3 s\u1ea3n ph\u1ea9m th\u00eam hi\u1ec7n \u0111\u1ea1i, thanh tho\u00e1t v\u00e0 d\u1ec5 ph\u1ed1i h\u1ee3p v\u1edbi nhi\u1ec1u phong c\u00e1ch n\u1ed9i th\u1ea5t kh\u00e1c nhau. L\u1edbp s\u01a1n \u0111en t\u0103ng kh\u1ea3 n\u0103ng ch\u1ed1ng oxy h\u00f3a v\u00e0 gi\u1eef \u0111\u1ed9 b\u1ec1n l\u00e2u d\u00e0i.<\/p>\n<p data-start=\"2217\" data-end=\"2531\">V\u1edbi c\u00e1c t\u00f9y ch\u1ecdn k\u00edch th\u01b0\u1edbc \u0111a d\u1ea1ng, Gh\u1ebf Sofa SF507 ph\u00f9 h\u1ee3p v\u1edbi nhi\u1ec1u di\u1ec7n t\u00edch kh\u00f4ng gian kh\u00e1c nhau. Gh\u1ebf \u0111\u01a1n th\u00edch h\u1ee3p cho g\u00f3c th\u01b0 gi\u00e3n c\u00e1 nh\u00e2n, gh\u1ebf 3 ch\u1ed7 ph\u00f9 h\u1ee3p ph\u00f2ng kh\u00e1ch ch\u00ednh, trong khi gh\u1ebf \u0111\u00f4n b\u1ed5 sung th\u00eam ti\u1ec7n \u00edch s\u1eed d\u1ee5ng. C\u1ea5u h\u00ecnh m\u1edf gi\u00fap s\u1ea3n ph\u1ea9m d\u1ec5 d\u00e0ng th\u00edch nghi v\u1edbi c\u0103n h\u1ed9 nh\u1ecf ho\u1eb7c ph\u00f2ng kh\u00e1ch r\u1ed9ng.<\/p>\n<figure id=\"attachment_8886\" aria-describedby=\"caption-attachment-8886\" style=\"width: 1024px\" class=\"wp-caption aligncenter\"><img loading=\"lazy\" decoding=\"async\" class=\"wp-image-8886 size-full\" src=\"https:\/\/noithathuuthinh.vn\/wp-content\/uploads\/2026\/04\/SF507.jpg\" alt=\"Gh\u1ebf Sofa SF507\" width=\"1024\" height=\"768\" srcset=\"https:\/\/www.noithathuuthinh.vn\/wp-content\/uploads\/2026\/04\/SF507.jpg 1024w, https:\/\/www.noithathuuthinh.vn\/wp-content\/uploads\/2026\/04\/SF507-500x375.jpg 500w, https:\/\/www.noithathuuthinh.vn\/wp-content\/uploads\/2026\/04\/SF507-300x225.jpg 300w, https:\/\/www.noithathuuthinh.vn\/wp-content\/uploads\/2026\/04\/SF507-768x576.jpg 768w, https:\/\/www.noithathuuthinh.vn\/wp-content\/uploads\/2026\/04\/SF507-720x540.jpg 720w, https:\/\/www.noithathuuthinh.vn\/wp-content\/uploads\/2026\/04\/SF507-1000x750.jpg 1000w\" sizes=\"auto, (max-width: 1024px) 100vw, 1024px\" \/><figcaption id=\"caption-attachment-8886\" class=\"wp-caption-text\">Gh\u1ebf Sofa SF507<\/figcaption><\/figure>\n<p data-start=\"2533\" data-end=\"2817\">Thi\u1ebft k\u1ebf t\u1ed5ng th\u1ec3 c\u1ee7a Gh\u1ebf Sofa SF507 mang phong c\u00e1ch hi\u1ec7n \u0111\u1ea1i, t\u1ed1i gi\u1ea3n nh\u01b0ng v\u1eabn \u0111\u1ea3m b\u1ea3o s\u1ef1 sang tr\u1ecdng c\u1ea7n thi\u1ebft. C\u00e1c \u0111\u01b0\u1eddng may g\u1ecdn g\u00e0ng c\u00f9ng t\u1ef7 l\u1ec7 c\u00e2n \u0111\u1ed1i gi\u00fap b\u1ed9 sofa tr\u1edf n\u00ean h\u00e0i h\u00f2a trong t\u1ed5ng th\u1ec3 kh\u00f4ng gian. S\u1ea3n ph\u1ea9m d\u1ec5 d\u00e0ng k\u1ebft h\u1ee3p c\u00f9ng b\u00e0n tr\u00e0, th\u1ea3m tr\u1ea3i s\u00e0n ho\u1eb7c k\u1ec7 trang tr\u00ed.<\/p>\n<p data-start=\"2819\" data-end=\"3049\">Ngo\u00e0i ra, Gh\u1ebf Sofa SF507 c\u00f2n c\u00f3 \u01b0u \u0111i\u1ec3m d\u1ec5 b\u1ea3o qu\u1ea3n v\u00e0 v\u1ec7 sinh. B\u1ec1 m\u1eb7t da ho\u1eb7c PVC gi\u00fap lau s\u1ea1ch nhanh ch\u00f3ng, ti\u1ebft ki\u1ec7m th\u1eddi gian ch\u0103m s\u00f3c s\u1ea3n ph\u1ea9m. K\u1ebft c\u1ea5u khung ch\u1eafc ch\u1eafn gi\u00fap b\u1ed9 gh\u1ebf duy tr\u00ec \u0111\u1ed9 \u1ed5n \u0111\u1ecbnh v\u00e0 b\u1ec1n \u0111\u1eb9p theo th\u1eddi gian.<\/p>\n<p data-start=\"3051\" data-end=\"3264\" data-is-last-node=\"\" data-is-only-node=\"\">Gh\u1ebf Sofa SF507 l\u00e0 s\u1ef1 k\u1ebft h\u1ee3p gi\u1eefa thi\u1ebft k\u1ebf hi\u1ec7n \u0111\u1ea1i, ch\u1ea5t li\u1ec7u b\u1ec1n b\u1ec9 v\u00e0 c\u00f4ng n\u0103ng s\u1eed d\u1ee5ng linh ho\u1ea1t, ph\u00f9 h\u1ee3p v\u1edbi nhi\u1ec1u kh\u00f4ng gian ph\u00f2ng kh\u00e1ch hi\u1ec7n \u0111\u1ea1i, mang l\u1ea1i tr\u1ea3i nghi\u1ec7m ti\u1ec7n nghi v\u00e0 th\u1ea9m m\u1ef9 cho ng\u01b0\u1eddi s\u1eed d\u1ee5ng.<\/p>\n","protected":false},"excerpt":{"rendered":"<p data-start=\"49\" data-end=\"499\">Gh\u1ebf Sofa SF507 l\u00e0 m\u1eabu sofa hi\u1ec7n \u0111\u1ea1i c\u1ee7a N\u1ed9i th\u1ea5t The One, \u0111\u01b0\u1ee3c thi\u1ebft k\u1ebf theo c\u1ea5u h\u00ecnh linh ho\u1ea1t ki\u1ec3u 1-2-3 ho\u1eb7c k\u1ebft h\u1ee3p c\u00f9ng gh\u1ebf \u0111\u00f4n, ph\u00f9 h\u1ee3p v\u1edbi nhi\u1ec1u kh\u00f4ng gian nh\u01b0 ph\u00f2ng kh\u00e1ch gia \u0111\u00ecnh, c\u0103n h\u1ed9, s\u1ea3nh ch\u1edd ho\u1eb7c khu v\u1ef1c ti\u1ebfp kh\u00e1ch v\u0103n ph\u00f2ng. S\u1ea3n ph\u1ea9m s\u1edf h\u1eefu ki\u1ec3u d\u00e1ng tr\u1ebb trung, \u0111\u01b0\u1eddng n\u00e9t g\u1ecdn g\u00e0ng c\u00f9ng k\u1ebft c\u1ea5u ch\u1eafc ch\u1eafn, mang l\u1ea1i s\u1ef1 ti\u1ec7n nghi v\u00e0 t\u00ednh th\u1ea9m m\u1ef9 cao. \u0110\u1ec7m t\u1ef1a m\u00fat x\u1ed1p b\u1ecdc da ho\u1eb7c PVC \u00eam \u00e1i, k\u1ebft h\u1ee3p ch\u00e2n th\u00e9p s\u01a1n \u0111en b\u1ec1n ch\u1eafc v\u00e0 hi\u1ec7n \u0111\u1ea1i.<\/p>\n<p data-start=\"501\" data-end=\"514\">K\u00edch th\u01b0\u1edbc: (PVC)<\/p>\n<p>\u00a0<span class=\"fontstyle0\">SFD507<\/span>: W830 x D520 x H460 mm &#8211; <span style=\"color: #ed1c24; font-size: 120%;\"><strong>2.537.000 \u0111<\/strong><\/span><\/p>\n<p><span class=\"fontstyle0\">SF507-1<\/span>: W780 x D840 x H810 mm &#8211; <span style=\"color: #ed1c24; font-size: 120%;\"><strong>5.244.000 \u0111<\/strong><\/span><\/p>\n<p><span class=\"fontstyle0\">SF507-3<\/span>: W2230 x D840 x H810 mm &#8211; <span style=\"color: #ed1c24; font-size: 120%;\"><strong>9.171.000 \u0111<\/strong><\/span><\/p>\n<p data-start=\"624\" data-end=\"918\">Xu\u1ea5t x\u1ee9: S\u1ea3n ph\u1ea9m c\u1ee7a <strong>C\u00f4ng ty N\u1ed9i th\u1ea5t The One \u2013 Ph\u00e2n ph\u1ed1i b\u1edfi C\u00f4ng ty TNHH SXTM TTNT H\u1eefu Th\u1ecbnh.<\/strong><br data-start=\"720\" data-end=\"723\" \/>B\u1ea3o h\u00e0nh: 12 th\u00e1ng theo ti\u00eau chu\u1ea9n nh\u00e0 s\u1ea3n xu\u1ea5t.<br data-start=\"771\" data-end=\"774\" \/><span style=\"color: #ed1c24;\"><em>L\u01b0u \u00fd: Gi\u00e1 tr\u00ean ch\u01b0a bao g\u1ed3m VAT v\u00e0 ph\u00ed v\u1eadn chuy\u1ec3n. Gi\u00e1 s\u1ea3n ph\u1ea9m c\u00f3 th\u1ec3 thay \u0111\u1ed5i theo t\u1eebng th\u1eddi \u0111i\u1ec3m, vui l\u00f2ng li\u00ean h\u1ec7 \u0111\u1ec3 nh\u1eadn b\u00e1o gi\u00e1 t\u1ed1t nh\u1ea5t.<\/em><\/span><\/p>\n","protected":false},"featured_media":8886,"comment_status":"open","ping_status":"closed","template":"","meta":[],"product_brand":[],"product_cat":[18,773],"product_tag":[],"class_list":{"0":"post-8885","1":"product","2":"type-product","3":"status-publish","4":"has-post-thumbnail","6":"product_cat-noi-that-gia-dinh","7":"product_cat-ghe-sofa","9":"first","10":"instock","11":"taxable","12":"shipping-taxable","13":"purchasable","14":"product-type-simple"},"_links":{"self":[{"href":"https:\/\/www.noithathuuthinh.vn\/zh-hans\/wp-json\/wp\/v2\/product\/8885","targetHints":{"allow":["GET"]}}],"collection":[{"href":"https:\/\/www.noithathuuthinh.vn\/zh-hans\/wp-json\/wp\/v2\/product"}],"about":[{"href":"https:\/\/www.noithathuuthinh.vn\/zh-hans\/wp-json\/wp\/v2\/types\/product"}],"replies":[{"embeddable":true,"href":"https:\/\/www.noithathuuthinh.vn\/zh-hans\/wp-json\/wp\/v2\/comments?post=8885"}],"wp:featuredmedia":[{"embeddable":true,"href":"https:\/\/www.noithathuuthinh.vn\/zh-hans\/wp-json\/wp\/v2\/media\/8886"}],"wp:attachment":[{"href":"https:\/\/www.noithathuuthinh.vn\/zh-hans\/wp-json\/wp\/v2\/media?parent=8885"}],"wp:term":[{"taxonomy":"product_brand","embeddable":true,"href":"https:\/\/www.noithathuuthinh.vn\/zh-hans\/wp-json\/wp\/v2\/product_brand?post=8885"},{"taxonomy":"product_cat","embeddable":true,"href":"https:\/\/www.noithathuuthinh.vn\/zh-hans\/wp-json\/wp\/v2\/product_cat?post=8885"},{"taxonomy":"product_tag","embeddable":true,"href":"https:\/\/www.noithathuuthinh.vn\/zh-hans\/wp-json\/wp\/v2\/product_tag?post=8885"}],"curies":[{"name":"wp","href":"https:\/\/api.w.org\/{rel}","templated":true}]}}